{"id":5518,"date":"2025-03-10T03:07:20","date_gmt":"2025-03-10T03:07:20","guid":{"rendered":"https:\/\/kelingmed.com\/?post_type=product&#038;p=5518"},"modified":"2025-03-10T03:15:10","modified_gmt":"2025-03-10T03:15:10","slug":"b-laboratorijski-avtomatski-avtoklav-lcd-zaslon-visokotlacni-stierillizer","status":"publish","type":"product","link":"https:\/\/kelingmed.com\/sl\/product\/b-laboratorijski-avtomatski-avtoklav-lcd-zaslon-visokotlacni-stierillizer\/","title":{"rendered":"B Laboratorijski avtomatski avtoklav LCD zaslon visokotla\u010dni stierillizer"},"content":{"rendered":"<div>\n<div class=\"J_module\">\n<div class=\"detail-decorate-json-renderer-container\">\n<div class=\"magic-10\">\n<div class=\"magic-11\">\n<div class=\"magic-12\">\n<div class=\"magic-13\">\n<div data-spm-anchor-id=\"a2700.details.0.i62.72e51f6cYjyV1j\"><span data-spm-anchor-id=\"a2700.details.0.i61.72e51f6cYjyV1j\"><b><span class=\"magic-15\" data-spm-anchor-id=\"a2700.details.0.i63.72e51f6cYjyV1j\">Zna\u010dilnosti<\/span><\/b><br \/>\nVisoka kakovost materiala iz nerjave\u010dega jekla SUS304<br \/>\nManometer z dvojno skalo<br \/>\nSvetloba ozna\u010duje delovno stanje<br \/>\nNastavite lahko temperaturo in \u010das sterilizacije.<br \/>\nPomanjkanje samodejne za\u0161\u010dite pred vodo<br \/>\nSamodejno praznjenje pri previsokem tlaku<br \/>\nAvtomatska za\u0161\u010dita pred prekomernim tokom<br \/>\nSamodejna za\u0161\u010dita pred previsoko temperaturo<br \/>\nFunkcija su\u0161enja se lahko doda (najbolje velika kot 75L\uff09<\/span><\/div>\n<\/div>\n<\/div>\n<\/div>\n<\/div>\n<\/div>\n<\/div>\n<div class=\"J_module\"><\/div>\n<table border=\"1\" cellspacing=\"0\">\n<tbody>\n<tr>\n<td height=\"20\">Model<\/td>\n<td height=\"20\">B35L<\/td>\n<td height=\"20\">B50L<\/td>\n<td height=\"20\">B75L<\/td>\n<\/tr>\n<tr>\n<td height=\"20\">Zvezek<\/td>\n<td height=\"20\">35L<\/td>\n<td height=\"20\">50L<\/td>\n<td height=\"20\">75L<\/td>\n<\/tr>\n<tr>\n<td height=\"20\">Velikost komore<\/td>\n<td height=\"20\">\u03a6300*485mm<\/td>\n<td height=\"20\">\u03a6320 * 545 mm<\/td>\n<td height=\"20\">\u03a6388 * 480 mm<\/td>\n<\/tr>\n<tr>\n<td height=\"20\">Delovna temperatura<\/td>\n<td height=\"20\">115-129\u00b0C<\/td>\n<td height=\"20\">115-129\u00b0\u2103<\/td>\n<td height=\"20\">115-129\u00b0C<\/td>\n<\/tr>\n<tr>\n<td height=\"20\">Delovni tlak<\/td>\n<td height=\"20\">0,145-0,165Mpa<\/td>\n<td height=\"20\">0,145-0,165Mpa<\/td>\n<td height=\"20\">0,145-0,165Mpa<\/td>\n<\/tr>\n<tr>\n<td height=\"20\">\u010casovni obseg<\/td>\n<td height=\"20\">0-80 min<\/td>\n<td height=\"20\">0-80 min<\/td>\n<td height=\"20\">0-80 min<\/td>\n<\/tr>\n<tr>\n<td height=\"20\">Velikost pakiranja<\/td>\n<td height=\"20\">53*52*92 cm<\/td>\n<td height=\"20\">56 * 56 * 105 cm<\/td>\n<td height=\"20\">62 * 60 * 109 cm<\/td>\n<\/tr>\n<tr>\n<td height=\"20\">G.W\/N.W<\/td>\n<td height=\"20\">49 kg\/34 kg<\/td>\n<td height=\"20\">60 kg\/40 kg<\/td>\n<td height=\"20\">80 kg\/57 kg<\/td>\n<\/tr>\n<tr>\n<td height=\"20\">Napajanje<\/td>\n<td height=\"20\">AC220V\/50Hz\/2,5 kW<\/td>\n<td height=\"20\">AC220V\/50Hz\/2,5K<\/td>\n<td height=\"20\">AC220V\/50Hz\/3,5 kW<\/td>\n<\/tr>\n<tr>\n<td height=\"20\">Model<\/td>\n<td height=\"20\">DW-B100L<\/td>\n<td height=\"20\">DW-B120L<\/td>\n<td height=\"20\">DW-B150L<\/td>\n<\/tr>\n<tr>\n<td height=\"20\">Zvezek<\/td>\n<td height=\"20\">100L<\/td>\n<td height=\"20\">120L<\/td>\n<td height=\"20\">150L<\/td>\n<\/tr>\n<tr>\n<td height=\"20\">Velikost komore<\/td>\n<td height=\"20\">\u03a6388*630mm<\/td>\n<td height=\"20\">\u03a6460*590mm<\/td>\n<td height=\"20\">\u03a6460*700mm<\/td>\n<\/tr>\n<tr>\n<td height=\"20\">Delovna temperatura<\/td>\n<td height=\"20\">115-129\u00b0\u2103<\/td>\n<td height=\"20\">115-129\u00b0C<\/td>\n<td height=\"20\">115-129\u00b0C<\/td>\n<\/tr>\n<tr>\n<td height=\"20\">Delovni tlak<\/td>\n<td height=\"20\">0,145-0,165Mpa<\/td>\n<td height=\"20\">0,145-0,165Mpa<\/td>\n<td height=\"20\">0,145-0,165Mpa<\/td>\n<\/tr>\n<tr>\n<td height=\"20\">\u010casovni obseg<\/td>\n<td height=\"20\">0-80 min<\/td>\n<td height=\"20\">0-80 min<\/td>\n<td height=\"20\">0-80 min<\/td>\n<\/tr>\n<tr>\n<td height=\"20\">Velikost pakiranja<\/td>\n<td height=\"20\">63*61*118 cm<\/td>\n<td height=\"20\">66 * 67 * 121 cm<\/td>\n<td height=\"20\">67*68*128 cm<\/td>\n<\/tr>\n<tr>\n<td height=\"20\">G.W\/N.W<\/td>\n<td height=\"20\">85 kg\/66 kg<\/td>\n<td height=\"20\">97 kg\/75 kg<\/td>\n<td height=\"20\">110 kg\/80 kg<\/td>\n<\/tr>\n<tr>\n<td height=\"20\">Napajanje<\/td>\n<td height=\"20\">AC220V\/50Hz\/4,0 kW<\/td>\n<td height=\"20\">AC220V\/50Hz\/4,0K<\/td>\n<td height=\"20\">AC220V\/50Hz\/4,0 kW<\/td>\n<\/tr>\n<\/tbody>\n<\/table>\n<\/div>\n<p><img fetchpriority=\"high\" decoding=\"async\" class=\"aligncenter wp-image-5519 size-full\" src=\"https:\/\/kelingmed.com\/wp-content\/uploads\/2025\/03\/Detail-01-1.jpg\" alt=\"\" width=\"750\" height=\"1249\" srcset=\"https:\/\/kelingmed.com\/wp-content\/uploads\/2025\/03\/Detail-01-1.jpg 750w, https:\/\/kelingmed.com\/wp-content\/smush-webp\/2025\/03\/Detail-01-1-180x300.jpg.webp 180w, https:\/\/kelingmed.com\/wp-content\/smush-webp\/2025\/03\/Detail-01-1-615x1024.jpg.webp 615w, https:\/\/kelingmed.com\/wp-content\/smush-webp\/2025\/03\/Detail-01-1-7x12.jpg.webp 7w\" sizes=\"(max-width: 750px) 100vw, 750px\" data-smush-webp-fallback=\"{&quot;srcset&quot;:&quot;https:\\\/\\\/kelingmed.com\\\/wp-content\\\/uploads\\\/2025\\\/03\\\/Detail-01-1.jpg 750w, https:\\\/\\\/kelingmed.com\\\/wp-content\\\/uploads\\\/2025\\\/03\\\/Detail-01-1-180x300.jpg 180w, https:\\\/\\\/kelingmed.com\\\/wp-content\\\/uploads\\\/2025\\\/03\\\/Detail-01-1-615x1024.jpg 615w, https:\\\/\\\/kelingmed.com\\\/wp-content\\\/uploads\\\/2025\\\/03\\\/Detail-01-1-7x12.jpg 7w&quot;}\" \/> <img decoding=\"async\" class=\"aligncenter wp-image-5520 size-full\" src=\"https:\/\/kelingmed.com\/wp-content\/uploads\/2025\/03\/Detail-021.jpg\" alt=\"\" width=\"750\" height=\"770\" srcset=\"https:\/\/kelingmed.com\/wp-content\/uploads\/2025\/03\/Detail-021.jpg 750w, https:\/\/kelingmed.com\/wp-content\/smush-webp\/2025\/03\/Detail-021-292x300.jpg.webp 292w, https:\/\/kelingmed.com\/wp-content\/smush-webp\/2025\/03\/Detail-021-12x12.jpg.webp 12w\" sizes=\"(max-width: 750px) 100vw, 750px\" data-smush-webp-fallback=\"{&quot;srcset&quot;:&quot;https:\\\/\\\/kelingmed.com\\\/wp-content\\\/uploads\\\/2025\\\/03\\\/Detail-021.jpg 750w, https:\\\/\\\/kelingmed.com\\\/wp-content\\\/uploads\\\/2025\\\/03\\\/Detail-021-292x300.jpg 292w, https:\\\/\\\/kelingmed.com\\\/wp-content\\\/uploads\\\/2025\\\/03\\\/Detail-021-12x12.jpg 12w&quot;}\" \/> <img decoding=\"async\" class=\"aligncenter wp-image-5521 size-full\" src=\"https:\/\/kelingmed.com\/wp-content\/uploads\/2025\/03\/Detail-031.jpg\" alt=\"\" width=\"750\" height=\"1094\" srcset=\"https:\/\/kelingmed.com\/wp-content\/uploads\/2025\/03\/Detail-031.jpg 750w, https:\/\/kelingmed.com\/wp-content\/smush-webp\/2025\/03\/Detail-031-206x300.jpg.webp 206w, https:\/\/kelingmed.com\/wp-content\/smush-webp\/2025\/03\/Detail-031-702x1024.jpg.webp 702w, https:\/\/kelingmed.com\/wp-content\/smush-webp\/2025\/03\/Detail-031-8x12.jpg.webp 8w\" sizes=\"(max-width: 750px) 100vw, 750px\" data-smush-webp-fallback=\"{&quot;srcset&quot;:&quot;https:\\\/\\\/kelingmed.com\\\/wp-content\\\/uploads\\\/2025\\\/03\\\/Detail-031.jpg 750w, https:\\\/\\\/kelingmed.com\\\/wp-content\\\/uploads\\\/2025\\\/03\\\/Detail-031-206x300.jpg 206w, https:\\\/\\\/kelingmed.com\\\/wp-content\\\/uploads\\\/2025\\\/03\\\/Detail-031-702x1024.jpg 702w, https:\\\/\\\/kelingmed.com\\\/wp-content\\\/uploads\\\/2025\\\/03\\\/Detail-031-8x12.jpg 8w&quot;}\" \/> <img loading=\"lazy\" decoding=\"async\" class=\"aligncenter wp-image-5522 size-full\" src=\"https:\/\/kelingmed.com\/wp-content\/uploads\/2025\/03\/Detail-041.jpg\" alt=\"\" width=\"750\" height=\"1140\" srcset=\"https:\/\/kelingmed.com\/wp-content\/uploads\/2025\/03\/Detail-041.jpg 750w, https:\/\/kelingmed.com\/wp-content\/smush-webp\/2025\/03\/Detail-041-197x300.jpg.webp 197w, https:\/\/kelingmed.com\/wp-content\/smush-webp\/2025\/03\/Detail-041-674x1024.jpg.webp 674w, https:\/\/kelingmed.com\/wp-content\/smush-webp\/2025\/03\/Detail-041-8x12.jpg.webp 8w\" sizes=\"(max-width: 750px) 100vw, 750px\" data-smush-webp-fallback=\"{&quot;srcset&quot;:&quot;https:\\\/\\\/kelingmed.com\\\/wp-content\\\/uploads\\\/2025\\\/03\\\/Detail-041.jpg 750w, https:\\\/\\\/kelingmed.com\\\/wp-content\\\/uploads\\\/2025\\\/03\\\/Detail-041-197x300.jpg 197w, https:\\\/\\\/kelingmed.com\\\/wp-content\\\/uploads\\\/2025\\\/03\\\/Detail-041-674x1024.jpg 674w, https:\\\/\\\/kelingmed.com\\\/wp-content\\\/uploads\\\/2025\\\/03\\\/Detail-041-8x12.jpg 8w&quot;}\" \/> <img loading=\"lazy\" decoding=\"async\" class=\"aligncenter wp-image-5523 size-full\" src=\"https:\/\/kelingmed.com\/wp-content\/uploads\/2025\/03\/Detail-051.jpg\" alt=\"\" width=\"750\" height=\"1110\" srcset=\"https:\/\/kelingmed.com\/wp-content\/uploads\/2025\/03\/Detail-051.jpg 750w, https:\/\/kelingmed.com\/wp-content\/smush-webp\/2025\/03\/Detail-051-203x300.jpg.webp 203w, https:\/\/kelingmed.com\/wp-content\/smush-webp\/2025\/03\/Detail-051-692x1024.jpg.webp 692w, https:\/\/kelingmed.com\/wp-content\/smush-webp\/2025\/03\/Detail-051-8x12.jpg.webp 8w\" sizes=\"(max-width: 750px) 100vw, 750px\" data-smush-webp-fallback=\"{&quot;srcset&quot;:&quot;https:\\\/\\\/kelingmed.com\\\/wp-content\\\/uploads\\\/2025\\\/03\\\/Detail-051.jpg 750w, https:\\\/\\\/kelingmed.com\\\/wp-content\\\/uploads\\\/2025\\\/03\\\/Detail-051-203x300.jpg 203w, https:\\\/\\\/kelingmed.com\\\/wp-content\\\/uploads\\\/2025\\\/03\\\/Detail-051-692x1024.jpg 692w, https:\\\/\\\/kelingmed.com\\\/wp-content\\\/uploads\\\/2025\\\/03\\\/Detail-051-8x12.jpg 8w&quot;}\" \/> <img loading=\"lazy\" decoding=\"async\" class=\"aligncenter wp-image-5524 size-full\" src=\"https:\/\/kelingmed.com\/wp-content\/uploads\/2025\/03\/Detail-061.jpg\" alt=\"\" width=\"750\" height=\"1136\" srcset=\"https:\/\/kelingmed.com\/wp-content\/uploads\/2025\/03\/Detail-061.jpg 750w, https:\/\/kelingmed.com\/wp-content\/smush-webp\/2025\/03\/Detail-061-198x300.jpg.webp 198w, https:\/\/kelingmed.com\/wp-content\/smush-webp\/2025\/03\/Detail-061-676x1024.jpg.webp 676w, https:\/\/kelingmed.com\/wp-content\/smush-webp\/2025\/03\/Detail-061-8x12.jpg.webp 8w\" sizes=\"(max-width: 750px) 100vw, 750px\" data-smush-webp-fallback=\"{&quot;srcset&quot;:&quot;https:\\\/\\\/kelingmed.com\\\/wp-content\\\/uploads\\\/2025\\\/03\\\/Detail-061.jpg 750w, https:\\\/\\\/kelingmed.com\\\/wp-content\\\/uploads\\\/2025\\\/03\\\/Detail-061-198x300.jpg 198w, https:\\\/\\\/kelingmed.com\\\/wp-content\\\/uploads\\\/2025\\\/03\\\/Detail-061-676x1024.jpg 676w, https:\\\/\\\/kelingmed.com\\\/wp-content\\\/uploads\\\/2025\\\/03\\\/Detail-061-8x12.jpg 8w&quot;}\" \/> <img loading=\"lazy\" decoding=\"async\" class=\"aligncenter wp-image-5525 size-full\" src=\"https:\/\/kelingmed.com\/wp-content\/uploads\/2025\/03\/Detail-071.jpg\" alt=\"\" width=\"750\" height=\"1165\" srcset=\"https:\/\/kelingmed.com\/wp-content\/uploads\/2025\/03\/Detail-071.jpg 750w, https:\/\/kelingmed.com\/wp-content\/smush-webp\/2025\/03\/Detail-071-193x300.jpg.webp 193w, https:\/\/kelingmed.com\/wp-content\/smush-webp\/2025\/03\/Detail-071-659x1024.jpg.webp 659w, https:\/\/kelingmed.com\/wp-content\/smush-webp\/2025\/03\/Detail-071-8x12.jpg.webp 8w\" sizes=\"(max-width: 750px) 100vw, 750px\" data-smush-webp-fallback=\"{&quot;srcset&quot;:&quot;https:\\\/\\\/kelingmed.com\\\/wp-content\\\/uploads\\\/2025\\\/03\\\/Detail-071.jpg 750w, https:\\\/\\\/kelingmed.com\\\/wp-content\\\/uploads\\\/2025\\\/03\\\/Detail-071-193x300.jpg 193w, https:\\\/\\\/kelingmed.com\\\/wp-content\\\/uploads\\\/2025\\\/03\\\/Detail-071-659x1024.jpg 659w, https:\\\/\\\/kelingmed.com\\\/wp-content\\\/uploads\\\/2025\\\/03\\\/Detail-071-8x12.jpg 8w&quot;}\" \/><br \/>\n<div class=\"wpforms-container wpforms-container-full wpforms-render-modern\" id=\"wpforms-5501\"><form id=\"wpforms-form-5501\" class=\"wpforms-validate wpforms-form wpforms-ajax-form\" data-formid=\"5501\" method=\"post\" enctype=\"multipart\/form-data\" action=\"\/sl\/wp-json\/wp\/v2\/product\/5518\" data-token=\"5937643432af75c28f49dbcba7db607e\" data-trp-original-action=\"\/sl\/wp-json\/wp\/v2\/product\/5518\"><noscript class=\"wpforms-error-noscript\">\u010ce \u017eelite izpolniti ta obrazec, v brskalniku omogo\u010dite JavaScript.<\/noscript><div class=\"wpforms-hidden\" id=\"wpforms-error-noscript\">\u010ce \u017eelite izpolniti ta obrazec, v brskalniku omogo\u010dite JavaScript.<\/div><div class=\"wpforms-field-container\"><div id=\"wpforms-5501-field_1-container\" class=\"wpforms-field wpforms-field-layout\" data-field-id=\"1\"><label class=\"wpforms-field-label wpforms-label-hide\" for=\"wpforms-5501-field_1\" aria-hidden=\"false\">Postavitev<\/label><div class=\"wpforms-field-layout-columns wpforms-field-layout-preset-50-50\"><div class=\"wpforms-layout-column wpforms-layout-column-50\"><div id=\"wpforms-5501-field_2-container\" class=\"wpforms-field wpforms-field-name\" data-field-id=\"2\"><label class=\"wpforms-field-label\" for=\"wpforms-5501-field_2\">Ime <span class=\"wpforms-required-label\" aria-hidden=\"true\">*<\/span><\/label><input type=\"text\" id=\"wpforms-5501-field_2\" class=\"wpforms-field-medium wpforms-field-required\" name=\"wpforms[fields][2]\" aria-errormessage=\"wpforms-5501-field_2-error\" required><\/div><div id=\"wpforms-5501-field_5-container\" class=\"wpforms-field wpforms-field-phone\" data-field-id=\"5\"><label class=\"wpforms-field-label\" for=\"wpforms-5501-field_5\">Telefon\/WhatsApp <span class=\"wpforms-required-label\" aria-hidden=\"true\">*<\/span><\/label><input type=\"tel\" id=\"wpforms-5501-field_5\" class=\"wpforms-field-medium wpforms-field-required\" data-rule-int-phone-field=\"true\" name=\"wpforms[fields][5]\" aria-errormessage=\"wpforms-5501-field_5-error\" required><\/div><\/div><div class=\"wpforms-layout-column wpforms-layout-column-50\"><div id=\"wpforms-5501-field_3-container\" class=\"wpforms-field wpforms-field-email\" data-field-id=\"3\"><label class=\"wpforms-field-label\" for=\"wpforms-5501-field_3\">E-po\u0161ta <span class=\"wpforms-required-label\" aria-hidden=\"true\">*<\/span><\/label><input type=\"email\" id=\"wpforms-5501-field_3\" class=\"wpforms-field-medium wpforms-field-required\" name=\"wpforms[fields][3]\" spellcheck=\"false\" aria-errormessage=\"wpforms-5501-field_3-error\" required><\/div><div id=\"wpforms-5501-field_4-container\" class=\"wpforms-field wpforms-field-text\" data-field-id=\"4\"><label class=\"wpforms-field-label\" for=\"wpforms-5501-field_4\">Povpra\u0161evanje<\/label><input type=\"text\" id=\"wpforms-5501-field_4\" class=\"wpforms-field-medium\" name=\"wpforms[fields][4]\" aria-errormessage=\"wpforms-5501-field_4-error\" ><\/div><\/div><\/div><\/div><\/div><!-- .wpforms-field-container --><div class=\"wpforms-recaptcha-container wpforms-is-turnstile\" ><div class=\"g-recaptcha\" data-sitekey=\"0x4AAAAAAAyrnCk3ccFGBLIG\" data-action=\"FormID-5501\"><\/div><input type=\"text\" name=\"g-recaptcha-hidden\" class=\"wpforms-recaptcha-hidden\" style=\"position:absolute!important;clip:rect(0,0,0,0)!important;height:1px!important;width:1px!important;border:0!important;overflow:hidden!important;padding:0!important;margin:0!important;\" data-rule-turnstile=\"1\"><\/div><div class=\"wpforms-submit-container\" ><input type=\"hidden\" name=\"wpforms[id]\" value=\"5501\"><input type=\"hidden\" name=\"wpforms[author]\" value=\"1\"><button type=\"submit\" name=\"wpforms[submit]\" id=\"wpforms-submit-5501\" class=\"wpforms-submit\" data-alt-text=\"Sending...\" data-submit-text=\"Send Inquiry\" aria-live=\"assertive\" value=\"wpforms-submit\">Po\u0161lji povpra\u0161evanje<\/button><img loading=\"lazy\" decoding=\"async\" src=\"https:\/\/kelingmed.com\/wp-content\/plugins\/wpforms\/assets\/images\/submit-spin.svg\" class=\"wpforms-submit-spinner\" style=\"display: none;\" width=\"26\" height=\"26\" alt=\"Nalaganje\"><\/div><input type=\"hidden\" name=\"trp-form-language\" value=\"sl\"\/><\/form><\/div>  <!-- .wpforms-container --><\/p>","protected":false},"excerpt":{"rendered":"<div class=\"J_module\">\n<div class=\"detail-decorate-json-renderer-container\">\n<div class=\"magic-10\">\n<div class=\"magic-11\">\n<div class=\"magic-12\">\n<div class=\"magic-13\">\n<div data-spm-anchor-id=\"a2700.details.0.i62.72e51f6cYjyV1j\"><span data-spm-anchor-id=\"a2700.details.0.i61.72e51f6cYjyV1j\"><b><span class=\"magic-15\" data-spm-anchor-id=\"a2700.details.0.i63.72e51f6cYjyV1j\">Zna\u010dilnosti<\/span><\/b><br \/>\nVisoka kakovost materiala iz nerjave\u010dega jekla SUS304<br \/>\nManometer z dvojno skalo<br \/>\nSvetloba ozna\u010duje delovno stanje<br \/>\nNastavite lahko temperaturo in \u010das sterilizacije.<br \/>\nPomanjkanje samodejne za\u0161\u010dite pred vodo<br \/>\nSamodejno praznjenje pri previsokem tlaku<br \/>\nAvtomatska za\u0161\u010dita pred prekomernim tokom<br \/>\nSamodejna za\u0161\u010dita pred previsoko temperaturo<br \/>\nFunkcija su\u0161enja se lahko doda (najbolje velika kot 75L\uff09<\/span><\/div>\n<\/div>\n<\/div>\n<\/div>\n<\/div>\n<\/div>\n<\/div>\n<div class=\"wpforms-container wpforms-container-full wpforms-render-modern\" id=\"wpforms-5501\">\n<form id=\"wpforms-form-5501\" class=\"wpforms-validate wpforms-form wpforms-ajax-form\" data-formid=\"5501\" method=\"post\" enctype=\"multipart\/form-data\" action=\"\/sl\/wp-json\/wp\/v2\/product\/5518\" data-token=\"5937643432af75c28f49dbcba7db607e\" data-trp-original-action=\"\/sl\/wp-json\/wp\/v2\/product\/5518\"><noscript class=\"wpforms-error-noscript\">\u010ce \u017eelite izpolniti ta obrazec, v brskalniku omogo\u010dite JavaScript.<\/noscript><\/p>\n<div class=\"wpforms-hidden\" id=\"wpforms-error-noscript\">\u010ce \u017eelite izpolniti ta obrazec, v brskalniku omogo\u010dite JavaScript.<\/div>\n<div class=\"wpforms-field-container\">\n<div id=\"wpforms-5501-field_1-container\" class=\"wpforms-field wpforms-field-layout\" data-field-id=\"1\"><label class=\"wpforms-field-label wpforms-label-hide\" for=\"wpforms-5501-field_1\" aria-hidden=\"false\">Postavitev<\/label><\/p>\n<div class=\"wpforms-field-layout-columns wpforms-field-layout-preset-50-50\">\n<div class=\"wpforms-layout-column wpforms-layout-column-50\">\n<div id=\"wpforms-5501-field_2-container\" class=\"wpforms-field wpforms-field-name\" data-field-id=\"2\"><label class=\"wpforms-field-label\" for=\"wpforms-5501-field_2\">Ime <span class=\"wpforms-required-label\" aria-hidden=\"true\">*<\/span><\/label><input type=\"text\" id=\"wpforms-5501-field_2\" class=\"wpforms-field-medium wpforms-field-required\" name=\"wpforms[fields][2]\" aria-errormessage=\"wpforms-5501-field_2-error\" required><\/div>\n<div id=\"wpforms-5501-field_5-container\" class=\"wpforms-field wpforms-field-phone\" data-field-id=\"5\"><label class=\"wpforms-field-label\" for=\"wpforms-5501-field_5\">Telefon\/WhatsApp <span class=\"wpforms-required-label\" aria-hidden=\"true\">*<\/span><\/label><input type=\"tel\" id=\"wpforms-5501-field_5\" class=\"wpforms-field-medium wpforms-field-required\" data-rule-int-phone-field=\"true\" name=\"wpforms[fields][5]\" aria-errormessage=\"wpforms-5501-field_5-error\" required><\/div>\n<\/div>\n<div class=\"wpforms-layout-column wpforms-layout-column-50\">\n<div id=\"wpforms-5501-field_3-container\" class=\"wpforms-field wpforms-field-email\" data-field-id=\"3\"><label class=\"wpforms-field-label\" for=\"wpforms-5501-field_3\">E-po\u0161ta <span class=\"wpforms-required-label\" aria-hidden=\"true\">*<\/span><\/label><input type=\"email\" id=\"wpforms-5501-field_3\" class=\"wpforms-field-medium wpforms-field-required\" name=\"wpforms[fields][3]\" spellcheck=\"false\" aria-errormessage=\"wpforms-5501-field_3-error\" required><\/div>\n<div id=\"wpforms-5501-field_4-container\" class=\"wpforms-field wpforms-field-text\" data-field-id=\"4\"><label class=\"wpforms-field-label\" for=\"wpforms-5501-field_4\">Povpra\u0161evanje<\/label><input type=\"text\" id=\"wpforms-5501-field_4\" class=\"wpforms-field-medium\" name=\"wpforms[fields][4]\" aria-errormessage=\"wpforms-5501-field_4-error\" ><\/div>\n<\/div>\n<\/div>\n<\/div>\n<\/div>\n<p><!-- .wpforms-field-container --><\/p>\n<div class=\"wpforms-recaptcha-container wpforms-is-turnstile\" >\n<div class=\"g-recaptcha\" data-sitekey=\"0x4AAAAAAAyrnCk3ccFGBLIG\" data-action=\"FormID-5501\"><\/div>\n<p><input type=\"text\" name=\"g-recaptcha-hidden\" class=\"wpforms-recaptcha-hidden\" style=\"position:absolute!important;clip:rect(0,0,0,0)!important;height:1px!important;width:1px!important;border:0!important;overflow:hidden!important;padding:0!important;margin:0!important;\" data-rule-turnstile=\"1\"><\/div>\n<div class=\"wpforms-submit-container\" ><input type=\"hidden\" name=\"wpforms[id]\" value=\"5501\"><input type=\"hidden\" name=\"wpforms[author]\" value=\"1\"><button type=\"submit\" name=\"wpforms[submit]\" id=\"wpforms-submit-5501\" class=\"wpforms-submit\" data-alt-text=\"Sending...\" data-submit-text=\"Send Inquiry\" aria-live=\"assertive\" value=\"wpforms-submit\">Po\u0161lji povpra\u0161evanje<\/button><img loading=\"lazy\" decoding=\"async\" src=\"https:\/\/kelingmed.com\/wp-content\/plugins\/wpforms\/assets\/images\/submit-spin.svg\" class=\"wpforms-submit-spinner\" style=\"display: none;\" width=\"26\" height=\"26\" alt=\"Nalaganje\"><\/div>\n<input type=\"hidden\" name=\"trp-form-language\" value=\"sl\"\/><\/form>\n<\/div>\n<p>  <!-- .wpforms-container --><\/p>","protected":false},"featured_media":5526,"template":"","meta":{"site-sidebar-layout":"default","site-content-layout":"","ast-site-content-layout":"default","site-content-style":"default","site-sidebar-style":"default","ast-global-header-display":"","ast-banner-title-visibility":"","ast-main-header-display":"","ast-hfb-above-header-display":"","ast-hfb-below-header-display":"","ast-hfb-mobile-header-display":"","site-post-title":"","ast-breadcrumbs-content":"","ast-featured-img":"","footer-sml-layout":"","theme-transparent-header-meta":"","adv-header-id-meta":"","stick-header-meta":"","header-above-stick-meta":"","header-main-stick-meta":"","header-below-stick-meta":"","astra-migrate-meta-layouts":"default","ast-page-background-enabled":"default","ast-page-background-meta":{"desktop":{"background-color":"var(--ast-global-color-5)","background-image":"","background-repeat":"repeat","background-position":"center center","background-size":"auto","background-attachment":"scroll","background-type":"","background-media":"","overlay-type":"","overlay-color":"","overlay-opacity":"","overlay-gradient":""},"tablet":{"background-color":"","background-image":"","background-repeat":"repeat","background-position":"center center","background-size":"auto","background-attachment":"scroll","background-type":"","background-media":"","overlay-type":"","overlay-color":"","overlay-opacity":"","overlay-gradient":""},"mobile":{"background-color":"","background-image":"","background-repeat":"repeat","background-position":"center center","background-size":"auto","background-attachment":"scroll","background-type":"","background-media":"","overlay-type":"","overlay-color":"","overlay-opacity":"","overlay-gradient":""}},"ast-content-background-meta":{"desktop":{"background-color":"var(--ast-global-color-4)","background-image":"","background-repeat":"repeat","background-position":"center center","background-size":"auto","background-attachment":"scroll","background-type":"","background-media":"","overlay-type":"","overlay-color":"","overlay-opacity":"","overlay-gradient":""},"tablet":{"background-color":"var(--ast-global-color-4)","background-image":"","background-repeat":"repeat","background-position":"center center","background-size":"auto","background-attachment":"scroll","background-type":"","background-media":"","overlay-type":"","overlay-color":"","overlay-opacity":"","overlay-gradient":""},"mobile":{"background-color":"var(--ast-global-color-4)","background-image":"","background-repeat":"repeat","background-position":"center center","background-size":"auto","background-attachment":"scroll","background-type":"","background-media":"","overlay-type":"","overlay-color":"","overlay-opacity":"","overlay-gradient":""}}},"product_brand":[],"product_cat":[48],"product_tag":[],"class_list":{"0":"post-5518","1":"product","2":"type-product","3":"status-publish","4":"has-post-thumbnail","6":"product_cat-autoclave","7":"desktop-align-left","8":"tablet-align-left","9":"mobile-align-left","11":"first","12":"instock","13":"shipping-taxable","14":"product-type-simple"},"_links":{"self":[{"href":"https:\/\/kelingmed.com\/sl\/wp-json\/wp\/v2\/product\/5518","targetHints":{"allow":["GET"]}}],"collection":[{"href":"https:\/\/kelingmed.com\/sl\/wp-json\/wp\/v2\/product"}],"about":[{"href":"https:\/\/kelingmed.com\/sl\/wp-json\/wp\/v2\/types\/product"}],"wp:featuredmedia":[{"embeddable":true,"href":"https:\/\/kelingmed.com\/sl\/wp-json\/wp\/v2\/media\/5526"}],"wp:attachment":[{"href":"https:\/\/kelingmed.com\/sl\/wp-json\/wp\/v2\/media?parent=5518"}],"wp:term":[{"taxonomy":"product_brand","embeddable":true,"href":"https:\/\/kelingmed.com\/sl\/wp-json\/wp\/v2\/product_brand?post=5518"},{"taxonomy":"product_cat","embeddable":true,"href":"https:\/\/kelingmed.com\/sl\/wp-json\/wp\/v2\/product_cat?post=5518"},{"taxonomy":"product_tag","embeddable":true,"href":"https:\/\/kelingmed.com\/sl\/wp-json\/wp\/v2\/product_tag?post=5518"}],"curies":[{"name":"wp","href":"https:\/\/api.w.org\/{rel}","templated":true}]}}