{"id":1305,"date":"2024-12-26T01:31:33","date_gmt":"2024-12-26T01:31:33","guid":{"rendered":"https:\/\/kelingmed.com\/?post_type=product&#038;p=1305"},"modified":"2024-12-26T01:55:31","modified_gmt":"2024-12-26T01:55:31","slug":"hole-type-surgical-shadowless-light-kl05l","status":"publish","type":"product","link":"https:\/\/kelingmed.com\/sl\/product\/hole-type-surgical-shadowless-light-kl05l\/","title":{"rendered":"kirur\u0161ka lu\u010d brez sence tipa luknje-KL05L"},"content":{"rendered":"<p><strong>Zahteve za delovanje:<\/strong><\/p>\n<ol>\n<li><strong>Glavni material opreme:<\/strong> Glava svetilke je narejena iz enodelne tla\u010dno ulite aluminijeve zlitine, ki odli\u010dno odvaja toploto in s tem podalj\u0161uje \u017eivljenjsko dobo lu\u010di LED.<\/li>\n<li><strong>Drugi materiali:<\/strong> Velika roka iz titanove zlitine ni varjena, tako da je vsak kot 90\u00b0, kar zagotavlja natan\u010dno pozicioniranje in prepre\u010duje premikanje svetlobe brez senc.<\/li>\n<li><strong>Uvo\u017eeno Vzmetna roka:<\/strong> Vzmetna roka omogo\u010da prilagodljivo navpi\u010dno nastavitev.<\/li>\n<li><strong>Vir svetlobe:<\/strong> Uvo\u017eeni vir hladne svetlobe LED nima infrarde\u010dega sevanja, nano prevleka pa zagotavlja optimalno odvajanje toplote. To u\u010dinkovito prepre\u010duje izgubo vlage in oku\u017ebo kirur\u0161ke rane ter spodbuja hitro okrevanje po operaciji.<\/li>\n<li><strong>Prilagoditev svetlosti:<\/strong> Uporablja digitalno, brezstopenjsko krmiljenje svetlosti diod LED, ki upravljavcem omogo\u010da, da prilagodijo svetlost po svojih \u017eeljah.<\/li>\n<li><strong>Prilagoditev velikosti to\u010dke:<\/strong> Ima funkcijo ostrenja premera to\u010dke.<\/li>\n<li><strong>Preklopni napajalnik:<\/strong> Za nadzor napetosti uporablja uvo\u017eeni preklopni napajalnik, ki zagotavlja, da delovna napetost ves \u010das ostaja stabilna.<\/li>\n<li><strong>Snemljiv pokrov ro\u010daja:<\/strong> Enostavno \u010di\u0161\u010denje in razku\u017eevanje.<\/li>\n<li><strong>\u017divljenjska doba svetlobnega vira:<\/strong> Povpre\u010dna \u017eivljenjska doba 50.000 ur.<\/li>\n<li><strong>U\u010dinek brez senc (ena prevara):<\/strong> \u010ce je \u017earek blokiran z eno pregrado, osvetlitev v sredi\u0161\u010du to\u010dke ne sme biti manj\u0161a od 35% sredi\u0161\u010dne osvetlitve.<\/li>\n<li><strong>U\u010dinek brez senc (dve pre\u010dki):<\/strong> \u010ce je \u017earek blokiran z dvema pregradama, osvetljenost v sredi\u0161\u010du to\u010dke ne sme biti manj\u0161a od 38% sredi\u0161\u010dne osvetljenosti.<\/li>\n<li><strong>U\u010dinek brez senc (globoka votla cev):<\/strong> Preostala osvetljenost \u2265 70%.<\/li>\n<li><strong>U\u010dinek brez senc (ena pregrada in globoka votla cev):<\/strong> Preostala osvetljenost \u2265 32%.<\/li>\n<li><strong>U\u010dinek brez senc (dve pre\u010dki in globoka votla cev):<\/strong> Preostala osvetljenost \u2265 34%.<\/li>\n<\/ol>\n<div class=\"wpforms-container wpforms-container-full wpforms-render-modern\" id=\"wpforms-1399\"><form id=\"wpforms-form-1399\" class=\"wpforms-validate wpforms-form wpforms-ajax-form\" data-formid=\"1399\" method=\"post\" enctype=\"multipart\/form-data\" action=\"\/sl\/wp-json\/wp\/v2\/product\/1305\" data-token=\"dc59fd6b52978f5f57666518079e96dc\" data-trp-original-action=\"\/sl\/wp-json\/wp\/v2\/product\/1305\"><noscript class=\"wpforms-error-noscript\">\u010ce \u017eelite izpolniti ta obrazec, v brskalniku omogo\u010dite JavaScript.<\/noscript><div class=\"wpforms-hidden\" id=\"wpforms-error-noscript\">\u010ce \u017eelite izpolniti ta obrazec, v brskalniku omogo\u010dite JavaScript.<\/div><div class=\"wpforms-field-container\"><div id=\"wpforms-1399-field_1-container\" class=\"wpforms-field wpforms-field-layout\" data-field-id=\"1\"><label class=\"wpforms-field-label wpforms-label-hide\" for=\"wpforms-1399-field_1\" aria-hidden=\"false\">Postavitev<\/label><div class=\"wpforms-field-layout-columns wpforms-field-layout-preset-50-50\"><div class=\"wpforms-layout-column wpforms-layout-column-50\"><div id=\"wpforms-1399-field_2-container\" class=\"wpforms-field wpforms-field-name\" data-field-id=\"2\"><label class=\"wpforms-field-label\" for=\"wpforms-1399-field_2\">Ime <span class=\"wpforms-required-label\" aria-hidden=\"true\">*<\/span><\/label><input type=\"text\" id=\"wpforms-1399-field_2\" class=\"wpforms-field-medium wpforms-field-required\" name=\"wpforms[fields][2]\" aria-errormessage=\"wpforms-1399-field_2-error\" required><\/div><div id=\"wpforms-1399-field_5-container\" class=\"wpforms-field wpforms-field-phone\" data-field-id=\"5\"><label class=\"wpforms-field-label\" for=\"wpforms-1399-field_5\">Telefon\/WhatsApp <span class=\"wpforms-required-label\" aria-hidden=\"true\">*<\/span><\/label><input type=\"tel\" id=\"wpforms-1399-field_5\" class=\"wpforms-field-medium wpforms-field-required\" data-rule-int-phone-field=\"true\" name=\"wpforms[fields][5]\" aria-errormessage=\"wpforms-1399-field_5-error\" required><\/div><\/div><div class=\"wpforms-layout-column wpforms-layout-column-50\"><div id=\"wpforms-1399-field_3-container\" class=\"wpforms-field wpforms-field-email\" data-field-id=\"3\"><label class=\"wpforms-field-label\" for=\"wpforms-1399-field_3\">E-po\u0161ta <span class=\"wpforms-required-label\" aria-hidden=\"true\">*<\/span><\/label><input type=\"email\" id=\"wpforms-1399-field_3\" class=\"wpforms-field-medium wpforms-field-required\" name=\"wpforms[fields][3]\" spellcheck=\"false\" aria-errormessage=\"wpforms-1399-field_3-error\" required><\/div><div id=\"wpforms-1399-field_4-container\" class=\"wpforms-field wpforms-field-text\" data-field-id=\"4\"><label class=\"wpforms-field-label\" for=\"wpforms-1399-field_4\">Povpra\u0161evanje<\/label><input type=\"text\" id=\"wpforms-1399-field_4\" class=\"wpforms-field-medium\" name=\"wpforms[fields][4]\" aria-errormessage=\"wpforms-1399-field_4-error\" ><\/div><\/div><\/div><\/div><\/div><!-- .wpforms-field-container --><div class=\"wpforms-recaptcha-container wpforms-is-turnstile\" ><div class=\"g-recaptcha\" data-sitekey=\"0x4AAAAAAAyrnCk3ccFGBLIG\" data-action=\"FormID-1399\"><\/div><input type=\"text\" name=\"g-recaptcha-hidden\" class=\"wpforms-recaptcha-hidden\" style=\"position:absolute!important;clip:rect(0,0,0,0)!important;height:1px!important;width:1px!important;border:0!important;overflow:hidden!important;padding:0!important;margin:0!important;\" data-rule-turnstile=\"1\"><\/div><div class=\"wpforms-submit-container\" ><input type=\"hidden\" name=\"wpforms[id]\" value=\"1399\"><input type=\"hidden\" name=\"wpforms[author]\" value=\"1\"><button type=\"submit\" name=\"wpforms[submit]\" id=\"wpforms-submit-1399\" class=\"wpforms-submit\" data-alt-text=\"Sending...\" data-submit-text=\"Send Inquiry\" aria-live=\"assertive\" value=\"wpforms-submit\">Po\u0161lji povpra\u0161evanje<\/button><img decoding=\"async\" src=\"https:\/\/kelingmed.com\/wp-content\/plugins\/wpforms\/assets\/images\/submit-spin.svg\" class=\"wpforms-submit-spinner\" style=\"display: none;\" width=\"26\" height=\"26\" alt=\"Nalaganje\"><\/div><input type=\"hidden\" name=\"trp-form-language\" value=\"sl\"\/><\/form><\/div>  <!-- .wpforms-container -->","protected":false},"excerpt":{"rendered":"<div>\n<table border=\"1\" cellspacing=\"0\">\n<tbody>\n<tr>\n<td height=\"20\">Na\u010din<\/td>\n<td height=\"20\">KL05L\uff08AC\/DC\uff09<\/td>\n<\/tr>\n<tr>\n<td height=\"20\">Osvetlitev pri 1m\uff08lux\uff09<\/td>\n<td height=\"20\">80000<\/td>\n<\/tr>\n<tr>\n<td height=\"20\">Barvna temperatura\uff08K\uff09<\/td>\n<td height=\"20\">4000\u00b1500<\/td>\n<\/tr>\n<tr>\n<td height=\"20\">Indeks barvne reprodukcije\uff08Ra\uff09<\/td>\n<td height=\"20\">100\u2265Ra\u226585<\/td>\n<\/tr>\n<tr>\n<td height=\"20\">Globina svetlobnega snopa\uff08cm\uff09<\/td>\n<td height=\"20\">\u2265500<\/td>\n<\/tr>\n<tr>\n<td height=\"20\">Vrednost celotnega obsevanja<\/td>\n<td height=\"20\">&lt;6mW\/m2lx<\/td>\n<\/tr>\n<tr>\n<td height=\"20\">Skupna obsevanost \uff08Zvi\u0161anje temperature na<\/td>\n<td height=\"20\">\u2264600W\/m2<\/td>\n<\/tr>\n<tr>\n<td height=\"20\">glava pacienta med kirur\u0161kim posegom\u22642C\uff09<\/td>\n<td height=\"20\"><\/td>\n<\/tr>\n<tr>\n<td height=\"20\">Napajanje<\/td>\n<td height=\"20\">220\u00b110% 50Hz<\/td>\n<\/tr>\n<tr>\n<td height=\"20\">Nazivna napetost \u017earnice<\/td>\n<td height=\"20\">24V<\/td>\n<\/tr>\n<tr>\n<td height=\"20\">Nazivna mo\u010d \u017earnice<\/td>\n<td height=\"20\">125W<\/td>\n<\/tr>\n<tr>\n<td height=\"20\">Vhodna mo\u010d\uff08VA\uff09<\/td>\n<td height=\"20\">150<\/td>\n<\/tr>\n<\/tbody>\n<\/table>\n<div class=\"wpforms-container wpforms-container-full wpforms-render-modern\" id=\"wpforms-1399\">\n<form id=\"wpforms-form-1399\" class=\"wpforms-validate wpforms-form wpforms-ajax-form\" data-formid=\"1399\" method=\"post\" enctype=\"multipart\/form-data\" action=\"\/sl\/wp-json\/wp\/v2\/product\/1305\" data-token=\"dc59fd6b52978f5f57666518079e96dc\" data-trp-original-action=\"\/sl\/wp-json\/wp\/v2\/product\/1305\"><noscript class=\"wpforms-error-noscript\">\u010ce \u017eelite izpolniti ta obrazec, v brskalniku omogo\u010dite JavaScript.<\/noscript><\/p>\n<div class=\"wpforms-hidden\" id=\"wpforms-error-noscript\">\u010ce \u017eelite izpolniti ta obrazec, v brskalniku omogo\u010dite JavaScript.<\/div>\n<div class=\"wpforms-field-container\">\n<div id=\"wpforms-1399-field_1-container\" class=\"wpforms-field wpforms-field-layout\" data-field-id=\"1\"><label class=\"wpforms-field-label wpforms-label-hide\" for=\"wpforms-1399-field_1\" aria-hidden=\"false\">Postavitev<\/label><\/p>\n<div class=\"wpforms-field-layout-columns wpforms-field-layout-preset-50-50\">\n<div class=\"wpforms-layout-column wpforms-layout-column-50\">\n<div id=\"wpforms-1399-field_2-container\" class=\"wpforms-field wpforms-field-name\" data-field-id=\"2\"><label class=\"wpforms-field-label\" for=\"wpforms-1399-field_2\">Ime <span class=\"wpforms-required-label\" aria-hidden=\"true\">*<\/span><\/label><input type=\"text\" id=\"wpforms-1399-field_2\" class=\"wpforms-field-medium wpforms-field-required\" name=\"wpforms[fields][2]\" aria-errormessage=\"wpforms-1399-field_2-error\" required><\/div>\n<div id=\"wpforms-1399-field_5-container\" class=\"wpforms-field wpforms-field-phone\" data-field-id=\"5\"><label class=\"wpforms-field-label\" for=\"wpforms-1399-field_5\">Telefon\/WhatsApp <span class=\"wpforms-required-label\" aria-hidden=\"true\">*<\/span><\/label><input type=\"tel\" id=\"wpforms-1399-field_5\" class=\"wpforms-field-medium wpforms-field-required\" data-rule-int-phone-field=\"true\" name=\"wpforms[fields][5]\" aria-errormessage=\"wpforms-1399-field_5-error\" required><\/div>\n<\/div>\n<div class=\"wpforms-layout-column wpforms-layout-column-50\">\n<div id=\"wpforms-1399-field_3-container\" class=\"wpforms-field wpforms-field-email\" data-field-id=\"3\"><label class=\"wpforms-field-label\" for=\"wpforms-1399-field_3\">E-po\u0161ta <span class=\"wpforms-required-label\" aria-hidden=\"true\">*<\/span><\/label><input type=\"email\" id=\"wpforms-1399-field_3\" class=\"wpforms-field-medium wpforms-field-required\" name=\"wpforms[fields][3]\" spellcheck=\"false\" aria-errormessage=\"wpforms-1399-field_3-error\" required><\/div>\n<div id=\"wpforms-1399-field_4-container\" class=\"wpforms-field wpforms-field-text\" data-field-id=\"4\"><label class=\"wpforms-field-label\" for=\"wpforms-1399-field_4\">Povpra\u0161evanje<\/label><input type=\"text\" id=\"wpforms-1399-field_4\" class=\"wpforms-field-medium\" name=\"wpforms[fields][4]\" aria-errormessage=\"wpforms-1399-field_4-error\" ><\/div>\n<\/div>\n<\/div>\n<\/div>\n<\/div>\n<p><!-- .wpforms-field-container --><\/p>\n<div class=\"wpforms-recaptcha-container wpforms-is-turnstile\" >\n<div class=\"g-recaptcha\" data-sitekey=\"0x4AAAAAAAyrnCk3ccFGBLIG\" data-action=\"FormID-1399\"><\/div>\n<p><input type=\"text\" name=\"g-recaptcha-hidden\" class=\"wpforms-recaptcha-hidden\" style=\"position:absolute!important;clip:rect(0,0,0,0)!important;height:1px!important;width:1px!important;border:0!important;overflow:hidden!important;padding:0!important;margin:0!important;\" data-rule-turnstile=\"1\"><\/div>\n<div class=\"wpforms-submit-container\" ><input type=\"hidden\" name=\"wpforms[id]\" value=\"1399\"><input type=\"hidden\" name=\"wpforms[author]\" value=\"1\"><button type=\"submit\" name=\"wpforms[submit]\" id=\"wpforms-submit-1399\" class=\"wpforms-submit\" data-alt-text=\"Sending...\" data-submit-text=\"Send Inquiry\" aria-live=\"assertive\" value=\"wpforms-submit\">Po\u0161lji povpra\u0161evanje<\/button><img decoding=\"async\" src=\"https:\/\/kelingmed.com\/wp-content\/plugins\/wpforms\/assets\/images\/submit-spin.svg\" class=\"wpforms-submit-spinner\" style=\"display: none;\" width=\"26\" height=\"26\" alt=\"Nalaganje\"><\/div>\n<input type=\"hidden\" name=\"trp-form-language\" value=\"sl\"\/><\/form>\n<\/div>\n<p>  <!-- .wpforms-container --><\/p>\n<\/div>","protected":false},"featured_media":1367,"template":"","meta":{"site-sidebar-layout":"default","site-content-layout":"","ast-site-content-layout":"default","site-content-style":"default","site-sidebar-style":"default","ast-global-header-display":"","ast-banner-title-visibility":"","ast-main-header-display":"","ast-hfb-above-header-display":"","ast-hfb-below-header-display":"","ast-hfb-mobile-header-display":"","site-post-title":"","ast-breadcrumbs-content":"","ast-featured-img":"","footer-sml-layout":"","theme-transparent-header-meta":"","adv-header-id-meta":"","stick-header-meta":"","header-above-stick-meta":"","header-main-stick-meta":"","header-below-stick-meta":"","astra-migrate-meta-layouts":"default","ast-page-background-enabled":"default","ast-page-background-meta":{"desktop":{"background-color":"var(--ast-global-color-5)","background-image":"","background-repeat":"repeat","background-position":"center center","background-size":"auto","background-attachment":"scroll","background-type":"","background-media":"","overlay-type":"","overlay-color":"","overlay-opacity":"","overlay-gradient":""},"tablet":{"background-color":"","background-image":"","background-repeat":"repeat","background-position":"center center","background-size":"auto","background-attachment":"scroll","background-type":"","background-media":"","overlay-type":"","overlay-color":"","overlay-opacity":"","overlay-gradient":""},"mobile":{"background-color":"","background-image":"","background-repeat":"repeat","background-position":"center center","background-size":"auto","background-attachment":"scroll","background-type":"","background-media":"","overlay-type":"","overlay-color":"","overlay-opacity":"","overlay-gradient":""}},"ast-content-background-meta":{"desktop":{"background-color":"var(--ast-global-color-4)","background-image":"","background-repeat":"repeat","background-position":"center center","background-size":"auto","background-attachment":"scroll","background-type":"","background-media":"","overlay-type":"","overlay-color":"","overlay-opacity":"","overlay-gradient":""},"tablet":{"background-color":"var(--ast-global-color-4)","background-image":"","background-repeat":"repeat","background-position":"center center","background-size":"auto","background-attachment":"scroll","background-type":"","background-media":"","overlay-type":"","overlay-color":"","overlay-opacity":"","overlay-gradient":""},"mobile":{"background-color":"var(--ast-global-color-4)","background-image":"","background-repeat":"repeat","background-position":"center center","background-size":"auto","background-attachment":"scroll","background-type":"","background-media":"","overlay-type":"","overlay-color":"","overlay-opacity":"","overlay-gradient":""}}},"product_brand":[],"product_cat":[24],"product_tag":[],"class_list":{"0":"post-1305","1":"product","2":"type-product","3":"status-publish","4":"has-post-thumbnail","6":"product_cat-surgical-light","7":"desktop-align-left","8":"tablet-align-left","9":"mobile-align-left","11":"first","12":"instock","13":"shipping-taxable","14":"product-type-simple"},"_links":{"self":[{"href":"https:\/\/kelingmed.com\/sl\/wp-json\/wp\/v2\/product\/1305","targetHints":{"allow":["GET"]}}],"collection":[{"href":"https:\/\/kelingmed.com\/sl\/wp-json\/wp\/v2\/product"}],"about":[{"href":"https:\/\/kelingmed.com\/sl\/wp-json\/wp\/v2\/types\/product"}],"wp:featuredmedia":[{"embeddable":true,"href":"https:\/\/kelingmed.com\/sl\/wp-json\/wp\/v2\/media\/1367"}],"wp:attachment":[{"href":"https:\/\/kelingmed.com\/sl\/wp-json\/wp\/v2\/media?parent=1305"}],"wp:term":[{"taxonomy":"product_brand","embeddable":true,"href":"https:\/\/kelingmed.com\/sl\/wp-json\/wp\/v2\/product_brand?post=1305"},{"taxonomy":"product_cat","embeddable":true,"href":"https:\/\/kelingmed.com\/sl\/wp-json\/wp\/v2\/product_cat?post=1305"},{"taxonomy":"product_tag","embeddable":true,"href":"https:\/\/kelingmed.com\/sl\/wp-json\/wp\/v2\/product_tag?post=1305"}],"curies":[{"name":"wp","href":"https:\/\/api.w.org\/{rel}","templated":true}]}}