{"id":1291,"date":"2024-12-26T01:31:32","date_gmt":"2024-12-26T01:31:32","guid":{"rendered":"https:\/\/kelingmed.com\/?post_type=product&#038;p=1291"},"modified":"2024-12-26T01:48:45","modified_gmt":"2024-12-26T01:48:45","slug":"led-surgical-light-kl-led-d78","status":"publish","type":"product","link":"https:\/\/kelingmed.com\/sl\/product\/led-surgical-light-kl-led-d78\/","title":{"rendered":"LED kirur\u0161ka lu\u010d-KL-LED-D78"},"content":{"rendered":"<ol>\n<li><b><\/b><strong><b>Podro\u010dje uporabe<\/b><\/strong><\/li>\n<\/ol>\n<p>primerna za osvetlitev pri kirur\u0161kih posegih.<\/p>\n<ol start=\"2\">\n<li><b><\/b><strong><b>Strukturne zna\u010dilnosti<\/b><\/strong><\/li>\n<\/ol>\n<p>Svetlobni vir LED brez sence LED, ki u\u010dinkovito zmanj\u0161uje toploto.<\/p>\n<p>LED \u017earnica brez sence z dolgo \u017eivljenjsko dobo, prednosti staranja niso enostavne<\/p>\n<p>Roka svetilke s kardansko strukturo z ve\u010djim obsegom gibanja<\/p>\n<p>Structur<strong><b>\u00a0<\/b><\/strong>glej sliko 1<\/p>\n<p>Na\u010delo delovanja\uff1aSvetlobni vir v eno to\u010dko z LED svetlobnim \u017earkom, ki se zbli\u017euje s prese\u010di\u0161\u010dem le\u010d.<br \/>\nOperacija brez sence svetilka vrte\u010di sistem ravnote\u017eja je zasnovan tako, da ustreza potrebam razli\u010dnih kirur\u0161kih, kirur\u0161ka razsvetljava je najbolj\u0161i kot vrtenja pogona dela le\u017eaja, tako da se kirur\u0161ka svetilka nahaja v smeri potrebe po delovanju, hkrati pa pove\u010duje nastavljivo du\u0161enje, tako da kirur\u0161ke lu\u010di premaknejo ro\u010daj je lahek, stabilen in zanesljiv polo\u017eaj.<\/p>\n<p>Sistem za uravnote\u017eenje deluje s predhodnim stiskanjem, kompresijsko vzmetjo, tako da svetilka uravnote\u017ei silo, ki jo zahteva vez za pesem. Delovanje svetilke navzgor in navzdol je udobno in lahkotno. Elektri\u010dno krmiljenje preklopnega napajanja, izhodna napetost je stabilna, sposobna se prilagoditi zahtevam nihanja omre\u017ene napetosti na razli\u010dnih mestih. Svetlobne diode vzporedno in nato zaporedno ter je razdeljena na ve\u010d lo\u010denih nadzornih enot, v primeru ene serije po\u0161kodb je njena osvetljenost \u2265 40 000 lx.<\/p>\n<p><strong>3.Tehni\u010dni parametri<\/strong><\/p>\n<p>Varnostni razred: Tip B razreda I<\/p>\n<p>Na\u010din delovanja: neprekinjeno delovanje<\/p>\n<p>Kategorija opreme\uff1aNon-AP \/ APG oprema<\/p>\n<p>Za\u0161\u010dita na vhodu: brez teko\u010dine za predpripravo<\/p>\n<p>Naprava nima dela za\u0161\u010dite pred u\u010dinkom defibrilacijskega praznjenja<\/p>\n<p>Naprava nima vhodnega in izhodnega signala<\/p>\n<p>Naprava je trajna namestitev opreme<\/p>\n<p><strong>Obi\u010dajni delovni pogoji:<\/strong>\u00a0Temperatura okolja: 5 \u2103 ~ 40 \u2103<\/p>\n<p>Relativna vla\u017enost: \u226480%<\/p>\n<p>Atmosferski tlak: 860hpa ~ 1060hpa<\/p>\n<p>Napetost: 220 V 50\/60 Hz<\/p>\n<p>Vhodna mo\u010d: 150VA<\/p>\n<p>Illumination\uff1a160\uff0c000lx\u2265Ec\u226580\uff0c000lx<\/p>\n<p>Barvna temperatura: 6700\u2265Tc\u22653000<\/p>\n<p>Skupna osvetlitev\uff1a \u22641000w\/m<sup>2<\/sup><\/p>\n<p>Skupna osvetlitev\/osvetlitev\uff1a\u22646mW\/m<sup>2<\/sup>lx<\/p>\n<p>Diameter svetlobne to\u010dke\uff1a180mm\u00b140mm<\/p>\n<p>d50\uff1a110mm\u00b135mm<\/p>\n<p>50% premera osrednjega osvetljenega obmo\u010dja svetlobe d50 ne sme biti manj\u0161i od 50% premera to\u010dke d10<\/p>\n<p>Globina svetlobnega snopa: \u2265 700 mm<\/p>\n<p>indeks barvne reprodukcije\uff1a100\u2265Ra\u226585<\/p>\n<p>u\u010dinek sence\uff1a<\/p>\n<p>Osvetlitev preostale pregrade najmanj 35%, osvetlitev preostalih dveh pregrad najmanj 38%, osvetlitev preostale globoke votle cevi najmanj 70% pregrade in osvetlitev preostale globoke votle cevi najmanj 32%, dveh pregrad in osvetlitev preostale globoke votle cevi najmanj 34%.<\/p>\n<p>varovalka stikala za napajanje\uff1aFS5A 250VAC<\/p>\n<p>Mo\u010d LED\uff1aDC24V (0,5W\/3V\u00d78)<\/p>\n<p>&nbsp;<\/p>\n<table class=\"wp-list-table widefat fixed striped table-view-list forms\">\n<tbody id=\"the-list\" data-wp-lists=\"list:form\">\n<tr>\n<td class=\"shortcode column-shortcode\" data-colname=\"Shortcode\"><div class=\"wpforms-container wpforms-container-full wpforms-render-modern\" id=\"wpforms-1399\"><form id=\"wpforms-form-1399\" class=\"wpforms-validate wpforms-form wpforms-ajax-form\" data-formid=\"1399\" method=\"post\" enctype=\"multipart\/form-data\" action=\"\/sl\/wp-json\/wp\/v2\/product\/1291\" data-token=\"f21f4995c759ac9a1110a4207e7a530a\" data-trp-original-action=\"\/sl\/wp-json\/wp\/v2\/product\/1291\"><noscript class=\"wpforms-error-noscript\">\u010ce \u017eelite izpolniti ta obrazec, v brskalniku omogo\u010dite JavaScript.<\/noscript><div class=\"wpforms-hidden\" id=\"wpforms-error-noscript\">\u010ce \u017eelite izpolniti ta obrazec, v brskalniku omogo\u010dite JavaScript.<\/div><div class=\"wpforms-field-container\"><div id=\"wpforms-1399-field_1-container\" class=\"wpforms-field wpforms-field-layout\" data-field-id=\"1\"><label class=\"wpforms-field-label wpforms-label-hide\" for=\"wpforms-1399-field_1\" aria-hidden=\"false\">Postavitev<\/label><div class=\"wpforms-field-layout-columns wpforms-field-layout-preset-50-50\"><div class=\"wpforms-layout-column wpforms-layout-column-50\"><div id=\"wpforms-1399-field_2-container\" class=\"wpforms-field wpforms-field-name\" data-field-id=\"2\"><label class=\"wpforms-field-label\" for=\"wpforms-1399-field_2\">Ime <span class=\"wpforms-required-label\" aria-hidden=\"true\">*<\/span><\/label><input type=\"text\" id=\"wpforms-1399-field_2\" class=\"wpforms-field-medium wpforms-field-required\" name=\"wpforms[fields][2]\" aria-errormessage=\"wpforms-1399-field_2-error\" required><\/div><div id=\"wpforms-1399-field_5-container\" class=\"wpforms-field wpforms-field-phone\" data-field-id=\"5\"><label class=\"wpforms-field-label\" for=\"wpforms-1399-field_5\">Telefon\/WhatsApp <span class=\"wpforms-required-label\" aria-hidden=\"true\">*<\/span><\/label><input type=\"tel\" id=\"wpforms-1399-field_5\" class=\"wpforms-field-medium wpforms-field-required\" data-rule-int-phone-field=\"true\" name=\"wpforms[fields][5]\" aria-errormessage=\"wpforms-1399-field_5-error\" required><\/div><\/div><div class=\"wpforms-layout-column wpforms-layout-column-50\"><div id=\"wpforms-1399-field_3-container\" class=\"wpforms-field wpforms-field-email\" data-field-id=\"3\"><label class=\"wpforms-field-label\" for=\"wpforms-1399-field_3\">E-po\u0161ta <span class=\"wpforms-required-label\" aria-hidden=\"true\">*<\/span><\/label><input type=\"email\" id=\"wpforms-1399-field_3\" class=\"wpforms-field-medium wpforms-field-required\" name=\"wpforms[fields][3]\" spellcheck=\"false\" aria-errormessage=\"wpforms-1399-field_3-error\" required><\/div><div id=\"wpforms-1399-field_4-container\" class=\"wpforms-field wpforms-field-text\" data-field-id=\"4\"><label class=\"wpforms-field-label\" for=\"wpforms-1399-field_4\">Povpra\u0161evanje<\/label><input type=\"text\" id=\"wpforms-1399-field_4\" class=\"wpforms-field-medium\" name=\"wpforms[fields][4]\" aria-errormessage=\"wpforms-1399-field_4-error\" ><\/div><\/div><\/div><\/div><\/div><!-- .wpforms-field-container --><div class=\"wpforms-recaptcha-container wpforms-is-turnstile\" ><div class=\"g-recaptcha\" data-sitekey=\"0x4AAAAAAAyrnCk3ccFGBLIG\" data-action=\"FormID-1399\"><\/div><input type=\"text\" name=\"g-recaptcha-hidden\" class=\"wpforms-recaptcha-hidden\" style=\"position:absolute!important;clip:rect(0,0,0,0)!important;height:1px!important;width:1px!important;border:0!important;overflow:hidden!important;padding:0!important;margin:0!important;\" data-rule-turnstile=\"1\"><\/div><div class=\"wpforms-submit-container\" ><input type=\"hidden\" name=\"wpforms[id]\" value=\"1399\"><input type=\"hidden\" name=\"wpforms[author]\" value=\"1\"><button type=\"submit\" name=\"wpforms[submit]\" id=\"wpforms-submit-1399\" class=\"wpforms-submit\" data-alt-text=\"Sending...\" data-submit-text=\"Send Inquiry\" aria-live=\"assertive\" value=\"wpforms-submit\">Po\u0161lji povpra\u0161evanje<\/button><img decoding=\"async\" src=\"https:\/\/kelingmed.com\/wp-content\/plugins\/wpforms\/assets\/images\/submit-spin.svg\" class=\"wpforms-submit-spinner\" style=\"display: none;\" width=\"26\" height=\"26\" alt=\"Nalaganje\"><\/div><input type=\"hidden\" name=\"trp-form-language\" value=\"sl\"\/><\/form><\/div>  <!-- .wpforms-container --><\/td>\n<\/tr>\n<\/tbody>\n<\/table>","protected":false},"excerpt":{"rendered":"<div>\n<table border=\"1\" cellspacing=\"0\">\n<tbody>\n<tr>\n<td height=\"20\">Na\u010din<\/td>\n<td height=\"20\">KL-LED.D78\/D78<\/td>\n<\/tr>\n<tr>\n<td height=\"20\">Osvetlitev pri lm\uff08lux\uff09<\/td>\n<td height=\"20\">40000 \/160000<\/td>\n<\/tr>\n<tr>\n<td height=\"20\">Indeks barvne reprodukcije\uff08Ra\uff09<\/td>\n<td height=\"20\">100\u2265Ra\u226585<\/td>\n<\/tr>\n<tr>\n<td height=\"20\">Indeks rde\u010de barve R9<\/td>\n<td height=\"20\">\u226597<\/td>\n<\/tr>\n<tr>\n<td height=\"20\">Izbirna barvna temperatura\uff08K\uff09<\/td>\n<td height=\"20\">6700\u2265Tc\u22653000K<\/td>\n<\/tr>\n<tr>\n<td height=\"20\">\u0160tevilo diod LED<\/td>\n<td height=\"20\">84 \/ 84<\/td>\n<\/tr>\n<tr>\n<td height=\"20\">Povpre\u010dna \u017eivljenjska doba \u017earnice \uff08hours\uff09<\/td>\n<td height=\"20\">50,000<\/td>\n<\/tr>\n<tr>\n<td height=\"20\">Razmerje med toploto in svetlobo\uff08mW\/m 21x\uff09<\/td>\n<td height=\"20\">&lt;6<\/td>\n<\/tr>\n<tr>\n<td height=\"20\">Napajanje<\/td>\n<td height=\"20\">110-240 V<\/td>\n<\/tr>\n<tr>\n<td height=\"20\">Vhodna mo\u010d\uff08VA\uff09<\/td>\n<td height=\"20\">150W\/150W<\/td>\n<\/tr>\n<tr>\n<td height=\"20\">Vi\u0161ina stropa za namestitev\uff08cm\uff09<\/td>\n<td height=\"20\">270-320<\/td>\n<\/tr>\n<tr>\n<td height=\"20\">Indeks upodabljanja zelene barve Rll<\/td>\n<td height=\"20\">\u226597<\/td>\n<\/tr>\n<\/tbody>\n<\/table>\n<table class=\"wp-list-table widefat fixed striped table-view-list forms\">\n<tbody id=\"the-list\" data-wp-lists=\"list:form\">\n<tr>\n<td class=\"shortcode column-shortcode\" data-colname=\"Shortcode\">\n<div class=\"wpforms-container wpforms-container-full wpforms-render-modern\" id=\"wpforms-1399\">\n<form id=\"wpforms-form-1399\" class=\"wpforms-validate wpforms-form wpforms-ajax-form\" data-formid=\"1399\" method=\"post\" enctype=\"multipart\/form-data\" action=\"\/sl\/wp-json\/wp\/v2\/product\/1291\" data-token=\"f21f4995c759ac9a1110a4207e7a530a\" data-trp-original-action=\"\/sl\/wp-json\/wp\/v2\/product\/1291\"><noscript class=\"wpforms-error-noscript\">\u010ce \u017eelite izpolniti ta obrazec, v brskalniku omogo\u010dite JavaScript.<\/noscript><\/p>\n<div class=\"wpforms-hidden\" id=\"wpforms-error-noscript\">\u010ce \u017eelite izpolniti ta obrazec, v brskalniku omogo\u010dite JavaScript.<\/div>\n<div class=\"wpforms-field-container\">\n<div id=\"wpforms-1399-field_1-container\" class=\"wpforms-field wpforms-field-layout\" data-field-id=\"1\"><label class=\"wpforms-field-label wpforms-label-hide\" for=\"wpforms-1399-field_1\" aria-hidden=\"false\">Postavitev<\/label><\/p>\n<div class=\"wpforms-field-layout-columns wpforms-field-layout-preset-50-50\">\n<div class=\"wpforms-layout-column wpforms-layout-column-50\">\n<div id=\"wpforms-1399-field_2-container\" class=\"wpforms-field wpforms-field-name\" data-field-id=\"2\"><label class=\"wpforms-field-label\" for=\"wpforms-1399-field_2\">Ime <span class=\"wpforms-required-label\" aria-hidden=\"true\">*<\/span><\/label><input type=\"text\" id=\"wpforms-1399-field_2\" class=\"wpforms-field-medium wpforms-field-required\" name=\"wpforms[fields][2]\" aria-errormessage=\"wpforms-1399-field_2-error\" required><\/div>\n<div id=\"wpforms-1399-field_5-container\" class=\"wpforms-field wpforms-field-phone\" data-field-id=\"5\"><label class=\"wpforms-field-label\" for=\"wpforms-1399-field_5\">Telefon\/WhatsApp <span class=\"wpforms-required-label\" aria-hidden=\"true\">*<\/span><\/label><input type=\"tel\" id=\"wpforms-1399-field_5\" class=\"wpforms-field-medium wpforms-field-required\" data-rule-int-phone-field=\"true\" name=\"wpforms[fields][5]\" aria-errormessage=\"wpforms-1399-field_5-error\" required><\/div>\n<\/div>\n<div class=\"wpforms-layout-column wpforms-layout-column-50\">\n<div id=\"wpforms-1399-field_3-container\" class=\"wpforms-field wpforms-field-email\" data-field-id=\"3\"><label class=\"wpforms-field-label\" for=\"wpforms-1399-field_3\">E-po\u0161ta <span class=\"wpforms-required-label\" aria-hidden=\"true\">*<\/span><\/label><input type=\"email\" id=\"wpforms-1399-field_3\" class=\"wpforms-field-medium wpforms-field-required\" name=\"wpforms[fields][3]\" spellcheck=\"false\" aria-errormessage=\"wpforms-1399-field_3-error\" required><\/div>\n<div id=\"wpforms-1399-field_4-container\" class=\"wpforms-field wpforms-field-text\" data-field-id=\"4\"><label class=\"wpforms-field-label\" for=\"wpforms-1399-field_4\">Povpra\u0161evanje<\/label><input type=\"text\" id=\"wpforms-1399-field_4\" class=\"wpforms-field-medium\" name=\"wpforms[fields][4]\" aria-errormessage=\"wpforms-1399-field_4-error\" ><\/div>\n<\/div>\n<\/div>\n<\/div>\n<\/div>\n<p><!-- .wpforms-field-container --><\/p>\n<div class=\"wpforms-recaptcha-container wpforms-is-turnstile\" >\n<div class=\"g-recaptcha\" data-sitekey=\"0x4AAAAAAAyrnCk3ccFGBLIG\" data-action=\"FormID-1399\"><\/div>\n<p><input type=\"text\" name=\"g-recaptcha-hidden\" class=\"wpforms-recaptcha-hidden\" style=\"position:absolute!important;clip:rect(0,0,0,0)!important;height:1px!important;width:1px!important;border:0!important;overflow:hidden!important;padding:0!important;margin:0!important;\" data-rule-turnstile=\"1\"><\/div>\n<div class=\"wpforms-submit-container\" ><input type=\"hidden\" name=\"wpforms[id]\" value=\"1399\"><input type=\"hidden\" name=\"wpforms[author]\" value=\"1\"><button type=\"submit\" name=\"wpforms[submit]\" id=\"wpforms-submit-1399\" class=\"wpforms-submit\" data-alt-text=\"Sending...\" data-submit-text=\"Send Inquiry\" aria-live=\"assertive\" value=\"wpforms-submit\">Po\u0161lji povpra\u0161evanje<\/button><img decoding=\"async\" src=\"https:\/\/kelingmed.com\/wp-content\/plugins\/wpforms\/assets\/images\/submit-spin.svg\" class=\"wpforms-submit-spinner\" style=\"display: none;\" width=\"26\" height=\"26\" alt=\"Nalaganje\"><\/div>\n<input type=\"hidden\" name=\"trp-form-language\" value=\"sl\"\/><\/form>\n<\/div>\n<p>  <!-- .wpforms-container --><\/td>\n<\/tr>\n<\/tbody>\n<\/table>\n<\/div>","protected":false},"featured_media":1311,"template":"","meta":{"site-sidebar-layout":"default","site-content-layout":"","ast-site-content-layout":"default","site-content-style":"default","site-sidebar-style":"default","ast-global-header-display":"","ast-banner-title-visibility":"","ast-main-header-display":"","ast-hfb-above-header-display":"","ast-hfb-below-header-display":"","ast-hfb-mobile-header-display":"","site-post-title":"","ast-breadcrumbs-content":"","ast-featured-img":"","footer-sml-layout":"","theme-transparent-header-meta":"","adv-header-id-meta":"","stick-header-meta":"","header-above-stick-meta":"","header-main-stick-meta":"","header-below-stick-meta":"","astra-migrate-meta-layouts":"default","ast-page-background-enabled":"default","ast-page-background-meta":{"desktop":{"background-color":"var(--ast-global-color-5)","background-image":"","background-repeat":"repeat","background-position":"center center","background-size":"auto","background-attachment":"scroll","background-type":"","background-media":"","overlay-type":"","overlay-color":"","overlay-opacity":"","overlay-gradient":""},"tablet":{"background-color":"","background-image":"","background-repeat":"repeat","background-position":"center center","background-size":"auto","background-attachment":"scroll","background-type":"","background-media":"","overlay-type":"","overlay-color":"","overlay-opacity":"","overlay-gradient":""},"mobile":{"background-color":"","background-image":"","background-repeat":"repeat","background-position":"center center","background-size":"auto","background-attachment":"scroll","background-type":"","background-media":"","overlay-type":"","overlay-color":"","overlay-opacity":"","overlay-gradient":""}},"ast-content-background-meta":{"desktop":{"background-color":"var(--ast-global-color-4)","background-image":"","background-repeat":"repeat","background-position":"center center","background-size":"auto","background-attachment":"scroll","background-type":"","background-media":"","overlay-type":"","overlay-color":"","overlay-opacity":"","overlay-gradient":""},"tablet":{"background-color":"var(--ast-global-color-4)","background-image":"","background-repeat":"repeat","background-position":"center center","background-size":"auto","background-attachment":"scroll","background-type":"","background-media":"","overlay-type":"","overlay-color":"","overlay-opacity":"","overlay-gradient":""},"mobile":{"background-color":"var(--ast-global-color-4)","background-image":"","background-repeat":"repeat","background-position":"center center","background-size":"auto","background-attachment":"scroll","background-type":"","background-media":"","overlay-type":"","overlay-color":"","overlay-opacity":"","overlay-gradient":""}}},"product_brand":[],"product_cat":[24],"product_tag":[],"class_list":{"0":"post-1291","1":"product","2":"type-product","3":"status-publish","4":"has-post-thumbnail","6":"product_cat-surgical-light","7":"desktop-align-left","8":"tablet-align-left","9":"mobile-align-left","11":"first","12":"instock","13":"shipping-taxable","14":"product-type-simple"},"_links":{"self":[{"href":"https:\/\/kelingmed.com\/sl\/wp-json\/wp\/v2\/product\/1291","targetHints":{"allow":["GET"]}}],"collection":[{"href":"https:\/\/kelingmed.com\/sl\/wp-json\/wp\/v2\/product"}],"about":[{"href":"https:\/\/kelingmed.com\/sl\/wp-json\/wp\/v2\/types\/product"}],"wp:featuredmedia":[{"embeddable":true,"href":"https:\/\/kelingmed.com\/sl\/wp-json\/wp\/v2\/media\/1311"}],"wp:attachment":[{"href":"https:\/\/kelingmed.com\/sl\/wp-json\/wp\/v2\/media?parent=1291"}],"wp:term":[{"taxonomy":"product_brand","embeddable":true,"href":"https:\/\/kelingmed.com\/sl\/wp-json\/wp\/v2\/product_brand?post=1291"},{"taxonomy":"product_cat","embeddable":true,"href":"https:\/\/kelingmed.com\/sl\/wp-json\/wp\/v2\/product_cat?post=1291"},{"taxonomy":"product_tag","embeddable":true,"href":"https:\/\/kelingmed.com\/sl\/wp-json\/wp\/v2\/product_tag?post=1291"}],"curies":[{"name":"wp","href":"https:\/\/api.w.org\/{rel}","templated":true}]}}