{"id":1254,"date":"2024-12-26T01:08:28","date_gmt":"2024-12-26T01:08:28","guid":{"rendered":"https:\/\/kelingmed.com\/?post_type=product&#038;p=1254"},"modified":"2024-12-26T01:22:44","modified_gmt":"2024-12-26T01:22:44","slug":"single-rocking-nursing-bed-kl-bc131","status":"publish","type":"product","link":"https:\/\/kelingmed.com\/sl\/product\/single-rocking-nursing-bed-kl-bc131\/","title":{"rendered":"Enotna zibajo\u010da se negovalna postelja-KL-BC131"},"content":{"rendered":"<p><strong>Glavne zna\u010dilnosti<\/strong><\/p>\n<ul>\n<li>Dvigalo za hrbet se upravlja z ro\u010dajem.<\/li>\n<li>Platforma za stiskanje, gladka povr\u0161ina brez varilnih brazgotin, lahko nosi 250 kg.<\/li>\n<li>Zlo\u017eljive za\u0161\u010ditne ograje v obliki \u010drke L, izdelane iz upognjene cevi, trdno name\u0161\u010dene, 0 tresljajev, enostavne za \u010di\u0161\u010denje, proti udarcem, \u0161\u010ditijo varnost bolnikov.<\/li>\n<li>Z odbija\u010dem za za\u0161\u010dito postelje in bolnika med prevozom.<\/li>\n<\/ul>\n<p><strong>Uspe\u0161nost<\/strong><br \/>\nPrikaz funkcij dr\u017ee<\/p>\n<ul>\n<li>Dvigalo za hrbet<\/li>\n<\/ul>\n<p><strong>Priro\u010den in varen nadzor<\/strong><\/p>\n<ul>\n<li>Tiha kolesca za nemoteno zaviranje.<\/li>\n<li>Z enim ro\u010dajem za upravljanje lahko nemoteno upravljate dvigovanje hrbta.<\/li>\n<\/ul>\n<p><strong>Varnostna zasnova<\/strong><\/p>\n<ul>\n<li>Zlo\u017eljive za\u0161\u010ditne ograje v obliki \u010drke L, izdelane iz upognjene cevi, trdno name\u0161\u010dene, 0 tresljajev, enostavne za \u010di\u0161\u010denje, proti udarcem, \u0161\u010ditijo varnost bolnikov.<\/li>\n<li>Z odbija\u010dem za za\u0161\u010dito postelje in bolnika med prevozom.<\/li>\n<li>Z napravo za skrajno za\u0161\u010dito se pri nagibanju v najvi\u0161ji polo\u017eaj spro\u017ei zvok.<\/li>\n<\/ul>\n<p><strong>Visokokakovostni materiali<\/strong><\/p>\n<ul>\n<li>Posteljna plo\u0161\u010da je izdelana iz materiala, odpornega proti udarcem, in ima odebeljeno prevleko z mo\u010dno nosilnostjo.<\/li>\n<li>Glavna in zadnja stranica sta izdelani iz materiala ABS, ki je antibakterijski in enostaven za \u010di\u0161\u010denje.<\/li>\n<\/ul>\n<p><strong>Prilagajanje<\/strong><br \/>\nKonfiguracijo bolni\u0161ke postelje lahko prilagodite potrebam uporabnika, na primer:<br \/>\nNa\u010din delovanja: (ve\u010dfunkcijska luksuzna razli\u010dica\/ petfunkcijska razli\u010dica\/ trifunkcijska razli\u010dica), ro\u010dni (razli\u010dica s \u0161tirimi tresljaji\/ trije tresljaji\/ dva tresljaja\/ en tresljaj)<br \/>\nSpecifikacije izdelka: velikost, embala\u017ea, dodatki<br \/>\nMaterial: Les, nerjavno jeklo, ABS, rentgenska prozorna smola<br \/>\nRazli\u010dne barve: Modra, zelena, lesena itd.<\/p>\n<p>Za ve\u010d informacij o izdelku se obrnite na nas!<\/p>\n<p><strong>Aplikacije<\/strong><br \/>\nBolni\u0161nice, domovi za ostarele, rehabilitacijski centri, domovi, vrhunska oskrba.<\/p>\n<div class=\"wpforms-container wpforms-container-full wpforms-render-modern\" id=\"wpforms-737\"><form id=\"wpforms-form-737\" class=\"wpforms-validate wpforms-form wpforms-ajax-form\" data-formid=\"737\" method=\"post\" enctype=\"multipart\/form-data\" action=\"\/sl\/wp-json\/wp\/v2\/product\/1254\" data-token=\"a16f5231694846494669bca51490539a\" data-trp-original-action=\"\/sl\/wp-json\/wp\/v2\/product\/1254\"><noscript class=\"wpforms-error-noscript\">\u010ce \u017eelite izpolniti ta obrazec, v brskalniku omogo\u010dite JavaScript.<\/noscript><div class=\"wpforms-hidden\" id=\"wpforms-error-noscript\">\u010ce \u017eelite izpolniti ta obrazec, v brskalniku omogo\u010dite JavaScript.<\/div><div class=\"wpforms-field-container\"><div id=\"wpforms-737-field_1-container\" class=\"wpforms-field wpforms-field-layout\" data-field-id=\"1\"><label class=\"wpforms-field-label wpforms-label-hide\" for=\"wpforms-737-field_1\" aria-hidden=\"false\">Postavitev<\/label><div class=\"wpforms-field-layout-columns wpforms-field-layout-preset-50-50\"><div class=\"wpforms-layout-column wpforms-layout-column-50\"><div id=\"wpforms-737-field_2-container\" class=\"wpforms-field wpforms-field-name\" data-field-id=\"2\"><label class=\"wpforms-field-label\" for=\"wpforms-737-field_2\">Ime <span class=\"wpforms-required-label\" aria-hidden=\"true\">*<\/span><\/label><input type=\"text\" id=\"wpforms-737-field_2\" class=\"wpforms-field-medium wpforms-field-required\" name=\"wpforms[fields][2]\" aria-errormessage=\"wpforms-737-field_2-error\" required><\/div><div id=\"wpforms-737-field_5-container\" class=\"wpforms-field wpforms-field-phone\" data-field-id=\"5\"><label class=\"wpforms-field-label\" for=\"wpforms-737-field_5\">Telefon\/WhatsApp <span class=\"wpforms-required-label\" aria-hidden=\"true\">*<\/span><\/label><input type=\"tel\" id=\"wpforms-737-field_5\" class=\"wpforms-field-medium wpforms-field-required\" data-rule-int-phone-field=\"true\" name=\"wpforms[fields][5]\" aria-errormessage=\"wpforms-737-field_5-error\" required><\/div><\/div><div class=\"wpforms-layout-column wpforms-layout-column-50\"><div id=\"wpforms-737-field_3-container\" class=\"wpforms-field wpforms-field-email\" data-field-id=\"3\"><label class=\"wpforms-field-label\" for=\"wpforms-737-field_3\">E-po\u0161ta <span class=\"wpforms-required-label\" aria-hidden=\"true\">*<\/span><\/label><input type=\"email\" id=\"wpforms-737-field_3\" class=\"wpforms-field-medium wpforms-field-required\" name=\"wpforms[fields][3]\" spellcheck=\"false\" aria-errormessage=\"wpforms-737-field_3-error\" required><\/div><div id=\"wpforms-737-field_4-container\" class=\"wpforms-field wpforms-field-text\" data-field-id=\"4\"><label class=\"wpforms-field-label\" for=\"wpforms-737-field_4\">Povpra\u0161evanje<\/label><input type=\"text\" id=\"wpforms-737-field_4\" class=\"wpforms-field-medium\" name=\"wpforms[fields][4]\" aria-errormessage=\"wpforms-737-field_4-error\" ><\/div><\/div><\/div><\/div><\/div><!-- .wpforms-field-container --><div class=\"wpforms-recaptcha-container wpforms-is-turnstile\" ><div class=\"g-recaptcha\" data-sitekey=\"0x4AAAAAAAyrnCk3ccFGBLIG\" data-action=\"FormID-737\"><\/div><input type=\"text\" name=\"g-recaptcha-hidden\" class=\"wpforms-recaptcha-hidden\" style=\"position:absolute!important;clip:rect(0,0,0,0)!important;height:1px!important;width:1px!important;border:0!important;overflow:hidden!important;padding:0!important;margin:0!important;\" data-rule-turnstile=\"1\"><\/div><div class=\"wpforms-submit-container\" ><input type=\"hidden\" name=\"wpforms[id]\" value=\"737\"><input type=\"hidden\" name=\"wpforms[author]\" value=\"1\"><button type=\"submit\" name=\"wpforms[submit]\" id=\"wpforms-submit-737\" class=\"wpforms-submit\" data-alt-text=\"Sending...\" data-submit-text=\"Send Inquiry\" aria-live=\"assertive\" value=\"wpforms-submit\">Po\u0161lji povpra\u0161evanje<\/button><img decoding=\"async\" src=\"https:\/\/kelingmed.com\/wp-content\/plugins\/wpforms\/assets\/images\/submit-spin.svg\" class=\"wpforms-submit-spinner\" style=\"display: none;\" width=\"26\" height=\"26\" alt=\"Nalaganje\"><\/div><input type=\"hidden\" name=\"trp-form-language\" value=\"sl\"\/><\/form><\/div>  <!-- .wpforms-container -->","protected":false},"excerpt":{"rendered":"<div>\n<table border=\"1\" cellspacing=\"0\">\n<tbody>\n<tr>\n<td height=\"20\">Velikost izdelka L * \u0160 * V<\/td>\n<td height=\"20\">2000*960*500 10 mm<\/td>\n<\/tr>\n<tr>\n<td height=\"20\">Velikost postelje<\/td>\n<td height=\"20\">1930 * 900 mm<\/td>\n<\/tr>\n<tr>\n<td height=\"20\">Zadnji kot<\/td>\n<td height=\"20\">0-75<\/td>\n<\/tr>\n<tr>\n<td height=\"20\">Tabula<\/td>\n<td height=\"20\">je mogo\u010de prilagoditi<\/td>\n<\/tr>\n<tr>\n<td height=\"20\">Varovalna ograja<\/td>\n<td height=\"20\">je mogo\u010de prilagoditi<\/td>\n<\/tr>\n<\/tbody>\n<\/table>\n<div class=\"wpforms-container wpforms-container-full wpforms-render-modern\" id=\"wpforms-737\">\n<form id=\"wpforms-form-737\" class=\"wpforms-validate wpforms-form wpforms-ajax-form\" data-formid=\"737\" method=\"post\" enctype=\"multipart\/form-data\" action=\"\/sl\/wp-json\/wp\/v2\/product\/1254\" data-token=\"a16f5231694846494669bca51490539a\" data-trp-original-action=\"\/sl\/wp-json\/wp\/v2\/product\/1254\"><noscript class=\"wpforms-error-noscript\">\u010ce \u017eelite izpolniti ta obrazec, v brskalniku omogo\u010dite JavaScript.<\/noscript><\/p>\n<div class=\"wpforms-hidden\" id=\"wpforms-error-noscript\">\u010ce \u017eelite izpolniti ta obrazec, v brskalniku omogo\u010dite JavaScript.<\/div>\n<div class=\"wpforms-field-container\">\n<div id=\"wpforms-737-field_1-container\" class=\"wpforms-field wpforms-field-layout\" data-field-id=\"1\"><label class=\"wpforms-field-label wpforms-label-hide\" for=\"wpforms-737-field_1\" aria-hidden=\"false\">Postavitev<\/label><\/p>\n<div class=\"wpforms-field-layout-columns wpforms-field-layout-preset-50-50\">\n<div class=\"wpforms-layout-column wpforms-layout-column-50\">\n<div id=\"wpforms-737-field_2-container\" class=\"wpforms-field wpforms-field-name\" data-field-id=\"2\"><label class=\"wpforms-field-label\" for=\"wpforms-737-field_2\">Ime <span class=\"wpforms-required-label\" aria-hidden=\"true\">*<\/span><\/label><input type=\"text\" id=\"wpforms-737-field_2\" class=\"wpforms-field-medium wpforms-field-required\" name=\"wpforms[fields][2]\" aria-errormessage=\"wpforms-737-field_2-error\" required><\/div>\n<div id=\"wpforms-737-field_5-container\" class=\"wpforms-field wpforms-field-phone\" data-field-id=\"5\"><label class=\"wpforms-field-label\" for=\"wpforms-737-field_5\">Telefon\/WhatsApp <span class=\"wpforms-required-label\" aria-hidden=\"true\">*<\/span><\/label><input type=\"tel\" id=\"wpforms-737-field_5\" class=\"wpforms-field-medium wpforms-field-required\" data-rule-int-phone-field=\"true\" name=\"wpforms[fields][5]\" aria-errormessage=\"wpforms-737-field_5-error\" required><\/div>\n<\/div>\n<div class=\"wpforms-layout-column wpforms-layout-column-50\">\n<div id=\"wpforms-737-field_3-container\" class=\"wpforms-field wpforms-field-email\" data-field-id=\"3\"><label class=\"wpforms-field-label\" for=\"wpforms-737-field_3\">E-po\u0161ta <span class=\"wpforms-required-label\" aria-hidden=\"true\">*<\/span><\/label><input type=\"email\" id=\"wpforms-737-field_3\" class=\"wpforms-field-medium wpforms-field-required\" name=\"wpforms[fields][3]\" spellcheck=\"false\" aria-errormessage=\"wpforms-737-field_3-error\" required><\/div>\n<div id=\"wpforms-737-field_4-container\" class=\"wpforms-field wpforms-field-text\" data-field-id=\"4\"><label class=\"wpforms-field-label\" for=\"wpforms-737-field_4\">Povpra\u0161evanje<\/label><input type=\"text\" id=\"wpforms-737-field_4\" class=\"wpforms-field-medium\" name=\"wpforms[fields][4]\" aria-errormessage=\"wpforms-737-field_4-error\" ><\/div>\n<\/div>\n<\/div>\n<\/div>\n<\/div>\n<p><!-- .wpforms-field-container --><\/p>\n<div class=\"wpforms-recaptcha-container wpforms-is-turnstile\" >\n<div class=\"g-recaptcha\" data-sitekey=\"0x4AAAAAAAyrnCk3ccFGBLIG\" data-action=\"FormID-737\"><\/div>\n<p><input type=\"text\" name=\"g-recaptcha-hidden\" class=\"wpforms-recaptcha-hidden\" style=\"position:absolute!important;clip:rect(0,0,0,0)!important;height:1px!important;width:1px!important;border:0!important;overflow:hidden!important;padding:0!important;margin:0!important;\" data-rule-turnstile=\"1\"><\/div>\n<div class=\"wpforms-submit-container\" ><input type=\"hidden\" name=\"wpforms[id]\" value=\"737\"><input type=\"hidden\" name=\"wpforms[author]\" value=\"1\"><button type=\"submit\" name=\"wpforms[submit]\" id=\"wpforms-submit-737\" class=\"wpforms-submit\" data-alt-text=\"Sending...\" data-submit-text=\"Send Inquiry\" aria-live=\"assertive\" value=\"wpforms-submit\">Po\u0161lji povpra\u0161evanje<\/button><img decoding=\"async\" src=\"https:\/\/kelingmed.com\/wp-content\/plugins\/wpforms\/assets\/images\/submit-spin.svg\" class=\"wpforms-submit-spinner\" style=\"display: none;\" width=\"26\" height=\"26\" alt=\"Nalaganje\"><\/div>\n<input type=\"hidden\" name=\"trp-form-language\" value=\"sl\"\/><\/form>\n<\/div>\n<p>  <!-- .wpforms-container --><\/p>\n<\/div>","protected":false},"featured_media":1276,"template":"","meta":{"site-sidebar-layout":"default","site-content-layout":"","ast-site-content-layout":"default","site-content-style":"default","site-sidebar-style":"default","ast-global-header-display":"","ast-banner-title-visibility":"","ast-main-header-display":"","ast-hfb-above-header-display":"","ast-hfb-below-header-display":"","ast-hfb-mobile-header-display":"","site-post-title":"","ast-breadcrumbs-content":"","ast-featured-img":"","footer-sml-layout":"","theme-transparent-header-meta":"","adv-header-id-meta":"","stick-header-meta":"","header-above-stick-meta":"","header-main-stick-meta":"","header-below-stick-meta":"","astra-migrate-meta-layouts":"default","ast-page-background-enabled":"default","ast-page-background-meta":{"desktop":{"background-color":"var(--ast-global-color-5)","background-image":"","background-repeat":"repeat","background-position":"center center","background-size":"auto","background-attachment":"scroll","background-type":"","background-media":"","overlay-type":"","overlay-color":"","overlay-opacity":"","overlay-gradient":""},"tablet":{"background-color":"","background-image":"","background-repeat":"repeat","background-position":"center center","background-size":"auto","background-attachment":"scroll","background-type":"","background-media":"","overlay-type":"","overlay-color":"","overlay-opacity":"","overlay-gradient":""},"mobile":{"background-color":"","background-image":"","background-repeat":"repeat","background-position":"center center","background-size":"auto","background-attachment":"scroll","background-type":"","background-media":"","overlay-type":"","overlay-color":"","overlay-opacity":"","overlay-gradient":""}},"ast-content-background-meta":{"desktop":{"background-color":"var(--ast-global-color-4)","background-image":"","background-repeat":"repeat","background-position":"center center","background-size":"auto","background-attachment":"scroll","background-type":"","background-media":"","overlay-type":"","overlay-color":"","overlay-opacity":"","overlay-gradient":""},"tablet":{"background-color":"var(--ast-global-color-4)","background-image":"","background-repeat":"repeat","background-position":"center center","background-size":"auto","background-attachment":"scroll","background-type":"","background-media":"","overlay-type":"","overlay-color":"","overlay-opacity":"","overlay-gradient":""},"mobile":{"background-color":"var(--ast-global-color-4)","background-image":"","background-repeat":"repeat","background-position":"center center","background-size":"auto","background-attachment":"scroll","background-type":"","background-media":"","overlay-type":"","overlay-color":"","overlay-opacity":"","overlay-gradient":""}}},"product_brand":[],"product_cat":[21],"product_tag":[],"class_list":{"0":"post-1254","1":"product","2":"type-product","3":"status-publish","4":"has-post-thumbnail","6":"product_cat-hospital-bed","7":"desktop-align-left","8":"tablet-align-left","9":"mobile-align-left","11":"first","12":"instock","13":"shipping-taxable","14":"product-type-simple"},"_links":{"self":[{"href":"https:\/\/kelingmed.com\/sl\/wp-json\/wp\/v2\/product\/1254","targetHints":{"allow":["GET"]}}],"collection":[{"href":"https:\/\/kelingmed.com\/sl\/wp-json\/wp\/v2\/product"}],"about":[{"href":"https:\/\/kelingmed.com\/sl\/wp-json\/wp\/v2\/types\/product"}],"wp:featuredmedia":[{"embeddable":true,"href":"https:\/\/kelingmed.com\/sl\/wp-json\/wp\/v2\/media\/1276"}],"wp:attachment":[{"href":"https:\/\/kelingmed.com\/sl\/wp-json\/wp\/v2\/media?parent=1254"}],"wp:term":[{"taxonomy":"product_brand","embeddable":true,"href":"https:\/\/kelingmed.com\/sl\/wp-json\/wp\/v2\/product_brand?post=1254"},{"taxonomy":"product_cat","embeddable":true,"href":"https:\/\/kelingmed.com\/sl\/wp-json\/wp\/v2\/product_cat?post=1254"},{"taxonomy":"product_tag","embeddable":true,"href":"https:\/\/kelingmed.com\/sl\/wp-json\/wp\/v2\/product_tag?post=1254"}],"curies":[{"name":"wp","href":"https:\/\/api.w.org\/{rel}","templated":true}]}}