{"id":1415,"date":"2024-12-26T02:00:16","date_gmt":"2024-12-26T02:00:16","guid":{"rendered":"https:\/\/kelingmed.com\/?post_type=product&#038;p=1415"},"modified":"2024-12-26T02:13:24","modified_gmt":"2024-12-26T02:13:24","slug":"electric-operating-table-kl-d-four-two","status":"publish","type":"product","link":"https:\/\/kelingmed.com\/ro\/product\/electric-operating-table-kl-d-four-two\/","title":{"rendered":"Mas\u0103 de opera\u021bie electric\u0103-KL-D-FOUR-TWO"},"content":{"rendered":"<p>DL.A are func\u021bii multiple. Acesta poate satisface nevoile diferitelor opera\u021biuni.<\/p>\n<p>Caracteristici\uff1a<br \/>\n\u25c6 Suprafa\u021ba de mas\u0103 adopt\u0103 o plac\u0103 de plastic din carbon de \u00eenalt\u0103 calitate \u0219i poate aluneca,<br \/>\ncare este convenabil pentru examinarea bra\u021bului C \u0219i fotografierea cu raze X.<br \/>\n\u25c6 AC \u0219i DC, telecomand\u0103 dubl\u0103 pentru a controla diferite ac\u021biuni<br \/>\n\u25c6 Salteaua este \u00eenvelit\u0103 cu piele artificial\u0103 importat\u0103. De \u00eenalt\u0103 densitate<br \/>\nburetele de memorie este format dintr-o singur\u0103 bucat\u0103, f\u0103r\u0103 cus\u0103tur\u0103.<br \/>\n\u25c6 Motor LINAK de marc\u0103 importat\u0103, f\u0103r\u0103 zgomot, cu durat\u0103 lung\u0103 de via\u021b\u0103<br \/>\n\u25c6 O\u021belul inoxidabil de calitate 304 este utilizat pentru suportul de mas\u0103, placa de baz\u0103, coloana<br \/>\nscut \u0219i \u0219ine pe ambele p\u0103r\u021bi ale mesei.<br \/>\n\u25c6 Dispozitiv de fr\u00e2nare cu pedal\u0103 care este u\u0219or de mutat masa de opera\u021bie.<br \/>\n\u25c6 Placa capului \u0219i placa piciorului sunt controlate de arc cu gaz importat.<br \/>\nPlaca piciorului este divizat\u0103 \u0219i deta\u0219abil\u0103.<br \/>\n\u25c6 Are func\u021bia de auto-restaurare.<br \/>\n\u25c6 Ap\u0103sa\u021bi o dat\u0103 pentru \"\u2227\"sau \"\u2228\".<\/p>\n<p>Accesorii\uff1a<br \/>\nO pereche de suport pentru umeri\/coapse, o pereche de suport pentru bra\u021be, o pereche de pl\u0103ci pentru picioare, un ecran<\/p>\n<table class=\"wp-list-table widefat fixed striped table-view-list forms\">\n<tbody id=\"the-list\" data-wp-lists=\"list:form\">\n<tr>\n<td class=\"shortcode column-shortcode\" data-colname=\"Shortcode\"><div class=\"wpforms-container wpforms-container-full wpforms-render-modern\" id=\"wpforms-1476\"><form id=\"wpforms-form-1476\" class=\"wpforms-validate wpforms-form wpforms-ajax-form\" data-formid=\"1476\" method=\"post\" enctype=\"multipart\/form-data\" action=\"\/ro\/wp-json\/wp\/v2\/product\/1415\" data-token=\"c6d3003ae40eb61d1c9dcd3e9e08e6bd\" data-trp-original-action=\"\/ro\/wp-json\/wp\/v2\/product\/1415\"><noscript class=\"wpforms-error-noscript\">V\u0103 rug\u0103m s\u0103 activa\u021bi JavaScript \u00een browserul dvs. pentru a completa acest formular.<\/noscript><div class=\"wpforms-hidden\" id=\"wpforms-error-noscript\">V\u0103 rug\u0103m s\u0103 activa\u021bi JavaScript \u00een browserul dvs. pentru a completa acest formular.<\/div><div class=\"wpforms-field-container\"><div id=\"wpforms-1476-field_1-container\" class=\"wpforms-field wpforms-field-layout\" data-field-id=\"1\"><label class=\"wpforms-field-label wpforms-label-hide\" for=\"wpforms-1476-field_1\" aria-hidden=\"false\">Layout<\/label><div class=\"wpforms-field-layout-columns wpforms-field-layout-preset-50-50\"><div class=\"wpforms-layout-column wpforms-layout-column-50\"><div id=\"wpforms-1476-field_2-container\" class=\"wpforms-field wpforms-field-name\" data-field-id=\"2\"><label class=\"wpforms-field-label\" for=\"wpforms-1476-field_2\">Nume \u0219i prenume <span class=\"wpforms-required-label\" aria-hidden=\"true\">*<\/span><\/label><input type=\"text\" id=\"wpforms-1476-field_2\" class=\"wpforms-field-medium wpforms-field-required\" name=\"wpforms[fields][2]\" aria-errormessage=\"wpforms-1476-field_2-error\" required><\/div><div id=\"wpforms-1476-field_5-container\" class=\"wpforms-field wpforms-field-phone\" data-field-id=\"5\"><label class=\"wpforms-field-label\" for=\"wpforms-1476-field_5\">Telefon\/WhatsApp <span class=\"wpforms-required-label\" aria-hidden=\"true\">*<\/span><\/label><input type=\"tel\" id=\"wpforms-1476-field_5\" class=\"wpforms-field-medium wpforms-field-required\" data-rule-int-phone-field=\"true\" name=\"wpforms[fields][5]\" aria-errormessage=\"wpforms-1476-field_5-error\" required><\/div><\/div><div class=\"wpforms-layout-column wpforms-layout-column-50\"><div id=\"wpforms-1476-field_3-container\" class=\"wpforms-field wpforms-field-email\" data-field-id=\"3\"><label class=\"wpforms-field-label\" for=\"wpforms-1476-field_3\">E-mail <span class=\"wpforms-required-label\" aria-hidden=\"true\">*<\/span><\/label><input type=\"email\" id=\"wpforms-1476-field_3\" class=\"wpforms-field-medium wpforms-field-required\" name=\"wpforms[fields][3]\" spellcheck=\"false\" aria-errormessage=\"wpforms-1476-field_3-error\" required><\/div><div id=\"wpforms-1476-field_4-container\" class=\"wpforms-field wpforms-field-text\" data-field-id=\"4\"><label class=\"wpforms-field-label\" for=\"wpforms-1476-field_4\">Anchet\u0103<\/label><input type=\"text\" id=\"wpforms-1476-field_4\" class=\"wpforms-field-medium\" name=\"wpforms[fields][4]\" aria-errormessage=\"wpforms-1476-field_4-error\" ><\/div><\/div><\/div><\/div><\/div><!-- .wpforms-field-container --><div class=\"wpforms-recaptcha-container wpforms-is-turnstile\" ><div class=\"g-recaptcha\" data-sitekey=\"0x4AAAAAAAyrnCk3ccFGBLIG\" data-action=\"FormID-1476\"><\/div><input type=\"text\" name=\"g-recaptcha-hidden\" class=\"wpforms-recaptcha-hidden\" style=\"position:absolute!important;clip:rect(0,0,0,0)!important;height:1px!important;width:1px!important;border:0!important;overflow:hidden!important;padding:0!important;margin:0!important;\" data-rule-turnstile=\"1\"><\/div><div class=\"wpforms-submit-container\" ><input type=\"hidden\" name=\"wpforms[id]\" value=\"1476\"><input type=\"hidden\" name=\"wpforms[author]\" value=\"1\"><button type=\"submit\" name=\"wpforms[submit]\" id=\"wpforms-submit-1476\" class=\"wpforms-submit\" data-alt-text=\"Sending...\" data-submit-text=\"Send Inquiry\" aria-live=\"assertive\" value=\"wpforms-submit\">Trimite anchet\u0103<\/button><img decoding=\"async\" src=\"https:\/\/kelingmed.com\/wp-content\/plugins\/wpforms\/assets\/images\/submit-spin.svg\" class=\"wpforms-submit-spinner\" style=\"display: none;\" width=\"26\" height=\"26\" alt=\"\u00cenc\u0103rcare\"><\/div><input type=\"hidden\" name=\"trp-form-language\" value=\"ro\"\/><\/form><\/div>  <!-- .wpforms-container --><\/td>\n<\/tr>\n<\/tbody>\n<\/table>","protected":false},"excerpt":{"rendered":"<div>\n<table border=\"1\" cellspacing=\"0\">\n<tbody>\n<tr>\n<td height=\"20\">Modul<\/td>\n<td height=\"20\">KL-D-FOUR-TWO<\/td>\n<\/tr>\n<tr>\n<td height=\"20\">Lungime<\/td>\n<td height=\"20\">2000\u00b1100mm<\/td>\n<\/tr>\n<tr>\n<td height=\"20\">L\u0103\u021bime<\/td>\n<td height=\"20\">520\u00b120mm<\/td>\n<\/tr>\n<tr>\n<td height=\"20\">Reglarea \u00een\u0103l\u021bimii<\/td>\n<td height=\"20\">\uff08700~1000\uff09 \u00b150mm<\/td>\n<\/tr>\n<tr>\n<td height=\"20\">\u00cenclinare (st\u00e2nga) \/ \u00cenclinare (dreapta)<\/td>\n<td height=\"20\">\u226515\u00b0\/\u226515\u00b0<\/td>\n<\/tr>\n<tr>\n<td height=\"20\">Trendelenburg \/ Rev-Trend<\/td>\n<td height=\"20\">\u226520\u00b0 \/ \u226515\u00b0<\/td>\n<\/tr>\n<tr>\n<td height=\"20\">Panoul capului \u00een sus<\/td>\n<td height=\"20\">\u226545\u00b0<\/td>\n<\/tr>\n<tr>\n<td height=\"20\">Placa capului \u00een jos<\/td>\n<td height=\"20\">\u226590\u00b0<\/td>\n<\/tr>\n<tr>\n<td height=\"20\">Placa din spate \u00een sus<\/td>\n<td height=\"20\">\u226570\u00b0<\/td>\n<\/tr>\n<tr>\n<td height=\"20\">Placa de fund \u00een jos<\/td>\n<td height=\"20\">\u226520\u00b0<\/td>\n<\/tr>\n<tr>\n<td height=\"20\">Ridicarea pl\u0103cii de talie<\/td>\n<td height=\"20\">100\u00b120mm<\/td>\n<\/tr>\n<\/tbody>\n<\/table>\n<table class=\"wp-list-table widefat fixed striped table-view-list forms\">\n<tbody id=\"the-list\" data-wp-lists=\"list:form\">\n<tr>\n<td class=\"shortcode column-shortcode\" data-colname=\"Shortcode\">\n<div class=\"wpforms-container wpforms-container-full wpforms-render-modern\" id=\"wpforms-1476\">\n<form id=\"wpforms-form-1476\" class=\"wpforms-validate wpforms-form wpforms-ajax-form\" data-formid=\"1476\" method=\"post\" enctype=\"multipart\/form-data\" action=\"\/ro\/wp-json\/wp\/v2\/product\/1415\" data-token=\"c6d3003ae40eb61d1c9dcd3e9e08e6bd\" data-trp-original-action=\"\/ro\/wp-json\/wp\/v2\/product\/1415\"><noscript class=\"wpforms-error-noscript\">V\u0103 rug\u0103m s\u0103 activa\u021bi JavaScript \u00een browserul dvs. pentru a completa acest formular.<\/noscript><\/p>\n<div class=\"wpforms-hidden\" id=\"wpforms-error-noscript\">V\u0103 rug\u0103m s\u0103 activa\u021bi JavaScript \u00een browserul dvs. pentru a completa acest formular.<\/div>\n<div class=\"wpforms-field-container\">\n<div id=\"wpforms-1476-field_1-container\" class=\"wpforms-field wpforms-field-layout\" data-field-id=\"1\"><label class=\"wpforms-field-label wpforms-label-hide\" for=\"wpforms-1476-field_1\" aria-hidden=\"false\">Layout<\/label><\/p>\n<div class=\"wpforms-field-layout-columns wpforms-field-layout-preset-50-50\">\n<div class=\"wpforms-layout-column wpforms-layout-column-50\">\n<div id=\"wpforms-1476-field_2-container\" class=\"wpforms-field wpforms-field-name\" data-field-id=\"2\"><label class=\"wpforms-field-label\" for=\"wpforms-1476-field_2\">Nume \u0219i prenume <span class=\"wpforms-required-label\" aria-hidden=\"true\">*<\/span><\/label><input type=\"text\" id=\"wpforms-1476-field_2\" class=\"wpforms-field-medium wpforms-field-required\" name=\"wpforms[fields][2]\" aria-errormessage=\"wpforms-1476-field_2-error\" required><\/div>\n<div id=\"wpforms-1476-field_5-container\" class=\"wpforms-field wpforms-field-phone\" data-field-id=\"5\"><label class=\"wpforms-field-label\" for=\"wpforms-1476-field_5\">Telefon\/WhatsApp <span class=\"wpforms-required-label\" aria-hidden=\"true\">*<\/span><\/label><input type=\"tel\" id=\"wpforms-1476-field_5\" class=\"wpforms-field-medium wpforms-field-required\" data-rule-int-phone-field=\"true\" name=\"wpforms[fields][5]\" aria-errormessage=\"wpforms-1476-field_5-error\" required><\/div>\n<\/div>\n<div class=\"wpforms-layout-column wpforms-layout-column-50\">\n<div id=\"wpforms-1476-field_3-container\" class=\"wpforms-field wpforms-field-email\" data-field-id=\"3\"><label class=\"wpforms-field-label\" for=\"wpforms-1476-field_3\">E-mail <span class=\"wpforms-required-label\" aria-hidden=\"true\">*<\/span><\/label><input type=\"email\" id=\"wpforms-1476-field_3\" class=\"wpforms-field-medium wpforms-field-required\" name=\"wpforms[fields][3]\" spellcheck=\"false\" aria-errormessage=\"wpforms-1476-field_3-error\" required><\/div>\n<div id=\"wpforms-1476-field_4-container\" class=\"wpforms-field wpforms-field-text\" data-field-id=\"4\"><label class=\"wpforms-field-label\" for=\"wpforms-1476-field_4\">Anchet\u0103<\/label><input type=\"text\" id=\"wpforms-1476-field_4\" class=\"wpforms-field-medium\" name=\"wpforms[fields][4]\" aria-errormessage=\"wpforms-1476-field_4-error\" ><\/div>\n<\/div>\n<\/div>\n<\/div>\n<\/div>\n<p><!-- .wpforms-field-container --><\/p>\n<div class=\"wpforms-recaptcha-container wpforms-is-turnstile\" >\n<div class=\"g-recaptcha\" data-sitekey=\"0x4AAAAAAAyrnCk3ccFGBLIG\" data-action=\"FormID-1476\"><\/div>\n<p><input type=\"text\" name=\"g-recaptcha-hidden\" class=\"wpforms-recaptcha-hidden\" style=\"position:absolute!important;clip:rect(0,0,0,0)!important;height:1px!important;width:1px!important;border:0!important;overflow:hidden!important;padding:0!important;margin:0!important;\" data-rule-turnstile=\"1\"><\/div>\n<div class=\"wpforms-submit-container\" ><input type=\"hidden\" name=\"wpforms[id]\" value=\"1476\"><input type=\"hidden\" name=\"wpforms[author]\" value=\"1\"><button type=\"submit\" name=\"wpforms[submit]\" id=\"wpforms-submit-1476\" class=\"wpforms-submit\" data-alt-text=\"Sending...\" data-submit-text=\"Send Inquiry\" aria-live=\"assertive\" value=\"wpforms-submit\">Trimite anchet\u0103<\/button><img decoding=\"async\" src=\"https:\/\/kelingmed.com\/wp-content\/plugins\/wpforms\/assets\/images\/submit-spin.svg\" class=\"wpforms-submit-spinner\" style=\"display: none;\" width=\"26\" height=\"26\" alt=\"\u00cenc\u0103rcare\"><\/div>\n<input type=\"hidden\" name=\"trp-form-language\" value=\"ro\"\/><\/form>\n<\/div>\n<p>  <!-- .wpforms-container --><\/td>\n<\/tr>\n<\/tbody>\n<\/table>\n<\/div>","protected":false},"featured_media":1452,"template":"","meta":{"site-sidebar-layout":"default","site-content-layout":"","ast-site-content-layout":"default","site-content-style":"default","site-sidebar-style":"default","ast-global-header-display":"","ast-banner-title-visibility":"","ast-main-header-display":"","ast-hfb-above-header-display":"","ast-hfb-below-header-display":"","ast-hfb-mobile-header-display":"","site-post-title":"","ast-breadcrumbs-content":"","ast-featured-img":"","footer-sml-layout":"","theme-transparent-header-meta":"","adv-header-id-meta":"","stick-header-meta":"","header-above-stick-meta":"","header-main-stick-meta":"","header-below-stick-meta":"","astra-migrate-meta-layouts":"default","ast-page-background-enabled":"default","ast-page-background-meta":{"desktop":{"background-color":"var(--ast-global-color-5)","background-image":"","background-repeat":"repeat","background-position":"center center","background-size":"auto","background-attachment":"scroll","background-type":"","background-media":"","overlay-type":"","overlay-color":"","overlay-opacity":"","overlay-gradient":""},"tablet":{"background-color":"","background-image":"","background-repeat":"repeat","background-position":"center center","background-size":"auto","background-attachment":"scroll","background-type":"","background-media":"","overlay-type":"","overlay-color":"","overlay-opacity":"","overlay-gradient":""},"mobile":{"background-color":"","background-image":"","background-repeat":"repeat","background-position":"center center","background-size":"auto","background-attachment":"scroll","background-type":"","background-media":"","overlay-type":"","overlay-color":"","overlay-opacity":"","overlay-gradient":""}},"ast-content-background-meta":{"desktop":{"background-color":"var(--ast-global-color-4)","background-image":"","background-repeat":"repeat","background-position":"center center","background-size":"auto","background-attachment":"scroll","background-type":"","background-media":"","overlay-type":"","overlay-color":"","overlay-opacity":"","overlay-gradient":""},"tablet":{"background-color":"var(--ast-global-color-4)","background-image":"","background-repeat":"repeat","background-position":"center center","background-size":"auto","background-attachment":"scroll","background-type":"","background-media":"","overlay-type":"","overlay-color":"","overlay-opacity":"","overlay-gradient":""},"mobile":{"background-color":"var(--ast-global-color-4)","background-image":"","background-repeat":"repeat","background-position":"center center","background-size":"auto","background-attachment":"scroll","background-type":"","background-media":"","overlay-type":"","overlay-color":"","overlay-opacity":"","overlay-gradient":""}}},"product_brand":[],"product_cat":[25],"product_tag":[],"class_list":{"0":"post-1415","1":"product","2":"type-product","3":"status-publish","4":"has-post-thumbnail","6":"product_cat-surgical-table","7":"desktop-align-left","8":"tablet-align-left","9":"mobile-align-left","11":"first","12":"instock","13":"shipping-taxable","14":"product-type-simple"},"_links":{"self":[{"href":"https:\/\/kelingmed.com\/ro\/wp-json\/wp\/v2\/product\/1415","targetHints":{"allow":["GET"]}}],"collection":[{"href":"https:\/\/kelingmed.com\/ro\/wp-json\/wp\/v2\/product"}],"about":[{"href":"https:\/\/kelingmed.com\/ro\/wp-json\/wp\/v2\/types\/product"}],"wp:featuredmedia":[{"embeddable":true,"href":"https:\/\/kelingmed.com\/ro\/wp-json\/wp\/v2\/media\/1452"}],"wp:attachment":[{"href":"https:\/\/kelingmed.com\/ro\/wp-json\/wp\/v2\/media?parent=1415"}],"wp:term":[{"taxonomy":"product_brand","embeddable":true,"href":"https:\/\/kelingmed.com\/ro\/wp-json\/wp\/v2\/product_brand?post=1415"},{"taxonomy":"product_cat","embeddable":true,"href":"https:\/\/kelingmed.com\/ro\/wp-json\/wp\/v2\/product_cat?post=1415"},{"taxonomy":"product_tag","embeddable":true,"href":"https:\/\/kelingmed.com\/ro\/wp-json\/wp\/v2\/product_tag?post=1415"}],"curies":[{"name":"wp","href":"https:\/\/api.w.org\/{rel}","templated":true}]}}