{"id":1305,"date":"2024-12-26T01:31:33","date_gmt":"2024-12-26T01:31:33","guid":{"rendered":"https:\/\/kelingmed.com\/?post_type=product&#038;p=1305"},"modified":"2024-12-26T01:55:31","modified_gmt":"2024-12-26T01:55:31","slug":"hole-type-surgical-shadowless-light-kl05l","status":"publish","type":"product","link":"https:\/\/kelingmed.com\/ro\/product\/hole-type-surgical-shadowless-light-kl05l\/","title":{"rendered":"Lumin\u0103 chirurgical\u0103 f\u0103r\u0103 umbr\u0103 de tip gaur\u0103-KL05L"},"content":{"rendered":"<p><strong>Cerin\u021be de performan\u021b\u0103:<\/strong><\/p>\n<ol>\n<li><strong>Materialul principal al echipamentului:<\/strong> Capul l\u0103mpii este fabricat dintr-o singur\u0103 bucat\u0103 din aliaj de aluminiu turnat sub presiune, care are o disipare excelent\u0103 a c\u0103ldurii, prelungind astfel durata de via\u021b\u0103 a luminilor LED.<\/li>\n<li><strong>Alte materiale:<\/strong> Bra\u021bul mare din aliaj de titan nu este sudat, asigur\u00e2ndu-se c\u0103 fiecare unghi este de 90\u00b0, ceea ce garanteaz\u0103 o pozi\u021bionare precis\u0103 \u0219i nicio deviere a luminii f\u0103r\u0103 umbr\u0103.<\/li>\n<li><strong>Importat Bra\u021b cu arc:<\/strong> Bra\u021bul cu arc permite o reglare vertical\u0103 flexibil\u0103.<\/li>\n<li><strong>Surs\u0103 de lumin\u0103:<\/strong> Sursa de lumin\u0103 rece LED importat\u0103 nu are radia\u021bii infraro\u0219ii, iar acoperirea sa nano asigur\u0103 disiparea optim\u0103 a c\u0103ldurii. Acest lucru previne \u00een mod eficient pierderea de umiditate \u0219i infec\u021bia la nivelul pl\u0103gii chirurgicale, promov\u00e2nd recuperarea post-chirurgical\u0103 rapid\u0103.<\/li>\n<li><strong>Reglarea luminozit\u0103\u021bii:<\/strong> Utilizeaz\u0103 control digital continuu pentru luminozitatea LED-urilor, permi\u021b\u00e2nd operatorilor s\u0103 regleze luminozitatea \u00een func\u021bie de preferin\u021bele lor.<\/li>\n<li><strong>Ajustarea dimensiunii spotului:<\/strong> Dispune de func\u021bia de focalizare a diametrului spotului.<\/li>\n<li><strong>Surs\u0103 de alimentare cu comutare:<\/strong> Utilizeaz\u0103 o surs\u0103 de alimentare de comutare importat\u0103 pentru a controla tensiunea, asigur\u00e2nd c\u0103 tensiunea de lucru r\u0103m\u00e2ne stabil\u0103 \u00een orice moment.<\/li>\n<li><strong>Capac deta\u0219abil pentru m\u00e2ner:<\/strong> U\u0219or de cur\u0103\u021bat \u0219i dezinfectat.<\/li>\n<li><strong>Durata de via\u021b\u0103 a sursei de lumin\u0103:<\/strong> Durata medie de via\u021b\u0103 de 50.000 de ore.<\/li>\n<li><strong>Efectul f\u0103r\u0103 umbr\u0103 (un \u0219uvoi):<\/strong> Atunci c\u00e2nd fasciculul este blocat de un deflector, iluminarea \u00een centrul spotului nu trebuie s\u0103 fie mai mic\u0103 de 35% din iluminarea central\u0103.<\/li>\n<li><strong>Efectul f\u0103r\u0103 umbr\u0103 (dou\u0103 deflectoare):<\/strong> Atunci c\u00e2nd fasciculul este blocat de dou\u0103 deflectoare, iluminarea \u00een centrul spotului nu trebuie s\u0103 fie mai mic\u0103 de 38% din iluminarea central\u0103.<\/li>\n<li><strong>Efect f\u0103r\u0103 umbr\u0103 (Deep Cavity Tube):<\/strong> Luminozitate r\u0103mas\u0103 \u2265 70%.<\/li>\n<li><strong>Efect f\u0103r\u0103 umbr\u0103 (un baffle \u0219i tub cu cavitate ad\u00e2nc\u0103):<\/strong> Luminozitate r\u0103mas\u0103 \u2265 32%.<\/li>\n<li><strong>Efect f\u0103r\u0103 umbr\u0103 (dou\u0103 deflectoare \u0219i tub cu cavitate ad\u00e2nc\u0103):<\/strong> Luminozitate r\u0103mas\u0103 \u2265 34%.<\/li>\n<\/ol>\n<div class=\"wpforms-container wpforms-container-full wpforms-render-modern\" id=\"wpforms-1399\"><form id=\"wpforms-form-1399\" class=\"wpforms-validate wpforms-form wpforms-ajax-form\" data-formid=\"1399\" method=\"post\" enctype=\"multipart\/form-data\" action=\"\/ro\/wp-json\/wp\/v2\/product\/1305\" data-token=\"dc59fd6b52978f5f57666518079e96dc\" data-trp-original-action=\"\/ro\/wp-json\/wp\/v2\/product\/1305\"><noscript class=\"wpforms-error-noscript\">V\u0103 rug\u0103m s\u0103 activa\u021bi JavaScript \u00een browserul dvs. pentru a completa acest formular.<\/noscript><div class=\"wpforms-hidden\" id=\"wpforms-error-noscript\">V\u0103 rug\u0103m s\u0103 activa\u021bi JavaScript \u00een browserul dvs. pentru a completa acest formular.<\/div><div class=\"wpforms-field-container\"><div id=\"wpforms-1399-field_1-container\" class=\"wpforms-field wpforms-field-layout\" data-field-id=\"1\"><label class=\"wpforms-field-label wpforms-label-hide\" for=\"wpforms-1399-field_1\" aria-hidden=\"false\">Layout<\/label><div class=\"wpforms-field-layout-columns wpforms-field-layout-preset-50-50\"><div class=\"wpforms-layout-column wpforms-layout-column-50\"><div id=\"wpforms-1399-field_2-container\" class=\"wpforms-field wpforms-field-name\" data-field-id=\"2\"><label class=\"wpforms-field-label\" for=\"wpforms-1399-field_2\">Nume \u0219i prenume <span class=\"wpforms-required-label\" aria-hidden=\"true\">*<\/span><\/label><input type=\"text\" id=\"wpforms-1399-field_2\" class=\"wpforms-field-medium wpforms-field-required\" name=\"wpforms[fields][2]\" aria-errormessage=\"wpforms-1399-field_2-error\" required><\/div><div id=\"wpforms-1399-field_5-container\" class=\"wpforms-field wpforms-field-phone\" data-field-id=\"5\"><label class=\"wpforms-field-label\" for=\"wpforms-1399-field_5\">Telefon\/WhatsApp <span class=\"wpforms-required-label\" aria-hidden=\"true\">*<\/span><\/label><input type=\"tel\" id=\"wpforms-1399-field_5\" class=\"wpforms-field-medium wpforms-field-required\" data-rule-int-phone-field=\"true\" name=\"wpforms[fields][5]\" aria-errormessage=\"wpforms-1399-field_5-error\" required><\/div><\/div><div class=\"wpforms-layout-column wpforms-layout-column-50\"><div id=\"wpforms-1399-field_3-container\" class=\"wpforms-field wpforms-field-email\" data-field-id=\"3\"><label class=\"wpforms-field-label\" for=\"wpforms-1399-field_3\">E-mail <span class=\"wpforms-required-label\" aria-hidden=\"true\">*<\/span><\/label><input type=\"email\" id=\"wpforms-1399-field_3\" class=\"wpforms-field-medium wpforms-field-required\" name=\"wpforms[fields][3]\" spellcheck=\"false\" aria-errormessage=\"wpforms-1399-field_3-error\" required><\/div><div id=\"wpforms-1399-field_4-container\" class=\"wpforms-field wpforms-field-text\" data-field-id=\"4\"><label class=\"wpforms-field-label\" for=\"wpforms-1399-field_4\">Anchet\u0103<\/label><input type=\"text\" id=\"wpforms-1399-field_4\" class=\"wpforms-field-medium\" name=\"wpforms[fields][4]\" aria-errormessage=\"wpforms-1399-field_4-error\" ><\/div><\/div><\/div><\/div><\/div><!-- .wpforms-field-container --><div class=\"wpforms-recaptcha-container wpforms-is-turnstile\" ><div class=\"g-recaptcha\" data-sitekey=\"0x4AAAAAAAyrnCk3ccFGBLIG\" data-action=\"FormID-1399\"><\/div><input type=\"text\" name=\"g-recaptcha-hidden\" class=\"wpforms-recaptcha-hidden\" style=\"position:absolute!important;clip:rect(0,0,0,0)!important;height:1px!important;width:1px!important;border:0!important;overflow:hidden!important;padding:0!important;margin:0!important;\" data-rule-turnstile=\"1\"><\/div><div class=\"wpforms-submit-container\" ><input type=\"hidden\" name=\"wpforms[id]\" value=\"1399\"><input type=\"hidden\" name=\"wpforms[author]\" value=\"1\"><button type=\"submit\" name=\"wpforms[submit]\" id=\"wpforms-submit-1399\" class=\"wpforms-submit\" data-alt-text=\"Sending...\" data-submit-text=\"Send Inquiry\" aria-live=\"assertive\" value=\"wpforms-submit\">Trimite anchet\u0103<\/button><img decoding=\"async\" src=\"https:\/\/kelingmed.com\/wp-content\/plugins\/wpforms\/assets\/images\/submit-spin.svg\" class=\"wpforms-submit-spinner\" style=\"display: none;\" width=\"26\" height=\"26\" alt=\"\u00cenc\u0103rcare\"><\/div><input type=\"hidden\" name=\"trp-form-language\" value=\"ro\"\/><\/form><\/div>  <!-- .wpforms-container -->","protected":false},"excerpt":{"rendered":"<div>\n<table border=\"1\" cellspacing=\"0\">\n<tbody>\n<tr>\n<td height=\"20\">Modul<\/td>\n<td height=\"20\">KL05L\uff08AC\/DC\uff09<\/td>\n<\/tr>\n<tr>\n<td height=\"20\">Iluminare la 1m\uff08lux\uff09<\/td>\n<td height=\"20\">80000<\/td>\n<\/tr>\n<tr>\n<td height=\"20\">Temperatura culorii (K)<\/td>\n<td height=\"20\">4000\u00b1500<\/td>\n<\/tr>\n<tr>\n<td height=\"20\">Indicele de redare a culorilor\uff08Ra\uff09<\/td>\n<td height=\"20\">100\u2265Ra\u226585<\/td>\n<\/tr>\n<tr>\n<td height=\"20\">Ad\u00e2ncimea fasciculului de lumin\u0103\uff08cm\uff09<\/td>\n<td height=\"20\">\u2265500<\/td>\n<\/tr>\n<tr>\n<td height=\"20\">Valoarea iradian\u021bei totale<\/td>\n<td height=\"20\">&lt;6mW\/m2lx<\/td>\n<\/tr>\n<tr>\n<td height=\"20\">Iradian\u021ba total\u0103 \uff08Cre\u0219terea temperaturii pe<\/td>\n<td height=\"20\">\u2264600W\/m2<\/td>\n<\/tr>\n<tr>\n<td height=\"20\">cap de pacient supus unei interven\u021bii chirurgicale\u22642C\uff09<\/td>\n<td height=\"20\"><\/td>\n<\/tr>\n<tr>\n<td height=\"20\">Surs\u0103 de alimentare<\/td>\n<td height=\"20\">220\u00b110% 50Hz<\/td>\n<\/tr>\n<tr>\n<td height=\"20\">Tensiunea nominal\u0103 a becului<\/td>\n<td height=\"20\">24V<\/td>\n<\/tr>\n<tr>\n<td height=\"20\">Puterea nominal\u0103 a becului<\/td>\n<td height=\"20\">125W<\/td>\n<\/tr>\n<tr>\n<td height=\"20\">Putere de intrare\uff08VA\uff09<\/td>\n<td height=\"20\">150<\/td>\n<\/tr>\n<\/tbody>\n<\/table>\n<div class=\"wpforms-container wpforms-container-full wpforms-render-modern\" id=\"wpforms-1399\">\n<form id=\"wpforms-form-1399\" class=\"wpforms-validate wpforms-form wpforms-ajax-form\" data-formid=\"1399\" method=\"post\" enctype=\"multipart\/form-data\" action=\"\/ro\/wp-json\/wp\/v2\/product\/1305\" data-token=\"dc59fd6b52978f5f57666518079e96dc\" data-trp-original-action=\"\/ro\/wp-json\/wp\/v2\/product\/1305\"><noscript class=\"wpforms-error-noscript\">V\u0103 rug\u0103m s\u0103 activa\u021bi JavaScript \u00een browserul dvs. pentru a completa acest formular.<\/noscript><\/p>\n<div class=\"wpforms-hidden\" id=\"wpforms-error-noscript\">V\u0103 rug\u0103m s\u0103 activa\u021bi JavaScript \u00een browserul dvs. pentru a completa acest formular.<\/div>\n<div class=\"wpforms-field-container\">\n<div id=\"wpforms-1399-field_1-container\" class=\"wpforms-field wpforms-field-layout\" data-field-id=\"1\"><label class=\"wpforms-field-label wpforms-label-hide\" for=\"wpforms-1399-field_1\" aria-hidden=\"false\">Layout<\/label><\/p>\n<div class=\"wpforms-field-layout-columns wpforms-field-layout-preset-50-50\">\n<div class=\"wpforms-layout-column wpforms-layout-column-50\">\n<div id=\"wpforms-1399-field_2-container\" class=\"wpforms-field wpforms-field-name\" data-field-id=\"2\"><label class=\"wpforms-field-label\" for=\"wpforms-1399-field_2\">Nume \u0219i prenume <span class=\"wpforms-required-label\" aria-hidden=\"true\">*<\/span><\/label><input type=\"text\" id=\"wpforms-1399-field_2\" class=\"wpforms-field-medium wpforms-field-required\" name=\"wpforms[fields][2]\" aria-errormessage=\"wpforms-1399-field_2-error\" required><\/div>\n<div id=\"wpforms-1399-field_5-container\" class=\"wpforms-field wpforms-field-phone\" data-field-id=\"5\"><label class=\"wpforms-field-label\" for=\"wpforms-1399-field_5\">Telefon\/WhatsApp <span class=\"wpforms-required-label\" aria-hidden=\"true\">*<\/span><\/label><input type=\"tel\" id=\"wpforms-1399-field_5\" class=\"wpforms-field-medium wpforms-field-required\" data-rule-int-phone-field=\"true\" name=\"wpforms[fields][5]\" aria-errormessage=\"wpforms-1399-field_5-error\" required><\/div>\n<\/div>\n<div class=\"wpforms-layout-column wpforms-layout-column-50\">\n<div id=\"wpforms-1399-field_3-container\" class=\"wpforms-field wpforms-field-email\" data-field-id=\"3\"><label class=\"wpforms-field-label\" for=\"wpforms-1399-field_3\">E-mail <span class=\"wpforms-required-label\" aria-hidden=\"true\">*<\/span><\/label><input type=\"email\" id=\"wpforms-1399-field_3\" class=\"wpforms-field-medium wpforms-field-required\" name=\"wpforms[fields][3]\" spellcheck=\"false\" aria-errormessage=\"wpforms-1399-field_3-error\" required><\/div>\n<div id=\"wpforms-1399-field_4-container\" class=\"wpforms-field wpforms-field-text\" data-field-id=\"4\"><label class=\"wpforms-field-label\" for=\"wpforms-1399-field_4\">Anchet\u0103<\/label><input type=\"text\" id=\"wpforms-1399-field_4\" class=\"wpforms-field-medium\" name=\"wpforms[fields][4]\" aria-errormessage=\"wpforms-1399-field_4-error\" ><\/div>\n<\/div>\n<\/div>\n<\/div>\n<\/div>\n<p><!-- .wpforms-field-container --><\/p>\n<div class=\"wpforms-recaptcha-container wpforms-is-turnstile\" >\n<div class=\"g-recaptcha\" data-sitekey=\"0x4AAAAAAAyrnCk3ccFGBLIG\" data-action=\"FormID-1399\"><\/div>\n<p><input type=\"text\" name=\"g-recaptcha-hidden\" class=\"wpforms-recaptcha-hidden\" style=\"position:absolute!important;clip:rect(0,0,0,0)!important;height:1px!important;width:1px!important;border:0!important;overflow:hidden!important;padding:0!important;margin:0!important;\" data-rule-turnstile=\"1\"><\/div>\n<div class=\"wpforms-submit-container\" ><input type=\"hidden\" name=\"wpforms[id]\" value=\"1399\"><input type=\"hidden\" name=\"wpforms[author]\" value=\"1\"><button type=\"submit\" name=\"wpforms[submit]\" id=\"wpforms-submit-1399\" class=\"wpforms-submit\" data-alt-text=\"Sending...\" data-submit-text=\"Send Inquiry\" aria-live=\"assertive\" value=\"wpforms-submit\">Trimite anchet\u0103<\/button><img decoding=\"async\" src=\"https:\/\/kelingmed.com\/wp-content\/plugins\/wpforms\/assets\/images\/submit-spin.svg\" class=\"wpforms-submit-spinner\" style=\"display: none;\" width=\"26\" height=\"26\" alt=\"\u00cenc\u0103rcare\"><\/div>\n<input type=\"hidden\" name=\"trp-form-language\" value=\"ro\"\/><\/form>\n<\/div>\n<p>  <!-- .wpforms-container --><\/p>\n<\/div>","protected":false},"featured_media":1367,"template":"","meta":{"site-sidebar-layout":"default","site-content-layout":"","ast-site-content-layout":"default","site-content-style":"default","site-sidebar-style":"default","ast-global-header-display":"","ast-banner-title-visibility":"","ast-main-header-display":"","ast-hfb-above-header-display":"","ast-hfb-below-header-display":"","ast-hfb-mobile-header-display":"","site-post-title":"","ast-breadcrumbs-content":"","ast-featured-img":"","footer-sml-layout":"","theme-transparent-header-meta":"","adv-header-id-meta":"","stick-header-meta":"","header-above-stick-meta":"","header-main-stick-meta":"","header-below-stick-meta":"","astra-migrate-meta-layouts":"default","ast-page-background-enabled":"default","ast-page-background-meta":{"desktop":{"background-color":"var(--ast-global-color-5)","background-image":"","background-repeat":"repeat","background-position":"center center","background-size":"auto","background-attachment":"scroll","background-type":"","background-media":"","overlay-type":"","overlay-color":"","overlay-opacity":"","overlay-gradient":""},"tablet":{"background-color":"","background-image":"","background-repeat":"repeat","background-position":"center center","background-size":"auto","background-attachment":"scroll","background-type":"","background-media":"","overlay-type":"","overlay-color":"","overlay-opacity":"","overlay-gradient":""},"mobile":{"background-color":"","background-image":"","background-repeat":"repeat","background-position":"center center","background-size":"auto","background-attachment":"scroll","background-type":"","background-media":"","overlay-type":"","overlay-color":"","overlay-opacity":"","overlay-gradient":""}},"ast-content-background-meta":{"desktop":{"background-color":"var(--ast-global-color-4)","background-image":"","background-repeat":"repeat","background-position":"center center","background-size":"auto","background-attachment":"scroll","background-type":"","background-media":"","overlay-type":"","overlay-color":"","overlay-opacity":"","overlay-gradient":""},"tablet":{"background-color":"var(--ast-global-color-4)","background-image":"","background-repeat":"repeat","background-position":"center center","background-size":"auto","background-attachment":"scroll","background-type":"","background-media":"","overlay-type":"","overlay-color":"","overlay-opacity":"","overlay-gradient":""},"mobile":{"background-color":"var(--ast-global-color-4)","background-image":"","background-repeat":"repeat","background-position":"center center","background-size":"auto","background-attachment":"scroll","background-type":"","background-media":"","overlay-type":"","overlay-color":"","overlay-opacity":"","overlay-gradient":""}}},"product_brand":[],"product_cat":[24],"product_tag":[],"class_list":{"0":"post-1305","1":"product","2":"type-product","3":"status-publish","4":"has-post-thumbnail","6":"product_cat-surgical-light","7":"desktop-align-left","8":"tablet-align-left","9":"mobile-align-left","11":"first","12":"instock","13":"shipping-taxable","14":"product-type-simple"},"_links":{"self":[{"href":"https:\/\/kelingmed.com\/ro\/wp-json\/wp\/v2\/product\/1305","targetHints":{"allow":["GET"]}}],"collection":[{"href":"https:\/\/kelingmed.com\/ro\/wp-json\/wp\/v2\/product"}],"about":[{"href":"https:\/\/kelingmed.com\/ro\/wp-json\/wp\/v2\/types\/product"}],"wp:featuredmedia":[{"embeddable":true,"href":"https:\/\/kelingmed.com\/ro\/wp-json\/wp\/v2\/media\/1367"}],"wp:attachment":[{"href":"https:\/\/kelingmed.com\/ro\/wp-json\/wp\/v2\/media?parent=1305"}],"wp:term":[{"taxonomy":"product_brand","embeddable":true,"href":"https:\/\/kelingmed.com\/ro\/wp-json\/wp\/v2\/product_brand?post=1305"},{"taxonomy":"product_cat","embeddable":true,"href":"https:\/\/kelingmed.com\/ro\/wp-json\/wp\/v2\/product_cat?post=1305"},{"taxonomy":"product_tag","embeddable":true,"href":"https:\/\/kelingmed.com\/ro\/wp-json\/wp\/v2\/product_tag?post=1305"}],"curies":[{"name":"wp","href":"https:\/\/api.w.org\/{rel}","templated":true}]}}