{"id":1291,"date":"2024-12-26T01:31:32","date_gmt":"2024-12-26T01:31:32","guid":{"rendered":"https:\/\/kelingmed.com\/?post_type=product&#038;p=1291"},"modified":"2024-12-26T01:48:45","modified_gmt":"2024-12-26T01:48:45","slug":"lumina-chirurgicala-cu-led-kl-led-d78-2","status":"publish","type":"product","link":"https:\/\/kelingmed.com\/ro\/product\/lumina-chirurgicala-cu-led-kl-led-d78-2\/","title":{"rendered":"Lumin\u0103 chirurgical\u0103 LED-KL-LED-D78"},"content":{"rendered":"<ol>\n<li><b><\/b><strong><b>Domeniul de aplicare<\/b><\/strong><\/li>\n<\/ol>\n<p>potrivite pentru iluminarea opera\u021biilor chirurgicale.<\/p>\n<ol start=\"2\">\n<li><b><\/b><strong><b>Caracteristici structurale<\/b><\/strong><\/li>\n<\/ol>\n<p>LED lamp\u0103 de func\u021bionare f\u0103r\u0103 umbr\u0103 LED surs\u0103 de lumin\u0103, reduce efectiv c\u0103ldura.<\/p>\n<p>LED bec f\u0103r\u0103 umbr\u0103 cu o durat\u0103 lung\u0103 de via\u021b\u0103, avantajele \u00eemb\u0103tr\u00e2nirii nu este u\u0219or<\/p>\n<p>Bra\u021b de lamp\u0103 cu structur\u0103 cardanic\u0103, cu o gam\u0103 multipl\u0103 de mi\u0219c\u0103ri<\/p>\n<p>Structur<strong><b>\u00a0<\/b><\/strong>a se vedea figura 1<\/p>\n<p>Principiul de lucru\uff1aSursa de lumin\u0103 la un singur punct cu fasciculul de lumin\u0103 LED convergent prin intersec\u021bia lentilelor realizate.<br \/>\nSistemul de echilibru rotativ al l\u0103mpii f\u0103r\u0103 umbr\u0103 de func\u021bionare este proiectat pentru a satisface nevoile unei variet\u0103\u021bi de iluminat chirurgical, chirurgical este cel mai bun unghi de rota\u021bie al ac\u021bion\u0103rii rulmentului lucr\u0103rilor, astfel \u00eenc\u00e2t lampa chirurgical\u0103 situat\u0103 \u00een direc\u021bia necesit\u0103\u021bii de func\u021bionare, cresc\u00e2nd \u00een acela\u0219i timp amortizarea reglabil\u0103, astfel \u00eenc\u00e2t luminile chirurgicale s\u0103 mute m\u00e2nerul este u\u0219or, stabil \u0219i fiabil de pozi\u021bionare.<\/p>\n<p>Sistemul de echilibrare func\u021bioneaz\u0103 prin precompresie, arcul de compresie, astfel \u00eenc\u00e2t lampa s\u0103 echilibreze for\u021ba necesar\u0103 prin legarea c\u00e2ntecului. Func\u021bionarea l\u0103mpii \u00een sus \u0219i \u00een jos este confortabil\u0103, u\u0219oar\u0103. Controlul electric de comutare a sursei de alimentare, tensiunea de ie\u0219ire stabil\u0103, capabil\u0103 s\u0103 se adapteze la cerin\u021bele de fluctua\u021bie a puterii de re\u021bea gama de locuri. Diode emi\u021b\u0103toare de lumin\u0103 \u00een paralel \u0219i apoi \u00een serie, \u0219i este \u00eemp\u0103r\u021bit \u00een mai multe control separat o singur\u0103 diod\u0103 emi\u021b\u0103toare de lumin\u0103, \u00een cazul unei singure serii de daune, iluminarea sa de \u2265 40.000 lx.<\/p>\n<p><strong>3.Parametrii tehnici<\/strong><\/p>\n<p>Clasa de siguran\u021b\u0103: Tipul B din clasa I<\/p>\n<p>Modul de func\u021bionare\uff1afunc\u021bionare continu\u0103<\/p>\n<p>Categoria echipamentului\uff1aNon-AP \/ APG echipament<\/p>\n<p>Protec\u021bie la intrare: F\u0103r\u0103 lichid de pretrac\u021bie<\/p>\n<p>Dispozitivul nu are partea de protec\u021bie a efectului de desc\u0103rcare de defibrilare<\/p>\n<p>Dispozitivul nu are intrare \u0219i ie\u0219ire de semnal<\/p>\n<p>Dispozitivul este o instala\u021bie permanent\u0103 de echipamente<\/p>\n<p><strong>Condi\u021bii normale de lucru:<\/strong>\u00a0Temperatur\u0103 ambiental\u0103: 5 \u2103 ~ 40 \u2103<\/p>\n<p>Umiditate relativ\u0103: \u226480%<\/p>\n<p>Presiunea atmosferic\u0103: 860hpa ~ 1060hpa<\/p>\n<p>Tensiune de alimentare: 220V 50\/60Hz<\/p>\n<p>Putere de intrare: 150VA<\/p>\n<p>Illumination\uff1a160\uff0c000lx\u2265Ec\u226580\uff0c000lx<\/p>\n<p>Temperatura culorii: 6700\u2265Tc\u22653000<\/p>\n<p>Iluminare total\u0103\uff1a \u22641000w\/m<sup>2<\/sup><\/p>\n<p>Iluminare total\u0103\/ Iluminare\uff1a\u22646mW\/m<sup>2<\/sup>lx<\/p>\n<p>Diametrul spotului de lumin\u0103: 180 mm \u00b1 40 mm<\/p>\n<p>d50\uff1a110mm\u00b135mm<\/p>\n<p>50% din diametrul regiunii de lumin\u0103 de iluminare central\u0103 d50 nu trebuie s\u0103 fie mai mic de 50% din diametrul spotului d10<\/p>\n<p>Ad\u00e2ncimea fasciculului de lumin\u0103\uff1a\u2265700mm<\/p>\n<p>Indicele de redare a culorilor: 100\u2265Ra\u226585<\/p>\n<p>efectul de shadowess\uff1a<\/p>\n<p>O iluminare r\u0103mas\u0103 a deflectorului de cel pu\u021bin 35%, iluminarea r\u0103mas\u0103 a celor dou\u0103 deflectori de cel pu\u021bin 38%, iluminarea r\u0103mas\u0103 a tubului cavit\u0103\u021bii ad\u00e2nci de cel pu\u021bin 70% a unui deflector \u0219i iluminarea r\u0103mas\u0103 a tubului cavit\u0103\u021bii ad\u00e2nci de cel pu\u021bin 32%, dou\u0103 deflectori \u0219i iluminarea r\u0103mas\u0103 a tubului cavit\u0103\u021bii ad\u00e2nci de cel pu\u021bin 34%.<\/p>\n<p>\u00centrerup\u0103tor de putere siguran\u021be\uff1aFS5A 250VAC<\/p>\n<p>Puterea LED: DC24V (0.5W\/3V\u00d78)<\/p>\n<p>&nbsp;<\/p>\n<table class=\"wp-list-table widefat fixed striped table-view-list forms\">\n<tbody id=\"the-list\" data-wp-lists=\"list:form\">\n<tr>\n<td class=\"shortcode column-shortcode\" data-colname=\"Shortcode\"><div class=\"wpforms-container wpforms-container-full wpforms-render-modern\" id=\"wpforms-1399\"><form id=\"wpforms-form-1399\" class=\"wpforms-validate wpforms-form wpforms-ajax-form\" data-formid=\"1399\" method=\"post\" enctype=\"multipart\/form-data\" action=\"\/ro\/wp-json\/wp\/v2\/product\/1291\" data-token=\"f21f4995c759ac9a1110a4207e7a530a\" data-trp-original-action=\"\/ro\/wp-json\/wp\/v2\/product\/1291\"><noscript class=\"wpforms-error-noscript\">V\u0103 rug\u0103m s\u0103 activa\u021bi JavaScript \u00een browserul dvs. pentru a completa acest formular.<\/noscript><div class=\"wpforms-hidden\" id=\"wpforms-error-noscript\">V\u0103 rug\u0103m s\u0103 activa\u021bi JavaScript \u00een browserul dvs. pentru a completa acest formular.<\/div><div class=\"wpforms-field-container\"><div id=\"wpforms-1399-field_1-container\" class=\"wpforms-field wpforms-field-layout\" data-field-id=\"1\"><label class=\"wpforms-field-label wpforms-label-hide\" for=\"wpforms-1399-field_1\" aria-hidden=\"false\">Layout<\/label><div class=\"wpforms-field-layout-columns wpforms-field-layout-preset-50-50\"><div class=\"wpforms-layout-column wpforms-layout-column-50\"><div id=\"wpforms-1399-field_2-container\" class=\"wpforms-field wpforms-field-name\" data-field-id=\"2\"><label class=\"wpforms-field-label\" for=\"wpforms-1399-field_2\">Nume \u0219i prenume <span class=\"wpforms-required-label\" aria-hidden=\"true\">*<\/span><\/label><input type=\"text\" id=\"wpforms-1399-field_2\" class=\"wpforms-field-medium wpforms-field-required\" name=\"wpforms[fields][2]\" aria-errormessage=\"wpforms-1399-field_2-error\" required><\/div><div id=\"wpforms-1399-field_5-container\" class=\"wpforms-field wpforms-field-phone\" data-field-id=\"5\"><label class=\"wpforms-field-label\" for=\"wpforms-1399-field_5\">Telefon\/WhatsApp <span class=\"wpforms-required-label\" aria-hidden=\"true\">*<\/span><\/label><input type=\"tel\" id=\"wpforms-1399-field_5\" class=\"wpforms-field-medium wpforms-field-required\" data-rule-int-phone-field=\"true\" name=\"wpforms[fields][5]\" aria-errormessage=\"wpforms-1399-field_5-error\" required><\/div><\/div><div class=\"wpforms-layout-column wpforms-layout-column-50\"><div id=\"wpforms-1399-field_3-container\" class=\"wpforms-field wpforms-field-email\" data-field-id=\"3\"><label class=\"wpforms-field-label\" for=\"wpforms-1399-field_3\">E-mail <span class=\"wpforms-required-label\" aria-hidden=\"true\">*<\/span><\/label><input type=\"email\" id=\"wpforms-1399-field_3\" class=\"wpforms-field-medium wpforms-field-required\" name=\"wpforms[fields][3]\" spellcheck=\"false\" aria-errormessage=\"wpforms-1399-field_3-error\" required><\/div><div id=\"wpforms-1399-field_4-container\" class=\"wpforms-field wpforms-field-text\" data-field-id=\"4\"><label class=\"wpforms-field-label\" for=\"wpforms-1399-field_4\">Anchet\u0103<\/label><input type=\"text\" id=\"wpforms-1399-field_4\" class=\"wpforms-field-medium\" name=\"wpforms[fields][4]\" aria-errormessage=\"wpforms-1399-field_4-error\" ><\/div><\/div><\/div><\/div><\/div><!-- .wpforms-field-container --><div class=\"wpforms-recaptcha-container wpforms-is-turnstile\" ><div class=\"g-recaptcha\" data-sitekey=\"0x4AAAAAAAyrnCk3ccFGBLIG\" data-action=\"FormID-1399\"><\/div><input type=\"text\" name=\"g-recaptcha-hidden\" class=\"wpforms-recaptcha-hidden\" style=\"position:absolute!important;clip:rect(0,0,0,0)!important;height:1px!important;width:1px!important;border:0!important;overflow:hidden!important;padding:0!important;margin:0!important;\" data-rule-turnstile=\"1\"><\/div><div class=\"wpforms-submit-container\" ><input type=\"hidden\" name=\"wpforms[id]\" value=\"1399\"><input type=\"hidden\" name=\"wpforms[author]\" value=\"1\"><button type=\"submit\" name=\"wpforms[submit]\" id=\"wpforms-submit-1399\" class=\"wpforms-submit\" data-alt-text=\"Sending...\" data-submit-text=\"Send Inquiry\" aria-live=\"assertive\" value=\"wpforms-submit\">Trimite anchet\u0103<\/button><img decoding=\"async\" src=\"https:\/\/kelingmed.com\/wp-content\/plugins\/wpforms\/assets\/images\/submit-spin.svg\" class=\"wpforms-submit-spinner\" style=\"display: none;\" width=\"26\" height=\"26\" alt=\"\u00cenc\u0103rcare\"><\/div><input type=\"hidden\" name=\"trp-form-language\" value=\"ro\"\/><\/form><\/div>  <!-- .wpforms-container --><\/td>\n<\/tr>\n<\/tbody>\n<\/table>","protected":false},"excerpt":{"rendered":"<div>\n<table border=\"1\" cellspacing=\"0\">\n<tbody>\n<tr>\n<td height=\"20\">Modul<\/td>\n<td height=\"20\">KL-LED.D78\/D78<\/td>\n<\/tr>\n<tr>\n<td height=\"20\">Iluminare la lm\uff08lux\uff09<\/td>\n<td height=\"20\">40000 \/160000<\/td>\n<\/tr>\n<tr>\n<td height=\"20\">Indicele de redare a culorilor\uff08Ra\uff09<\/td>\n<td height=\"20\">100\u2265Ra\u226585<\/td>\n<\/tr>\n<tr>\n<td height=\"20\">Indicele de redare a culorii ro\u0219ii R9<\/td>\n<td height=\"20\">\u226597<\/td>\n<\/tr>\n<tr>\n<td height=\"20\">Temperatur\u0103 de culoare op\u021bional\u0103\uff08K\uff09<\/td>\n<td height=\"20\">6700\u2265Tc\u22653000K<\/td>\n<\/tr>\n<tr>\n<td height=\"20\">Num\u0103r de LED-uri<\/td>\n<td height=\"20\">84 \/ 84<\/td>\n<\/tr>\n<tr>\n<td height=\"20\">Durata medie de via\u021b\u0103 a becului \uff08ore\uff09<\/td>\n<td height=\"20\">50,000<\/td>\n<\/tr>\n<tr>\n<td height=\"20\">Raportul c\u0103ldur\u0103\/lumin\u0103\uff08mW\/m 21x\uff09<\/td>\n<td height=\"20\">&lt;6<\/td>\n<\/tr>\n<tr>\n<td height=\"20\">Surs\u0103 de alimentare<\/td>\n<td height=\"20\">110-240 V<\/td>\n<\/tr>\n<tr>\n<td height=\"20\">Putere de intrare\uff08VA\uff09<\/td>\n<td height=\"20\">150W\/150W<\/td>\n<\/tr>\n<tr>\n<td height=\"20\">\u00cen\u0103l\u021bimea tavanului pentru instalare\uff08cm\uff09<\/td>\n<td height=\"20\">270-320<\/td>\n<\/tr>\n<tr>\n<td height=\"20\">Indicele de redare a culorii verzi Rll<\/td>\n<td height=\"20\">\u226597<\/td>\n<\/tr>\n<\/tbody>\n<\/table>\n<table class=\"wp-list-table widefat fixed striped table-view-list forms\">\n<tbody id=\"the-list\" data-wp-lists=\"list:form\">\n<tr>\n<td class=\"shortcode column-shortcode\" data-colname=\"Shortcode\">\n<div class=\"wpforms-container wpforms-container-full wpforms-render-modern\" id=\"wpforms-1399\">\n<form id=\"wpforms-form-1399\" class=\"wpforms-validate wpforms-form wpforms-ajax-form\" data-formid=\"1399\" method=\"post\" enctype=\"multipart\/form-data\" action=\"\/ro\/wp-json\/wp\/v2\/product\/1291\" data-token=\"f21f4995c759ac9a1110a4207e7a530a\" data-trp-original-action=\"\/ro\/wp-json\/wp\/v2\/product\/1291\"><noscript class=\"wpforms-error-noscript\">V\u0103 rug\u0103m s\u0103 activa\u021bi JavaScript \u00een browserul dvs. pentru a completa acest formular.<\/noscript><\/p>\n<div class=\"wpforms-hidden\" id=\"wpforms-error-noscript\">V\u0103 rug\u0103m s\u0103 activa\u021bi JavaScript \u00een browserul dvs. pentru a completa acest formular.<\/div>\n<div class=\"wpforms-field-container\">\n<div id=\"wpforms-1399-field_1-container\" class=\"wpforms-field wpforms-field-layout\" data-field-id=\"1\"><label class=\"wpforms-field-label wpforms-label-hide\" for=\"wpforms-1399-field_1\" aria-hidden=\"false\">Layout<\/label><\/p>\n<div class=\"wpforms-field-layout-columns wpforms-field-layout-preset-50-50\">\n<div class=\"wpforms-layout-column wpforms-layout-column-50\">\n<div id=\"wpforms-1399-field_2-container\" class=\"wpforms-field wpforms-field-name\" data-field-id=\"2\"><label class=\"wpforms-field-label\" for=\"wpforms-1399-field_2\">Nume \u0219i prenume <span class=\"wpforms-required-label\" aria-hidden=\"true\">*<\/span><\/label><input type=\"text\" id=\"wpforms-1399-field_2\" class=\"wpforms-field-medium wpforms-field-required\" name=\"wpforms[fields][2]\" aria-errormessage=\"wpforms-1399-field_2-error\" required><\/div>\n<div id=\"wpforms-1399-field_5-container\" class=\"wpforms-field wpforms-field-phone\" data-field-id=\"5\"><label class=\"wpforms-field-label\" for=\"wpforms-1399-field_5\">Telefon\/WhatsApp <span class=\"wpforms-required-label\" aria-hidden=\"true\">*<\/span><\/label><input type=\"tel\" id=\"wpforms-1399-field_5\" class=\"wpforms-field-medium wpforms-field-required\" data-rule-int-phone-field=\"true\" name=\"wpforms[fields][5]\" aria-errormessage=\"wpforms-1399-field_5-error\" required><\/div>\n<\/div>\n<div class=\"wpforms-layout-column wpforms-layout-column-50\">\n<div id=\"wpforms-1399-field_3-container\" class=\"wpforms-field wpforms-field-email\" data-field-id=\"3\"><label class=\"wpforms-field-label\" for=\"wpforms-1399-field_3\">E-mail <span class=\"wpforms-required-label\" aria-hidden=\"true\">*<\/span><\/label><input type=\"email\" id=\"wpforms-1399-field_3\" class=\"wpforms-field-medium wpforms-field-required\" name=\"wpforms[fields][3]\" spellcheck=\"false\" aria-errormessage=\"wpforms-1399-field_3-error\" required><\/div>\n<div id=\"wpforms-1399-field_4-container\" class=\"wpforms-field wpforms-field-text\" data-field-id=\"4\"><label class=\"wpforms-field-label\" for=\"wpforms-1399-field_4\">Anchet\u0103<\/label><input type=\"text\" id=\"wpforms-1399-field_4\" class=\"wpforms-field-medium\" name=\"wpforms[fields][4]\" aria-errormessage=\"wpforms-1399-field_4-error\" ><\/div>\n<\/div>\n<\/div>\n<\/div>\n<\/div>\n<p><!-- .wpforms-field-container --><\/p>\n<div class=\"wpforms-recaptcha-container wpforms-is-turnstile\" >\n<div class=\"g-recaptcha\" data-sitekey=\"0x4AAAAAAAyrnCk3ccFGBLIG\" data-action=\"FormID-1399\"><\/div>\n<p><input type=\"text\" name=\"g-recaptcha-hidden\" class=\"wpforms-recaptcha-hidden\" style=\"position:absolute!important;clip:rect(0,0,0,0)!important;height:1px!important;width:1px!important;border:0!important;overflow:hidden!important;padding:0!important;margin:0!important;\" data-rule-turnstile=\"1\"><\/div>\n<div class=\"wpforms-submit-container\" ><input type=\"hidden\" name=\"wpforms[id]\" value=\"1399\"><input type=\"hidden\" name=\"wpforms[author]\" value=\"1\"><button type=\"submit\" name=\"wpforms[submit]\" id=\"wpforms-submit-1399\" class=\"wpforms-submit\" data-alt-text=\"Sending...\" data-submit-text=\"Send Inquiry\" aria-live=\"assertive\" value=\"wpforms-submit\">Trimite anchet\u0103<\/button><img decoding=\"async\" src=\"https:\/\/kelingmed.com\/wp-content\/plugins\/wpforms\/assets\/images\/submit-spin.svg\" class=\"wpforms-submit-spinner\" style=\"display: none;\" width=\"26\" height=\"26\" alt=\"\u00cenc\u0103rcare\"><\/div>\n<input type=\"hidden\" name=\"trp-form-language\" value=\"ro\"\/><\/form>\n<\/div>\n<p>  <!-- .wpforms-container --><\/td>\n<\/tr>\n<\/tbody>\n<\/table>\n<\/div>","protected":false},"featured_media":1311,"template":"","meta":{"site-sidebar-layout":"default","site-content-layout":"","ast-site-content-layout":"default","site-content-style":"default","site-sidebar-style":"default","ast-global-header-display":"","ast-banner-title-visibility":"","ast-main-header-display":"","ast-hfb-above-header-display":"","ast-hfb-below-header-display":"","ast-hfb-mobile-header-display":"","site-post-title":"","ast-breadcrumbs-content":"","ast-featured-img":"","footer-sml-layout":"","theme-transparent-header-meta":"","adv-header-id-meta":"","stick-header-meta":"","header-above-stick-meta":"","header-main-stick-meta":"","header-below-stick-meta":"","astra-migrate-meta-layouts":"default","ast-page-background-enabled":"default","ast-page-background-meta":{"desktop":{"background-color":"var(--ast-global-color-5)","background-image":"","background-repeat":"repeat","background-position":"center center","background-size":"auto","background-attachment":"scroll","background-type":"","background-media":"","overlay-type":"","overlay-color":"","overlay-opacity":"","overlay-gradient":""},"tablet":{"background-color":"","background-image":"","background-repeat":"repeat","background-position":"center center","background-size":"auto","background-attachment":"scroll","background-type":"","background-media":"","overlay-type":"","overlay-color":"","overlay-opacity":"","overlay-gradient":""},"mobile":{"background-color":"","background-image":"","background-repeat":"repeat","background-position":"center center","background-size":"auto","background-attachment":"scroll","background-type":"","background-media":"","overlay-type":"","overlay-color":"","overlay-opacity":"","overlay-gradient":""}},"ast-content-background-meta":{"desktop":{"background-color":"var(--ast-global-color-4)","background-image":"","background-repeat":"repeat","background-position":"center center","background-size":"auto","background-attachment":"scroll","background-type":"","background-media":"","overlay-type":"","overlay-color":"","overlay-opacity":"","overlay-gradient":""},"tablet":{"background-color":"var(--ast-global-color-4)","background-image":"","background-repeat":"repeat","background-position":"center center","background-size":"auto","background-attachment":"scroll","background-type":"","background-media":"","overlay-type":"","overlay-color":"","overlay-opacity":"","overlay-gradient":""},"mobile":{"background-color":"var(--ast-global-color-4)","background-image":"","background-repeat":"repeat","background-position":"center center","background-size":"auto","background-attachment":"scroll","background-type":"","background-media":"","overlay-type":"","overlay-color":"","overlay-opacity":"","overlay-gradient":""}}},"product_brand":[],"product_cat":[24],"product_tag":[],"class_list":{"0":"post-1291","1":"product","2":"type-product","3":"status-publish","4":"has-post-thumbnail","6":"product_cat-surgical-light","7":"desktop-align-left","8":"tablet-align-left","9":"mobile-align-left","11":"first","12":"instock","13":"shipping-taxable","14":"product-type-simple"},"_links":{"self":[{"href":"https:\/\/kelingmed.com\/ro\/wp-json\/wp\/v2\/product\/1291","targetHints":{"allow":["GET"]}}],"collection":[{"href":"https:\/\/kelingmed.com\/ro\/wp-json\/wp\/v2\/product"}],"about":[{"href":"https:\/\/kelingmed.com\/ro\/wp-json\/wp\/v2\/types\/product"}],"wp:featuredmedia":[{"embeddable":true,"href":"https:\/\/kelingmed.com\/ro\/wp-json\/wp\/v2\/media\/1311"}],"wp:attachment":[{"href":"https:\/\/kelingmed.com\/ro\/wp-json\/wp\/v2\/media?parent=1291"}],"wp:term":[{"taxonomy":"product_brand","embeddable":true,"href":"https:\/\/kelingmed.com\/ro\/wp-json\/wp\/v2\/product_brand?post=1291"},{"taxonomy":"product_cat","embeddable":true,"href":"https:\/\/kelingmed.com\/ro\/wp-json\/wp\/v2\/product_cat?post=1291"},{"taxonomy":"product_tag","embeddable":true,"href":"https:\/\/kelingmed.com\/ro\/wp-json\/wp\/v2\/product_tag?post=1291"}],"curies":[{"name":"wp","href":"https:\/\/api.w.org\/{rel}","templated":true}]}}