{"id":1255,"date":"2024-12-26T01:08:28","date_gmt":"2024-12-26T01:08:28","guid":{"rendered":"https:\/\/kelingmed.com\/?post_type=product&#038;p=1255"},"modified":"2024-12-26T01:23:35","modified_gmt":"2024-12-26T01:23:35","slug":"flat-bed-kl-bc130","status":"publish","type":"product","link":"https:\/\/kelingmed.com\/ro\/product\/flat-bed-kl-bc130\/","title":{"rendered":"Pat plat-KL-BC130"},"content":{"rendered":"<p><strong>Caracteristici principale<\/strong><\/p>\n<ul>\n<li>Ridicatorul din spate este controlat de un m\u00e2ner.<\/li>\n<li>Platforma de formare a presei, suprafa\u021b\u0103 neted\u0103 f\u0103r\u0103 cicatrici de sudur\u0103, poate suporta 250KG.<\/li>\n<li>Balustrade pliabile \u00een form\u0103 de L, realizate din \u021beav\u0103 \u00eendoit\u0103, instalate ferm, 0 scutur\u0103, u\u0219or de cur\u0103\u021bat, anti-pinch, protejeaz\u0103 siguran\u021ba pacientului.<\/li>\n<li>Cu bara de protec\u021bie pentru a proteja patul \u0219i pacientul \u00een timpul transportului.<\/li>\n<\/ul>\n<p><strong>Performan\u021b\u0103<\/strong><br \/>\nUn afi\u0219aj al func\u021biei de postur\u0103<\/p>\n<ul>\n<li>Ridicare spate<\/li>\n<\/ul>\n<p><strong>Control convenabil \u0219i sigur<\/strong><\/p>\n<ul>\n<li>Roti\u021be silen\u021bioase pentru fr\u00e2nare lin\u0103.<\/li>\n<li>Un m\u00e2ner de operare poate controla f\u0103r\u0103 probleme ridicarea spatelui.<\/li>\n<\/ul>\n<p><strong>Design de siguran\u021b\u0103<\/strong><\/p>\n<ul>\n<li>Balustrade pliabile \u00een form\u0103 de L, realizate din \u021beav\u0103 \u00eendoit\u0103, instalate ferm, 0 scutur\u0103, u\u0219or de cur\u0103\u021bat, anti-pinch, protejeaz\u0103 siguran\u021ba pacientului.<\/li>\n<li>Cu bara de protec\u021bie pentru a proteja patul \u0219i pacientul \u00een timpul transportului.<\/li>\n<li>Cu un dispozitiv de protec\u021bie extrem\u0103, acesta emite un sunet atunci c\u00e2nd este \u00eenclinat la pozi\u021bia maxim\u0103.<\/li>\n<\/ul>\n<p><strong>Materiale de \u00eenalt\u0103 calitate<\/strong><\/p>\n<ul>\n<li>Placa de pat este realizat\u0103 din material rezistent la impact \u0219i acoperire \u00eengro\u0219at\u0103, cu o capacitate puternic\u0103 de \u00eenc\u0103rcare.<\/li>\n<li>Capul \u0219i cotiera sunt realizate din material ABS, care este antibacterian \u0219i u\u0219or de cur\u0103\u021bat.<\/li>\n<\/ul>\n<p><strong>Personalizare<\/strong><br \/>\nConfigura\u021bia patului de spital poate fi personalizat\u0103 \u00een func\u021bie de nevoile utilizatorului, cum ar fi:<br \/>\nMod de func\u021bionare: Electric (versiunea de lux multifunc\u021bional\u0103 \/ versiunea cu cinci func\u021bii \/ versiunea cu trei func\u021bii), manual (versiunea cu patru mi\u0219c\u0103ri \/ versiunea cu trei mi\u0219c\u0103ri \/ versiunea cu dou\u0103 mi\u0219c\u0103ri \/ versiunea cu o singur\u0103 mi\u0219care)<br \/>\nSpecifica\u021biile produsului: dimensiune, ambalaj, accesorii<br \/>\nMaterial: Lemn, o\u021bel inoxidabil, ABS, r\u0103\u0219in\u0103 transparent\u0103 cu raze X<br \/>\nDiverse culori: Albastru, verde, lemn, etc.<\/p>\n<p>Pentru mai multe detalii despre produs, v\u0103 rug\u0103m s\u0103 ne contacta\u021bi!<\/p>\n<p><strong>Aplica\u021bii<\/strong><br \/>\nSpitale, c\u0103mine de b\u0103tr\u00e2ni, centre de reabilitare, case, \u00eengrijire de \u00eenalt\u0103 calitate.<\/p>\n<div class=\"wpforms-container wpforms-container-full wpforms-render-modern\" id=\"wpforms-737\"><form id=\"wpforms-form-737\" class=\"wpforms-validate wpforms-form wpforms-ajax-form\" data-formid=\"737\" method=\"post\" enctype=\"multipart\/form-data\" action=\"\/ro\/wp-json\/wp\/v2\/product\/1255\" data-token=\"dff8860b715ec7414660da9869971299\" data-trp-original-action=\"\/ro\/wp-json\/wp\/v2\/product\/1255\"><noscript class=\"wpforms-error-noscript\">V\u0103 rug\u0103m s\u0103 activa\u021bi JavaScript \u00een browserul dvs. pentru a completa acest formular.<\/noscript><div class=\"wpforms-hidden\" id=\"wpforms-error-noscript\">V\u0103 rug\u0103m s\u0103 activa\u021bi JavaScript \u00een browserul dvs. pentru a completa acest formular.<\/div><div class=\"wpforms-field-container\"><div id=\"wpforms-737-field_1-container\" class=\"wpforms-field wpforms-field-layout\" data-field-id=\"1\"><label class=\"wpforms-field-label wpforms-label-hide\" for=\"wpforms-737-field_1\" aria-hidden=\"false\">Layout<\/label><div class=\"wpforms-field-layout-columns wpforms-field-layout-preset-50-50\"><div class=\"wpforms-layout-column wpforms-layout-column-50\"><div id=\"wpforms-737-field_2-container\" class=\"wpforms-field wpforms-field-name\" data-field-id=\"2\"><label class=\"wpforms-field-label\" for=\"wpforms-737-field_2\">Nume \u0219i prenume <span class=\"wpforms-required-label\" aria-hidden=\"true\">*<\/span><\/label><input type=\"text\" id=\"wpforms-737-field_2\" class=\"wpforms-field-medium wpforms-field-required\" name=\"wpforms[fields][2]\" aria-errormessage=\"wpforms-737-field_2-error\" required><\/div><div id=\"wpforms-737-field_5-container\" class=\"wpforms-field wpforms-field-phone\" data-field-id=\"5\"><label class=\"wpforms-field-label\" for=\"wpforms-737-field_5\">Telefon\/WhatsApp <span class=\"wpforms-required-label\" aria-hidden=\"true\">*<\/span><\/label><input type=\"tel\" id=\"wpforms-737-field_5\" class=\"wpforms-field-medium wpforms-field-required\" data-rule-int-phone-field=\"true\" name=\"wpforms[fields][5]\" aria-errormessage=\"wpforms-737-field_5-error\" required><\/div><\/div><div class=\"wpforms-layout-column wpforms-layout-column-50\"><div id=\"wpforms-737-field_3-container\" class=\"wpforms-field wpforms-field-email\" data-field-id=\"3\"><label class=\"wpforms-field-label\" for=\"wpforms-737-field_3\">E-mail <span class=\"wpforms-required-label\" aria-hidden=\"true\">*<\/span><\/label><input type=\"email\" id=\"wpforms-737-field_3\" class=\"wpforms-field-medium wpforms-field-required\" name=\"wpforms[fields][3]\" spellcheck=\"false\" aria-errormessage=\"wpforms-737-field_3-error\" required><\/div><div id=\"wpforms-737-field_4-container\" class=\"wpforms-field wpforms-field-text\" data-field-id=\"4\"><label class=\"wpforms-field-label\" for=\"wpforms-737-field_4\">Anchet\u0103<\/label><input type=\"text\" id=\"wpforms-737-field_4\" class=\"wpforms-field-medium\" name=\"wpforms[fields][4]\" aria-errormessage=\"wpforms-737-field_4-error\" ><\/div><\/div><\/div><\/div><\/div><!-- .wpforms-field-container --><div class=\"wpforms-recaptcha-container wpforms-is-turnstile\" ><div class=\"g-recaptcha\" data-sitekey=\"0x4AAAAAAAyrnCk3ccFGBLIG\" data-action=\"FormID-737\"><\/div><input type=\"text\" name=\"g-recaptcha-hidden\" class=\"wpforms-recaptcha-hidden\" style=\"position:absolute!important;clip:rect(0,0,0,0)!important;height:1px!important;width:1px!important;border:0!important;overflow:hidden!important;padding:0!important;margin:0!important;\" data-rule-turnstile=\"1\"><\/div><div class=\"wpforms-submit-container\" ><input type=\"hidden\" name=\"wpforms[id]\" value=\"737\"><input type=\"hidden\" name=\"wpforms[author]\" value=\"1\"><button type=\"submit\" name=\"wpforms[submit]\" id=\"wpforms-submit-737\" class=\"wpforms-submit\" data-alt-text=\"Sending...\" data-submit-text=\"Send Inquiry\" aria-live=\"assertive\" value=\"wpforms-submit\">Trimite anchet\u0103<\/button><img decoding=\"async\" src=\"https:\/\/kelingmed.com\/wp-content\/plugins\/wpforms\/assets\/images\/submit-spin.svg\" class=\"wpforms-submit-spinner\" style=\"display: none;\" width=\"26\" height=\"26\" alt=\"\u00cenc\u0103rcare\"><\/div><input type=\"hidden\" name=\"trp-form-language\" value=\"ro\"\/><\/form><\/div>  <!-- .wpforms-container -->","protected":false},"excerpt":{"rendered":"<div>\n<table border=\"1\" cellspacing=\"0\">\n<tbody>\n<tr>\n<td height=\"20\">Dimensiunea produsului L*W*H<\/td>\n<td height=\"20\">2000*960*500<\/td>\n<\/tr>\n<tr>\n<td height=\"20\">Dimensiunea patului<\/td>\n<td height=\"20\">1930*900mm<\/td>\n<\/tr>\n<\/tbody>\n<\/table>\n<div class=\"wpforms-container wpforms-container-full wpforms-render-modern\" id=\"wpforms-737\">\n<form id=\"wpforms-form-737\" class=\"wpforms-validate wpforms-form wpforms-ajax-form\" data-formid=\"737\" method=\"post\" enctype=\"multipart\/form-data\" action=\"\/ro\/wp-json\/wp\/v2\/product\/1255\" data-token=\"dff8860b715ec7414660da9869971299\" data-trp-original-action=\"\/ro\/wp-json\/wp\/v2\/product\/1255\"><noscript class=\"wpforms-error-noscript\">V\u0103 rug\u0103m s\u0103 activa\u021bi JavaScript \u00een browserul dvs. pentru a completa acest formular.<\/noscript><\/p>\n<div class=\"wpforms-hidden\" id=\"wpforms-error-noscript\">V\u0103 rug\u0103m s\u0103 activa\u021bi JavaScript \u00een browserul dvs. pentru a completa acest formular.<\/div>\n<div class=\"wpforms-field-container\">\n<div id=\"wpforms-737-field_1-container\" class=\"wpforms-field wpforms-field-layout\" data-field-id=\"1\"><label class=\"wpforms-field-label wpforms-label-hide\" for=\"wpforms-737-field_1\" aria-hidden=\"false\">Layout<\/label><\/p>\n<div class=\"wpforms-field-layout-columns wpforms-field-layout-preset-50-50\">\n<div class=\"wpforms-layout-column wpforms-layout-column-50\">\n<div id=\"wpforms-737-field_2-container\" class=\"wpforms-field wpforms-field-name\" data-field-id=\"2\"><label class=\"wpforms-field-label\" for=\"wpforms-737-field_2\">Nume \u0219i prenume <span class=\"wpforms-required-label\" aria-hidden=\"true\">*<\/span><\/label><input type=\"text\" id=\"wpforms-737-field_2\" class=\"wpforms-field-medium wpforms-field-required\" name=\"wpforms[fields][2]\" aria-errormessage=\"wpforms-737-field_2-error\" required><\/div>\n<div id=\"wpforms-737-field_5-container\" class=\"wpforms-field wpforms-field-phone\" data-field-id=\"5\"><label class=\"wpforms-field-label\" for=\"wpforms-737-field_5\">Telefon\/WhatsApp <span class=\"wpforms-required-label\" aria-hidden=\"true\">*<\/span><\/label><input type=\"tel\" id=\"wpforms-737-field_5\" class=\"wpforms-field-medium wpforms-field-required\" data-rule-int-phone-field=\"true\" name=\"wpforms[fields][5]\" aria-errormessage=\"wpforms-737-field_5-error\" required><\/div>\n<\/div>\n<div class=\"wpforms-layout-column wpforms-layout-column-50\">\n<div id=\"wpforms-737-field_3-container\" class=\"wpforms-field wpforms-field-email\" data-field-id=\"3\"><label class=\"wpforms-field-label\" for=\"wpforms-737-field_3\">E-mail <span class=\"wpforms-required-label\" aria-hidden=\"true\">*<\/span><\/label><input type=\"email\" id=\"wpforms-737-field_3\" class=\"wpforms-field-medium wpforms-field-required\" name=\"wpforms[fields][3]\" spellcheck=\"false\" aria-errormessage=\"wpforms-737-field_3-error\" required><\/div>\n<div id=\"wpforms-737-field_4-container\" class=\"wpforms-field wpforms-field-text\" data-field-id=\"4\"><label class=\"wpforms-field-label\" for=\"wpforms-737-field_4\">Anchet\u0103<\/label><input type=\"text\" id=\"wpforms-737-field_4\" class=\"wpforms-field-medium\" name=\"wpforms[fields][4]\" aria-errormessage=\"wpforms-737-field_4-error\" ><\/div>\n<\/div>\n<\/div>\n<\/div>\n<\/div>\n<p><!-- .wpforms-field-container --><\/p>\n<div class=\"wpforms-recaptcha-container wpforms-is-turnstile\" >\n<div class=\"g-recaptcha\" data-sitekey=\"0x4AAAAAAAyrnCk3ccFGBLIG\" data-action=\"FormID-737\"><\/div>\n<p><input type=\"text\" name=\"g-recaptcha-hidden\" class=\"wpforms-recaptcha-hidden\" style=\"position:absolute!important;clip:rect(0,0,0,0)!important;height:1px!important;width:1px!important;border:0!important;overflow:hidden!important;padding:0!important;margin:0!important;\" data-rule-turnstile=\"1\"><\/div>\n<div class=\"wpforms-submit-container\" ><input type=\"hidden\" name=\"wpforms[id]\" value=\"737\"><input type=\"hidden\" name=\"wpforms[author]\" value=\"1\"><button type=\"submit\" name=\"wpforms[submit]\" id=\"wpforms-submit-737\" class=\"wpforms-submit\" data-alt-text=\"Sending...\" data-submit-text=\"Send Inquiry\" aria-live=\"assertive\" value=\"wpforms-submit\">Trimite anchet\u0103<\/button><img decoding=\"async\" src=\"https:\/\/kelingmed.com\/wp-content\/plugins\/wpforms\/assets\/images\/submit-spin.svg\" class=\"wpforms-submit-spinner\" style=\"display: none;\" width=\"26\" height=\"26\" alt=\"\u00cenc\u0103rcare\"><\/div>\n<input type=\"hidden\" name=\"trp-form-language\" value=\"ro\"\/><\/form>\n<\/div>\n<p>  <!-- .wpforms-container --><\/p>\n<\/div>","protected":false},"featured_media":1280,"template":"","meta":{"site-sidebar-layout":"default","site-content-layout":"","ast-site-content-layout":"default","site-content-style":"default","site-sidebar-style":"default","ast-global-header-display":"","ast-banner-title-visibility":"","ast-main-header-display":"","ast-hfb-above-header-display":"","ast-hfb-below-header-display":"","ast-hfb-mobile-header-display":"","site-post-title":"","ast-breadcrumbs-content":"","ast-featured-img":"","footer-sml-layout":"","theme-transparent-header-meta":"","adv-header-id-meta":"","stick-header-meta":"","header-above-stick-meta":"","header-main-stick-meta":"","header-below-stick-meta":"","astra-migrate-meta-layouts":"default","ast-page-background-enabled":"default","ast-page-background-meta":{"desktop":{"background-color":"var(--ast-global-color-5)","background-image":"","background-repeat":"repeat","background-position":"center center","background-size":"auto","background-attachment":"scroll","background-type":"","background-media":"","overlay-type":"","overlay-color":"","overlay-opacity":"","overlay-gradient":""},"tablet":{"background-color":"","background-image":"","background-repeat":"repeat","background-position":"center center","background-size":"auto","background-attachment":"scroll","background-type":"","background-media":"","overlay-type":"","overlay-color":"","overlay-opacity":"","overlay-gradient":""},"mobile":{"background-color":"","background-image":"","background-repeat":"repeat","background-position":"center center","background-size":"auto","background-attachment":"scroll","background-type":"","background-media":"","overlay-type":"","overlay-color":"","overlay-opacity":"","overlay-gradient":""}},"ast-content-background-meta":{"desktop":{"background-color":"var(--ast-global-color-4)","background-image":"","background-repeat":"repeat","background-position":"center center","background-size":"auto","background-attachment":"scroll","background-type":"","background-media":"","overlay-type":"","overlay-color":"","overlay-opacity":"","overlay-gradient":""},"tablet":{"background-color":"var(--ast-global-color-4)","background-image":"","background-repeat":"repeat","background-position":"center center","background-size":"auto","background-attachment":"scroll","background-type":"","background-media":"","overlay-type":"","overlay-color":"","overlay-opacity":"","overlay-gradient":""},"mobile":{"background-color":"var(--ast-global-color-4)","background-image":"","background-repeat":"repeat","background-position":"center center","background-size":"auto","background-attachment":"scroll","background-type":"","background-media":"","overlay-type":"","overlay-color":"","overlay-opacity":"","overlay-gradient":""}}},"product_brand":[],"product_cat":[21],"product_tag":[],"class_list":{"0":"post-1255","1":"product","2":"type-product","3":"status-publish","4":"has-post-thumbnail","6":"product_cat-hospital-bed","7":"desktop-align-left","8":"tablet-align-left","9":"mobile-align-left","11":"first","12":"instock","13":"shipping-taxable","14":"product-type-simple"},"_links":{"self":[{"href":"https:\/\/kelingmed.com\/ro\/wp-json\/wp\/v2\/product\/1255","targetHints":{"allow":["GET"]}}],"collection":[{"href":"https:\/\/kelingmed.com\/ro\/wp-json\/wp\/v2\/product"}],"about":[{"href":"https:\/\/kelingmed.com\/ro\/wp-json\/wp\/v2\/types\/product"}],"wp:featuredmedia":[{"embeddable":true,"href":"https:\/\/kelingmed.com\/ro\/wp-json\/wp\/v2\/media\/1280"}],"wp:attachment":[{"href":"https:\/\/kelingmed.com\/ro\/wp-json\/wp\/v2\/media?parent=1255"}],"wp:term":[{"taxonomy":"product_brand","embeddable":true,"href":"https:\/\/kelingmed.com\/ro\/wp-json\/wp\/v2\/product_brand?post=1255"},{"taxonomy":"product_cat","embeddable":true,"href":"https:\/\/kelingmed.com\/ro\/wp-json\/wp\/v2\/product_cat?post=1255"},{"taxonomy":"product_tag","embeddable":true,"href":"https:\/\/kelingmed.com\/ro\/wp-json\/wp\/v2\/product_tag?post=1255"}],"curies":[{"name":"wp","href":"https:\/\/api.w.org\/{rel}","templated":true}]}}