{"id":1489,"date":"2024-12-26T02:21:57","date_gmt":"2024-12-26T02:21:57","guid":{"rendered":"https:\/\/kelingmed.com\/?post_type=product&#038;p=1489"},"modified":"2024-12-26T02:31:00","modified_gmt":"2024-12-26T02:31:00","slug":"steel-plastic-medical-trolley-kl-tc008","status":"publish","type":"product","link":"https:\/\/kelingmed.com\/pt\/product\/steel-plastic-medical-trolley-kl-tc008\/","title":{"rendered":"Carrinho m\u00e9dico em a\u00e7o-pl\u00e1stico-KL-TC008"},"content":{"rendered":"<p>*Material pl\u00e1stico de engenharia ABS, forte capacidade de pesagem, f\u00e1cil de limpar<\/p>\n<p>* Reparti\u00e7\u00e3o razo\u00e1vel da plataforma de trabalho<\/p>\n<p>*O espa\u00e7o de arruma\u00e7\u00e3o pode ser personalizado, flex\u00edvel e ajust\u00e1vel<\/p>\n<p>* Fun\u00e7\u00f5es completas, f\u00e1ceis de utilizar<\/p>\n<p>*Os trilhos e rod\u00edzios silenciosos garantem um funcionamento suave e seguro<\/p>\n<p>*Variedade de acess\u00f3rios, opcionais<\/p>\n<p>Plataforma de trabalho razo\u00e1vel<\/p>\n<p>*A plataforma de trabalho principal \u00e9 feita de material ABS, com um design c\u00f4ncavo, e a mesa \u00e9 revestida com vidro macio<\/p>\n<p>*Bancada de trabalho auxiliar oculta, que pode colocar objectos temporariamente<\/p>\n<p>*A plataforma do desfibrilhador pode colocar equipamento m\u00e9dico, como computadores port\u00e1teis ou aparelhos de ECG<\/p>\n<p>Espa\u00e7o de armazenamento flex\u00edvel<\/p>\n<p>*A gaveta tem tr\u00eas especifica\u00e7\u00f5es: grande, m\u00e9dia e pequena, com divis\u00f3rias ajust\u00e1veis no interior, equipada com fechadura central e cart\u00e3o de inser\u00e7\u00e3o<\/p>\n<p>*O espa\u00e7o de arruma\u00e7\u00e3o \u00e9 suficiente, a quantidade, o estilo e a cor podem ser personalizados<\/p>\n<p>Desenho de pormenor<\/p>\n<p>*O trilho silencioso triplo torna o funcionamento mais silencioso e suave<\/p>\n<p>*Guarda-corpo em a\u00e7o inoxid\u00e1vel 304 para evitar a queda de objectos<\/p>\n<p>*Rodas silenciosas universais com fun\u00e7\u00e3o de trav\u00e3o<\/p>\n<p>Material de alta qualidade<\/p>\n<p>* Feito principalmente de material pl\u00e1stico de engenharia ABS espessado, f\u00e1cil de limpar<\/p>\n<p>*A coluna em liga de alum\u00ednio tem uma elevada resist\u00eancia, uma forte capacidade de suporte e mais estabilidade<\/p>\n<p>Acess\u00f3rios completos<\/p>\n<p>*Suporte de infus\u00e3o com gancho girat\u00f3rio 6*4, ajust\u00e1vel em altura<\/p>\n<p>* Cestos, caixotes do lixo e baldes de agulhas partidos podem armazenar razoavelmente artigos diversos e res\u00edduos m\u00e9dicos<\/p>\n<p>*As p\u00e1s de desfibrilha\u00e7\u00e3o e as garrafas de oxig\u00e9nio podem ser colocadas de forma razo\u00e1vel na parte de tr\u00e1s e penduradas para serem guardadas<\/p>\n<p>* Mais op\u00e7\u00f5es: caixa de arquivo, bandeja para medicamentos, tomada el\u00e9ctrica, etc.<\/p>\n<p>As especifica\u00e7\u00f5es do carrinho m\u00e9dico podem ser personalizadas de acordo com as necessidades do utilizador, tais como:<\/p>\n<p>Fun\u00e7\u00e3o do produto: ve\u00edculo de emerg\u00eancia, ve\u00edculo de entrega de medicamentos, ve\u00edculo de anestesia, ve\u00edculo de sujidade, etc.<\/p>\n<p>Tamanho do produto: est\u00e3o dispon\u00edveis v\u00e1rios tamanhos<\/p>\n<p>Material do produto: a\u00e7o pl\u00e1stico, ABS, a\u00e7o inoxid\u00e1vel<\/p>\n<p>Cor do produto: azul, amarelo, vermelho, colorido, etc.<\/p>\n<p>Sele\u00e7\u00e3o de acess\u00f3rios: p\u00e1 de desfibrilha\u00e7\u00e3o, cesto, balde para sujidade, caixa de arquivo, etc.<\/p>\n<p>Para mais informa\u00e7\u00f5es sobre o produto, contacte-nos!<\/p>\n<table class=\"wp-list-table widefat fixed striped table-view-list forms\">\n<tbody id=\"the-list\" data-wp-lists=\"list:form\">\n<tr>\n<td class=\"shortcode column-shortcode\" data-colname=\"Shortcode\"><div class=\"wpforms-container wpforms-container-full wpforms-render-modern\" id=\"wpforms-1562\"><form id=\"wpforms-form-1562\" class=\"wpforms-validate wpforms-form wpforms-ajax-form\" data-formid=\"1562\" method=\"post\" enctype=\"multipart\/form-data\" action=\"\/pt\/wp-json\/wp\/v2\/product\/1489\" data-token=\"235dae0c1b6bbe96b3ae7d8166ae6661\" data-trp-original-action=\"\/pt\/wp-json\/wp\/v2\/product\/1489\"><noscript class=\"wpforms-error-noscript\">Active o JavaScript no seu browser para preencher este formul\u00e1rio.<\/noscript><div class=\"wpforms-hidden\" id=\"wpforms-error-noscript\">Active o JavaScript no seu browser para preencher este formul\u00e1rio.<\/div><div class=\"wpforms-field-container\"><div id=\"wpforms-1562-field_1-container\" class=\"wpforms-field wpforms-field-layout\" data-field-id=\"1\"><label class=\"wpforms-field-label wpforms-label-hide\" for=\"wpforms-1562-field_1\" aria-hidden=\"false\">Disposi\u00e7\u00e3o<\/label><div class=\"wpforms-field-layout-columns wpforms-field-layout-preset-50-50\"><div class=\"wpforms-layout-column wpforms-layout-column-50\"><div id=\"wpforms-1562-field_2-container\" class=\"wpforms-field wpforms-field-name\" data-field-id=\"2\"><label class=\"wpforms-field-label\" for=\"wpforms-1562-field_2\">Nome <span class=\"wpforms-required-label\" aria-hidden=\"true\">*<\/span><\/label><input type=\"text\" id=\"wpforms-1562-field_2\" class=\"wpforms-field-medium wpforms-field-required\" name=\"wpforms[fields][2]\" aria-errormessage=\"wpforms-1562-field_2-error\" required><\/div><div id=\"wpforms-1562-field_5-container\" class=\"wpforms-field wpforms-field-phone\" data-field-id=\"5\"><label class=\"wpforms-field-label\" for=\"wpforms-1562-field_5\">Telefone\/WhatsApp <span class=\"wpforms-required-label\" aria-hidden=\"true\">*<\/span><\/label><input type=\"tel\" id=\"wpforms-1562-field_5\" class=\"wpforms-field-medium wpforms-field-required\" data-rule-int-phone-field=\"true\" name=\"wpforms[fields][5]\" aria-errormessage=\"wpforms-1562-field_5-error\" required><\/div><\/div><div class=\"wpforms-layout-column wpforms-layout-column-50\"><div id=\"wpforms-1562-field_3-container\" class=\"wpforms-field wpforms-field-email\" data-field-id=\"3\"><label class=\"wpforms-field-label\" for=\"wpforms-1562-field_3\">Correio eletr\u00f3nico <span class=\"wpforms-required-label\" aria-hidden=\"true\">*<\/span><\/label><input type=\"email\" id=\"wpforms-1562-field_3\" class=\"wpforms-field-medium wpforms-field-required\" name=\"wpforms[fields][3]\" spellcheck=\"false\" aria-errormessage=\"wpforms-1562-field_3-error\" required><\/div><div id=\"wpforms-1562-field_4-container\" class=\"wpforms-field wpforms-field-text\" data-field-id=\"4\"><label class=\"wpforms-field-label\" for=\"wpforms-1562-field_4\">Inqu\u00e9rito<\/label><input type=\"text\" id=\"wpforms-1562-field_4\" class=\"wpforms-field-medium\" name=\"wpforms[fields][4]\" aria-errormessage=\"wpforms-1562-field_4-error\" ><\/div><\/div><\/div><\/div><\/div><!-- .wpforms-field-container --><div class=\"wpforms-recaptcha-container wpforms-is-turnstile\" ><div class=\"g-recaptcha\" data-sitekey=\"0x4AAAAAAAyrnCk3ccFGBLIG\" data-action=\"FormID-1562\"><\/div><input type=\"text\" name=\"g-recaptcha-hidden\" class=\"wpforms-recaptcha-hidden\" style=\"position:absolute!important;clip:rect(0,0,0,0)!important;height:1px!important;width:1px!important;border:0!important;overflow:hidden!important;padding:0!important;margin:0!important;\" data-rule-turnstile=\"1\"><\/div><div class=\"wpforms-submit-container\" ><input type=\"hidden\" name=\"wpforms[id]\" value=\"1562\"><input type=\"hidden\" name=\"wpforms[author]\" value=\"1\"><button type=\"submit\" name=\"wpforms[submit]\" id=\"wpforms-submit-1562\" class=\"wpforms-submit\" data-alt-text=\"Sending...\" data-submit-text=\"Send Inquiry\" aria-live=\"assertive\" value=\"wpforms-submit\">Enviar inqu\u00e9rito<\/button><img decoding=\"async\" src=\"https:\/\/kelingmed.com\/wp-content\/plugins\/wpforms\/assets\/images\/submit-spin.svg\" class=\"wpforms-submit-spinner\" style=\"display: none;\" width=\"26\" height=\"26\" alt=\"Carregamento\"><\/div><input type=\"hidden\" name=\"trp-form-language\" value=\"pt\"\/><\/form><\/div>  <!-- .wpforms-container --><\/td>\n<\/tr>\n<\/tbody>\n<\/table>","protected":false},"excerpt":{"rendered":"<div>\n<table border=\"1\" cellspacing=\"0\">\n<tbody>\n<tr>\n<td height=\"20\">Superf\u00edcie de trabalho\uff1a3<\/td>\n<\/tr>\n<tr>\n<td height=\"20\">O espa\u00e7o de armazenamento pode ser personalizado: grande, m\u00e9dio, pequeno, etc.<\/td>\n<\/tr>\n<tr>\n<td height=\"20\">Suporte de infus\u00e3o de gancho girat\u00f3rio 6 * 4\uff1a1<\/td>\n<\/tr>\n<tr>\n<td height=\"20\">Guarda-corpo\uff1a1<\/td>\n<\/tr>\n<tr>\n<td height=\"20\">Rod\u00edzios mudos\uff1a4 \uff082 deles com trav\u00f5es\uff09<\/td>\n<\/tr>\n<tr>\n<td height=\"20\">Os acess\u00f3rios podem ser personalizados: placa de desfibrilha\u00e7\u00e3o, cesto, balde de sujidade, etc.<\/td>\n<\/tr>\n<\/tbody>\n<\/table>\n<table class=\"wp-list-table widefat fixed striped table-view-list forms\">\n<tbody id=\"the-list\" data-wp-lists=\"list:form\">\n<tr>\n<td class=\"shortcode column-shortcode\" data-colname=\"Shortcode\">\n<div class=\"wpforms-container wpforms-container-full wpforms-render-modern\" id=\"wpforms-1562\">\n<form id=\"wpforms-form-1562\" class=\"wpforms-validate wpforms-form wpforms-ajax-form\" data-formid=\"1562\" method=\"post\" enctype=\"multipart\/form-data\" action=\"\/pt\/wp-json\/wp\/v2\/product\/1489\" data-token=\"235dae0c1b6bbe96b3ae7d8166ae6661\" data-trp-original-action=\"\/pt\/wp-json\/wp\/v2\/product\/1489\"><noscript class=\"wpforms-error-noscript\">Active o JavaScript no seu browser para preencher este formul\u00e1rio.<\/noscript><\/p>\n<div class=\"wpforms-hidden\" id=\"wpforms-error-noscript\">Active o JavaScript no seu browser para preencher este formul\u00e1rio.<\/div>\n<div class=\"wpforms-field-container\">\n<div id=\"wpforms-1562-field_1-container\" class=\"wpforms-field wpforms-field-layout\" data-field-id=\"1\"><label class=\"wpforms-field-label wpforms-label-hide\" for=\"wpforms-1562-field_1\" aria-hidden=\"false\">Disposi\u00e7\u00e3o<\/label><\/p>\n<div class=\"wpforms-field-layout-columns wpforms-field-layout-preset-50-50\">\n<div class=\"wpforms-layout-column wpforms-layout-column-50\">\n<div id=\"wpforms-1562-field_2-container\" class=\"wpforms-field wpforms-field-name\" data-field-id=\"2\"><label class=\"wpforms-field-label\" for=\"wpforms-1562-field_2\">Nome <span class=\"wpforms-required-label\" aria-hidden=\"true\">*<\/span><\/label><input type=\"text\" id=\"wpforms-1562-field_2\" class=\"wpforms-field-medium wpforms-field-required\" name=\"wpforms[fields][2]\" aria-errormessage=\"wpforms-1562-field_2-error\" required><\/div>\n<div id=\"wpforms-1562-field_5-container\" class=\"wpforms-field wpforms-field-phone\" data-field-id=\"5\"><label class=\"wpforms-field-label\" for=\"wpforms-1562-field_5\">Telefone\/WhatsApp <span class=\"wpforms-required-label\" aria-hidden=\"true\">*<\/span><\/label><input type=\"tel\" id=\"wpforms-1562-field_5\" class=\"wpforms-field-medium wpforms-field-required\" data-rule-int-phone-field=\"true\" name=\"wpforms[fields][5]\" aria-errormessage=\"wpforms-1562-field_5-error\" required><\/div>\n<\/div>\n<div class=\"wpforms-layout-column wpforms-layout-column-50\">\n<div id=\"wpforms-1562-field_3-container\" class=\"wpforms-field wpforms-field-email\" data-field-id=\"3\"><label class=\"wpforms-field-label\" for=\"wpforms-1562-field_3\">Correio eletr\u00f3nico <span class=\"wpforms-required-label\" aria-hidden=\"true\">*<\/span><\/label><input type=\"email\" id=\"wpforms-1562-field_3\" class=\"wpforms-field-medium wpforms-field-required\" name=\"wpforms[fields][3]\" spellcheck=\"false\" aria-errormessage=\"wpforms-1562-field_3-error\" required><\/div>\n<div id=\"wpforms-1562-field_4-container\" class=\"wpforms-field wpforms-field-text\" data-field-id=\"4\"><label class=\"wpforms-field-label\" for=\"wpforms-1562-field_4\">Inqu\u00e9rito<\/label><input type=\"text\" id=\"wpforms-1562-field_4\" class=\"wpforms-field-medium\" name=\"wpforms[fields][4]\" aria-errormessage=\"wpforms-1562-field_4-error\" ><\/div>\n<\/div>\n<\/div>\n<\/div>\n<\/div>\n<p><!-- .wpforms-field-container --><\/p>\n<div class=\"wpforms-recaptcha-container wpforms-is-turnstile\" >\n<div class=\"g-recaptcha\" data-sitekey=\"0x4AAAAAAAyrnCk3ccFGBLIG\" data-action=\"FormID-1562\"><\/div>\n<p><input type=\"text\" name=\"g-recaptcha-hidden\" class=\"wpforms-recaptcha-hidden\" style=\"position:absolute!important;clip:rect(0,0,0,0)!important;height:1px!important;width:1px!important;border:0!important;overflow:hidden!important;padding:0!important;margin:0!important;\" data-rule-turnstile=\"1\"><\/div>\n<div class=\"wpforms-submit-container\" ><input type=\"hidden\" name=\"wpforms[id]\" value=\"1562\"><input type=\"hidden\" name=\"wpforms[author]\" value=\"1\"><button type=\"submit\" name=\"wpforms[submit]\" id=\"wpforms-submit-1562\" class=\"wpforms-submit\" data-alt-text=\"Sending...\" data-submit-text=\"Send Inquiry\" aria-live=\"assertive\" value=\"wpforms-submit\">Enviar inqu\u00e9rito<\/button><img decoding=\"async\" src=\"https:\/\/kelingmed.com\/wp-content\/plugins\/wpforms\/assets\/images\/submit-spin.svg\" class=\"wpforms-submit-spinner\" style=\"display: none;\" width=\"26\" height=\"26\" alt=\"Carregamento\"><\/div>\n<input type=\"hidden\" name=\"trp-form-language\" value=\"pt\"\/><\/form>\n<\/div>\n<p>  <!-- .wpforms-container --><\/td>\n<\/tr>\n<\/tbody>\n<\/table>\n<\/div>","protected":false},"featured_media":1526,"template":"","meta":{"site-sidebar-layout":"default","site-content-layout":"","ast-site-content-layout":"default","site-content-style":"default","site-sidebar-style":"default","ast-global-header-display":"","ast-banner-title-visibility":"","ast-main-header-display":"","ast-hfb-above-header-display":"","ast-hfb-below-header-display":"","ast-hfb-mobile-header-display":"","site-post-title":"","ast-breadcrumbs-content":"","ast-featured-img":"","footer-sml-layout":"","theme-transparent-header-meta":"","adv-header-id-meta":"","stick-header-meta":"","header-above-stick-meta":"","header-main-stick-meta":"","header-below-stick-meta":"","astra-migrate-meta-layouts":"default","ast-page-background-enabled":"default","ast-page-background-meta":{"desktop":{"background-color":"var(--ast-global-color-5)","background-image":"","background-repeat":"repeat","background-position":"center center","background-size":"auto","background-attachment":"scroll","background-type":"","background-media":"","overlay-type":"","overlay-color":"","overlay-opacity":"","overlay-gradient":""},"tablet":{"background-color":"","background-image":"","background-repeat":"repeat","background-position":"center center","background-size":"auto","background-attachment":"scroll","background-type":"","background-media":"","overlay-type":"","overlay-color":"","overlay-opacity":"","overlay-gradient":""},"mobile":{"background-color":"","background-image":"","background-repeat":"repeat","background-position":"center center","background-size":"auto","background-attachment":"scroll","background-type":"","background-media":"","overlay-type":"","overlay-color":"","overlay-opacity":"","overlay-gradient":""}},"ast-content-background-meta":{"desktop":{"background-color":"var(--ast-global-color-4)","background-image":"","background-repeat":"repeat","background-position":"center center","background-size":"auto","background-attachment":"scroll","background-type":"","background-media":"","overlay-type":"","overlay-color":"","overlay-opacity":"","overlay-gradient":""},"tablet":{"background-color":"var(--ast-global-color-4)","background-image":"","background-repeat":"repeat","background-position":"center center","background-size":"auto","background-attachment":"scroll","background-type":"","background-media":"","overlay-type":"","overlay-color":"","overlay-opacity":"","overlay-gradient":""},"mobile":{"background-color":"var(--ast-global-color-4)","background-image":"","background-repeat":"repeat","background-position":"center center","background-size":"auto","background-attachment":"scroll","background-type":"","background-media":"","overlay-type":"","overlay-color":"","overlay-opacity":"","overlay-gradient":""}}},"product_brand":[],"product_cat":[26],"product_tag":[],"class_list":{"0":"post-1489","1":"product","2":"type-product","3":"status-publish","4":"has-post-thumbnail","6":"product_cat-medical-trolley","7":"desktop-align-left","8":"tablet-align-left","9":"mobile-align-left","11":"first","12":"instock","13":"shipping-taxable","14":"product-type-simple"},"_links":{"self":[{"href":"https:\/\/kelingmed.com\/pt\/wp-json\/wp\/v2\/product\/1489","targetHints":{"allow":["GET"]}}],"collection":[{"href":"https:\/\/kelingmed.com\/pt\/wp-json\/wp\/v2\/product"}],"about":[{"href":"https:\/\/kelingmed.com\/pt\/wp-json\/wp\/v2\/types\/product"}],"wp:featuredmedia":[{"embeddable":true,"href":"https:\/\/kelingmed.com\/pt\/wp-json\/wp\/v2\/media\/1526"}],"wp:attachment":[{"href":"https:\/\/kelingmed.com\/pt\/wp-json\/wp\/v2\/media?parent=1489"}],"wp:term":[{"taxonomy":"product_brand","embeddable":true,"href":"https:\/\/kelingmed.com\/pt\/wp-json\/wp\/v2\/product_brand?post=1489"},{"taxonomy":"product_cat","embeddable":true,"href":"https:\/\/kelingmed.com\/pt\/wp-json\/wp\/v2\/product_cat?post=1489"},{"taxonomy":"product_tag","embeddable":true,"href":"https:\/\/kelingmed.com\/pt\/wp-json\/wp\/v2\/product_tag?post=1489"}],"curies":[{"name":"wp","href":"https:\/\/api.w.org\/{rel}","templated":true}]}}