{"id":1412,"date":"2024-12-26T02:00:15","date_gmt":"2024-12-26T02:00:15","guid":{"rendered":"https:\/\/kelingmed.com\/?post_type=product&#038;p=1412"},"modified":"2024-12-26T02:18:20","modified_gmt":"2024-12-26T02:18:20","slug":"electric-operating-table-kl-d-three-three","status":"publish","type":"product","link":"https:\/\/kelingmed.com\/pt\/product\/electric-operating-table-kl-d-three-three\/","title":{"rendered":"Mesa de opera\u00e7\u00f5es el\u00e9ctrica-KL-D-THREE-THREE"},"content":{"rendered":"<p>tem m\u00faltiplas fun\u00e7\u00f5es. Pode satisfazer as necessidades de v\u00e1rias opera\u00e7\u00f5es.<\/p>\n<p>Carater\u00edsticas\uff1a<br \/>\nO tampo da mesa adopta uma placa de pl\u00e1stico de carbono de alta qualidade e pode deslizar,<br \/>\nque \u00e9 conveniente para o exame do bra\u00e7o C e para a fotografia de raios X.<br \/>\nAC e DC, controlo remoto duplo para controlar v\u00e1rias ac\u00e7\u00f5es<br \/>\nO colch\u00e3o \u00e9 revestido com couro artificial importado. Alta densidade<br \/>\nA esponja de mem\u00f3ria \u00e9 formada numa s\u00f3 pe\u00e7a, sem costura.<br \/>\nMotor LINAK de marca importada, sem ru\u00eddo, de longa dura\u00e7\u00e3o<br \/>\nO a\u00e7o inoxid\u00e1vel de qualidade 304 \u00e9 usado para suporte de mesa, placa de base, coluna<br \/>\nescudo e calhas em ambos os lados da mesa.<br \/>\nDispositivo de trav\u00e3o de pedal que \u00e9 f\u00e1cil de mover a mesa de opera\u00e7\u00f5es.<br \/>\nA placa da cabe\u00e7a e a placa da perna s\u00e3o controladas por uma mola de g\u00e1s importada.<br \/>\nA placa da perna \u00e9 dividida e amov\u00edvel.<br \/>\nTem a fun\u00e7\u00e3o de auto-restaura\u00e7\u00e3o.<br \/>\n\u25c6 Prima uma vez para \"\u2227\"ou \"\u2228\".<\/p>\n<p>Acess\u00f3rios\uff1a<br \/>\nUm par de apoios de ombro\/bra\u00e7o, um par de apoios de bra\u00e7o, um par de placas para as pernas, um ecr\u00e3<\/p>\n<table class=\"wp-list-table widefat fixed striped table-view-list forms\">\n<tbody id=\"the-list\" data-wp-lists=\"list:form\">\n<tr>\n<td class=\"shortcode column-shortcode\" data-colname=\"Shortcode\"><div class=\"wpforms-container wpforms-container-full wpforms-render-modern\" id=\"wpforms-1476\"><form id=\"wpforms-form-1476\" class=\"wpforms-validate wpforms-form wpforms-ajax-form\" data-formid=\"1476\" method=\"post\" enctype=\"multipart\/form-data\" action=\"\/pt\/wp-json\/wp\/v2\/product\/1412\" data-token=\"c6d3003ae40eb61d1c9dcd3e9e08e6bd\" data-trp-original-action=\"\/pt\/wp-json\/wp\/v2\/product\/1412\"><noscript class=\"wpforms-error-noscript\">Active o JavaScript no seu browser para preencher este formul\u00e1rio.<\/noscript><div class=\"wpforms-hidden\" id=\"wpforms-error-noscript\">Active o JavaScript no seu browser para preencher este formul\u00e1rio.<\/div><div class=\"wpforms-field-container\"><div id=\"wpforms-1476-field_1-container\" class=\"wpforms-field wpforms-field-layout\" data-field-id=\"1\"><label class=\"wpforms-field-label wpforms-label-hide\" for=\"wpforms-1476-field_1\" aria-hidden=\"false\">Disposi\u00e7\u00e3o<\/label><div class=\"wpforms-field-layout-columns wpforms-field-layout-preset-50-50\"><div class=\"wpforms-layout-column wpforms-layout-column-50\"><div id=\"wpforms-1476-field_2-container\" class=\"wpforms-field wpforms-field-name\" data-field-id=\"2\"><label class=\"wpforms-field-label\" for=\"wpforms-1476-field_2\">Nome <span class=\"wpforms-required-label\" aria-hidden=\"true\">*<\/span><\/label><input type=\"text\" id=\"wpforms-1476-field_2\" class=\"wpforms-field-medium wpforms-field-required\" name=\"wpforms[fields][2]\" aria-errormessage=\"wpforms-1476-field_2-error\" required><\/div><div id=\"wpforms-1476-field_5-container\" class=\"wpforms-field wpforms-field-phone\" data-field-id=\"5\"><label class=\"wpforms-field-label\" for=\"wpforms-1476-field_5\">Telefone\/WhatsApp <span class=\"wpforms-required-label\" aria-hidden=\"true\">*<\/span><\/label><input type=\"tel\" id=\"wpforms-1476-field_5\" class=\"wpforms-field-medium wpforms-field-required\" data-rule-int-phone-field=\"true\" name=\"wpforms[fields][5]\" aria-errormessage=\"wpforms-1476-field_5-error\" required><\/div><\/div><div class=\"wpforms-layout-column wpforms-layout-column-50\"><div id=\"wpforms-1476-field_3-container\" class=\"wpforms-field wpforms-field-email\" data-field-id=\"3\"><label class=\"wpforms-field-label\" for=\"wpforms-1476-field_3\">Correio eletr\u00f3nico <span class=\"wpforms-required-label\" aria-hidden=\"true\">*<\/span><\/label><input type=\"email\" id=\"wpforms-1476-field_3\" class=\"wpforms-field-medium wpforms-field-required\" name=\"wpforms[fields][3]\" spellcheck=\"false\" aria-errormessage=\"wpforms-1476-field_3-error\" required><\/div><div id=\"wpforms-1476-field_4-container\" class=\"wpforms-field wpforms-field-text\" data-field-id=\"4\"><label class=\"wpforms-field-label\" for=\"wpforms-1476-field_4\">Inqu\u00e9rito<\/label><input type=\"text\" id=\"wpforms-1476-field_4\" class=\"wpforms-field-medium\" name=\"wpforms[fields][4]\" aria-errormessage=\"wpforms-1476-field_4-error\" ><\/div><\/div><\/div><\/div><\/div><!-- .wpforms-field-container --><div class=\"wpforms-recaptcha-container wpforms-is-turnstile\" ><div class=\"g-recaptcha\" data-sitekey=\"0x4AAAAAAAyrnCk3ccFGBLIG\" data-action=\"FormID-1476\"><\/div><input type=\"text\" name=\"g-recaptcha-hidden\" class=\"wpforms-recaptcha-hidden\" style=\"position:absolute!important;clip:rect(0,0,0,0)!important;height:1px!important;width:1px!important;border:0!important;overflow:hidden!important;padding:0!important;margin:0!important;\" data-rule-turnstile=\"1\"><\/div><div class=\"wpforms-submit-container\" ><input type=\"hidden\" name=\"wpforms[id]\" value=\"1476\"><input type=\"hidden\" name=\"wpforms[author]\" value=\"1\"><button type=\"submit\" name=\"wpforms[submit]\" id=\"wpforms-submit-1476\" class=\"wpforms-submit\" data-alt-text=\"Sending...\" data-submit-text=\"Send Inquiry\" aria-live=\"assertive\" value=\"wpforms-submit\">Enviar inqu\u00e9rito<\/button><img decoding=\"async\" src=\"https:\/\/kelingmed.com\/wp-content\/plugins\/wpforms\/assets\/images\/submit-spin.svg\" class=\"wpforms-submit-spinner\" style=\"display: none;\" width=\"26\" height=\"26\" alt=\"Carregamento\"><\/div><input type=\"hidden\" name=\"trp-form-language\" value=\"pt\"\/><\/form><\/div>  <!-- .wpforms-container --><\/td>\n<\/tr>\n<\/tbody>\n<\/table>","protected":false},"excerpt":{"rendered":"<div>\n<table border=\"1\" cellspacing=\"0\">\n<tbody>\n<tr>\n<td height=\"20\">Modo<\/td>\n<td height=\"20\">KL-D-THREE<\/td>\n<\/tr>\n<tr>\n<td height=\"20\">Comprimento<\/td>\n<td height=\"20\">2000\u00b1100mm<\/td>\n<\/tr>\n<tr>\n<td height=\"20\">Largura<\/td>\n<td height=\"20\">520\u00b120mm<\/td>\n<\/tr>\n<tr>\n<td height=\"20\">Ajuste da altura<\/td>\n<td height=\"20\">\uff08700~1100\uff09\u00b150mm<\/td>\n<\/tr>\n<tr>\n<td height=\"20\">Inclina\u00e7\u00e3o\uff08esquerda\uff09 \/ Inclina\u00e7\u00e3o\uff08direita\uff09<\/td>\n<td height=\"20\">\u226518\/ \u226518\u00b0<\/td>\n<\/tr>\n<tr>\n<td height=\"20\">Trendelenburg \/ Rev-Trend<\/td>\n<td height=\"20\">\u226525\u00b0 \/ \u226535\u00b0<\/td>\n<\/tr>\n<tr>\n<td height=\"20\">Cabeceira da cama para cima<\/td>\n<td height=\"20\">\u226550\u00b0<\/td>\n<\/tr>\n<tr>\n<td height=\"20\">Cabe\u00e7a da prancha para baixo<\/td>\n<td height=\"20\">\u226590\u00b0<\/td>\n<\/tr>\n<tr>\n<td height=\"20\">T\u00e1bua de tr\u00e1s para cima<\/td>\n<td height=\"20\">\u226570\u00b0<\/td>\n<\/tr>\n<tr>\n<td height=\"20\">Encosto para baixo<\/td>\n<td height=\"20\">\u226530\u00b0<\/td>\n<\/tr>\n<tr>\n<td height=\"20\">Levantamento da prancha de cintura<\/td>\n<td height=\"20\">100\u00b120mm<\/td>\n<\/tr>\n<\/tbody>\n<\/table>\n<table class=\"wp-list-table widefat fixed striped table-view-list forms\">\n<tbody id=\"the-list\" data-wp-lists=\"list:form\">\n<tr>\n<td class=\"shortcode column-shortcode\" data-colname=\"Shortcode\">\n<div class=\"wpforms-container wpforms-container-full wpforms-render-modern\" id=\"wpforms-1476\">\n<form id=\"wpforms-form-1476\" class=\"wpforms-validate wpforms-form wpforms-ajax-form\" data-formid=\"1476\" method=\"post\" enctype=\"multipart\/form-data\" action=\"\/pt\/wp-json\/wp\/v2\/product\/1412\" data-token=\"c6d3003ae40eb61d1c9dcd3e9e08e6bd\" data-trp-original-action=\"\/pt\/wp-json\/wp\/v2\/product\/1412\"><noscript class=\"wpforms-error-noscript\">Active o JavaScript no seu browser para preencher este formul\u00e1rio.<\/noscript><\/p>\n<div class=\"wpforms-hidden\" id=\"wpforms-error-noscript\">Active o JavaScript no seu browser para preencher este formul\u00e1rio.<\/div>\n<div class=\"wpforms-field-container\">\n<div id=\"wpforms-1476-field_1-container\" class=\"wpforms-field wpforms-field-layout\" data-field-id=\"1\"><label class=\"wpforms-field-label wpforms-label-hide\" for=\"wpforms-1476-field_1\" aria-hidden=\"false\">Disposi\u00e7\u00e3o<\/label><\/p>\n<div class=\"wpforms-field-layout-columns wpforms-field-layout-preset-50-50\">\n<div class=\"wpforms-layout-column wpforms-layout-column-50\">\n<div id=\"wpforms-1476-field_2-container\" class=\"wpforms-field wpforms-field-name\" data-field-id=\"2\"><label class=\"wpforms-field-label\" for=\"wpforms-1476-field_2\">Nome <span class=\"wpforms-required-label\" aria-hidden=\"true\">*<\/span><\/label><input type=\"text\" id=\"wpforms-1476-field_2\" class=\"wpforms-field-medium wpforms-field-required\" name=\"wpforms[fields][2]\" aria-errormessage=\"wpforms-1476-field_2-error\" required><\/div>\n<div id=\"wpforms-1476-field_5-container\" class=\"wpforms-field wpforms-field-phone\" data-field-id=\"5\"><label class=\"wpforms-field-label\" for=\"wpforms-1476-field_5\">Telefone\/WhatsApp <span class=\"wpforms-required-label\" aria-hidden=\"true\">*<\/span><\/label><input type=\"tel\" id=\"wpforms-1476-field_5\" class=\"wpforms-field-medium wpforms-field-required\" data-rule-int-phone-field=\"true\" name=\"wpforms[fields][5]\" aria-errormessage=\"wpforms-1476-field_5-error\" required><\/div>\n<\/div>\n<div class=\"wpforms-layout-column wpforms-layout-column-50\">\n<div id=\"wpforms-1476-field_3-container\" class=\"wpforms-field wpforms-field-email\" data-field-id=\"3\"><label class=\"wpforms-field-label\" for=\"wpforms-1476-field_3\">Correio eletr\u00f3nico <span class=\"wpforms-required-label\" aria-hidden=\"true\">*<\/span><\/label><input type=\"email\" id=\"wpforms-1476-field_3\" class=\"wpforms-field-medium wpforms-field-required\" name=\"wpforms[fields][3]\" spellcheck=\"false\" aria-errormessage=\"wpforms-1476-field_3-error\" required><\/div>\n<div id=\"wpforms-1476-field_4-container\" class=\"wpforms-field wpforms-field-text\" data-field-id=\"4\"><label class=\"wpforms-field-label\" for=\"wpforms-1476-field_4\">Inqu\u00e9rito<\/label><input type=\"text\" id=\"wpforms-1476-field_4\" class=\"wpforms-field-medium\" name=\"wpforms[fields][4]\" aria-errormessage=\"wpforms-1476-field_4-error\" ><\/div>\n<\/div>\n<\/div>\n<\/div>\n<\/div>\n<p><!-- .wpforms-field-container --><\/p>\n<div class=\"wpforms-recaptcha-container wpforms-is-turnstile\" >\n<div class=\"g-recaptcha\" data-sitekey=\"0x4AAAAAAAyrnCk3ccFGBLIG\" data-action=\"FormID-1476\"><\/div>\n<p><input type=\"text\" name=\"g-recaptcha-hidden\" class=\"wpforms-recaptcha-hidden\" style=\"position:absolute!important;clip:rect(0,0,0,0)!important;height:1px!important;width:1px!important;border:0!important;overflow:hidden!important;padding:0!important;margin:0!important;\" data-rule-turnstile=\"1\"><\/div>\n<div class=\"wpforms-submit-container\" ><input type=\"hidden\" name=\"wpforms[id]\" value=\"1476\"><input type=\"hidden\" name=\"wpforms[author]\" value=\"1\"><button type=\"submit\" name=\"wpforms[submit]\" id=\"wpforms-submit-1476\" class=\"wpforms-submit\" data-alt-text=\"Sending...\" data-submit-text=\"Send Inquiry\" aria-live=\"assertive\" value=\"wpforms-submit\">Enviar inqu\u00e9rito<\/button><img decoding=\"async\" src=\"https:\/\/kelingmed.com\/wp-content\/plugins\/wpforms\/assets\/images\/submit-spin.svg\" class=\"wpforms-submit-spinner\" style=\"display: none;\" width=\"26\" height=\"26\" alt=\"Carregamento\"><\/div>\n<input type=\"hidden\" name=\"trp-form-language\" value=\"pt\"\/><\/form>\n<\/div>\n<p>  <!-- .wpforms-container --><\/td>\n<\/tr>\n<\/tbody>\n<\/table>\n<\/div>","protected":false},"featured_media":1440,"template":"","meta":{"site-sidebar-layout":"default","site-content-layout":"","ast-site-content-layout":"default","site-content-style":"default","site-sidebar-style":"default","ast-global-header-display":"","ast-banner-title-visibility":"","ast-main-header-display":"","ast-hfb-above-header-display":"","ast-hfb-below-header-display":"","ast-hfb-mobile-header-display":"","site-post-title":"","ast-breadcrumbs-content":"","ast-featured-img":"","footer-sml-layout":"","theme-transparent-header-meta":"","adv-header-id-meta":"","stick-header-meta":"","header-above-stick-meta":"","header-main-stick-meta":"","header-below-stick-meta":"","astra-migrate-meta-layouts":"default","ast-page-background-enabled":"default","ast-page-background-meta":{"desktop":{"background-color":"var(--ast-global-color-5)","background-image":"","background-repeat":"repeat","background-position":"center center","background-size":"auto","background-attachment":"scroll","background-type":"","background-media":"","overlay-type":"","overlay-color":"","overlay-opacity":"","overlay-gradient":""},"tablet":{"background-color":"","background-image":"","background-repeat":"repeat","background-position":"center center","background-size":"auto","background-attachment":"scroll","background-type":"","background-media":"","overlay-type":"","overlay-color":"","overlay-opacity":"","overlay-gradient":""},"mobile":{"background-color":"","background-image":"","background-repeat":"repeat","background-position":"center center","background-size":"auto","background-attachment":"scroll","background-type":"","background-media":"","overlay-type":"","overlay-color":"","overlay-opacity":"","overlay-gradient":""}},"ast-content-background-meta":{"desktop":{"background-color":"var(--ast-global-color-4)","background-image":"","background-repeat":"repeat","background-position":"center center","background-size":"auto","background-attachment":"scroll","background-type":"","background-media":"","overlay-type":"","overlay-color":"","overlay-opacity":"","overlay-gradient":""},"tablet":{"background-color":"var(--ast-global-color-4)","background-image":"","background-repeat":"repeat","background-position":"center center","background-size":"auto","background-attachment":"scroll","background-type":"","background-media":"","overlay-type":"","overlay-color":"","overlay-opacity":"","overlay-gradient":""},"mobile":{"background-color":"var(--ast-global-color-4)","background-image":"","background-repeat":"repeat","background-position":"center center","background-size":"auto","background-attachment":"scroll","background-type":"","background-media":"","overlay-type":"","overlay-color":"","overlay-opacity":"","overlay-gradient":""}}},"product_brand":[],"product_cat":[25],"product_tag":[],"class_list":{"0":"post-1412","1":"product","2":"type-product","3":"status-publish","4":"has-post-thumbnail","6":"product_cat-surgical-table","7":"desktop-align-left","8":"tablet-align-left","9":"mobile-align-left","11":"first","12":"instock","13":"shipping-taxable","14":"product-type-simple"},"_links":{"self":[{"href":"https:\/\/kelingmed.com\/pt\/wp-json\/wp\/v2\/product\/1412","targetHints":{"allow":["GET"]}}],"collection":[{"href":"https:\/\/kelingmed.com\/pt\/wp-json\/wp\/v2\/product"}],"about":[{"href":"https:\/\/kelingmed.com\/pt\/wp-json\/wp\/v2\/types\/product"}],"wp:featuredmedia":[{"embeddable":true,"href":"https:\/\/kelingmed.com\/pt\/wp-json\/wp\/v2\/media\/1440"}],"wp:attachment":[{"href":"https:\/\/kelingmed.com\/pt\/wp-json\/wp\/v2\/media?parent=1412"}],"wp:term":[{"taxonomy":"product_brand","embeddable":true,"href":"https:\/\/kelingmed.com\/pt\/wp-json\/wp\/v2\/product_brand?post=1412"},{"taxonomy":"product_cat","embeddable":true,"href":"https:\/\/kelingmed.com\/pt\/wp-json\/wp\/v2\/product_cat?post=1412"},{"taxonomy":"product_tag","embeddable":true,"href":"https:\/\/kelingmed.com\/pt\/wp-json\/wp\/v2\/product_tag?post=1412"}],"curies":[{"name":"wp","href":"https:\/\/api.w.org\/{rel}","templated":true}]}}