{"id":1291,"date":"2024-12-26T01:31:32","date_gmt":"2024-12-26T01:31:32","guid":{"rendered":"https:\/\/kelingmed.com\/?post_type=product&#038;p=1291"},"modified":"2024-12-26T01:48:45","modified_gmt":"2024-12-26T01:48:45","slug":"led-surgical-light-kl-led-d78","status":"publish","type":"product","link":"https:\/\/kelingmed.com\/pt\/product\/led-surgical-light-kl-led-d78\/","title":{"rendered":"Luz cir\u00fargica LED-KL-LED-D78"},"content":{"rendered":"<ol>\n<li><b><\/b><strong><b>\u00c2mbito de aplica\u00e7\u00e3o<\/b><\/strong><\/li>\n<\/ol>\n<p>adequado para a ilumina\u00e7\u00e3o de interven\u00e7\u00f5es cir\u00fargicas.<\/p>\n<ol start=\"2\">\n<li><b><\/b><strong><b>Carater\u00edsticas estruturais<\/b><\/strong><\/li>\n<\/ol>\n<p>L\u00e2mpada LED de funcionamento sem sombras Fonte de luz LED, reduz eficazmente o calor.<\/p>\n<p>L\u00e2mpada LED sem sombras com uma vida longa, as vantagens do envelhecimento n\u00e3o s\u00e3o f\u00e1ceis<\/p>\n<p>Bra\u00e7o de l\u00e2mpada com estrutura gimbal, com uma gama m\u00faltipla de movimentos<\/p>\n<p>Estrutura<strong><b>\u00a0<\/b><\/strong>ver figura 1<\/p>\n<p>Princ\u00edpio de funcionamento: A fonte de luz para um \u00fanico ponto com feixe de luz LED convergiu pela intersec\u00e7\u00e3o da lente feita.<br \/>\nO sistema de equil\u00edbrio rotativo da l\u00e2mpada sem sombras foi concebido para satisfazer as necessidades de uma variedade de opera\u00e7\u00f5es cir\u00fargicas, a ilumina\u00e7\u00e3o cir\u00fargica \u00e9 o melhor \u00e2ngulo de rota\u00e7\u00e3o da unidade de rolamento de obras, de modo a que a l\u00e2mpada cir\u00fargica localizada na dire\u00e7\u00e3o da necessidade de opera\u00e7\u00e3o, enquanto aumenta o amortecimento ajust\u00e1vel, de modo a que as luzes cir\u00fargicas movam o punho \u00e9 leve, est\u00e1vel e de posicionamento fi\u00e1vel.<\/p>\n<p>O sistema de equil\u00edbrio funciona por pr\u00e9-compress\u00e3o, a mola de compress\u00e3o para que a l\u00e2mpada equilibre a for\u00e7a exigida pela liga\u00e7\u00e3o da m\u00fasica. O funcionamento da l\u00e2mpada para cima e para baixo \u00e9 confort\u00e1vel e leve. A fonte de alimenta\u00e7\u00e3o de comuta\u00e7\u00e3o de controlo el\u00e9trico, a tens\u00e3o de sa\u00edda est\u00e1vel, capaz de se adaptar aos requisitos da gama de flutua\u00e7\u00e3o de energia da rede de lugares. Diodos emissores de luz em paralelo e depois em s\u00e9rie, e \u00e9 dividido em v\u00e1rios controles separados um \u00fanico diodo emissor de luz, no caso de uma \u00fanica s\u00e9rie de danos, sua ilumina\u00e7\u00e3o de \u2265 40.000 lx.<\/p>\n<p><strong>3. par\u00e2metros t\u00e9cnicos<\/strong><\/p>\n<p>Classe de seguran\u00e7a: Tipo B da classe I<\/p>\n<p>Modo de funcionamento\uff1aFuncionamento cont\u00ednuo<\/p>\n<p>Categoria de equipamento\uff1aEquipamento n\u00e3o AP \/ APG<\/p>\n<p>Prote\u00e7\u00e3o da entrada\uff1aSem fluido de preens\u00e3o<\/p>\n<p>O dispositivo n\u00e3o possui a parte de prote\u00e7\u00e3o do efeito de descarga da desfibrilha\u00e7\u00e3o<\/p>\n<p>O dispositivo n\u00e3o tem entrada e sa\u00edda de sinal<\/p>\n<p>O dispositivo \u00e9 uma instala\u00e7\u00e3o permanente de equipamento<\/p>\n<p><strong>Condi\u00e7\u00f5es normais de trabalho:<\/strong>\u00a0temperatura ambiente:5\u2103~40\u2103<\/p>\n<p>Humidade relativa: \u226480%<\/p>\n<p>Press\u00e3o atmosf\u00e9rica:860hpa~1060hpa<\/p>\n<p>Tens\u00e3o de alimenta\u00e7\u00e3o: 220V 50\/60Hz<\/p>\n<p>Pot\u00eancia de entrada\uff1a 150VA<\/p>\n<p>Illumination\uff1a160\uff0c000lx\u2265Ec\u226580\uff0c000lx<\/p>\n<p>Temperatura de cor\uff1a 6700\u2265Tc\u22653000<\/p>\n<p>Ilumina\u00e7\u00e3o total\uff1a \u22641000w\/m<sup>2<\/sup><\/p>\n<p>Ilumina\u00e7\u00e3o total\/ Ilumina\u00e7\u00e3o\uff1a\u22646mW\/m<sup>2<\/sup>lx<\/p>\n<p>Di\u00e2metro do ponto de luz\uff1a180mm\u00b140mm<\/p>\n<p>d50\uff1a110mm\u00b135mm<\/p>\n<p>50% do di\u00e2metro da regi\u00e3o de luz de ilumina\u00e7\u00e3o central d50 n\u00e3o deve ser inferior a 50% do di\u00e2metro do ponto d10<\/p>\n<p>Profundidade do feixe de luz: \u2265700mm<\/p>\n<p>\u00edndice de restitui\u00e7\u00e3o de cor: 100\u2265Ra\u226585<\/p>\n<p>efeito de shadowess\uff1a<\/p>\n<p>Ilumina\u00e7\u00e3o restante do deflector n\u00e3o inferior a 35%, ilumina\u00e7\u00e3o restante dos dois deflectores n\u00e3o inferior a 38%, ilumina\u00e7\u00e3o restante do tubo da cavidade profunda n\u00e3o inferior a 70% de um deflector e ilumina\u00e7\u00e3o restante do tubo da cavidade profunda n\u00e3o inferior a 32%, dois deflectores e ilumina\u00e7\u00e3o restante do tubo da cavidade profunda n\u00e3o inferior a 34%.<\/p>\n<p>Fus\u00edvel do interrutor de pot\u00eancia: FS5A 250VAC<\/p>\n<p>Pot\u00eancia do LED: DC24V (0,5W\/3V\u00d78)<\/p>\n<p>&nbsp;<\/p>\n<table class=\"wp-list-table widefat fixed striped table-view-list forms\">\n<tbody id=\"the-list\" data-wp-lists=\"list:form\">\n<tr>\n<td class=\"shortcode column-shortcode\" data-colname=\"Shortcode\"><div class=\"wpforms-container wpforms-container-full wpforms-render-modern\" id=\"wpforms-1399\"><form id=\"wpforms-form-1399\" class=\"wpforms-validate wpforms-form wpforms-ajax-form\" data-formid=\"1399\" method=\"post\" enctype=\"multipart\/form-data\" action=\"\/pt\/wp-json\/wp\/v2\/product\/1291\" data-token=\"dc59fd6b52978f5f57666518079e96dc\" data-trp-original-action=\"\/pt\/wp-json\/wp\/v2\/product\/1291\"><noscript class=\"wpforms-error-noscript\">Active o JavaScript no seu browser para preencher este formul\u00e1rio.<\/noscript><div class=\"wpforms-hidden\" id=\"wpforms-error-noscript\">Active o JavaScript no seu browser para preencher este formul\u00e1rio.<\/div><div class=\"wpforms-field-container\"><div id=\"wpforms-1399-field_1-container\" class=\"wpforms-field wpforms-field-layout\" data-field-id=\"1\"><label class=\"wpforms-field-label wpforms-label-hide\" for=\"wpforms-1399-field_1\" aria-hidden=\"false\">Disposi\u00e7\u00e3o<\/label><div class=\"wpforms-field-layout-columns wpforms-field-layout-preset-50-50\"><div class=\"wpforms-layout-column wpforms-layout-column-50\"><div id=\"wpforms-1399-field_2-container\" class=\"wpforms-field wpforms-field-name\" data-field-id=\"2\"><label class=\"wpforms-field-label\" for=\"wpforms-1399-field_2\">Nome <span class=\"wpforms-required-label\" aria-hidden=\"true\">*<\/span><\/label><input type=\"text\" id=\"wpforms-1399-field_2\" class=\"wpforms-field-medium wpforms-field-required\" name=\"wpforms[fields][2]\" aria-errormessage=\"wpforms-1399-field_2-error\" required><\/div><div id=\"wpforms-1399-field_5-container\" class=\"wpforms-field wpforms-field-phone\" data-field-id=\"5\"><label class=\"wpforms-field-label\" for=\"wpforms-1399-field_5\">Telefone\/WhatsApp <span class=\"wpforms-required-label\" aria-hidden=\"true\">*<\/span><\/label><input type=\"tel\" id=\"wpforms-1399-field_5\" class=\"wpforms-field-medium wpforms-field-required\" data-rule-int-phone-field=\"true\" name=\"wpforms[fields][5]\" aria-errormessage=\"wpforms-1399-field_5-error\" required><\/div><\/div><div class=\"wpforms-layout-column wpforms-layout-column-50\"><div id=\"wpforms-1399-field_3-container\" class=\"wpforms-field wpforms-field-email\" data-field-id=\"3\"><label class=\"wpforms-field-label\" for=\"wpforms-1399-field_3\">Correio eletr\u00f3nico <span class=\"wpforms-required-label\" aria-hidden=\"true\">*<\/span><\/label><input type=\"email\" id=\"wpforms-1399-field_3\" class=\"wpforms-field-medium wpforms-field-required\" name=\"wpforms[fields][3]\" spellcheck=\"false\" aria-errormessage=\"wpforms-1399-field_3-error\" required><\/div><div id=\"wpforms-1399-field_4-container\" class=\"wpforms-field wpforms-field-text\" data-field-id=\"4\"><label class=\"wpforms-field-label\" for=\"wpforms-1399-field_4\">Inqu\u00e9rito<\/label><input type=\"text\" id=\"wpforms-1399-field_4\" class=\"wpforms-field-medium\" name=\"wpforms[fields][4]\" aria-errormessage=\"wpforms-1399-field_4-error\" ><\/div><\/div><\/div><\/div><\/div><!-- .wpforms-field-container --><div class=\"wpforms-recaptcha-container wpforms-is-turnstile\" ><div class=\"g-recaptcha\" data-sitekey=\"0x4AAAAAAAyrnCk3ccFGBLIG\" data-action=\"FormID-1399\"><\/div><input type=\"text\" name=\"g-recaptcha-hidden\" class=\"wpforms-recaptcha-hidden\" style=\"position:absolute!important;clip:rect(0,0,0,0)!important;height:1px!important;width:1px!important;border:0!important;overflow:hidden!important;padding:0!important;margin:0!important;\" data-rule-turnstile=\"1\"><\/div><div class=\"wpforms-submit-container\" ><input type=\"hidden\" name=\"wpforms[id]\" value=\"1399\"><input type=\"hidden\" name=\"wpforms[author]\" value=\"1\"><button type=\"submit\" name=\"wpforms[submit]\" id=\"wpforms-submit-1399\" class=\"wpforms-submit\" data-alt-text=\"Sending...\" data-submit-text=\"Send Inquiry\" aria-live=\"assertive\" value=\"wpforms-submit\">Enviar inqu\u00e9rito<\/button><img decoding=\"async\" src=\"https:\/\/kelingmed.com\/wp-content\/plugins\/wpforms\/assets\/images\/submit-spin.svg\" class=\"wpforms-submit-spinner\" style=\"display: none;\" width=\"26\" height=\"26\" alt=\"Carregamento\"><\/div><input type=\"hidden\" name=\"trp-form-language\" value=\"pt\"\/><\/form><\/div>  <!-- .wpforms-container --><\/td>\n<\/tr>\n<\/tbody>\n<\/table>","protected":false},"excerpt":{"rendered":"<div>\n<table border=\"1\" cellspacing=\"0\">\n<tbody>\n<tr>\n<td height=\"20\">Modo<\/td>\n<td height=\"20\">KL-LED.D78\/D78<\/td>\n<\/tr>\n<tr>\n<td height=\"20\">Ilumina\u00e7\u00e3o em lm\uff08lux\uff09<\/td>\n<td height=\"20\">40000 \/160000<\/td>\n<\/tr>\n<tr>\n<td height=\"20\">\u00cdndice de restitui\u00e7\u00e3o de cor\uff08Ra\uff09<\/td>\n<td height=\"20\">100\u2265Ra\u226585<\/td>\n<\/tr>\n<tr>\n<td height=\"20\">\u00cdndice de rending da cor vermelha R9<\/td>\n<td height=\"20\">\u226597<\/td>\n<\/tr>\n<tr>\n<td height=\"20\">Temperatura de cor opcional\uff08K\uff09<\/td>\n<td height=\"20\">6700\u2265Tc\u22653000K<\/td>\n<\/tr>\n<tr>\n<td height=\"20\">N\u00famero de LEDs<\/td>\n<td height=\"20\">84 \/ 84<\/td>\n<\/tr>\n<tr>\n<td height=\"20\">Dura\u00e7\u00e3o m\u00e9dia da l\u00e2mpada \uff08horas\uff09<\/td>\n<td height=\"20\">50,000<\/td>\n<\/tr>\n<tr>\n<td height=\"20\">R\u00e1cio calor\/luz\uff08mW\/m 21x\uff09<\/td>\n<td height=\"20\">&lt;6<\/td>\n<\/tr>\n<tr>\n<td height=\"20\">Alimenta\u00e7\u00e3o el\u00e9ctrica<\/td>\n<td height=\"20\">110-240 V<\/td>\n<\/tr>\n<tr>\n<td height=\"20\">Pot\u00eancia de entrada\uff08VA\uff09<\/td>\n<td height=\"20\">150W\/150W<\/td>\n<\/tr>\n<tr>\n<td height=\"20\">Altura do teto para instala\u00e7\u00e3o\uff08cm\uff09<\/td>\n<td height=\"20\">270-320<\/td>\n<\/tr>\n<tr>\n<td height=\"20\">\u00cdndice de rending da cor verde Rll<\/td>\n<td height=\"20\">\u226597<\/td>\n<\/tr>\n<\/tbody>\n<\/table>\n<table class=\"wp-list-table widefat fixed striped table-view-list forms\">\n<tbody id=\"the-list\" data-wp-lists=\"list:form\">\n<tr>\n<td class=\"shortcode column-shortcode\" data-colname=\"Shortcode\">\n<div class=\"wpforms-container wpforms-container-full wpforms-render-modern\" id=\"wpforms-1399\">\n<form id=\"wpforms-form-1399\" class=\"wpforms-validate wpforms-form wpforms-ajax-form\" data-formid=\"1399\" method=\"post\" enctype=\"multipart\/form-data\" action=\"\/pt\/wp-json\/wp\/v2\/product\/1291\" data-token=\"dc59fd6b52978f5f57666518079e96dc\" data-trp-original-action=\"\/pt\/wp-json\/wp\/v2\/product\/1291\"><noscript class=\"wpforms-error-noscript\">Active o JavaScript no seu browser para preencher este formul\u00e1rio.<\/noscript><\/p>\n<div class=\"wpforms-hidden\" id=\"wpforms-error-noscript\">Active o JavaScript no seu browser para preencher este formul\u00e1rio.<\/div>\n<div class=\"wpforms-field-container\">\n<div id=\"wpforms-1399-field_1-container\" class=\"wpforms-field wpforms-field-layout\" data-field-id=\"1\"><label class=\"wpforms-field-label wpforms-label-hide\" for=\"wpforms-1399-field_1\" aria-hidden=\"false\">Disposi\u00e7\u00e3o<\/label><\/p>\n<div class=\"wpforms-field-layout-columns wpforms-field-layout-preset-50-50\">\n<div class=\"wpforms-layout-column wpforms-layout-column-50\">\n<div id=\"wpforms-1399-field_2-container\" class=\"wpforms-field wpforms-field-name\" data-field-id=\"2\"><label class=\"wpforms-field-label\" for=\"wpforms-1399-field_2\">Nome <span class=\"wpforms-required-label\" aria-hidden=\"true\">*<\/span><\/label><input type=\"text\" id=\"wpforms-1399-field_2\" class=\"wpforms-field-medium wpforms-field-required\" name=\"wpforms[fields][2]\" aria-errormessage=\"wpforms-1399-field_2-error\" required><\/div>\n<div id=\"wpforms-1399-field_5-container\" class=\"wpforms-field wpforms-field-phone\" data-field-id=\"5\"><label class=\"wpforms-field-label\" for=\"wpforms-1399-field_5\">Telefone\/WhatsApp <span class=\"wpforms-required-label\" aria-hidden=\"true\">*<\/span><\/label><input type=\"tel\" id=\"wpforms-1399-field_5\" class=\"wpforms-field-medium wpforms-field-required\" data-rule-int-phone-field=\"true\" name=\"wpforms[fields][5]\" aria-errormessage=\"wpforms-1399-field_5-error\" required><\/div>\n<\/div>\n<div class=\"wpforms-layout-column wpforms-layout-column-50\">\n<div id=\"wpforms-1399-field_3-container\" class=\"wpforms-field wpforms-field-email\" data-field-id=\"3\"><label class=\"wpforms-field-label\" for=\"wpforms-1399-field_3\">Correio eletr\u00f3nico <span class=\"wpforms-required-label\" aria-hidden=\"true\">*<\/span><\/label><input type=\"email\" id=\"wpforms-1399-field_3\" class=\"wpforms-field-medium wpforms-field-required\" name=\"wpforms[fields][3]\" spellcheck=\"false\" aria-errormessage=\"wpforms-1399-field_3-error\" required><\/div>\n<div id=\"wpforms-1399-field_4-container\" class=\"wpforms-field wpforms-field-text\" data-field-id=\"4\"><label class=\"wpforms-field-label\" for=\"wpforms-1399-field_4\">Inqu\u00e9rito<\/label><input type=\"text\" id=\"wpforms-1399-field_4\" class=\"wpforms-field-medium\" name=\"wpforms[fields][4]\" aria-errormessage=\"wpforms-1399-field_4-error\" ><\/div>\n<\/div>\n<\/div>\n<\/div>\n<\/div>\n<p><!-- .wpforms-field-container --><\/p>\n<div class=\"wpforms-recaptcha-container wpforms-is-turnstile\" >\n<div class=\"g-recaptcha\" data-sitekey=\"0x4AAAAAAAyrnCk3ccFGBLIG\" data-action=\"FormID-1399\"><\/div>\n<p><input type=\"text\" name=\"g-recaptcha-hidden\" class=\"wpforms-recaptcha-hidden\" style=\"position:absolute!important;clip:rect(0,0,0,0)!important;height:1px!important;width:1px!important;border:0!important;overflow:hidden!important;padding:0!important;margin:0!important;\" data-rule-turnstile=\"1\"><\/div>\n<div class=\"wpforms-submit-container\" ><input type=\"hidden\" name=\"wpforms[id]\" value=\"1399\"><input type=\"hidden\" name=\"wpforms[author]\" value=\"1\"><button type=\"submit\" name=\"wpforms[submit]\" id=\"wpforms-submit-1399\" class=\"wpforms-submit\" data-alt-text=\"Sending...\" data-submit-text=\"Send Inquiry\" aria-live=\"assertive\" value=\"wpforms-submit\">Enviar inqu\u00e9rito<\/button><img decoding=\"async\" src=\"https:\/\/kelingmed.com\/wp-content\/plugins\/wpforms\/assets\/images\/submit-spin.svg\" class=\"wpforms-submit-spinner\" style=\"display: none;\" width=\"26\" height=\"26\" alt=\"Carregamento\"><\/div>\n<input type=\"hidden\" name=\"trp-form-language\" value=\"pt\"\/><\/form>\n<\/div>\n<p>  <!-- .wpforms-container --><\/td>\n<\/tr>\n<\/tbody>\n<\/table>\n<\/div>","protected":false},"featured_media":1311,"template":"","meta":{"site-sidebar-layout":"default","site-content-layout":"","ast-site-content-layout":"default","site-content-style":"default","site-sidebar-style":"default","ast-global-header-display":"","ast-banner-title-visibility":"","ast-main-header-display":"","ast-hfb-above-header-display":"","ast-hfb-below-header-display":"","ast-hfb-mobile-header-display":"","site-post-title":"","ast-breadcrumbs-content":"","ast-featured-img":"","footer-sml-layout":"","theme-transparent-header-meta":"","adv-header-id-meta":"","stick-header-meta":"","header-above-stick-meta":"","header-main-stick-meta":"","header-below-stick-meta":"","astra-migrate-meta-layouts":"default","ast-page-background-enabled":"default","ast-page-background-meta":{"desktop":{"background-color":"var(--ast-global-color-5)","background-image":"","background-repeat":"repeat","background-position":"center center","background-size":"auto","background-attachment":"scroll","background-type":"","background-media":"","overlay-type":"","overlay-color":"","overlay-opacity":"","overlay-gradient":""},"tablet":{"background-color":"","background-image":"","background-repeat":"repeat","background-position":"center center","background-size":"auto","background-attachment":"scroll","background-type":"","background-media":"","overlay-type":"","overlay-color":"","overlay-opacity":"","overlay-gradient":""},"mobile":{"background-color":"","background-image":"","background-repeat":"repeat","background-position":"center center","background-size":"auto","background-attachment":"scroll","background-type":"","background-media":"","overlay-type":"","overlay-color":"","overlay-opacity":"","overlay-gradient":""}},"ast-content-background-meta":{"desktop":{"background-color":"var(--ast-global-color-4)","background-image":"","background-repeat":"repeat","background-position":"center center","background-size":"auto","background-attachment":"scroll","background-type":"","background-media":"","overlay-type":"","overlay-color":"","overlay-opacity":"","overlay-gradient":""},"tablet":{"background-color":"var(--ast-global-color-4)","background-image":"","background-repeat":"repeat","background-position":"center center","background-size":"auto","background-attachment":"scroll","background-type":"","background-media":"","overlay-type":"","overlay-color":"","overlay-opacity":"","overlay-gradient":""},"mobile":{"background-color":"var(--ast-global-color-4)","background-image":"","background-repeat":"repeat","background-position":"center center","background-size":"auto","background-attachment":"scroll","background-type":"","background-media":"","overlay-type":"","overlay-color":"","overlay-opacity":"","overlay-gradient":""}}},"product_brand":[],"product_cat":[24],"product_tag":[],"class_list":{"0":"post-1291","1":"product","2":"type-product","3":"status-publish","4":"has-post-thumbnail","6":"product_cat-surgical-light","7":"desktop-align-left","8":"tablet-align-left","9":"mobile-align-left","11":"first","12":"instock","13":"shipping-taxable","14":"product-type-simple"},"_links":{"self":[{"href":"https:\/\/kelingmed.com\/pt\/wp-json\/wp\/v2\/product\/1291","targetHints":{"allow":["GET"]}}],"collection":[{"href":"https:\/\/kelingmed.com\/pt\/wp-json\/wp\/v2\/product"}],"about":[{"href":"https:\/\/kelingmed.com\/pt\/wp-json\/wp\/v2\/types\/product"}],"wp:featuredmedia":[{"embeddable":true,"href":"https:\/\/kelingmed.com\/pt\/wp-json\/wp\/v2\/media\/1311"}],"wp:attachment":[{"href":"https:\/\/kelingmed.com\/pt\/wp-json\/wp\/v2\/media?parent=1291"}],"wp:term":[{"taxonomy":"product_brand","embeddable":true,"href":"https:\/\/kelingmed.com\/pt\/wp-json\/wp\/v2\/product_brand?post=1291"},{"taxonomy":"product_cat","embeddable":true,"href":"https:\/\/kelingmed.com\/pt\/wp-json\/wp\/v2\/product_cat?post=1291"},{"taxonomy":"product_tag","embeddable":true,"href":"https:\/\/kelingmed.com\/pt\/wp-json\/wp\/v2\/product_tag?post=1291"}],"curies":[{"name":"wp","href":"https:\/\/api.w.org\/{rel}","templated":true}]}}