{"id":1253,"date":"2024-12-26T01:08:28","date_gmt":"2024-12-26T01:08:28","guid":{"rendered":"https:\/\/kelingmed.com\/?post_type=product&#038;p=1253"},"modified":"2024-12-26T01:22:02","modified_gmt":"2024-12-26T01:22:02","slug":"flat-bed-kl-bc129","status":"publish","type":"product","link":"https:\/\/kelingmed.com\/pt\/product\/flat-bed-kl-bc129\/","title":{"rendered":"Cama plana-KL-BC129"},"content":{"rendered":"<p><strong>Carater\u00edsticas principais<\/strong><\/p>\n<ul>\n<li>O elevador de costas \u00e9 controlado por uma pega.<\/li>\n<li>Plataforma de forma\u00e7\u00e3o de prensa, superf\u00edcie lisa sem cicatrizes de soldadura, pode suportar 250KG.<\/li>\n<li>Guarda-corpos dobr\u00e1veis em forma de L, feitos de tubo dobrado, firmemente instalados, 0 vibra\u00e7\u00e3o, f\u00e1ceis de limpar, anti-entalamento, protegem a seguran\u00e7a do paciente.<\/li>\n<li>Com para-choques para proteger a cama e o doente durante o transporte.<\/li>\n<\/ul>\n<p><strong>Desempenho<\/strong><br \/>\nUm ecr\u00e3 de fun\u00e7\u00f5es de postura<\/p>\n<ul>\n<li>Eleva\u00e7\u00e3o das costas<\/li>\n<\/ul>\n<p><strong>Controlo c\u00f3modo e seguro<\/strong><\/p>\n<ul>\n<li>Rodas silenciosas para uma travagem suave.<\/li>\n<li>Uma pega de funcionamento pode controlar suavemente a eleva\u00e7\u00e3o das costas.<\/li>\n<\/ul>\n<p><strong>Conce\u00e7\u00e3o de seguran\u00e7a<\/strong><\/p>\n<ul>\n<li>Guarda-corpos dobr\u00e1veis em forma de L, feitos de tubo dobrado, firmemente instalados, 0 vibra\u00e7\u00e3o, f\u00e1ceis de limpar, anti-entalamento, protegem a seguran\u00e7a do paciente.<\/li>\n<li>Com para-choques para proteger a cama e o doente durante o transporte.<\/li>\n<li>Com um dispositivo de prote\u00e7\u00e3o extrema, emite um som quando inclinado para a posi\u00e7\u00e3o m\u00e1xima.<\/li>\n<\/ul>\n<p><strong>Materiais de alta qualidade<\/strong><\/p>\n<ul>\n<li>O estrado \u00e9 fabricado em material resistente ao impacto e com um revestimento espesso, com uma forte capacidade de carga.<\/li>\n<li>A cabeceira da cama e o estrado da cama s\u00e3o feitos de material ABS, que \u00e9 antibacteriano e f\u00e1cil de limpar.<\/li>\n<\/ul>\n<p><strong>Personaliza\u00e7\u00e3o<\/strong><br \/>\nA configura\u00e7\u00e3o da cama hospitalar pode ser personalizada de acordo com as necessidades do utilizador, tais como:<br \/>\nModo de funcionamento: El\u00e9trico (vers\u00e3o de luxo multi-fun\u00e7\u00f5es\/vers\u00e3o de cinco fun\u00e7\u00f5es\/vers\u00e3o de tr\u00eas fun\u00e7\u00f5es), manual (vers\u00e3o de quatro batidas\/vers\u00e3o de tr\u00eas batidas\/vers\u00e3o de duas batidas\/vers\u00e3o de uma batida)<br \/>\nEspecifica\u00e7\u00f5es do produto: tamanho, embalagem, acess\u00f3rios<br \/>\nMaterial: Madeira, a\u00e7o inoxid\u00e1vel, ABS, resina transparente de raios X<br \/>\nV\u00e1rias cores: Azul, verde, madeira, etc.<\/p>\n<p>Para mais informa\u00e7\u00f5es sobre o produto, contacte-nos!<\/p>\n<p><strong>Aplica\u00e7\u00f5es<\/strong><br \/>\nHospitais, lares de idosos, centros de reabilita\u00e7\u00e3o, lares, cuidados de alta qualidade.<\/p>\n<div class=\"wpforms-container wpforms-container-full wpforms-render-modern\" id=\"wpforms-737\"><form id=\"wpforms-form-737\" class=\"wpforms-validate wpforms-form wpforms-ajax-form\" data-formid=\"737\" method=\"post\" enctype=\"multipart\/form-data\" action=\"\/pt\/wp-json\/wp\/v2\/product\/1253\" data-token=\"6d40830dd1cdd03b35979059c0c5496f\" data-trp-original-action=\"\/pt\/wp-json\/wp\/v2\/product\/1253\"><noscript class=\"wpforms-error-noscript\">Active o JavaScript no seu browser para preencher este formul\u00e1rio.<\/noscript><div class=\"wpforms-hidden\" id=\"wpforms-error-noscript\">Active o JavaScript no seu browser para preencher este formul\u00e1rio.<\/div><div class=\"wpforms-field-container\"><div id=\"wpforms-737-field_1-container\" class=\"wpforms-field wpforms-field-layout\" data-field-id=\"1\"><label class=\"wpforms-field-label wpforms-label-hide\" for=\"wpforms-737-field_1\" aria-hidden=\"false\">Disposi\u00e7\u00e3o<\/label><div class=\"wpforms-field-layout-columns wpforms-field-layout-preset-50-50\"><div class=\"wpforms-layout-column wpforms-layout-column-50\"><div id=\"wpforms-737-field_2-container\" class=\"wpforms-field wpforms-field-name\" data-field-id=\"2\"><label class=\"wpforms-field-label\" for=\"wpforms-737-field_2\">Nome <span class=\"wpforms-required-label\" aria-hidden=\"true\">*<\/span><\/label><input type=\"text\" id=\"wpforms-737-field_2\" class=\"wpforms-field-medium wpforms-field-required\" name=\"wpforms[fields][2]\" aria-errormessage=\"wpforms-737-field_2-error\" required><\/div><div id=\"wpforms-737-field_5-container\" class=\"wpforms-field wpforms-field-phone\" data-field-id=\"5\"><label class=\"wpforms-field-label\" for=\"wpforms-737-field_5\">Telefone\/WhatsApp <span class=\"wpforms-required-label\" aria-hidden=\"true\">*<\/span><\/label><input type=\"tel\" id=\"wpforms-737-field_5\" class=\"wpforms-field-medium wpforms-field-required\" data-rule-int-phone-field=\"true\" name=\"wpforms[fields][5]\" aria-errormessage=\"wpforms-737-field_5-error\" required><\/div><\/div><div class=\"wpforms-layout-column wpforms-layout-column-50\"><div id=\"wpforms-737-field_3-container\" class=\"wpforms-field wpforms-field-email\" data-field-id=\"3\"><label class=\"wpforms-field-label\" for=\"wpforms-737-field_3\">Correio eletr\u00f3nico <span class=\"wpforms-required-label\" aria-hidden=\"true\">*<\/span><\/label><input type=\"email\" id=\"wpforms-737-field_3\" class=\"wpforms-field-medium wpforms-field-required\" name=\"wpforms[fields][3]\" spellcheck=\"false\" aria-errormessage=\"wpforms-737-field_3-error\" required><\/div><div id=\"wpforms-737-field_4-container\" class=\"wpforms-field wpforms-field-text\" data-field-id=\"4\"><label class=\"wpforms-field-label\" for=\"wpforms-737-field_4\">Inqu\u00e9rito<\/label><input type=\"text\" id=\"wpforms-737-field_4\" class=\"wpforms-field-medium\" name=\"wpforms[fields][4]\" aria-errormessage=\"wpforms-737-field_4-error\" ><\/div><\/div><\/div><\/div><\/div><!-- .wpforms-field-container --><div class=\"wpforms-recaptcha-container wpforms-is-turnstile\" ><div class=\"g-recaptcha\" data-sitekey=\"0x4AAAAAAAyrnCk3ccFGBLIG\" data-action=\"FormID-737\"><\/div><input type=\"text\" name=\"g-recaptcha-hidden\" class=\"wpforms-recaptcha-hidden\" style=\"position:absolute!important;clip:rect(0,0,0,0)!important;height:1px!important;width:1px!important;border:0!important;overflow:hidden!important;padding:0!important;margin:0!important;\" data-rule-turnstile=\"1\"><\/div><div class=\"wpforms-submit-container\" ><input type=\"hidden\" name=\"wpforms[id]\" value=\"737\"><input type=\"hidden\" name=\"wpforms[author]\" value=\"1\"><button type=\"submit\" name=\"wpforms[submit]\" id=\"wpforms-submit-737\" class=\"wpforms-submit\" data-alt-text=\"Sending...\" data-submit-text=\"Send Inquiry\" aria-live=\"assertive\" value=\"wpforms-submit\">Enviar inqu\u00e9rito<\/button><img decoding=\"async\" src=\"https:\/\/kelingmed.com\/wp-content\/plugins\/wpforms\/assets\/images\/submit-spin.svg\" class=\"wpforms-submit-spinner\" style=\"display: none;\" width=\"26\" height=\"26\" alt=\"Carregamento\"><\/div><input type=\"hidden\" name=\"trp-form-language\" value=\"pt\"\/><\/form><\/div>  <!-- .wpforms-container -->","protected":false},"excerpt":{"rendered":"<div>\n<table border=\"1\" cellspacing=\"0\">\n<tbody>\n<tr>\n<td height=\"20\">Tamanho do produto L*W*H<\/td>\n<td height=\"20\">2000*960*500<\/td>\n<\/tr>\n<tr>\n<td height=\"20\">Tamanho da cama<\/td>\n<td height=\"20\">1930*900mm<\/td>\n<\/tr>\n<tr>\n<td height=\"20\">Cabeceira da cama<\/td>\n<td height=\"20\">pode ser personalizado<\/td>\n<\/tr>\n<\/tbody>\n<\/table>\n<div class=\"wpforms-container wpforms-container-full wpforms-render-modern\" id=\"wpforms-737\">\n<form id=\"wpforms-form-737\" class=\"wpforms-validate wpforms-form wpforms-ajax-form\" data-formid=\"737\" method=\"post\" enctype=\"multipart\/form-data\" action=\"\/pt\/wp-json\/wp\/v2\/product\/1253\" data-token=\"6d40830dd1cdd03b35979059c0c5496f\" data-trp-original-action=\"\/pt\/wp-json\/wp\/v2\/product\/1253\"><noscript class=\"wpforms-error-noscript\">Active o JavaScript no seu browser para preencher este formul\u00e1rio.<\/noscript><\/p>\n<div class=\"wpforms-hidden\" id=\"wpforms-error-noscript\">Active o JavaScript no seu browser para preencher este formul\u00e1rio.<\/div>\n<div class=\"wpforms-field-container\">\n<div id=\"wpforms-737-field_1-container\" class=\"wpforms-field wpforms-field-layout\" data-field-id=\"1\"><label class=\"wpforms-field-label wpforms-label-hide\" for=\"wpforms-737-field_1\" aria-hidden=\"false\">Disposi\u00e7\u00e3o<\/label><\/p>\n<div class=\"wpforms-field-layout-columns wpforms-field-layout-preset-50-50\">\n<div class=\"wpforms-layout-column wpforms-layout-column-50\">\n<div id=\"wpforms-737-field_2-container\" class=\"wpforms-field wpforms-field-name\" data-field-id=\"2\"><label class=\"wpforms-field-label\" for=\"wpforms-737-field_2\">Nome <span class=\"wpforms-required-label\" aria-hidden=\"true\">*<\/span><\/label><input type=\"text\" id=\"wpforms-737-field_2\" class=\"wpforms-field-medium wpforms-field-required\" name=\"wpforms[fields][2]\" aria-errormessage=\"wpforms-737-field_2-error\" required><\/div>\n<div id=\"wpforms-737-field_5-container\" class=\"wpforms-field wpforms-field-phone\" data-field-id=\"5\"><label class=\"wpforms-field-label\" for=\"wpforms-737-field_5\">Telefone\/WhatsApp <span class=\"wpforms-required-label\" aria-hidden=\"true\">*<\/span><\/label><input type=\"tel\" id=\"wpforms-737-field_5\" class=\"wpforms-field-medium wpforms-field-required\" data-rule-int-phone-field=\"true\" name=\"wpforms[fields][5]\" aria-errormessage=\"wpforms-737-field_5-error\" required><\/div>\n<\/div>\n<div class=\"wpforms-layout-column wpforms-layout-column-50\">\n<div id=\"wpforms-737-field_3-container\" class=\"wpforms-field wpforms-field-email\" data-field-id=\"3\"><label class=\"wpforms-field-label\" for=\"wpforms-737-field_3\">Correio eletr\u00f3nico <span class=\"wpforms-required-label\" aria-hidden=\"true\">*<\/span><\/label><input type=\"email\" id=\"wpforms-737-field_3\" class=\"wpforms-field-medium wpforms-field-required\" name=\"wpforms[fields][3]\" spellcheck=\"false\" aria-errormessage=\"wpforms-737-field_3-error\" required><\/div>\n<div id=\"wpforms-737-field_4-container\" class=\"wpforms-field wpforms-field-text\" data-field-id=\"4\"><label class=\"wpforms-field-label\" for=\"wpforms-737-field_4\">Inqu\u00e9rito<\/label><input type=\"text\" id=\"wpforms-737-field_4\" class=\"wpforms-field-medium\" name=\"wpforms[fields][4]\" aria-errormessage=\"wpforms-737-field_4-error\" ><\/div>\n<\/div>\n<\/div>\n<\/div>\n<\/div>\n<p><!-- .wpforms-field-container --><\/p>\n<div class=\"wpforms-recaptcha-container wpforms-is-turnstile\" >\n<div class=\"g-recaptcha\" data-sitekey=\"0x4AAAAAAAyrnCk3ccFGBLIG\" data-action=\"FormID-737\"><\/div>\n<p><input type=\"text\" name=\"g-recaptcha-hidden\" class=\"wpforms-recaptcha-hidden\" style=\"position:absolute!important;clip:rect(0,0,0,0)!important;height:1px!important;width:1px!important;border:0!important;overflow:hidden!important;padding:0!important;margin:0!important;\" data-rule-turnstile=\"1\"><\/div>\n<div class=\"wpforms-submit-container\" ><input type=\"hidden\" name=\"wpforms[id]\" value=\"737\"><input type=\"hidden\" name=\"wpforms[author]\" value=\"1\"><button type=\"submit\" name=\"wpforms[submit]\" id=\"wpforms-submit-737\" class=\"wpforms-submit\" data-alt-text=\"Sending...\" data-submit-text=\"Send Inquiry\" aria-live=\"assertive\" value=\"wpforms-submit\">Enviar inqu\u00e9rito<\/button><img decoding=\"async\" src=\"https:\/\/kelingmed.com\/wp-content\/plugins\/wpforms\/assets\/images\/submit-spin.svg\" class=\"wpforms-submit-spinner\" style=\"display: none;\" width=\"26\" height=\"26\" alt=\"Carregamento\"><\/div>\n<input type=\"hidden\" name=\"trp-form-language\" value=\"pt\"\/><\/form>\n<\/div>\n<p>  <!-- .wpforms-container --><\/p>\n<\/div>","protected":false},"featured_media":1272,"template":"","meta":{"site-sidebar-layout":"default","site-content-layout":"","ast-site-content-layout":"default","site-content-style":"default","site-sidebar-style":"default","ast-global-header-display":"","ast-banner-title-visibility":"","ast-main-header-display":"","ast-hfb-above-header-display":"","ast-hfb-below-header-display":"","ast-hfb-mobile-header-display":"","site-post-title":"","ast-breadcrumbs-content":"","ast-featured-img":"","footer-sml-layout":"","theme-transparent-header-meta":"","adv-header-id-meta":"","stick-header-meta":"","header-above-stick-meta":"","header-main-stick-meta":"","header-below-stick-meta":"","astra-migrate-meta-layouts":"default","ast-page-background-enabled":"default","ast-page-background-meta":{"desktop":{"background-color":"var(--ast-global-color-5)","background-image":"","background-repeat":"repeat","background-position":"center center","background-size":"auto","background-attachment":"scroll","background-type":"","background-media":"","overlay-type":"","overlay-color":"","overlay-opacity":"","overlay-gradient":""},"tablet":{"background-color":"","background-image":"","background-repeat":"repeat","background-position":"center center","background-size":"auto","background-attachment":"scroll","background-type":"","background-media":"","overlay-type":"","overlay-color":"","overlay-opacity":"","overlay-gradient":""},"mobile":{"background-color":"","background-image":"","background-repeat":"repeat","background-position":"center center","background-size":"auto","background-attachment":"scroll","background-type":"","background-media":"","overlay-type":"","overlay-color":"","overlay-opacity":"","overlay-gradient":""}},"ast-content-background-meta":{"desktop":{"background-color":"var(--ast-global-color-4)","background-image":"","background-repeat":"repeat","background-position":"center center","background-size":"auto","background-attachment":"scroll","background-type":"","background-media":"","overlay-type":"","overlay-color":"","overlay-opacity":"","overlay-gradient":""},"tablet":{"background-color":"var(--ast-global-color-4)","background-image":"","background-repeat":"repeat","background-position":"center center","background-size":"auto","background-attachment":"scroll","background-type":"","background-media":"","overlay-type":"","overlay-color":"","overlay-opacity":"","overlay-gradient":""},"mobile":{"background-color":"var(--ast-global-color-4)","background-image":"","background-repeat":"repeat","background-position":"center center","background-size":"auto","background-attachment":"scroll","background-type":"","background-media":"","overlay-type":"","overlay-color":"","overlay-opacity":"","overlay-gradient":""}}},"product_brand":[],"product_cat":[21],"product_tag":[],"class_list":{"0":"post-1253","1":"product","2":"type-product","3":"status-publish","4":"has-post-thumbnail","6":"product_cat-hospital-bed","7":"desktop-align-left","8":"tablet-align-left","9":"mobile-align-left","11":"first","12":"instock","13":"shipping-taxable","14":"product-type-simple"},"_links":{"self":[{"href":"https:\/\/kelingmed.com\/pt\/wp-json\/wp\/v2\/product\/1253","targetHints":{"allow":["GET"]}}],"collection":[{"href":"https:\/\/kelingmed.com\/pt\/wp-json\/wp\/v2\/product"}],"about":[{"href":"https:\/\/kelingmed.com\/pt\/wp-json\/wp\/v2\/types\/product"}],"wp:featuredmedia":[{"embeddable":true,"href":"https:\/\/kelingmed.com\/pt\/wp-json\/wp\/v2\/media\/1272"}],"wp:attachment":[{"href":"https:\/\/kelingmed.com\/pt\/wp-json\/wp\/v2\/media?parent=1253"}],"wp:term":[{"taxonomy":"product_brand","embeddable":true,"href":"https:\/\/kelingmed.com\/pt\/wp-json\/wp\/v2\/product_brand?post=1253"},{"taxonomy":"product_cat","embeddable":true,"href":"https:\/\/kelingmed.com\/pt\/wp-json\/wp\/v2\/product_cat?post=1253"},{"taxonomy":"product_tag","embeddable":true,"href":"https:\/\/kelingmed.com\/pt\/wp-json\/wp\/v2\/product_tag?post=1253"}],"curies":[{"name":"wp","href":"https:\/\/api.w.org\/{rel}","templated":true}]}}