{"id":1749,"date":"2024-12-26T02:53:10","date_gmt":"2024-12-26T02:53:10","guid":{"rendered":"https:\/\/kelingmed.com\/?post_type=product&#038;p=1749"},"modified":"2024-12-26T02:59:27","modified_gmt":"2024-12-26T02:59:27","slug":"wheelchair-kl-ly007","status":"publish","type":"product","link":"https:\/\/kelingmed.com\/lv\/product\/wheelchair-kl-ly007\/","title":{"rendered":"Rati\u0146kr\u0113sls-KL-LY007"},"content":{"rendered":"<p>* Salok\u0101ms elektriskais rati\u0146kr\u0113sls, viegli uzglab\u0101jams un p\u0101rn\u0113s\u0101jams<\/p>\n<p>*Uz st\u0101vvietas sl\u012bpum\u0101 automa\u0161\u012bna nesl\u012bd, viegla novieto\u0161ana autost\u0101vviet\u0101<\/p>\n<p>*Papla\u0161in\u0101ts r\u0101mis un riepas, sp\u0113c\u012bga slodzes iztur\u012bba bez deform\u0101cijas<\/p>\n<p>* Liela izm\u0113ra piep\u016b\u0161am\u0101s riepas, \u0113rtas un amortiz\u0113jo\u0161as, iztur\u012bgas pret \u0161\u0137\u0113r\u0161\u013ciem<\/p>\n<p>*Atv\u0113sino\u0161s \u0161\u016bnveida audums \u0113rtai brauk\u0161anai<\/p>\n<p>Kvalit\u0101tes nodro\u0161in\u0101\u0161ana<\/p>\n<p>* Pastiprin\u0101t\u0101 konstrukcija nav viegli deform\u0113jama un boj\u0101jama, un t\u0101s nestsp\u0113ja var sasniegt 100 kg.<\/p>\n<p>* Divi motori darbojas, lai viegli p\u0101rvar\u0113tu \u0161\u0137\u0113r\u0161\u013cus, un tiem ir ilgs akumulatora darb\u012bbas laiks.<\/p>\n<p>Vienm\u0113r\u012bga darb\u012bba<\/p>\n<p>*360\u00b0 kontrolieris, vienk\u0101r\u0161a lieto\u0161ana<\/p>\n<p>* Nodilumiztur\u012bgi univers\u0101lie rite\u0146i, gult\u0146u dekompresijas konstrukcija, \u0113rta triecienu absorbcija<\/p>\n<p>* Liela izm\u0113ra un biezas pneimatisk\u0101s riepas, sp\u0113c\u012bga veiktsp\u0113ja p\u0101r \u0161\u0137\u0113r\u0161\u013ciem, piel\u0101gojamas da\u017e\u0101diem ce\u013ca segumiem.<\/p>\n<p>Dro\u0161\u012bba<\/p>\n<p>*Tur st\u0101vbremze kreisaj\u0101 un labaj\u0101 pus\u0113, kas ir \u0113rta gan st\u016bm\u0113jam, gan lietot\u0101jam.<\/p>\n<p>*Uz st\u0101vvietas sl\u012bpum\u0101 automa\u0161\u012bna nesl\u012bd, viegla novieto\u0161ana autost\u0101vviet\u0101<\/p>\n<p>*Anti-forward jostas josta, pievienojot dro\u0161\u012bbas aizsardz\u012bbu<\/p>\n<p>Humaniz\u0113ts dizains<\/p>\n<p>* Medus \u0161\u016bnu elpojo\u0161s audums, kas uzs\u016bc sviedrus un elpo, nodro\u0161ina \u0113rtu brauk\u0161anu.<\/p>\n<p>* Nesl\u012bdo\u0161as k\u0101ju ped\u0101\u013ci ar no\u0146emamu k\u0101jas dr\u0101nu, te\u013c\u0161 var atp\u016bsties<\/p>\n<p>* Salok\u0101ms dizains, viegli uzglab\u0101jams un p\u0101rn\u0113s\u0101jams<\/p>\n<p>Rati\u0146kr\u0113sla specifik\u0101cijas var piel\u0101got atbilsto\u0161i lietot\u0101ja vajadz\u012bb\u0101m, piem\u0113ram:<\/p>\n<p>\u25a0 Izstr\u0101d\u0101juma tips: manu\u0101lais rati\u0146kr\u0113sls, elektriskais rati\u0146kr\u0113sls utt.<\/p>\n<p>\u25a0 Izstr\u0101d\u0101juma materi\u0101ls: galvaniz\u0101cija, izsmidzin\u0101\u0161ana utt.<\/p>\n<p>\u25a0 Produkta stils: garums, platums, augstums, kr\u0101sa, modelis utt.<\/p>\n<p>\u25a0 Piel\u0101gotie piederumi: tualetes, uzglab\u0101\u0161anas somas, spilveni u. c.<\/p>\n<p>Lai ieg\u016btu s\u012bk\u0101ku inform\u0101ciju par produktu, l\u016bdzu, sazinieties ar mums!<\/p>\n<div class=\"wpforms-container wpforms-container-full wpforms-render-modern\" id=\"wpforms-1785\"><form id=\"wpforms-form-1785\" class=\"wpforms-validate wpforms-form wpforms-ajax-form\" data-formid=\"1785\" method=\"post\" enctype=\"multipart\/form-data\" action=\"\/lv\/wp-json\/wp\/v2\/product\/1749\" data-token=\"928be2eeb3f50404352a6e7f0ffb7c30\" data-trp-original-action=\"\/lv\/wp-json\/wp\/v2\/product\/1749\"><noscript class=\"wpforms-error-noscript\">Lai aizpild\u012btu \u0161o veidlapu, l\u016bdzu, iesp\u0113jojiet JavaScript sav\u0101 p\u0101rl\u016bkprogramm\u0101.<\/noscript><div class=\"wpforms-hidden\" id=\"wpforms-error-noscript\">Lai aizpild\u012btu \u0161o veidlapu, l\u016bdzu, iesp\u0113jojiet JavaScript sav\u0101 p\u0101rl\u016bkprogramm\u0101.<\/div><div class=\"wpforms-field-container\"><div id=\"wpforms-1785-field_1-container\" class=\"wpforms-field wpforms-field-layout\" data-field-id=\"1\"><label class=\"wpforms-field-label wpforms-label-hide\" for=\"wpforms-1785-field_1\" aria-hidden=\"false\">Izk\u0101rtojums<\/label><div class=\"wpforms-field-layout-columns wpforms-field-layout-preset-50-50\"><div class=\"wpforms-layout-column wpforms-layout-column-50\"><div id=\"wpforms-1785-field_2-container\" class=\"wpforms-field wpforms-field-name\" data-field-id=\"2\"><label class=\"wpforms-field-label\" for=\"wpforms-1785-field_2\">Nosaukums <span class=\"wpforms-required-label\" aria-hidden=\"true\">*<\/span><\/label><input type=\"text\" id=\"wpforms-1785-field_2\" class=\"wpforms-field-medium wpforms-field-required\" name=\"wpforms[fields][2]\" aria-errormessage=\"wpforms-1785-field_2-error\" required><\/div><div id=\"wpforms-1785-field_5-container\" class=\"wpforms-field wpforms-field-phone\" data-field-id=\"5\"><label class=\"wpforms-field-label\" for=\"wpforms-1785-field_5\">T\u0101lrunis\/WhatsApp <span class=\"wpforms-required-label\" aria-hidden=\"true\">*<\/span><\/label><input type=\"tel\" id=\"wpforms-1785-field_5\" class=\"wpforms-field-medium wpforms-field-required\" data-rule-int-phone-field=\"true\" name=\"wpforms[fields][5]\" aria-errormessage=\"wpforms-1785-field_5-error\" required><\/div><\/div><div class=\"wpforms-layout-column wpforms-layout-column-50\"><div id=\"wpforms-1785-field_3-container\" class=\"wpforms-field wpforms-field-email\" data-field-id=\"3\"><label class=\"wpforms-field-label\" for=\"wpforms-1785-field_3\">E-pasts <span class=\"wpforms-required-label\" aria-hidden=\"true\">*<\/span><\/label><input type=\"email\" id=\"wpforms-1785-field_3\" class=\"wpforms-field-medium wpforms-field-required\" name=\"wpforms[fields][3]\" spellcheck=\"false\" aria-errormessage=\"wpforms-1785-field_3-error\" required><\/div><div id=\"wpforms-1785-field_4-container\" class=\"wpforms-field wpforms-field-text\" data-field-id=\"4\"><label class=\"wpforms-field-label\" for=\"wpforms-1785-field_4\">Piepras\u012bjums<\/label><input type=\"text\" id=\"wpforms-1785-field_4\" class=\"wpforms-field-medium\" name=\"wpforms[fields][4]\" aria-errormessage=\"wpforms-1785-field_4-error\" ><\/div><\/div><\/div><\/div><\/div><!-- .wpforms-field-container --><div class=\"wpforms-recaptcha-container wpforms-is-turnstile\" ><div class=\"g-recaptcha\" data-sitekey=\"0x4AAAAAAAyrnCk3ccFGBLIG\" data-action=\"FormID-1785\"><\/div><input type=\"text\" name=\"g-recaptcha-hidden\" class=\"wpforms-recaptcha-hidden\" style=\"position:absolute!important;clip:rect(0,0,0,0)!important;height:1px!important;width:1px!important;border:0!important;overflow:hidden!important;padding:0!important;margin:0!important;\" data-rule-turnstile=\"1\"><\/div><div class=\"wpforms-submit-container\" ><input type=\"hidden\" name=\"wpforms[id]\" value=\"1785\"><input type=\"hidden\" name=\"wpforms[author]\" value=\"1\"><button type=\"submit\" name=\"wpforms[submit]\" id=\"wpforms-submit-1785\" class=\"wpforms-submit\" data-alt-text=\"Sending...\" data-submit-text=\"Send Inquiry\" aria-live=\"assertive\" value=\"wpforms-submit\">Nos\u016bt\u012bt piepras\u012bjumu<\/button><img decoding=\"async\" src=\"https:\/\/kelingmed.com\/wp-content\/plugins\/wpforms\/assets\/images\/submit-spin.svg\" class=\"wpforms-submit-spinner\" style=\"display: none;\" width=\"26\" height=\"26\" alt=\"Iekrau\u0161ana\"><\/div><input type=\"hidden\" name=\"trp-form-language\" value=\"lv\"\/><\/form><\/div>  <!-- .wpforms-container -->","protected":false},"excerpt":{"rendered":"<div>\n<table border=\"1\" cellspacing=\"0\">\n<tbody>\n<tr>\n<td height=\"20\">Produkta izm\u0113rs\uff1a<\/td>\n<td height=\"20\">103*49*92 cm<\/td>\n<\/tr>\n<tr>\n<td height=\"20\">S\u0113dek\u013ca spilvens \uff08L*W\uff09\uff1a<\/td>\n<td height=\"20\">37*37 cm<\/td>\n<\/tr>\n<tr>\n<td height=\"20\">S\u0113d\u0113\u0161anas augstums\uff1a<\/td>\n<td height=\"20\">46 cm<\/td>\n<\/tr>\n<tr>\n<td height=\"20\">Neso\u0161\u0101s slodzes\uff1a<\/td>\n<td height=\"20\">100 kg<\/td>\n<\/tr>\n<tr>\n<td height=\"20\">G.W.\uff1a<\/td>\n<td height=\"20\">14 kg<\/td>\n<\/tr>\n<tr>\n<td height=\"20\">N.W.<\/td>\n<td height=\"20\">16 kg<\/td>\n<\/tr>\n<\/tbody>\n<\/table>\n<div class=\"wpforms-container wpforms-container-full wpforms-render-modern\" id=\"wpforms-1785\">\n<form id=\"wpforms-form-1785\" class=\"wpforms-validate wpforms-form wpforms-ajax-form\" data-formid=\"1785\" method=\"post\" enctype=\"multipart\/form-data\" action=\"\/lv\/wp-json\/wp\/v2\/product\/1749\" data-token=\"928be2eeb3f50404352a6e7f0ffb7c30\" data-trp-original-action=\"\/lv\/wp-json\/wp\/v2\/product\/1749\"><noscript class=\"wpforms-error-noscript\">Lai aizpild\u012btu \u0161o veidlapu, l\u016bdzu, iesp\u0113jojiet JavaScript sav\u0101 p\u0101rl\u016bkprogramm\u0101.<\/noscript><\/p>\n<div class=\"wpforms-hidden\" id=\"wpforms-error-noscript\">Lai aizpild\u012btu \u0161o veidlapu, l\u016bdzu, iesp\u0113jojiet JavaScript sav\u0101 p\u0101rl\u016bkprogramm\u0101.<\/div>\n<div class=\"wpforms-field-container\">\n<div id=\"wpforms-1785-field_1-container\" class=\"wpforms-field wpforms-field-layout\" data-field-id=\"1\"><label class=\"wpforms-field-label wpforms-label-hide\" for=\"wpforms-1785-field_1\" aria-hidden=\"false\">Izk\u0101rtojums<\/label><\/p>\n<div class=\"wpforms-field-layout-columns wpforms-field-layout-preset-50-50\">\n<div class=\"wpforms-layout-column wpforms-layout-column-50\">\n<div id=\"wpforms-1785-field_2-container\" class=\"wpforms-field wpforms-field-name\" data-field-id=\"2\"><label class=\"wpforms-field-label\" for=\"wpforms-1785-field_2\">Nosaukums <span class=\"wpforms-required-label\" aria-hidden=\"true\">*<\/span><\/label><input type=\"text\" id=\"wpforms-1785-field_2\" class=\"wpforms-field-medium wpforms-field-required\" name=\"wpforms[fields][2]\" aria-errormessage=\"wpforms-1785-field_2-error\" required><\/div>\n<div id=\"wpforms-1785-field_5-container\" class=\"wpforms-field wpforms-field-phone\" data-field-id=\"5\"><label class=\"wpforms-field-label\" for=\"wpforms-1785-field_5\">T\u0101lrunis\/WhatsApp <span class=\"wpforms-required-label\" aria-hidden=\"true\">*<\/span><\/label><input type=\"tel\" id=\"wpforms-1785-field_5\" class=\"wpforms-field-medium wpforms-field-required\" data-rule-int-phone-field=\"true\" name=\"wpforms[fields][5]\" aria-errormessage=\"wpforms-1785-field_5-error\" required><\/div>\n<\/div>\n<div class=\"wpforms-layout-column wpforms-layout-column-50\">\n<div id=\"wpforms-1785-field_3-container\" class=\"wpforms-field wpforms-field-email\" data-field-id=\"3\"><label class=\"wpforms-field-label\" for=\"wpforms-1785-field_3\">E-pasts <span class=\"wpforms-required-label\" aria-hidden=\"true\">*<\/span><\/label><input type=\"email\" id=\"wpforms-1785-field_3\" class=\"wpforms-field-medium wpforms-field-required\" name=\"wpforms[fields][3]\" spellcheck=\"false\" aria-errormessage=\"wpforms-1785-field_3-error\" required><\/div>\n<div id=\"wpforms-1785-field_4-container\" class=\"wpforms-field wpforms-field-text\" data-field-id=\"4\"><label class=\"wpforms-field-label\" for=\"wpforms-1785-field_4\">Piepras\u012bjums<\/label><input type=\"text\" id=\"wpforms-1785-field_4\" class=\"wpforms-field-medium\" name=\"wpforms[fields][4]\" aria-errormessage=\"wpforms-1785-field_4-error\" ><\/div>\n<\/div>\n<\/div>\n<\/div>\n<\/div>\n<p><!-- .wpforms-field-container --><\/p>\n<div class=\"wpforms-recaptcha-container wpforms-is-turnstile\" >\n<div class=\"g-recaptcha\" data-sitekey=\"0x4AAAAAAAyrnCk3ccFGBLIG\" data-action=\"FormID-1785\"><\/div>\n<p><input type=\"text\" name=\"g-recaptcha-hidden\" class=\"wpforms-recaptcha-hidden\" style=\"position:absolute!important;clip:rect(0,0,0,0)!important;height:1px!important;width:1px!important;border:0!important;overflow:hidden!important;padding:0!important;margin:0!important;\" data-rule-turnstile=\"1\"><\/div>\n<div class=\"wpforms-submit-container\" ><input type=\"hidden\" name=\"wpforms[id]\" value=\"1785\"><input type=\"hidden\" name=\"wpforms[author]\" value=\"1\"><button type=\"submit\" name=\"wpforms[submit]\" id=\"wpforms-submit-1785\" class=\"wpforms-submit\" data-alt-text=\"Sending...\" data-submit-text=\"Send Inquiry\" aria-live=\"assertive\" value=\"wpforms-submit\">Nos\u016bt\u012bt piepras\u012bjumu<\/button><img decoding=\"async\" src=\"https:\/\/kelingmed.com\/wp-content\/plugins\/wpforms\/assets\/images\/submit-spin.svg\" class=\"wpforms-submit-spinner\" style=\"display: none;\" width=\"26\" height=\"26\" alt=\"Iekrau\u0161ana\"><\/div>\n<input type=\"hidden\" name=\"trp-form-language\" value=\"lv\"\/><\/form>\n<\/div>\n<p>  <!-- .wpforms-container --><\/p>\n<\/div>","protected":false},"featured_media":1815,"template":"","meta":{"site-sidebar-layout":"default","site-content-layout":"","ast-site-content-layout":"default","site-content-style":"default","site-sidebar-style":"default","ast-global-header-display":"","ast-banner-title-visibility":"","ast-main-header-display":"","ast-hfb-above-header-display":"","ast-hfb-below-header-display":"","ast-hfb-mobile-header-display":"","site-post-title":"","ast-breadcrumbs-content":"","ast-featured-img":"","footer-sml-layout":"","theme-transparent-header-meta":"","adv-header-id-meta":"","stick-header-meta":"","header-above-stick-meta":"","header-main-stick-meta":"","header-below-stick-meta":"","astra-migrate-meta-layouts":"default","ast-page-background-enabled":"default","ast-page-background-meta":{"desktop":{"background-color":"var(--ast-global-color-5)","background-image":"","background-repeat":"repeat","background-position":"center center","background-size":"auto","background-attachment":"scroll","background-type":"","background-media":"","overlay-type":"","overlay-color":"","overlay-opacity":"","overlay-gradient":""},"tablet":{"background-color":"","background-image":"","background-repeat":"repeat","background-position":"center center","background-size":"auto","background-attachment":"scroll","background-type":"","background-media":"","overlay-type":"","overlay-color":"","overlay-opacity":"","overlay-gradient":""},"mobile":{"background-color":"","background-image":"","background-repeat":"repeat","background-position":"center center","background-size":"auto","background-attachment":"scroll","background-type":"","background-media":"","overlay-type":"","overlay-color":"","overlay-opacity":"","overlay-gradient":""}},"ast-content-background-meta":{"desktop":{"background-color":"var(--ast-global-color-4)","background-image":"","background-repeat":"repeat","background-position":"center center","background-size":"auto","background-attachment":"scroll","background-type":"","background-media":"","overlay-type":"","overlay-color":"","overlay-opacity":"","overlay-gradient":""},"tablet":{"background-color":"var(--ast-global-color-4)","background-image":"","background-repeat":"repeat","background-position":"center center","background-size":"auto","background-attachment":"scroll","background-type":"","background-media":"","overlay-type":"","overlay-color":"","overlay-opacity":"","overlay-gradient":""},"mobile":{"background-color":"var(--ast-global-color-4)","background-image":"","background-repeat":"repeat","background-position":"center center","background-size":"auto","background-attachment":"scroll","background-type":"","background-media":"","overlay-type":"","overlay-color":"","overlay-opacity":"","overlay-gradient":""}}},"product_brand":[],"product_cat":[30],"product_tag":[],"class_list":{"0":"post-1749","1":"product","2":"type-product","3":"status-publish","4":"has-post-thumbnail","6":"product_cat-wheelchair","7":"desktop-align-left","8":"tablet-align-left","9":"mobile-align-left","11":"first","12":"instock","13":"shipping-taxable","14":"product-type-simple"},"_links":{"self":[{"href":"https:\/\/kelingmed.com\/lv\/wp-json\/wp\/v2\/product\/1749","targetHints":{"allow":["GET"]}}],"collection":[{"href":"https:\/\/kelingmed.com\/lv\/wp-json\/wp\/v2\/product"}],"about":[{"href":"https:\/\/kelingmed.com\/lv\/wp-json\/wp\/v2\/types\/product"}],"wp:featuredmedia":[{"embeddable":true,"href":"https:\/\/kelingmed.com\/lv\/wp-json\/wp\/v2\/media\/1815"}],"wp:attachment":[{"href":"https:\/\/kelingmed.com\/lv\/wp-json\/wp\/v2\/media?parent=1749"}],"wp:term":[{"taxonomy":"product_brand","embeddable":true,"href":"https:\/\/kelingmed.com\/lv\/wp-json\/wp\/v2\/product_brand?post=1749"},{"taxonomy":"product_cat","embeddable":true,"href":"https:\/\/kelingmed.com\/lv\/wp-json\/wp\/v2\/product_cat?post=1749"},{"taxonomy":"product_tag","embeddable":true,"href":"https:\/\/kelingmed.com\/lv\/wp-json\/wp\/v2\/product_tag?post=1749"}],"curies":[{"name":"wp","href":"https:\/\/api.w.org\/{rel}","templated":true}]}}