{"id":1490,"date":"2024-12-26T02:21:57","date_gmt":"2024-12-26T02:21:57","guid":{"rendered":"https:\/\/kelingmed.com\/?post_type=product&#038;p=1490"},"modified":"2024-12-26T02:31:10","modified_gmt":"2024-12-26T02:31:10","slug":"abs-medical-trolley-kl-tc009","status":"publish","type":"product","link":"https:\/\/kelingmed.com\/lv\/product\/abs-medical-trolley-kl-tc009\/","title":{"rendered":"ABS medic\u012bnas rati\u0146i-KL-TC009"},"content":{"rendered":"<p>*ABS in\u017eenierijas plastmasas materi\u0101ls, sp\u0113c\u012bga sv\u0113r\u0161anas jauda, viegli t\u012br\u0101ms.<\/p>\n<p>* Sapr\u0101t\u012bgs darba platformas sadal\u012bjums<\/p>\n<p>*Glab\u0101\u0161anas telpu var piel\u0101got, t\u0101 ir elast\u012bga un regul\u0113jama<\/p>\n<p>* Piln\u012bgas funkcijas, viegli lietojamas<\/p>\n<p>*Nomulcin\u0101t\u0101s sliedes un rite\u0146i nodro\u0161ina vienm\u0113r\u012bgu un dro\u0161u darb\u012bbu<\/p>\n<p>*da\u017e\u0101di piederumi, p\u0113c izv\u0113les<\/p>\n<p>Sapr\u0101t\u012bga darba platforma<\/p>\n<p>* Galven\u0101 darba platforma ir izgatavota no ABS materi\u0101la, ar ieliektu dizainu, un galds ir iestr\u0101d\u0101ts ar m\u012bkstu stiklu.<\/p>\n<p>*Sl\u0113pts pal\u012bgdarbgalds, uz kura var uz laiku novietot priek\u0161metus.<\/p>\n<p>*Defibrilatora platform\u0101 var novietot medic\u012bnisko apr\u012bkojumu, piem\u0113ram, kl\u0113pjdatorus vai EKG testerus.<\/p>\n<p>Elast\u012bga uzglab\u0101\u0161anas vieta<\/p>\n<p>* Atvilktnei ir tr\u012bs specifik\u0101cijas - liela, vid\u0113ja un maza, ar regul\u0113jam\u0101m starpsien\u0101m iek\u0161pus\u0113, apr\u012bkota ar centr\u0101lo sl\u0113dzeni un ievieto\u0161anas karti.<\/p>\n<p>*Telpas ietilp\u012bba ir pietiekama, var piel\u0101got daudzumu, stilu un kr\u0101su<\/p>\n<p>Deta\u013cu dizains<\/p>\n<p>*Tr\u012bsk\u0101r\u0161a klus\u0101 sliedes josla nodro\u0161ina klus\u0101ku un vienm\u0113r\u012bg\u0101ku darb\u012bbu.<\/p>\n<p>*304 ner\u016bs\u0113jo\u0161\u0101 t\u0113rauda margas, lai nov\u0113rstu priek\u0161metu izkri\u0161anu<\/p>\n<p>*Univers\u0101lie klusie rite\u0146i ar brem\u017eu funkciju<\/p>\n<p>Augstas kvalit\u0101tes materi\u0101ls<\/p>\n<p>* Galvenok\u0101rt izgatavots no sabiezin\u0101tas ABS in\u017eenierijas plastmasas materi\u0101la, viegli t\u012br\u0101ms<\/p>\n<p>* Alum\u012bnija sakaus\u0113juma kolonnai ir augsta iztur\u012bba, sp\u0113c\u012bga nestsp\u0113ja un liel\u0101ka stabilit\u0101te<\/p>\n<p>Komplekt\u0101 piederumi<\/p>\n<p>*6*4 \u0161arn\u012bra \u0101\u0137a inf\u016bzijas stat\u012bvs, regul\u0113jams augstums<\/p>\n<p>* Grozos, atkritumu tvertn\u0113s un sapl\u0113stu adatu spain\u012b\u0161os var sapr\u0101t\u012bgi glab\u0101t p\u0101rtikas preces un medic\u012bniskos atkritumus.<\/p>\n<p>*Defibril\u0101cijas l\u0101psti\u0146as un sk\u0101bek\u013ca balonus var sapr\u0101t\u012bgi novietot aizmugur\u0113 un piek\u0101rt glab\u0101\u0161anai.<\/p>\n<p>* Vair\u0101k opciju: failu kast\u012bte, z\u0101\u013cu paliktnis, elektr\u012bbas ligzda u. c.<\/p>\n<p>Medic\u012bnas rati\u0146u specifik\u0101cijas var piel\u0101got atbilsto\u0161i lietot\u0101ja vajadz\u012bb\u0101m, piem\u0113ram:<\/p>\n<p>\u25a0 Produkta funkcija: neatliekam\u0101s pal\u012bdz\u012bbas transportl\u012bdzeklis, z\u0101\u013cu pieg\u0101des transportl\u012bdzeklis, anest\u0113zijas transportl\u012bdzeklis, net\u012brumu transportl\u012bdzeklis utt.<\/p>\n<p>\u25a0 Produkta izm\u0113rs: pieejami da\u017e\u0101di izm\u0113ri<\/p>\n<p>\u25a0 Izstr\u0101d\u0101juma materi\u0101ls: plastmasa t\u0113rauds, ABS, ner\u016bs\u0113jo\u0161ais t\u0113rauds<\/p>\n<p>\u25a0 Produkta kr\u0101sa: zila, dzeltena, sarkana, kr\u0101saina utt.<\/p>\n<p>\u25a0 Aksesu\u0101ru izv\u0113le: defibril\u0101cijas l\u0101psti\u0146a, grozs, net\u012brumu spainis, failu kaste u. c.<\/p>\n<p>Lai ieg\u016btu s\u012bk\u0101ku inform\u0101ciju par produktu, l\u016bdzu, sazinieties ar mums!<\/p>\n<table class=\"wp-list-table widefat fixed striped table-view-list forms\">\n<tbody id=\"the-list\" data-wp-lists=\"list:form\">\n<tr>\n<td class=\"shortcode column-shortcode\" data-colname=\"Shortcode\"><div class=\"wpforms-container wpforms-container-full wpforms-render-modern\" id=\"wpforms-1562\"><form id=\"wpforms-form-1562\" class=\"wpforms-validate wpforms-form wpforms-ajax-form\" data-formid=\"1562\" method=\"post\" enctype=\"multipart\/form-data\" action=\"\/lv\/wp-json\/wp\/v2\/product\/1490\" data-token=\"235dae0c1b6bbe96b3ae7d8166ae6661\" data-trp-original-action=\"\/lv\/wp-json\/wp\/v2\/product\/1490\"><noscript class=\"wpforms-error-noscript\">Lai aizpild\u012btu \u0161o veidlapu, l\u016bdzu, iesp\u0113jojiet JavaScript sav\u0101 p\u0101rl\u016bkprogramm\u0101.<\/noscript><div class=\"wpforms-hidden\" id=\"wpforms-error-noscript\">Lai aizpild\u012btu \u0161o veidlapu, l\u016bdzu, iesp\u0113jojiet JavaScript sav\u0101 p\u0101rl\u016bkprogramm\u0101.<\/div><div class=\"wpforms-field-container\"><div id=\"wpforms-1562-field_1-container\" class=\"wpforms-field wpforms-field-layout\" data-field-id=\"1\"><label class=\"wpforms-field-label wpforms-label-hide\" for=\"wpforms-1562-field_1\" aria-hidden=\"false\">Izk\u0101rtojums<\/label><div class=\"wpforms-field-layout-columns wpforms-field-layout-preset-50-50\"><div class=\"wpforms-layout-column wpforms-layout-column-50\"><div id=\"wpforms-1562-field_2-container\" class=\"wpforms-field wpforms-field-name\" data-field-id=\"2\"><label class=\"wpforms-field-label\" for=\"wpforms-1562-field_2\">Nosaukums <span class=\"wpforms-required-label\" aria-hidden=\"true\">*<\/span><\/label><input type=\"text\" id=\"wpforms-1562-field_2\" class=\"wpforms-field-medium wpforms-field-required\" name=\"wpforms[fields][2]\" aria-errormessage=\"wpforms-1562-field_2-error\" required><\/div><div id=\"wpforms-1562-field_5-container\" class=\"wpforms-field wpforms-field-phone\" data-field-id=\"5\"><label class=\"wpforms-field-label\" for=\"wpforms-1562-field_5\">T\u0101lrunis\/WhatsApp <span class=\"wpforms-required-label\" aria-hidden=\"true\">*<\/span><\/label><input type=\"tel\" id=\"wpforms-1562-field_5\" class=\"wpforms-field-medium wpforms-field-required\" data-rule-int-phone-field=\"true\" name=\"wpforms[fields][5]\" aria-errormessage=\"wpforms-1562-field_5-error\" required><\/div><\/div><div class=\"wpforms-layout-column wpforms-layout-column-50\"><div id=\"wpforms-1562-field_3-container\" class=\"wpforms-field wpforms-field-email\" data-field-id=\"3\"><label class=\"wpforms-field-label\" for=\"wpforms-1562-field_3\">E-pasts <span class=\"wpforms-required-label\" aria-hidden=\"true\">*<\/span><\/label><input type=\"email\" id=\"wpforms-1562-field_3\" class=\"wpforms-field-medium wpforms-field-required\" name=\"wpforms[fields][3]\" spellcheck=\"false\" aria-errormessage=\"wpforms-1562-field_3-error\" required><\/div><div id=\"wpforms-1562-field_4-container\" class=\"wpforms-field wpforms-field-text\" data-field-id=\"4\"><label class=\"wpforms-field-label\" for=\"wpforms-1562-field_4\">Piepras\u012bjums<\/label><input type=\"text\" id=\"wpforms-1562-field_4\" class=\"wpforms-field-medium\" name=\"wpforms[fields][4]\" aria-errormessage=\"wpforms-1562-field_4-error\" ><\/div><\/div><\/div><\/div><\/div><!-- .wpforms-field-container --><div class=\"wpforms-recaptcha-container wpforms-is-turnstile\" ><div class=\"g-recaptcha\" data-sitekey=\"0x4AAAAAAAyrnCk3ccFGBLIG\" data-action=\"FormID-1562\"><\/div><input type=\"text\" name=\"g-recaptcha-hidden\" class=\"wpforms-recaptcha-hidden\" style=\"position:absolute!important;clip:rect(0,0,0,0)!important;height:1px!important;width:1px!important;border:0!important;overflow:hidden!important;padding:0!important;margin:0!important;\" data-rule-turnstile=\"1\"><\/div><div class=\"wpforms-submit-container\" ><input type=\"hidden\" name=\"wpforms[id]\" value=\"1562\"><input type=\"hidden\" name=\"wpforms[author]\" value=\"1\"><button type=\"submit\" name=\"wpforms[submit]\" id=\"wpforms-submit-1562\" class=\"wpforms-submit\" data-alt-text=\"Sending...\" data-submit-text=\"Send Inquiry\" aria-live=\"assertive\" value=\"wpforms-submit\">Nos\u016bt\u012bt piepras\u012bjumu<\/button><img decoding=\"async\" src=\"https:\/\/kelingmed.com\/wp-content\/plugins\/wpforms\/assets\/images\/submit-spin.svg\" class=\"wpforms-submit-spinner\" style=\"display: none;\" width=\"26\" height=\"26\" alt=\"Iekrau\u0161ana\"><\/div><input type=\"hidden\" name=\"trp-form-language\" value=\"lv\"\/><\/form><\/div>  <!-- .wpforms-container --><\/td>\n<\/tr>\n<\/tbody>\n<\/table>","protected":false},"excerpt":{"rendered":"<div>\n<table border=\"1\" cellspacing=\"0\">\n<tbody>\n<tr>\n<td height=\"20\">Darba virsma\uff1a3<\/td>\n<\/tr>\n<tr>\n<td height=\"20\">Uzglab\u0101\u0161anas vietu var piel\u0101got:liela, vid\u0113ja, maza utt.<\/td>\n<\/tr>\n<tr>\n<td height=\"20\">6*4 \u0161arn\u012bra \u0101\u0137a inf\u016bzijas stat\u012bvs\uff1a1<\/td>\n<\/tr>\n<tr>\n<td height=\"20\">Aizsargi\uff1a1<\/td>\n<\/tr>\n<tr>\n<td height=\"20\">Izklaid\u0113jo\u0161ie rite\u0146i\uff1a4 \uff082 no tiem ar bremz\u0113m\uff09.<\/td>\n<\/tr>\n<tr>\n<td height=\"20\">Piederumus var piel\u0101got: defibril\u0101cijas pl\u0101ksne, grozs, net\u012brumu spainis utt.<\/td>\n<\/tr>\n<\/tbody>\n<\/table>\n<table class=\"wp-list-table widefat fixed striped table-view-list forms\">\n<tbody id=\"the-list\" data-wp-lists=\"list:form\">\n<tr>\n<td class=\"shortcode column-shortcode\" data-colname=\"Shortcode\">\n<div class=\"wpforms-container wpforms-container-full wpforms-render-modern\" id=\"wpforms-1562\">\n<form id=\"wpforms-form-1562\" class=\"wpforms-validate wpforms-form wpforms-ajax-form\" data-formid=\"1562\" method=\"post\" enctype=\"multipart\/form-data\" action=\"\/lv\/wp-json\/wp\/v2\/product\/1490\" data-token=\"235dae0c1b6bbe96b3ae7d8166ae6661\" data-trp-original-action=\"\/lv\/wp-json\/wp\/v2\/product\/1490\"><noscript class=\"wpforms-error-noscript\">Lai aizpild\u012btu \u0161o veidlapu, l\u016bdzu, iesp\u0113jojiet JavaScript sav\u0101 p\u0101rl\u016bkprogramm\u0101.<\/noscript><\/p>\n<div class=\"wpforms-hidden\" id=\"wpforms-error-noscript\">Lai aizpild\u012btu \u0161o veidlapu, l\u016bdzu, iesp\u0113jojiet JavaScript sav\u0101 p\u0101rl\u016bkprogramm\u0101.<\/div>\n<div class=\"wpforms-field-container\">\n<div id=\"wpforms-1562-field_1-container\" class=\"wpforms-field wpforms-field-layout\" data-field-id=\"1\"><label class=\"wpforms-field-label wpforms-label-hide\" for=\"wpforms-1562-field_1\" aria-hidden=\"false\">Izk\u0101rtojums<\/label><\/p>\n<div class=\"wpforms-field-layout-columns wpforms-field-layout-preset-50-50\">\n<div class=\"wpforms-layout-column wpforms-layout-column-50\">\n<div id=\"wpforms-1562-field_2-container\" class=\"wpforms-field wpforms-field-name\" data-field-id=\"2\"><label class=\"wpforms-field-label\" for=\"wpforms-1562-field_2\">Nosaukums <span class=\"wpforms-required-label\" aria-hidden=\"true\">*<\/span><\/label><input type=\"text\" id=\"wpforms-1562-field_2\" class=\"wpforms-field-medium wpforms-field-required\" name=\"wpforms[fields][2]\" aria-errormessage=\"wpforms-1562-field_2-error\" required><\/div>\n<div id=\"wpforms-1562-field_5-container\" class=\"wpforms-field wpforms-field-phone\" data-field-id=\"5\"><label class=\"wpforms-field-label\" for=\"wpforms-1562-field_5\">T\u0101lrunis\/WhatsApp <span class=\"wpforms-required-label\" aria-hidden=\"true\">*<\/span><\/label><input type=\"tel\" id=\"wpforms-1562-field_5\" class=\"wpforms-field-medium wpforms-field-required\" data-rule-int-phone-field=\"true\" name=\"wpforms[fields][5]\" aria-errormessage=\"wpforms-1562-field_5-error\" required><\/div>\n<\/div>\n<div class=\"wpforms-layout-column wpforms-layout-column-50\">\n<div id=\"wpforms-1562-field_3-container\" class=\"wpforms-field wpforms-field-email\" data-field-id=\"3\"><label class=\"wpforms-field-label\" for=\"wpforms-1562-field_3\">E-pasts <span class=\"wpforms-required-label\" aria-hidden=\"true\">*<\/span><\/label><input type=\"email\" id=\"wpforms-1562-field_3\" class=\"wpforms-field-medium wpforms-field-required\" name=\"wpforms[fields][3]\" spellcheck=\"false\" aria-errormessage=\"wpforms-1562-field_3-error\" required><\/div>\n<div id=\"wpforms-1562-field_4-container\" class=\"wpforms-field wpforms-field-text\" data-field-id=\"4\"><label class=\"wpforms-field-label\" for=\"wpforms-1562-field_4\">Piepras\u012bjums<\/label><input type=\"text\" id=\"wpforms-1562-field_4\" class=\"wpforms-field-medium\" name=\"wpforms[fields][4]\" aria-errormessage=\"wpforms-1562-field_4-error\" ><\/div>\n<\/div>\n<\/div>\n<\/div>\n<\/div>\n<p><!-- .wpforms-field-container --><\/p>\n<div class=\"wpforms-recaptcha-container wpforms-is-turnstile\" >\n<div class=\"g-recaptcha\" data-sitekey=\"0x4AAAAAAAyrnCk3ccFGBLIG\" data-action=\"FormID-1562\"><\/div>\n<p><input type=\"text\" name=\"g-recaptcha-hidden\" class=\"wpforms-recaptcha-hidden\" style=\"position:absolute!important;clip:rect(0,0,0,0)!important;height:1px!important;width:1px!important;border:0!important;overflow:hidden!important;padding:0!important;margin:0!important;\" data-rule-turnstile=\"1\"><\/div>\n<div class=\"wpforms-submit-container\" ><input type=\"hidden\" name=\"wpforms[id]\" value=\"1562\"><input type=\"hidden\" name=\"wpforms[author]\" value=\"1\"><button type=\"submit\" name=\"wpforms[submit]\" id=\"wpforms-submit-1562\" class=\"wpforms-submit\" data-alt-text=\"Sending...\" data-submit-text=\"Send Inquiry\" aria-live=\"assertive\" value=\"wpforms-submit\">Nos\u016bt\u012bt piepras\u012bjumu<\/button><img decoding=\"async\" src=\"https:\/\/kelingmed.com\/wp-content\/plugins\/wpforms\/assets\/images\/submit-spin.svg\" class=\"wpforms-submit-spinner\" style=\"display: none;\" width=\"26\" height=\"26\" alt=\"Iekrau\u0161ana\"><\/div>\n<input type=\"hidden\" name=\"trp-form-language\" value=\"lv\"\/><\/form>\n<\/div>\n<p>  <!-- .wpforms-container --><\/td>\n<\/tr>\n<\/tbody>\n<\/table>\n<\/div>","protected":false},"featured_media":1530,"template":"","meta":{"site-sidebar-layout":"default","site-content-layout":"","ast-site-content-layout":"default","site-content-style":"default","site-sidebar-style":"default","ast-global-header-display":"","ast-banner-title-visibility":"","ast-main-header-display":"","ast-hfb-above-header-display":"","ast-hfb-below-header-display":"","ast-hfb-mobile-header-display":"","site-post-title":"","ast-breadcrumbs-content":"","ast-featured-img":"","footer-sml-layout":"","theme-transparent-header-meta":"","adv-header-id-meta":"","stick-header-meta":"","header-above-stick-meta":"","header-main-stick-meta":"","header-below-stick-meta":"","astra-migrate-meta-layouts":"default","ast-page-background-enabled":"default","ast-page-background-meta":{"desktop":{"background-color":"var(--ast-global-color-5)","background-image":"","background-repeat":"repeat","background-position":"center center","background-size":"auto","background-attachment":"scroll","background-type":"","background-media":"","overlay-type":"","overlay-color":"","overlay-opacity":"","overlay-gradient":""},"tablet":{"background-color":"","background-image":"","background-repeat":"repeat","background-position":"center center","background-size":"auto","background-attachment":"scroll","background-type":"","background-media":"","overlay-type":"","overlay-color":"","overlay-opacity":"","overlay-gradient":""},"mobile":{"background-color":"","background-image":"","background-repeat":"repeat","background-position":"center center","background-size":"auto","background-attachment":"scroll","background-type":"","background-media":"","overlay-type":"","overlay-color":"","overlay-opacity":"","overlay-gradient":""}},"ast-content-background-meta":{"desktop":{"background-color":"var(--ast-global-color-4)","background-image":"","background-repeat":"repeat","background-position":"center center","background-size":"auto","background-attachment":"scroll","background-type":"","background-media":"","overlay-type":"","overlay-color":"","overlay-opacity":"","overlay-gradient":""},"tablet":{"background-color":"var(--ast-global-color-4)","background-image":"","background-repeat":"repeat","background-position":"center center","background-size":"auto","background-attachment":"scroll","background-type":"","background-media":"","overlay-type":"","overlay-color":"","overlay-opacity":"","overlay-gradient":""},"mobile":{"background-color":"var(--ast-global-color-4)","background-image":"","background-repeat":"repeat","background-position":"center center","background-size":"auto","background-attachment":"scroll","background-type":"","background-media":"","overlay-type":"","overlay-color":"","overlay-opacity":"","overlay-gradient":""}}},"product_brand":[],"product_cat":[26],"product_tag":[],"class_list":{"0":"post-1490","1":"product","2":"type-product","3":"status-publish","4":"has-post-thumbnail","6":"product_cat-medical-trolley","7":"desktop-align-left","8":"tablet-align-left","9":"mobile-align-left","11":"first","12":"instock","13":"shipping-taxable","14":"product-type-simple"},"_links":{"self":[{"href":"https:\/\/kelingmed.com\/lv\/wp-json\/wp\/v2\/product\/1490","targetHints":{"allow":["GET"]}}],"collection":[{"href":"https:\/\/kelingmed.com\/lv\/wp-json\/wp\/v2\/product"}],"about":[{"href":"https:\/\/kelingmed.com\/lv\/wp-json\/wp\/v2\/types\/product"}],"wp:featuredmedia":[{"embeddable":true,"href":"https:\/\/kelingmed.com\/lv\/wp-json\/wp\/v2\/media\/1530"}],"wp:attachment":[{"href":"https:\/\/kelingmed.com\/lv\/wp-json\/wp\/v2\/media?parent=1490"}],"wp:term":[{"taxonomy":"product_brand","embeddable":true,"href":"https:\/\/kelingmed.com\/lv\/wp-json\/wp\/v2\/product_brand?post=1490"},{"taxonomy":"product_cat","embeddable":true,"href":"https:\/\/kelingmed.com\/lv\/wp-json\/wp\/v2\/product_cat?post=1490"},{"taxonomy":"product_tag","embeddable":true,"href":"https:\/\/kelingmed.com\/lv\/wp-json\/wp\/v2\/product_tag?post=1490"}],"curies":[{"name":"wp","href":"https:\/\/api.w.org\/{rel}","templated":true}]}}