{"id":1306,"date":"2024-12-26T01:31:33","date_gmt":"2024-12-26T01:31:33","guid":{"rendered":"https:\/\/kelingmed.com\/?post_type=product&#038;p=1306"},"modified":"2024-12-26T01:55:41","modified_gmt":"2024-12-26T01:55:41","slug":"caurums-tipa-kirurgisko-bezenu-gaismas-kl09l","status":"publish","type":"product","link":"https:\/\/kelingmed.com\/lv\/product\/caurums-tipa-kirurgisko-bezenu-gaismas-kl09l\/","title":{"rendered":"Hole tipa \u0137irur\u0123isk\u0101 gaisma bez \u0113nas-KL09L"},"content":{"rendered":"<p><strong>Darb\u012bbas pras\u012bbas:<\/strong><\/p>\n<ol>\n<li><strong>Iek\u0101rtas galvenais materi\u0101ls:<\/strong> Luktura galva ir izgatavota no viengabala alum\u012bnija sakaus\u0113juma, kas lieliski izvada siltumu, t\u0101d\u0113j\u0101di pagarinot LED lukturu kalpo\u0161anas laiku.<\/li>\n<li><strong>Citi materi\u0101li:<\/strong> Tit\u0101na sakaus\u0113juma lielajam r\u0101mim nav metin\u0101\u0161anas, nodro\u0161inot, ka katrs le\u0146\u0137is ir 90\u00b0, kas garant\u0113 prec\u012bzu pozicion\u0113\u0161anu un nenovirz\u0101s bezt\u0113n\u0101s gaisma.<\/li>\n<li><strong>Import\u0113ta atsperes roka:<\/strong> Atsperes rokturis nodro\u0161ina elast\u012bgu vertik\u0101lo regul\u0113\u0161anu.<\/li>\n<li><strong>Gaismas avots:<\/strong> Import\u0113tajam LED aukst\u0101s gaismas avotam nav infrasarkan\u0101 starojuma, un t\u0101 nanop\u0101rkl\u0101jums nodro\u0161ina optim\u0101lu siltuma izkliedi. Tas efekt\u012bvi nov\u0113r\u0161 mitruma zudumu un infekciju \u0137irur\u0123iskaj\u0101 br\u016bc\u0113, veicinot \u0101tru atvese\u013co\u0161anos p\u0113c oper\u0101cijas.<\/li>\n<li><strong>Spilgtuma regul\u0113\u0161ana:<\/strong> LED spilgtuma regul\u0113\u0161ana ir bezpak\u0101pju digit\u0101l\u0101, kas \u013cauj operatoriem piel\u0101got spilgtumu atbilsto\u0161i sav\u0101m v\u0113lm\u0113m.<\/li>\n<li><strong>Vietas lieluma regul\u0113\u0161ana:<\/strong> Funkcija fokus\u0113jama punkta diametra funkcija.<\/li>\n<li><strong>P\u0101rsl\u0113dzams baro\u0161anas avots:<\/strong> Sprieguma kontrolei izmanto import\u0113tu komut\u0101cijas baro\u0161anas avotu, kas nodro\u0161ina, ka darba spriegums vienm\u0113r ir stabils.<\/li>\n<li><strong>No\u0146emams roktura v\u0101ks:<\/strong> Viegli t\u012br\u0101ms un dezinfic\u0113jams.<\/li>\n<li><strong>Gaismas avota kalpo\u0161anas laiks:<\/strong> Vid\u0113jais kalpo\u0161anas laiks ir 50 000 stundas.<\/li>\n<li><strong>Bezt\u0113nu efekts (Viens Baffle):<\/strong> Ja staru k\u016bli blo\u0137\u0113 viena starpsiena, apgaismojumam punkta centr\u0101 nevajadz\u0113tu b\u016bt maz\u0101kam par 35% no centra apgaismojuma.<\/li>\n<li><strong>Bezt\u0113nu efekts (Divi Baffles):<\/strong> Ja staru k\u016bli blo\u0137\u0113 divi deflektori, apgaismojumam punkta centr\u0101 nevajadz\u0113tu b\u016bt maz\u0101kam par 38% no centra apgaismojuma.<\/li>\n<li><strong>Bezt\u0113nu efekts (dzi\u013ca dobuma caurule):<\/strong> Atliku\u0161ais apgaismojums \u2265 70%.<\/li>\n<li><strong>Bez\u0113nu efekts (viena starpsiena un dzi\u013ca dobuma caurule):<\/strong> Atliku\u0161ais apgaismojums \u2265 32%.<\/li>\n<li><strong>Bezt\u0113nu efekts (divi deflektori un dzi\u013ca dobuma caurule):<\/strong> Atliku\u0161ais apgaismojums \u2265 34%.<\/li>\n<\/ol>\n<div class=\"wpforms-container wpforms-container-full wpforms-render-modern\" id=\"wpforms-1399\"><form id=\"wpforms-form-1399\" class=\"wpforms-validate wpforms-form wpforms-ajax-form\" data-formid=\"1399\" method=\"post\" enctype=\"multipart\/form-data\" action=\"\/lv\/wp-json\/wp\/v2\/product\/1306\" data-token=\"dc59fd6b52978f5f57666518079e96dc\" data-trp-original-action=\"\/lv\/wp-json\/wp\/v2\/product\/1306\"><noscript class=\"wpforms-error-noscript\">Lai aizpild\u012btu \u0161o veidlapu, l\u016bdzu, iesp\u0113jojiet JavaScript sav\u0101 p\u0101rl\u016bkprogramm\u0101.<\/noscript><div class=\"wpforms-hidden\" id=\"wpforms-error-noscript\">Lai aizpild\u012btu \u0161o veidlapu, l\u016bdzu, iesp\u0113jojiet JavaScript sav\u0101 p\u0101rl\u016bkprogramm\u0101.<\/div><div class=\"wpforms-field-container\"><div id=\"wpforms-1399-field_1-container\" class=\"wpforms-field wpforms-field-layout\" data-field-id=\"1\"><label class=\"wpforms-field-label wpforms-label-hide\" for=\"wpforms-1399-field_1\" aria-hidden=\"false\">Izk\u0101rtojums<\/label><div class=\"wpforms-field-layout-columns wpforms-field-layout-preset-50-50\"><div class=\"wpforms-layout-column wpforms-layout-column-50\"><div id=\"wpforms-1399-field_2-container\" class=\"wpforms-field wpforms-field-name\" data-field-id=\"2\"><label class=\"wpforms-field-label\" for=\"wpforms-1399-field_2\">Nosaukums <span class=\"wpforms-required-label\" aria-hidden=\"true\">*<\/span><\/label><input type=\"text\" id=\"wpforms-1399-field_2\" class=\"wpforms-field-medium wpforms-field-required\" name=\"wpforms[fields][2]\" aria-errormessage=\"wpforms-1399-field_2-error\" required><\/div><div id=\"wpforms-1399-field_5-container\" class=\"wpforms-field wpforms-field-phone\" data-field-id=\"5\"><label class=\"wpforms-field-label\" for=\"wpforms-1399-field_5\">T\u0101lrunis\/WhatsApp <span class=\"wpforms-required-label\" aria-hidden=\"true\">*<\/span><\/label><input type=\"tel\" id=\"wpforms-1399-field_5\" class=\"wpforms-field-medium wpforms-field-required\" data-rule-int-phone-field=\"true\" name=\"wpforms[fields][5]\" aria-errormessage=\"wpforms-1399-field_5-error\" required><\/div><\/div><div class=\"wpforms-layout-column wpforms-layout-column-50\"><div id=\"wpforms-1399-field_3-container\" class=\"wpforms-field wpforms-field-email\" data-field-id=\"3\"><label class=\"wpforms-field-label\" for=\"wpforms-1399-field_3\">E-pasts <span class=\"wpforms-required-label\" aria-hidden=\"true\">*<\/span><\/label><input type=\"email\" id=\"wpforms-1399-field_3\" class=\"wpforms-field-medium wpforms-field-required\" name=\"wpforms[fields][3]\" spellcheck=\"false\" aria-errormessage=\"wpforms-1399-field_3-error\" required><\/div><div id=\"wpforms-1399-field_4-container\" class=\"wpforms-field wpforms-field-text\" data-field-id=\"4\"><label class=\"wpforms-field-label\" for=\"wpforms-1399-field_4\">Piepras\u012bjums<\/label><input type=\"text\" id=\"wpforms-1399-field_4\" class=\"wpforms-field-medium\" name=\"wpforms[fields][4]\" aria-errormessage=\"wpforms-1399-field_4-error\" ><\/div><\/div><\/div><\/div><\/div><!-- .wpforms-field-container --><div class=\"wpforms-recaptcha-container wpforms-is-turnstile\" ><div class=\"g-recaptcha\" data-sitekey=\"0x4AAAAAAAyrnCk3ccFGBLIG\" data-action=\"FormID-1399\"><\/div><input type=\"text\" name=\"g-recaptcha-hidden\" class=\"wpforms-recaptcha-hidden\" style=\"position:absolute!important;clip:rect(0,0,0,0)!important;height:1px!important;width:1px!important;border:0!important;overflow:hidden!important;padding:0!important;margin:0!important;\" data-rule-turnstile=\"1\"><\/div><div class=\"wpforms-submit-container\" ><input type=\"hidden\" name=\"wpforms[id]\" value=\"1399\"><input type=\"hidden\" name=\"wpforms[author]\" value=\"1\"><button type=\"submit\" name=\"wpforms[submit]\" id=\"wpforms-submit-1399\" class=\"wpforms-submit\" data-alt-text=\"Sending...\" data-submit-text=\"Send Inquiry\" aria-live=\"assertive\" value=\"wpforms-submit\">Nos\u016bt\u012bt piepras\u012bjumu<\/button><img decoding=\"async\" src=\"https:\/\/kelingmed.com\/wp-content\/plugins\/wpforms\/assets\/images\/submit-spin.svg\" class=\"wpforms-submit-spinner\" style=\"display: none;\" width=\"26\" height=\"26\" alt=\"Iekrau\u0161ana\"><\/div><input type=\"hidden\" name=\"trp-form-language\" value=\"lv\"\/><\/form><\/div>  <!-- .wpforms-container -->","protected":false},"excerpt":{"rendered":"<div>\n<table border=\"1\" cellspacing=\"0\">\n<tbody>\n<tr>\n<td height=\"20\">Re\u017e\u012bms<\/td>\n<td height=\"20\">KL09L<\/td>\n<\/tr>\n<tr>\n<td height=\"20\">Apgaismojums \uff08lux\uff09<\/td>\n<td height=\"20\">140000<\/td>\n<\/tr>\n<tr>\n<td height=\"20\">Kr\u0101su temperat\u016bra\uff08K\uff09K\uff09<\/td>\n<td height=\"20\">4000\u00b1500<\/td>\n<\/tr>\n<tr>\n<td height=\"20\">Kr\u0101su atveido\u0161anas indekss\uff08Ra\uff09<\/td>\n<td height=\"20\">100 \u2265Ra\u226585<\/td>\n<\/tr>\n<tr>\n<td height=\"20\">Gaismas stara dzi\u013cums\uff08cm\uff09<\/td>\n<td height=\"20\">\u2265 500<\/td>\n<\/tr>\n<tr>\n<td height=\"20\">Kop\u0113j\u0101 izstarojuma v\u0113rt\u012bba \uff08mW\/m 21x\uff09<\/td>\n<td height=\"20\">&lt;6<\/td>\n<\/tr>\n<tr>\n<td height=\"20\">Kop\u0113jais izstarojums\uff08Temperat\u016bras pieaugums uz<\/td>\n<td height=\"20\">\u2264 600 W\/m \u00b2<\/td>\n<\/tr>\n<tr>\n<td height=\"20\">\u0137irur\u0123iski oper\u0113jam\u0101 pacienta galva &lt; 2C\uff09<\/td>\n<td height=\"20\"><\/td>\n<\/tr>\n<tr>\n<td height=\"20\">Baro\u0161anas avots<\/td>\n<td height=\"20\">220\u00b110% 50Hz<\/td>\n<\/tr>\n<tr>\n<td height=\"20\">Spuldzes nomin\u0101lais spriegums<\/td>\n<td height=\"20\">24V<\/td>\n<\/tr>\n<tr>\n<td height=\"20\">Spuldzes nomin\u0101l\u0101 jauda<\/td>\n<td height=\"20\">225W<\/td>\n<\/tr>\n<tr>\n<td height=\"20\">Ieejas jauda\uff08V A\uff09<\/td>\n<td height=\"20\">280<\/td>\n<\/tr>\n<\/tbody>\n<\/table>\n<div class=\"wpforms-container wpforms-container-full wpforms-render-modern\" id=\"wpforms-1399\">\n<form id=\"wpforms-form-1399\" class=\"wpforms-validate wpforms-form wpforms-ajax-form\" data-formid=\"1399\" method=\"post\" enctype=\"multipart\/form-data\" action=\"\/lv\/wp-json\/wp\/v2\/product\/1306\" data-token=\"dc59fd6b52978f5f57666518079e96dc\" data-trp-original-action=\"\/lv\/wp-json\/wp\/v2\/product\/1306\"><noscript class=\"wpforms-error-noscript\">Lai aizpild\u012btu \u0161o veidlapu, l\u016bdzu, iesp\u0113jojiet JavaScript sav\u0101 p\u0101rl\u016bkprogramm\u0101.<\/noscript><\/p>\n<div class=\"wpforms-hidden\" id=\"wpforms-error-noscript\">Lai aizpild\u012btu \u0161o veidlapu, l\u016bdzu, iesp\u0113jojiet JavaScript sav\u0101 p\u0101rl\u016bkprogramm\u0101.<\/div>\n<div class=\"wpforms-field-container\">\n<div id=\"wpforms-1399-field_1-container\" class=\"wpforms-field wpforms-field-layout\" data-field-id=\"1\"><label class=\"wpforms-field-label wpforms-label-hide\" for=\"wpforms-1399-field_1\" aria-hidden=\"false\">Izk\u0101rtojums<\/label><\/p>\n<div class=\"wpforms-field-layout-columns wpforms-field-layout-preset-50-50\">\n<div class=\"wpforms-layout-column wpforms-layout-column-50\">\n<div id=\"wpforms-1399-field_2-container\" class=\"wpforms-field wpforms-field-name\" data-field-id=\"2\"><label class=\"wpforms-field-label\" for=\"wpforms-1399-field_2\">Nosaukums <span class=\"wpforms-required-label\" aria-hidden=\"true\">*<\/span><\/label><input type=\"text\" id=\"wpforms-1399-field_2\" class=\"wpforms-field-medium wpforms-field-required\" name=\"wpforms[fields][2]\" aria-errormessage=\"wpforms-1399-field_2-error\" required><\/div>\n<div id=\"wpforms-1399-field_5-container\" class=\"wpforms-field wpforms-field-phone\" data-field-id=\"5\"><label class=\"wpforms-field-label\" for=\"wpforms-1399-field_5\">T\u0101lrunis\/WhatsApp <span class=\"wpforms-required-label\" aria-hidden=\"true\">*<\/span><\/label><input type=\"tel\" id=\"wpforms-1399-field_5\" class=\"wpforms-field-medium wpforms-field-required\" data-rule-int-phone-field=\"true\" name=\"wpforms[fields][5]\" aria-errormessage=\"wpforms-1399-field_5-error\" required><\/div>\n<\/div>\n<div class=\"wpforms-layout-column wpforms-layout-column-50\">\n<div id=\"wpforms-1399-field_3-container\" class=\"wpforms-field wpforms-field-email\" data-field-id=\"3\"><label class=\"wpforms-field-label\" for=\"wpforms-1399-field_3\">E-pasts <span class=\"wpforms-required-label\" aria-hidden=\"true\">*<\/span><\/label><input type=\"email\" id=\"wpforms-1399-field_3\" class=\"wpforms-field-medium wpforms-field-required\" name=\"wpforms[fields][3]\" spellcheck=\"false\" aria-errormessage=\"wpforms-1399-field_3-error\" required><\/div>\n<div id=\"wpforms-1399-field_4-container\" class=\"wpforms-field wpforms-field-text\" data-field-id=\"4\"><label class=\"wpforms-field-label\" for=\"wpforms-1399-field_4\">Piepras\u012bjums<\/label><input type=\"text\" id=\"wpforms-1399-field_4\" class=\"wpforms-field-medium\" name=\"wpforms[fields][4]\" aria-errormessage=\"wpforms-1399-field_4-error\" ><\/div>\n<\/div>\n<\/div>\n<\/div>\n<\/div>\n<p><!-- .wpforms-field-container --><\/p>\n<div class=\"wpforms-recaptcha-container wpforms-is-turnstile\" >\n<div class=\"g-recaptcha\" data-sitekey=\"0x4AAAAAAAyrnCk3ccFGBLIG\" data-action=\"FormID-1399\"><\/div>\n<p><input type=\"text\" name=\"g-recaptcha-hidden\" class=\"wpforms-recaptcha-hidden\" style=\"position:absolute!important;clip:rect(0,0,0,0)!important;height:1px!important;width:1px!important;border:0!important;overflow:hidden!important;padding:0!important;margin:0!important;\" data-rule-turnstile=\"1\"><\/div>\n<div class=\"wpforms-submit-container\" ><input type=\"hidden\" name=\"wpforms[id]\" value=\"1399\"><input type=\"hidden\" name=\"wpforms[author]\" value=\"1\"><button type=\"submit\" name=\"wpforms[submit]\" id=\"wpforms-submit-1399\" class=\"wpforms-submit\" data-alt-text=\"Sending...\" data-submit-text=\"Send Inquiry\" aria-live=\"assertive\" value=\"wpforms-submit\">Nos\u016bt\u012bt piepras\u012bjumu<\/button><img decoding=\"async\" src=\"https:\/\/kelingmed.com\/wp-content\/plugins\/wpforms\/assets\/images\/submit-spin.svg\" class=\"wpforms-submit-spinner\" style=\"display: none;\" width=\"26\" height=\"26\" alt=\"Iekrau\u0161ana\"><\/div>\n<input type=\"hidden\" name=\"trp-form-language\" value=\"lv\"\/><\/form>\n<\/div>\n<p>  <!-- .wpforms-container --><\/p>\n<\/div>","protected":false},"featured_media":1371,"template":"","meta":{"site-sidebar-layout":"default","site-content-layout":"","ast-site-content-layout":"default","site-content-style":"default","site-sidebar-style":"default","ast-global-header-display":"","ast-banner-title-visibility":"","ast-main-header-display":"","ast-hfb-above-header-display":"","ast-hfb-below-header-display":"","ast-hfb-mobile-header-display":"","site-post-title":"","ast-breadcrumbs-content":"","ast-featured-img":"","footer-sml-layout":"","theme-transparent-header-meta":"","adv-header-id-meta":"","stick-header-meta":"","header-above-stick-meta":"","header-main-stick-meta":"","header-below-stick-meta":"","astra-migrate-meta-layouts":"default","ast-page-background-enabled":"default","ast-page-background-meta":{"desktop":{"background-color":"var(--ast-global-color-5)","background-image":"","background-repeat":"repeat","background-position":"center center","background-size":"auto","background-attachment":"scroll","background-type":"","background-media":"","overlay-type":"","overlay-color":"","overlay-opacity":"","overlay-gradient":""},"tablet":{"background-color":"","background-image":"","background-repeat":"repeat","background-position":"center center","background-size":"auto","background-attachment":"scroll","background-type":"","background-media":"","overlay-type":"","overlay-color":"","overlay-opacity":"","overlay-gradient":""},"mobile":{"background-color":"","background-image":"","background-repeat":"repeat","background-position":"center center","background-size":"auto","background-attachment":"scroll","background-type":"","background-media":"","overlay-type":"","overlay-color":"","overlay-opacity":"","overlay-gradient":""}},"ast-content-background-meta":{"desktop":{"background-color":"var(--ast-global-color-4)","background-image":"","background-repeat":"repeat","background-position":"center center","background-size":"auto","background-attachment":"scroll","background-type":"","background-media":"","overlay-type":"","overlay-color":"","overlay-opacity":"","overlay-gradient":""},"tablet":{"background-color":"var(--ast-global-color-4)","background-image":"","background-repeat":"repeat","background-position":"center center","background-size":"auto","background-attachment":"scroll","background-type":"","background-media":"","overlay-type":"","overlay-color":"","overlay-opacity":"","overlay-gradient":""},"mobile":{"background-color":"var(--ast-global-color-4)","background-image":"","background-repeat":"repeat","background-position":"center center","background-size":"auto","background-attachment":"scroll","background-type":"","background-media":"","overlay-type":"","overlay-color":"","overlay-opacity":"","overlay-gradient":""}}},"product_brand":[],"product_cat":[24],"product_tag":[],"class_list":{"0":"post-1306","1":"product","2":"type-product","3":"status-publish","4":"has-post-thumbnail","6":"product_cat-surgical-light","7":"desktop-align-left","8":"tablet-align-left","9":"mobile-align-left","11":"first","12":"instock","13":"shipping-taxable","14":"product-type-simple"},"_links":{"self":[{"href":"https:\/\/kelingmed.com\/lv\/wp-json\/wp\/v2\/product\/1306","targetHints":{"allow":["GET"]}}],"collection":[{"href":"https:\/\/kelingmed.com\/lv\/wp-json\/wp\/v2\/product"}],"about":[{"href":"https:\/\/kelingmed.com\/lv\/wp-json\/wp\/v2\/types\/product"}],"wp:featuredmedia":[{"embeddable":true,"href":"https:\/\/kelingmed.com\/lv\/wp-json\/wp\/v2\/media\/1371"}],"wp:attachment":[{"href":"https:\/\/kelingmed.com\/lv\/wp-json\/wp\/v2\/media?parent=1306"}],"wp:term":[{"taxonomy":"product_brand","embeddable":true,"href":"https:\/\/kelingmed.com\/lv\/wp-json\/wp\/v2\/product_brand?post=1306"},{"taxonomy":"product_cat","embeddable":true,"href":"https:\/\/kelingmed.com\/lv\/wp-json\/wp\/v2\/product_cat?post=1306"},{"taxonomy":"product_tag","embeddable":true,"href":"https:\/\/kelingmed.com\/lv\/wp-json\/wp\/v2\/product_tag?post=1306"}],"curies":[{"name":"wp","href":"https:\/\/api.w.org\/{rel}","templated":true}]}}