{"id":1495,"date":"2024-12-26T02:21:57","date_gmt":"2024-12-26T02:21:57","guid":{"rendered":"https:\/\/kelingmed.com\/?post_type=product&#038;p=1495"},"modified":"2024-12-26T02:31:58","modified_gmt":"2024-12-26T02:31:58","slug":"ecg-cart-kl-tc210","status":"publish","type":"product","link":"https:\/\/kelingmed.com\/fr\/product\/ecg-cart-kl-tc210\/","title":{"rendered":"Carte ECG-KL-TC210"},"content":{"rendered":"<p>*Mati\u00e8re plastique technique ABS, forte capacit\u00e9 de pesage, facile \u00e0 nettoyer.<\/p>\n<p>* cloisonnement raisonnable de la plate-forme de travail<\/p>\n<p>*L'espace de stockage peut \u00eatre personnalis\u00e9, flexible et ajustable.<\/p>\n<p>* Fonctions compl\u00e8tes, faciles \u00e0 utiliser<\/p>\n<p>*Les rails et les roulettes assurent un fonctionnement souple et s\u00fbr.<\/p>\n<p>*Divers accessoires, en option<\/p>\n<p>Plate-forme de travail raisonnable<\/p>\n<p>*La plate-forme de travail principale est fabriqu\u00e9e en ABS, avec un design concave, et la table est recouverte de verre souple.<\/p>\n<p>*Etabli auxiliaire cach\u00e9, o\u00f9 l'on peut placer temporairement des objets<\/p>\n<p>*La plate-forme du d\u00e9fibrillateur peut accueillir des \u00e9quipements m\u00e9dicaux tels que des ordinateurs portables ou des testeurs d'ECG.<\/p>\n<p>Espace de stockage flexible<\/p>\n<p>*Le tiroir a trois caract\u00e9ristiques : grand, moyen et petit, avec des cloisons r\u00e9glables \u00e0 l'int\u00e9rieur, \u00e9quip\u00e9 d'une serrure centrale et d'une carte d'insertion.<\/p>\n<p>*L'espace de stockage est suffisant, la quantit\u00e9, le style et la couleur peuvent \u00eatre personnalis\u00e9s.<\/p>\n<p>Conception d\u00e9taill\u00e9e<\/p>\n<p>*La triple voie silencieuse rend le fonctionnement plus silencieux et plus souple.<\/p>\n<p>*Garde-corps en acier inoxydable 304 pour \u00e9viter que les objets ne tombent.<\/p>\n<p>*Roulettes universelles silencieuses avec fonction de freinage<\/p>\n<p>Mat\u00e9riau de haute qualit\u00e9<\/p>\n<p>* Principalement compos\u00e9 de plastique technique ABS \u00e9pais, facile \u00e0 nettoyer.<\/p>\n<p>*La colonne en alliage d'aluminium est tr\u00e8s r\u00e9sistante, a une forte capacit\u00e9 de charge et une plus grande stabilit\u00e9.<\/p>\n<p>Accessoires complets<\/p>\n<p>*Support d'infusion \u00e0 crochet pivotant 6*4, r\u00e9glable en hauteur<\/p>\n<p>* Les paniers, les poubelles et les seaux \u00e0 aiguilles cass\u00e9s peuvent raisonnablement contenir des articles divers et des d\u00e9chets m\u00e9dicaux.<\/p>\n<p>*Les palettes de d\u00e9fibrillation et les bouteilles d'oxyg\u00e8ne peuvent \u00eatre plac\u00e9es raisonnablement sur le dos et suspendues pour \u00eatre rang\u00e9es.<\/p>\n<p>* Plus d'options : bo\u00eete \u00e0 dossiers, plateau \u00e0 m\u00e9dicaments, prise de courant, etc.<\/p>\n<p>Les sp\u00e9cifications du chariot m\u00e9dical peuvent \u00eatre personnalis\u00e9es en fonction des besoins de l'utilisateur :<\/p>\n<p>\u25a0 Fonction du produit : v\u00e9hicule d'urgence, v\u00e9hicule d'administration de m\u00e9dicaments, v\u00e9hicule d'anesth\u00e9sie, v\u00e9hicule de salissure, etc.<\/p>\n<p>\u25a0 Taille du produit : diff\u00e9rentes tailles sont disponibles<\/p>\n<p>\u25a0 Mat\u00e9riau du produit : acier plastique, ABS, acier inoxydable<\/p>\n<p>\u25a0 Couleur du produit : bleu, jaune, rouge, color\u00e9, etc.<\/p>\n<p>\u25a0 S\u00e9lection d'accessoires : palette de d\u00e9fibrillation, panier, seau \u00e0 salissures, bo\u00eete \u00e0 dossiers, etc.<\/p>\n<p>Pour plus de d\u00e9tails sur les produits, veuillez nous contacter !<\/p>\n<table class=\"wp-list-table widefat fixed striped table-view-list forms\">\n<tbody id=\"the-list\" data-wp-lists=\"list:form\">\n<tr>\n<td class=\"shortcode column-shortcode\" data-colname=\"Shortcode\"><div class=\"wpforms-container wpforms-container-full wpforms-render-modern\" id=\"wpforms-1562\"><form id=\"wpforms-form-1562\" class=\"wpforms-validate wpforms-form wpforms-ajax-form\" data-formid=\"1562\" method=\"post\" enctype=\"multipart\/form-data\" action=\"\/fr\/wp-json\/wp\/v2\/product\/1495\" data-token=\"da1c9d1c1c37ac3541c2380326c37dd0\" data-trp-original-action=\"\/fr\/wp-json\/wp\/v2\/product\/1495\"><noscript class=\"wpforms-error-noscript\">Veuillez activer JavaScript dans votre navigateur pour remplir ce formulaire.<\/noscript><div class=\"wpforms-hidden\" id=\"wpforms-error-noscript\">Veuillez activer JavaScript dans votre navigateur pour remplir ce formulaire.<\/div><div class=\"wpforms-field-container\"><div id=\"wpforms-1562-field_1-container\" class=\"wpforms-field wpforms-field-layout\" data-field-id=\"1\"><label class=\"wpforms-field-label wpforms-label-hide\" for=\"wpforms-1562-field_1\" aria-hidden=\"false\">Mise en page<\/label><div class=\"wpforms-field-layout-columns wpforms-field-layout-preset-50-50\"><div class=\"wpforms-layout-column wpforms-layout-column-50\"><div id=\"wpforms-1562-field_2-container\" class=\"wpforms-field wpforms-field-name\" data-field-id=\"2\"><label class=\"wpforms-field-label\" for=\"wpforms-1562-field_2\">Nom <span class=\"wpforms-required-label\" aria-hidden=\"true\">*<\/span><\/label><input type=\"text\" id=\"wpforms-1562-field_2\" class=\"wpforms-field-medium wpforms-field-required\" name=\"wpforms[fields][2]\" aria-errormessage=\"wpforms-1562-field_2-error\" required><\/div><div id=\"wpforms-1562-field_5-container\" class=\"wpforms-field wpforms-field-phone\" data-field-id=\"5\"><label class=\"wpforms-field-label\" for=\"wpforms-1562-field_5\">T\u00e9l\u00e9phone\/WhatsApp <span class=\"wpforms-required-label\" aria-hidden=\"true\">*<\/span><\/label><input type=\"tel\" id=\"wpforms-1562-field_5\" class=\"wpforms-field-medium wpforms-field-required\" data-rule-int-phone-field=\"true\" name=\"wpforms[fields][5]\" aria-errormessage=\"wpforms-1562-field_5-error\" required><\/div><\/div><div class=\"wpforms-layout-column wpforms-layout-column-50\"><div id=\"wpforms-1562-field_3-container\" class=\"wpforms-field wpforms-field-email\" data-field-id=\"3\"><label class=\"wpforms-field-label\" for=\"wpforms-1562-field_3\">Courriel <span class=\"wpforms-required-label\" aria-hidden=\"true\">*<\/span><\/label><input type=\"email\" id=\"wpforms-1562-field_3\" class=\"wpforms-field-medium wpforms-field-required\" name=\"wpforms[fields][3]\" spellcheck=\"false\" aria-errormessage=\"wpforms-1562-field_3-error\" required><\/div><div id=\"wpforms-1562-field_4-container\" class=\"wpforms-field wpforms-field-text\" data-field-id=\"4\"><label class=\"wpforms-field-label\" for=\"wpforms-1562-field_4\">Demande de renseignements<\/label><input type=\"text\" id=\"wpforms-1562-field_4\" class=\"wpforms-field-medium\" name=\"wpforms[fields][4]\" aria-errormessage=\"wpforms-1562-field_4-error\" ><\/div><\/div><\/div><\/div><\/div><!-- .wpforms-field-container --><div class=\"wpforms-recaptcha-container wpforms-is-turnstile\" ><div class=\"g-recaptcha\" data-sitekey=\"0x4AAAAAAAyrnCk3ccFGBLIG\" data-action=\"FormID-1562\"><\/div><input type=\"text\" name=\"g-recaptcha-hidden\" class=\"wpforms-recaptcha-hidden\" style=\"position:absolute!important;clip:rect(0,0,0,0)!important;height:1px!important;width:1px!important;border:0!important;overflow:hidden!important;padding:0!important;margin:0!important;\" data-rule-turnstile=\"1\"><\/div><div class=\"wpforms-submit-container\" ><input type=\"hidden\" name=\"wpforms[id]\" value=\"1562\"><input type=\"hidden\" name=\"wpforms[author]\" value=\"1\"><button type=\"submit\" name=\"wpforms[submit]\" id=\"wpforms-submit-1562\" class=\"wpforms-submit\" data-alt-text=\"Sending...\" data-submit-text=\"Send Inquiry\" aria-live=\"assertive\" value=\"wpforms-submit\">Envoyer une demande de renseignements<\/button><img decoding=\"async\" src=\"https:\/\/kelingmed.com\/wp-content\/plugins\/wpforms\/assets\/images\/submit-spin.svg\" class=\"wpforms-submit-spinner\" style=\"display: none;\" width=\"26\" height=\"26\" alt=\"Chargement en cours\"><\/div><input type=\"hidden\" name=\"trp-form-language\" value=\"fr\"\/><\/form><\/div>  <!-- .wpforms-container --><\/td>\n<\/tr>\n<\/tbody>\n<\/table>","protected":false},"excerpt":{"rendered":"<div>\n<table border=\"1\" cellspacing=\"0\">\n<tbody>\n<tr>\n<td height=\"20\">Surface de travail\uff1a3<\/td>\n<\/tr>\n<tr>\n<td height=\"20\">L'espace de stockage peut \u00eatre personnalis\u00e9 : grand, moyen, petit, etc.<\/td>\n<\/tr>\n<tr>\n<td height=\"20\">Support de perfusion \u00e0 crochet pivotant 6*4\uff1a1<\/td>\n<\/tr>\n<tr>\n<td height=\"20\">Garde-corps\uff1a1<\/td>\n<\/tr>\n<tr>\n<td height=\"20\">Roulettes muettes\uff1a4 \uff082 d'entre elles avec freins\uff09<\/td>\n<\/tr>\n<tr>\n<td height=\"20\">Les accessoires peuvent \u00eatre personnalis\u00e9s : plaque de d\u00e9fibrillation, panier, seau \u00e0 salet\u00e9, etc.<\/td>\n<\/tr>\n<\/tbody>\n<\/table>\n<table class=\"wp-list-table widefat fixed striped table-view-list forms\">\n<tbody id=\"the-list\" data-wp-lists=\"list:form\">\n<tr>\n<td class=\"shortcode column-shortcode\" data-colname=\"Shortcode\">\n<div class=\"wpforms-container wpforms-container-full wpforms-render-modern\" id=\"wpforms-1562\">\n<form id=\"wpforms-form-1562\" class=\"wpforms-validate wpforms-form wpforms-ajax-form\" data-formid=\"1562\" method=\"post\" enctype=\"multipart\/form-data\" action=\"\/fr\/wp-json\/wp\/v2\/product\/1495\" data-token=\"da1c9d1c1c37ac3541c2380326c37dd0\" data-trp-original-action=\"\/fr\/wp-json\/wp\/v2\/product\/1495\"><noscript class=\"wpforms-error-noscript\">Veuillez activer JavaScript dans votre navigateur pour remplir ce formulaire.<\/noscript><\/p>\n<div class=\"wpforms-hidden\" id=\"wpforms-error-noscript\">Veuillez activer JavaScript dans votre navigateur pour remplir ce formulaire.<\/div>\n<div class=\"wpforms-field-container\">\n<div id=\"wpforms-1562-field_1-container\" class=\"wpforms-field wpforms-field-layout\" data-field-id=\"1\"><label class=\"wpforms-field-label wpforms-label-hide\" for=\"wpforms-1562-field_1\" aria-hidden=\"false\">Mise en page<\/label><\/p>\n<div class=\"wpforms-field-layout-columns wpforms-field-layout-preset-50-50\">\n<div class=\"wpforms-layout-column wpforms-layout-column-50\">\n<div id=\"wpforms-1562-field_2-container\" class=\"wpforms-field wpforms-field-name\" data-field-id=\"2\"><label class=\"wpforms-field-label\" for=\"wpforms-1562-field_2\">Nom <span class=\"wpforms-required-label\" aria-hidden=\"true\">*<\/span><\/label><input type=\"text\" id=\"wpforms-1562-field_2\" class=\"wpforms-field-medium wpforms-field-required\" name=\"wpforms[fields][2]\" aria-errormessage=\"wpforms-1562-field_2-error\" required><\/div>\n<div id=\"wpforms-1562-field_5-container\" class=\"wpforms-field wpforms-field-phone\" data-field-id=\"5\"><label class=\"wpforms-field-label\" for=\"wpforms-1562-field_5\">T\u00e9l\u00e9phone\/WhatsApp <span class=\"wpforms-required-label\" aria-hidden=\"true\">*<\/span><\/label><input type=\"tel\" id=\"wpforms-1562-field_5\" class=\"wpforms-field-medium wpforms-field-required\" data-rule-int-phone-field=\"true\" name=\"wpforms[fields][5]\" aria-errormessage=\"wpforms-1562-field_5-error\" required><\/div>\n<\/div>\n<div class=\"wpforms-layout-column wpforms-layout-column-50\">\n<div id=\"wpforms-1562-field_3-container\" class=\"wpforms-field wpforms-field-email\" data-field-id=\"3\"><label class=\"wpforms-field-label\" for=\"wpforms-1562-field_3\">Courriel <span class=\"wpforms-required-label\" aria-hidden=\"true\">*<\/span><\/label><input type=\"email\" id=\"wpforms-1562-field_3\" class=\"wpforms-field-medium wpforms-field-required\" name=\"wpforms[fields][3]\" spellcheck=\"false\" aria-errormessage=\"wpforms-1562-field_3-error\" required><\/div>\n<div id=\"wpforms-1562-field_4-container\" class=\"wpforms-field wpforms-field-text\" data-field-id=\"4\"><label class=\"wpforms-field-label\" for=\"wpforms-1562-field_4\">Demande de renseignements<\/label><input type=\"text\" id=\"wpforms-1562-field_4\" class=\"wpforms-field-medium\" name=\"wpforms[fields][4]\" aria-errormessage=\"wpforms-1562-field_4-error\" ><\/div>\n<\/div>\n<\/div>\n<\/div>\n<\/div>\n<p><!-- .wpforms-field-container --><\/p>\n<div class=\"wpforms-recaptcha-container wpforms-is-turnstile\" >\n<div class=\"g-recaptcha\" data-sitekey=\"0x4AAAAAAAyrnCk3ccFGBLIG\" data-action=\"FormID-1562\"><\/div>\n<p><input type=\"text\" name=\"g-recaptcha-hidden\" class=\"wpforms-recaptcha-hidden\" style=\"position:absolute!important;clip:rect(0,0,0,0)!important;height:1px!important;width:1px!important;border:0!important;overflow:hidden!important;padding:0!important;margin:0!important;\" data-rule-turnstile=\"1\"><\/div>\n<div class=\"wpforms-submit-container\" ><input type=\"hidden\" name=\"wpforms[id]\" value=\"1562\"><input type=\"hidden\" name=\"wpforms[author]\" value=\"1\"><button type=\"submit\" name=\"wpforms[submit]\" id=\"wpforms-submit-1562\" class=\"wpforms-submit\" data-alt-text=\"Sending...\" data-submit-text=\"Send Inquiry\" aria-live=\"assertive\" value=\"wpforms-submit\">Envoyer une demande de renseignements<\/button><img decoding=\"async\" src=\"https:\/\/kelingmed.com\/wp-content\/plugins\/wpforms\/assets\/images\/submit-spin.svg\" class=\"wpforms-submit-spinner\" style=\"display: none;\" width=\"26\" height=\"26\" alt=\"Chargement en cours\"><\/div>\n<input type=\"hidden\" name=\"trp-form-language\" value=\"fr\"\/><\/form>\n<\/div>\n<p>  <!-- .wpforms-container --><\/td>\n<\/tr>\n<\/tbody>\n<\/table>\n<\/div>","protected":false},"featured_media":1554,"template":"","meta":{"site-sidebar-layout":"default","site-content-layout":"","ast-site-content-layout":"default","site-content-style":"default","site-sidebar-style":"default","ast-global-header-display":"","ast-banner-title-visibility":"","ast-main-header-display":"","ast-hfb-above-header-display":"","ast-hfb-below-header-display":"","ast-hfb-mobile-header-display":"","site-post-title":"","ast-breadcrumbs-content":"","ast-featured-img":"","footer-sml-layout":"","theme-transparent-header-meta":"","adv-header-id-meta":"","stick-header-meta":"","header-above-stick-meta":"","header-main-stick-meta":"","header-below-stick-meta":"","astra-migrate-meta-layouts":"default","ast-page-background-enabled":"default","ast-page-background-meta":{"desktop":{"background-color":"var(--ast-global-color-5)","background-image":"","background-repeat":"repeat","background-position":"center center","background-size":"auto","background-attachment":"scroll","background-type":"","background-media":"","overlay-type":"","overlay-color":"","overlay-opacity":"","overlay-gradient":""},"tablet":{"background-color":"","background-image":"","background-repeat":"repeat","background-position":"center center","background-size":"auto","background-attachment":"scroll","background-type":"","background-media":"","overlay-type":"","overlay-color":"","overlay-opacity":"","overlay-gradient":""},"mobile":{"background-color":"","background-image":"","background-repeat":"repeat","background-position":"center center","background-size":"auto","background-attachment":"scroll","background-type":"","background-media":"","overlay-type":"","overlay-color":"","overlay-opacity":"","overlay-gradient":""}},"ast-content-background-meta":{"desktop":{"background-color":"var(--ast-global-color-4)","background-image":"","background-repeat":"repeat","background-position":"center center","background-size":"auto","background-attachment":"scroll","background-type":"","background-media":"","overlay-type":"","overlay-color":"","overlay-opacity":"","overlay-gradient":""},"tablet":{"background-color":"var(--ast-global-color-4)","background-image":"","background-repeat":"repeat","background-position":"center center","background-size":"auto","background-attachment":"scroll","background-type":"","background-media":"","overlay-type":"","overlay-color":"","overlay-opacity":"","overlay-gradient":""},"mobile":{"background-color":"var(--ast-global-color-4)","background-image":"","background-repeat":"repeat","background-position":"center center","background-size":"auto","background-attachment":"scroll","background-type":"","background-media":"","overlay-type":"","overlay-color":"","overlay-opacity":"","overlay-gradient":""}}},"product_brand":[],"product_cat":[26],"product_tag":[],"class_list":{"0":"post-1495","1":"product","2":"type-product","3":"status-publish","4":"has-post-thumbnail","6":"product_cat-medical-trolley","7":"desktop-align-left","8":"tablet-align-left","9":"mobile-align-left","11":"first","12":"instock","13":"shipping-taxable","14":"product-type-simple"},"_links":{"self":[{"href":"https:\/\/kelingmed.com\/fr\/wp-json\/wp\/v2\/product\/1495","targetHints":{"allow":["GET"]}}],"collection":[{"href":"https:\/\/kelingmed.com\/fr\/wp-json\/wp\/v2\/product"}],"about":[{"href":"https:\/\/kelingmed.com\/fr\/wp-json\/wp\/v2\/types\/product"}],"wp:featuredmedia":[{"embeddable":true,"href":"https:\/\/kelingmed.com\/fr\/wp-json\/wp\/v2\/media\/1554"}],"wp:attachment":[{"href":"https:\/\/kelingmed.com\/fr\/wp-json\/wp\/v2\/media?parent=1495"}],"wp:term":[{"taxonomy":"product_brand","embeddable":true,"href":"https:\/\/kelingmed.com\/fr\/wp-json\/wp\/v2\/product_brand?post=1495"},{"taxonomy":"product_cat","embeddable":true,"href":"https:\/\/kelingmed.com\/fr\/wp-json\/wp\/v2\/product_cat?post=1495"},{"taxonomy":"product_tag","embeddable":true,"href":"https:\/\/kelingmed.com\/fr\/wp-json\/wp\/v2\/product_tag?post=1495"}],"curies":[{"name":"wp","href":"https:\/\/api.w.org\/{rel}","templated":true}]}}