{"id":1304,"date":"2024-12-26T01:31:33","date_gmt":"2024-12-26T01:31:33","guid":{"rendered":"https:\/\/kelingmed.com\/?post_type=product&#038;p=1304"},"modified":"2024-12-26T01:55:21","modified_gmt":"2024-12-26T01:55:21","slug":"lampe-chirurgicale-sans-ombre-a-trou-kl04l","status":"publish","type":"product","link":"https:\/\/kelingmed.com\/fr\/product\/lampe-chirurgicale-sans-ombre-a-trou-kl04l\/","title":{"rendered":"Lampe chirurgicale sans ombre \u00e0 trou-KL04L"},"content":{"rendered":"<p><strong>Exigences de performance :<\/strong><\/p>\n<ol>\n<li><strong>Mat\u00e9riau principal de l'\u00e9quipement :<\/strong> La t\u00eate de la lampe est constitu\u00e9e d'un alliage d'aluminium moul\u00e9 sous pression en une seule pi\u00e8ce, qui assure une excellente dissipation de la chaleur, prolongeant ainsi la dur\u00e9e de vie des lampes LED.<\/li>\n<li><strong>Autres mat\u00e9riaux :<\/strong> Le grand bras en alliage de titane n'est pas soud\u00e9, ce qui garantit que chaque angle est de 90\u00b0, ce qui assure un positionnement pr\u00e9cis et aucune d\u00e9rive de la lumi\u00e8re sans ombre.<\/li>\n<li><strong>Import\u00e9 Bras \u00e0 ressort :<\/strong> Le bras \u00e0 ressort permet un r\u00e9glage vertical flexible.<\/li>\n<li><strong>Source de lumi\u00e8re :<\/strong> La source de lumi\u00e8re froide LED import\u00e9e n'\u00e9met pas de rayonnement infrarouge et son nanorev\u00eatement assure une dissipation optimale de la chaleur. Cela permet d'\u00e9viter efficacement la perte d'humidit\u00e9 et l'infection de la plaie chirurgicale, favorisant ainsi un r\u00e9tablissement post-chirurgical rapide.<\/li>\n<li><strong>R\u00e9glage de la luminosit\u00e9 :<\/strong> Utilise un contr\u00f4le num\u00e9rique progressif de la luminosit\u00e9 des LED, ce qui permet aux op\u00e9rateurs de r\u00e9gler la luminosit\u00e9 en fonction de leurs pr\u00e9f\u00e9rences.<\/li>\n<li><strong>R\u00e9glage de la taille des points :<\/strong> Fonction de mise au point du diam\u00e8tre du spot.<\/li>\n<li><strong>Alimentation \u00e0 d\u00e9coupage :<\/strong> Utilise une alimentation \u00e0 d\u00e9coupage import\u00e9e pour contr\u00f4ler la tension, ce qui garantit que la tension de travail reste stable \u00e0 tout moment.<\/li>\n<li><strong>Couvercle de poign\u00e9e amovible :<\/strong> Facile \u00e0 nettoyer et \u00e0 d\u00e9sinfecter.<\/li>\n<li><strong>Dur\u00e9e de vie de la source lumineuse :<\/strong> Dur\u00e9e de vie moyenne de 50 000 heures.<\/li>\n<li><strong>Effet sans ombre (une chicane) :<\/strong> Lorsque le faisceau est bloqu\u00e9 par un d\u00e9flecteur, l'\u00e9clairement au centre de la tache ne doit pas \u00eatre inf\u00e9rieur \u00e0 35% de l'\u00e9clairement central.<\/li>\n<li><strong>Effet d'ombre (deux chicanes) :<\/strong> Lorsque le faisceau est bloqu\u00e9 par deux d\u00e9flecteurs, l'\u00e9clairement au centre de la tache ne doit pas \u00eatre inf\u00e9rieur \u00e0 38% de l'\u00e9clairement central.<\/li>\n<li><strong>Effet sans ombre (tube \u00e0 cavit\u00e9 profonde) :<\/strong> \u00c9clairement restant \u2265 70%.<\/li>\n<li><strong>Effet sans ombre (un baffle et un tube \u00e0 cavit\u00e9 profonde) :<\/strong> \u00c9clairement restant \u2265 32%.<\/li>\n<li><strong>Effet sans ombre (deux d\u00e9flecteurs et tube \u00e0 cavit\u00e9 profonde) :<\/strong> \u00c9clairement restant \u2265 34%.<\/li>\n<\/ol>\n<div class=\"wpforms-container wpforms-container-full wpforms-render-modern\" id=\"wpforms-1399\"><form id=\"wpforms-form-1399\" class=\"wpforms-validate wpforms-form wpforms-ajax-form\" data-formid=\"1399\" method=\"post\" enctype=\"multipart\/form-data\" action=\"\/fr\/wp-json\/wp\/v2\/product\/1304\" data-token=\"dc59fd6b52978f5f57666518079e96dc\" data-trp-original-action=\"\/fr\/wp-json\/wp\/v2\/product\/1304\"><noscript class=\"wpforms-error-noscript\">Veuillez activer JavaScript dans votre navigateur pour remplir ce formulaire.<\/noscript><div class=\"wpforms-hidden\" id=\"wpforms-error-noscript\">Veuillez activer JavaScript dans votre navigateur pour remplir ce formulaire.<\/div><div class=\"wpforms-field-container\"><div id=\"wpforms-1399-field_1-container\" class=\"wpforms-field wpforms-field-layout\" data-field-id=\"1\"><label class=\"wpforms-field-label wpforms-label-hide\" for=\"wpforms-1399-field_1\" aria-hidden=\"false\">Mise en page<\/label><div class=\"wpforms-field-layout-columns wpforms-field-layout-preset-50-50\"><div class=\"wpforms-layout-column wpforms-layout-column-50\"><div id=\"wpforms-1399-field_2-container\" class=\"wpforms-field wpforms-field-name\" data-field-id=\"2\"><label class=\"wpforms-field-label\" for=\"wpforms-1399-field_2\">Nom <span class=\"wpforms-required-label\" aria-hidden=\"true\">*<\/span><\/label><input type=\"text\" id=\"wpforms-1399-field_2\" class=\"wpforms-field-medium wpforms-field-required\" name=\"wpforms[fields][2]\" aria-errormessage=\"wpforms-1399-field_2-error\" required><\/div><div id=\"wpforms-1399-field_5-container\" class=\"wpforms-field wpforms-field-phone\" data-field-id=\"5\"><label class=\"wpforms-field-label\" for=\"wpforms-1399-field_5\">T\u00e9l\u00e9phone\/WhatsApp <span class=\"wpforms-required-label\" aria-hidden=\"true\">*<\/span><\/label><input type=\"tel\" id=\"wpforms-1399-field_5\" class=\"wpforms-field-medium wpforms-field-required\" data-rule-int-phone-field=\"true\" name=\"wpforms[fields][5]\" aria-errormessage=\"wpforms-1399-field_5-error\" required><\/div><\/div><div class=\"wpforms-layout-column wpforms-layout-column-50\"><div id=\"wpforms-1399-field_3-container\" class=\"wpforms-field wpforms-field-email\" data-field-id=\"3\"><label class=\"wpforms-field-label\" for=\"wpforms-1399-field_3\">Courriel <span class=\"wpforms-required-label\" aria-hidden=\"true\">*<\/span><\/label><input type=\"email\" id=\"wpforms-1399-field_3\" class=\"wpforms-field-medium wpforms-field-required\" name=\"wpforms[fields][3]\" spellcheck=\"false\" aria-errormessage=\"wpforms-1399-field_3-error\" required><\/div><div id=\"wpforms-1399-field_4-container\" class=\"wpforms-field wpforms-field-text\" data-field-id=\"4\"><label class=\"wpforms-field-label\" for=\"wpforms-1399-field_4\">Demande de renseignements<\/label><input type=\"text\" id=\"wpforms-1399-field_4\" class=\"wpforms-field-medium\" name=\"wpforms[fields][4]\" aria-errormessage=\"wpforms-1399-field_4-error\" ><\/div><\/div><\/div><\/div><\/div><!-- .wpforms-field-container --><div class=\"wpforms-recaptcha-container wpforms-is-turnstile\" ><div class=\"g-recaptcha\" data-sitekey=\"0x4AAAAAAAyrnCk3ccFGBLIG\" data-action=\"FormID-1399\"><\/div><input type=\"text\" name=\"g-recaptcha-hidden\" class=\"wpforms-recaptcha-hidden\" style=\"position:absolute!important;clip:rect(0,0,0,0)!important;height:1px!important;width:1px!important;border:0!important;overflow:hidden!important;padding:0!important;margin:0!important;\" data-rule-turnstile=\"1\"><\/div><div class=\"wpforms-submit-container\" ><input type=\"hidden\" name=\"wpforms[id]\" value=\"1399\"><input type=\"hidden\" name=\"wpforms[author]\" value=\"1\"><button type=\"submit\" name=\"wpforms[submit]\" id=\"wpforms-submit-1399\" class=\"wpforms-submit\" data-alt-text=\"Sending...\" data-submit-text=\"Send Inquiry\" aria-live=\"assertive\" value=\"wpforms-submit\">Envoyer une demande de renseignements<\/button><img decoding=\"async\" src=\"https:\/\/kelingmed.com\/wp-content\/plugins\/wpforms\/assets\/images\/submit-spin.svg\" class=\"wpforms-submit-spinner\" style=\"display: none;\" width=\"26\" height=\"26\" alt=\"Chargement en cours\"><\/div><input type=\"hidden\" name=\"trp-form-language\" value=\"fr\"\/><\/form><\/div>  <!-- .wpforms-container -->","protected":false},"excerpt":{"rendered":"<div>\n<table border=\"1\" cellspacing=\"0\">\n<tbody>\n<tr>\n<td height=\"20\">Mode<\/td>\n<td height=\"20\">KL04L\uff08AC\/DC\uff09<\/td>\n<\/tr>\n<tr>\n<td height=\"20\">Eclairage \u00e0 1m\uff08lux\uff09<\/td>\n<td height=\"20\">60000<\/td>\n<\/tr>\n<tr>\n<td height=\"20\">Temp\u00e9rature de couleur optionnelle\uff08K\uff09<\/td>\n<td height=\"20\">4500\u00b1500<\/td>\n<\/tr>\n<tr>\n<td height=\"20\">Indice de rendu des couleurs\uff08Ra\uff09<\/td>\n<td height=\"20\">100\u2265Ra\u226585<\/td>\n<\/tr>\n<tr>\n<td height=\"20\">Alimentation\uff08AC\uff09<\/td>\n<td colspan=\"1\" height=\"20\">220V\u00b110% 50HZ DC24V<\/td>\n<\/tr>\n<tr>\n<td height=\"20\">La valeur de l'irradiation totale<\/td>\n<td height=\"20\">&lt;6mW\/m2lx<\/td>\n<\/tr>\n<tr>\n<td height=\"20\">\uff08service range for temperature rise\u226410C\uff09<\/td>\n<td height=\"20\"><\/td>\n<\/tr>\n<tr>\n<td height=\"20\">Irradiation totale \uff08El\u00e9vation de la temp\u00e9rature sur les<\/td>\n<td height=\"20\">\u2264600W\/m2<\/td>\n<\/tr>\n<tr>\n<td height=\"20\">t\u00eate d'un patient soumis \u00e0 une intervention chirurgicale\u22642C\uff09<\/td>\n<td height=\"20\"><\/td>\n<\/tr>\n<tr>\n<td height=\"20\">Tension nominale de l'ampoule<\/td>\n<td height=\"20\">24V<\/td>\n<\/tr>\n<tr>\n<td height=\"20\">Puissance nominale de l'ampoule<\/td>\n<td height=\"20\">100W<\/td>\n<\/tr>\n<tr>\n<td height=\"20\">Puissance d'entr\u00e9e\uff08VA\uff09<\/td>\n<td height=\"20\">180<\/td>\n<\/tr>\n<\/tbody>\n<\/table>\n<div class=\"wpforms-container wpforms-container-full wpforms-render-modern\" id=\"wpforms-1399\">\n<form id=\"wpforms-form-1399\" class=\"wpforms-validate wpforms-form wpforms-ajax-form\" data-formid=\"1399\" method=\"post\" enctype=\"multipart\/form-data\" action=\"\/fr\/wp-json\/wp\/v2\/product\/1304\" data-token=\"dc59fd6b52978f5f57666518079e96dc\" data-trp-original-action=\"\/fr\/wp-json\/wp\/v2\/product\/1304\"><noscript class=\"wpforms-error-noscript\">Veuillez activer JavaScript dans votre navigateur pour remplir ce formulaire.<\/noscript><\/p>\n<div class=\"wpforms-hidden\" id=\"wpforms-error-noscript\">Veuillez activer JavaScript dans votre navigateur pour remplir ce formulaire.<\/div>\n<div class=\"wpforms-field-container\">\n<div id=\"wpforms-1399-field_1-container\" class=\"wpforms-field wpforms-field-layout\" data-field-id=\"1\"><label class=\"wpforms-field-label wpforms-label-hide\" for=\"wpforms-1399-field_1\" aria-hidden=\"false\">Mise en page<\/label><\/p>\n<div class=\"wpforms-field-layout-columns wpforms-field-layout-preset-50-50\">\n<div class=\"wpforms-layout-column wpforms-layout-column-50\">\n<div id=\"wpforms-1399-field_2-container\" class=\"wpforms-field wpforms-field-name\" data-field-id=\"2\"><label class=\"wpforms-field-label\" for=\"wpforms-1399-field_2\">Nom <span class=\"wpforms-required-label\" aria-hidden=\"true\">*<\/span><\/label><input type=\"text\" id=\"wpforms-1399-field_2\" class=\"wpforms-field-medium wpforms-field-required\" name=\"wpforms[fields][2]\" aria-errormessage=\"wpforms-1399-field_2-error\" required><\/div>\n<div id=\"wpforms-1399-field_5-container\" class=\"wpforms-field wpforms-field-phone\" data-field-id=\"5\"><label class=\"wpforms-field-label\" for=\"wpforms-1399-field_5\">T\u00e9l\u00e9phone\/WhatsApp <span class=\"wpforms-required-label\" aria-hidden=\"true\">*<\/span><\/label><input type=\"tel\" id=\"wpforms-1399-field_5\" class=\"wpforms-field-medium wpforms-field-required\" data-rule-int-phone-field=\"true\" name=\"wpforms[fields][5]\" aria-errormessage=\"wpforms-1399-field_5-error\" required><\/div>\n<\/div>\n<div class=\"wpforms-layout-column wpforms-layout-column-50\">\n<div id=\"wpforms-1399-field_3-container\" class=\"wpforms-field wpforms-field-email\" data-field-id=\"3\"><label class=\"wpforms-field-label\" for=\"wpforms-1399-field_3\">Courriel <span class=\"wpforms-required-label\" aria-hidden=\"true\">*<\/span><\/label><input type=\"email\" id=\"wpforms-1399-field_3\" class=\"wpforms-field-medium wpforms-field-required\" name=\"wpforms[fields][3]\" spellcheck=\"false\" aria-errormessage=\"wpforms-1399-field_3-error\" required><\/div>\n<div id=\"wpforms-1399-field_4-container\" class=\"wpforms-field wpforms-field-text\" data-field-id=\"4\"><label class=\"wpforms-field-label\" for=\"wpforms-1399-field_4\">Demande de renseignements<\/label><input type=\"text\" id=\"wpforms-1399-field_4\" class=\"wpforms-field-medium\" name=\"wpforms[fields][4]\" aria-errormessage=\"wpforms-1399-field_4-error\" ><\/div>\n<\/div>\n<\/div>\n<\/div>\n<\/div>\n<p><!-- .wpforms-field-container --><\/p>\n<div class=\"wpforms-recaptcha-container wpforms-is-turnstile\" >\n<div class=\"g-recaptcha\" data-sitekey=\"0x4AAAAAAAyrnCk3ccFGBLIG\" data-action=\"FormID-1399\"><\/div>\n<p><input type=\"text\" name=\"g-recaptcha-hidden\" class=\"wpforms-recaptcha-hidden\" style=\"position:absolute!important;clip:rect(0,0,0,0)!important;height:1px!important;width:1px!important;border:0!important;overflow:hidden!important;padding:0!important;margin:0!important;\" data-rule-turnstile=\"1\"><\/div>\n<div class=\"wpforms-submit-container\" ><input type=\"hidden\" name=\"wpforms[id]\" value=\"1399\"><input type=\"hidden\" name=\"wpforms[author]\" value=\"1\"><button type=\"submit\" name=\"wpforms[submit]\" id=\"wpforms-submit-1399\" class=\"wpforms-submit\" data-alt-text=\"Sending...\" data-submit-text=\"Send Inquiry\" aria-live=\"assertive\" value=\"wpforms-submit\">Envoyer une demande de renseignements<\/button><img decoding=\"async\" src=\"https:\/\/kelingmed.com\/wp-content\/plugins\/wpforms\/assets\/images\/submit-spin.svg\" class=\"wpforms-submit-spinner\" style=\"display: none;\" width=\"26\" height=\"26\" alt=\"Chargement en cours\"><\/div>\n<input type=\"hidden\" name=\"trp-form-language\" value=\"fr\"\/><\/form>\n<\/div>\n<p>  <!-- .wpforms-container --><\/p>\n<\/div>","protected":false},"featured_media":1363,"template":"","meta":{"site-sidebar-layout":"default","site-content-layout":"","ast-site-content-layout":"default","site-content-style":"default","site-sidebar-style":"default","ast-global-header-display":"","ast-banner-title-visibility":"","ast-main-header-display":"","ast-hfb-above-header-display":"","ast-hfb-below-header-display":"","ast-hfb-mobile-header-display":"","site-post-title":"","ast-breadcrumbs-content":"","ast-featured-img":"","footer-sml-layout":"","theme-transparent-header-meta":"","adv-header-id-meta":"","stick-header-meta":"","header-above-stick-meta":"","header-main-stick-meta":"","header-below-stick-meta":"","astra-migrate-meta-layouts":"default","ast-page-background-enabled":"default","ast-page-background-meta":{"desktop":{"background-color":"var(--ast-global-color-5)","background-image":"","background-repeat":"repeat","background-position":"center center","background-size":"auto","background-attachment":"scroll","background-type":"","background-media":"","overlay-type":"","overlay-color":"","overlay-opacity":"","overlay-gradient":""},"tablet":{"background-color":"","background-image":"","background-repeat":"repeat","background-position":"center center","background-size":"auto","background-attachment":"scroll","background-type":"","background-media":"","overlay-type":"","overlay-color":"","overlay-opacity":"","overlay-gradient":""},"mobile":{"background-color":"","background-image":"","background-repeat":"repeat","background-position":"center center","background-size":"auto","background-attachment":"scroll","background-type":"","background-media":"","overlay-type":"","overlay-color":"","overlay-opacity":"","overlay-gradient":""}},"ast-content-background-meta":{"desktop":{"background-color":"var(--ast-global-color-4)","background-image":"","background-repeat":"repeat","background-position":"center center","background-size":"auto","background-attachment":"scroll","background-type":"","background-media":"","overlay-type":"","overlay-color":"","overlay-opacity":"","overlay-gradient":""},"tablet":{"background-color":"var(--ast-global-color-4)","background-image":"","background-repeat":"repeat","background-position":"center center","background-size":"auto","background-attachment":"scroll","background-type":"","background-media":"","overlay-type":"","overlay-color":"","overlay-opacity":"","overlay-gradient":""},"mobile":{"background-color":"var(--ast-global-color-4)","background-image":"","background-repeat":"repeat","background-position":"center center","background-size":"auto","background-attachment":"scroll","background-type":"","background-media":"","overlay-type":"","overlay-color":"","overlay-opacity":"","overlay-gradient":""}}},"product_brand":[],"product_cat":[24],"product_tag":[],"class_list":{"0":"post-1304","1":"product","2":"type-product","3":"status-publish","4":"has-post-thumbnail","6":"product_cat-surgical-light","7":"desktop-align-left","8":"tablet-align-left","9":"mobile-align-left","11":"first","12":"instock","13":"shipping-taxable","14":"product-type-simple"},"_links":{"self":[{"href":"https:\/\/kelingmed.com\/fr\/wp-json\/wp\/v2\/product\/1304","targetHints":{"allow":["GET"]}}],"collection":[{"href":"https:\/\/kelingmed.com\/fr\/wp-json\/wp\/v2\/product"}],"about":[{"href":"https:\/\/kelingmed.com\/fr\/wp-json\/wp\/v2\/types\/product"}],"wp:featuredmedia":[{"embeddable":true,"href":"https:\/\/kelingmed.com\/fr\/wp-json\/wp\/v2\/media\/1363"}],"wp:attachment":[{"href":"https:\/\/kelingmed.com\/fr\/wp-json\/wp\/v2\/media?parent=1304"}],"wp:term":[{"taxonomy":"product_brand","embeddable":true,"href":"https:\/\/kelingmed.com\/fr\/wp-json\/wp\/v2\/product_brand?post=1304"},{"taxonomy":"product_cat","embeddable":true,"href":"https:\/\/kelingmed.com\/fr\/wp-json\/wp\/v2\/product_cat?post=1304"},{"taxonomy":"product_tag","embeddable":true,"href":"https:\/\/kelingmed.com\/fr\/wp-json\/wp\/v2\/product_tag?post=1304"}],"curies":[{"name":"wp","href":"https:\/\/api.w.org\/{rel}","templated":true}]}}