{"id":1292,"date":"2024-12-26T01:31:33","date_gmt":"2024-12-26T01:31:33","guid":{"rendered":"https:\/\/kelingmed.com\/?post_type=product&#038;p=1292"},"modified":"2024-12-26T01:51:17","modified_gmt":"2024-12-26T01:51:17","slug":"lampe-chirurgicale-led-kl-led-dt61","status":"publish","type":"product","link":"https:\/\/kelingmed.com\/fr\/product\/lampe-chirurgicale-led-kl-led-dt61\/","title":{"rendered":"Lampe chirurgicale \u00e0 LED-KL-LED-DT61"},"content":{"rendered":"<ol>\n<li><b><\/b><strong><b>Champ d'application<\/b><\/strong><\/li>\n<\/ol>\n<p>pour l'\u00e9clairage des op\u00e9rations chirurgicales.<\/p>\n<ol start=\"2\">\n<li><b><\/b><strong><b>Caract\u00e9ristiques structurelles<\/b><\/strong><\/li>\n<\/ol>\n<p>Lampe \u00e0 fonctionnement sans ombre LED Source lumineuse LED, r\u00e9duisant efficacement la chaleur.<\/p>\n<p>Ampoule LED sans ombre avec une longue dur\u00e9e de vie, les avantages du vieillissement ne sont pas faciles.<\/p>\n<p>Bras de lampe avec structure \u00e0 cardan, avec une amplitude de mouvement multiple<\/p>\n<p>Structure<strong><b>\u00a0<\/b><\/strong>voir figure 1<\/p>\n<p>Principe de fonctionnement\uff1aLa source lumineuse en un seul point avec le faisceau lumineux LED converg\u00e9 par l'intersection de la lentille.<br \/>\nLe syst\u00e8me d'\u00e9quilibrage rotatif de la lampe sans ombre est con\u00e7u pour r\u00e9pondre aux besoins d'une vari\u00e9t\u00e9 d'op\u00e9rations chirurgicales, l'\u00e9clairage chirurgical est le meilleur angle de rotation de l'entra\u00eenement du roulement de travail, de sorte que la lampe chirurgicale se trouve dans la direction du besoin d'op\u00e9ration, tout en augmentant l'amortissement r\u00e9glable, de sorte que les lampes chirurgicales d\u00e9placent la poign\u00e9e est l\u00e9g\u00e8re, stable et le positionnement fiable.<\/p>\n<p>Le syst\u00e8me d'\u00e9quilibrage fonctionne par pr\u00e9-compression, le ressort de compression permettant \u00e0 la lampe d'\u00e9quilibrer la force requise par la tringlerie de la lampe. L'op\u00e9ration de mont\u00e9e et de descente de la lampe est confortable et l\u00e9g\u00e8re. Le contr\u00f4le \u00e9lectrique de l'alimentation \u00e0 d\u00e9coupage, la tension de sortie stable, capable de s'adapter aux exigences de la gamme de fluctuation de puissance du r\u00e9seau des lieux. Les diodes \u00e9lectroluminescentes en parall\u00e8le, puis en s\u00e9rie, et est divis\u00e9 en plusieurs contr\u00f4le s\u00e9par\u00e9 une diode \u00e9lectroluminescente unique, dans le cas d'une seule s\u00e9rie de dommages, son illumination de \u2265 40 000 lx.<\/p>\n<p><strong>3. param\u00e8tres techniques<\/strong><\/p>\n<p>Classe de s\u00e9curit\u00e9 : Type B de la classe I<\/p>\n<p>Mode de fonctionnement\uff1aContinu<\/p>\n<p>Cat\u00e9gorie d'\u00e9quipement\uff1aNon-AP \/ \u00e9quipement APG<\/p>\n<p>Protection de l'entr\u00e9e\uff1aAucun fluide de pr\u00e9caution<\/p>\n<p>L'appareil n'a pas la partie de la protection de l'effet de d\u00e9charge de la d\u00e9fibrillation.<\/p>\n<p>L'appareil n'a pas d'entr\u00e9e ni de sortie de signal<\/p>\n<p>Le dispositif est une installation permanente d'\u00e9quipement<\/p>\n<p><strong>Conditions de travail normales :<\/strong>\u00a0Temp\u00e9rature ambiante : 5\u2103~40\u2103<\/p>\n<p>Humidit\u00e9 relative : \u226480%<\/p>\n<p>Pression atmosph\u00e9rique : 860hpa~1060hpa<\/p>\n<p>Tension d'alimentation : 220V 50\/60Hz<\/p>\n<p>Puissance d'entr\u00e9e\uff1a 150VA<\/p>\n<p>Illumination\uff1a160\uff0c000lx\u2265Ec\u226580\uff0c000lx<\/p>\n<p>Temp\u00e9rature de couleur\uff1a 6700\u2265Tc\u22653000<\/p>\n<p>Eclairage total\uff1a \u22641000w\/m<sup>2<\/sup><\/p>\n<p>Eclairage total\/ Eclairage\uff1a\u22646mW\/m<sup>2<\/sup>lx<\/p>\n<p>Diam\u00e8tre du spot lumineux\uff1a180mm\u00b140mm<\/p>\n<p>d50\uff1a110mm\u00b135mm<\/p>\n<p>50% du diam\u00e8tre d50 de la r\u00e9gion lumineuse d'illumination centrale ne doit pas \u00eatre inf\u00e9rieur \u00e0 50% du diam\u00e8tre d10 du spot.<\/p>\n<p>Profondeur du faisceau lumineux\uff1a\u2265700mm<\/p>\n<p>indice de rendu des couleurs\uff1a100\u2265Ra\u226585<\/p>\n<p>effet d'ombre\uff1a<\/p>\n<p>L'illumination restante d'une chicane n'est pas inf\u00e9rieure \u00e0 35%, l'illumination restante des deux chicanes n'est pas inf\u00e9rieure \u00e0 38%, l'illumination restante du tube creux n'est pas inf\u00e9rieure \u00e0 70%, l'illumination restante d'une chicane et du tube creux n'est pas inf\u00e9rieure \u00e0 32%, deux chicanes, et l'illumination restante du tube creux n'est pas inf\u00e9rieure \u00e0 34%.<\/p>\n<p>powerswitchfuse\uff1aFS5A 250VAC<\/p>\n<p>Puissance des LED\uff1aDC24V(0.5W\/3V\u00d78)<\/p>\n<div class=\"wpforms-container wpforms-container-full wpforms-render-modern\" id=\"wpforms-1399\"><form id=\"wpforms-form-1399\" class=\"wpforms-validate wpforms-form wpforms-ajax-form\" data-formid=\"1399\" method=\"post\" enctype=\"multipart\/form-data\" action=\"\/fr\/wp-json\/wp\/v2\/product\/1292\" data-token=\"dc59fd6b52978f5f57666518079e96dc\" data-trp-original-action=\"\/fr\/wp-json\/wp\/v2\/product\/1292\"><noscript class=\"wpforms-error-noscript\">Veuillez activer JavaScript dans votre navigateur pour remplir ce formulaire.<\/noscript><div class=\"wpforms-hidden\" id=\"wpforms-error-noscript\">Veuillez activer JavaScript dans votre navigateur pour remplir ce formulaire.<\/div><div class=\"wpforms-field-container\"><div id=\"wpforms-1399-field_1-container\" class=\"wpforms-field wpforms-field-layout\" data-field-id=\"1\"><label class=\"wpforms-field-label wpforms-label-hide\" for=\"wpforms-1399-field_1\" aria-hidden=\"false\">Mise en page<\/label><div class=\"wpforms-field-layout-columns wpforms-field-layout-preset-50-50\"><div class=\"wpforms-layout-column wpforms-layout-column-50\"><div id=\"wpforms-1399-field_2-container\" class=\"wpforms-field wpforms-field-name\" data-field-id=\"2\"><label class=\"wpforms-field-label\" for=\"wpforms-1399-field_2\">Nom <span class=\"wpforms-required-label\" aria-hidden=\"true\">*<\/span><\/label><input type=\"text\" id=\"wpforms-1399-field_2\" class=\"wpforms-field-medium wpforms-field-required\" name=\"wpforms[fields][2]\" aria-errormessage=\"wpforms-1399-field_2-error\" required><\/div><div id=\"wpforms-1399-field_5-container\" class=\"wpforms-field wpforms-field-phone\" data-field-id=\"5\"><label class=\"wpforms-field-label\" for=\"wpforms-1399-field_5\">T\u00e9l\u00e9phone\/WhatsApp <span class=\"wpforms-required-label\" aria-hidden=\"true\">*<\/span><\/label><input type=\"tel\" id=\"wpforms-1399-field_5\" class=\"wpforms-field-medium wpforms-field-required\" data-rule-int-phone-field=\"true\" name=\"wpforms[fields][5]\" aria-errormessage=\"wpforms-1399-field_5-error\" required><\/div><\/div><div class=\"wpforms-layout-column wpforms-layout-column-50\"><div id=\"wpforms-1399-field_3-container\" class=\"wpforms-field wpforms-field-email\" data-field-id=\"3\"><label class=\"wpforms-field-label\" for=\"wpforms-1399-field_3\">Courriel <span class=\"wpforms-required-label\" aria-hidden=\"true\">*<\/span><\/label><input type=\"email\" id=\"wpforms-1399-field_3\" class=\"wpforms-field-medium wpforms-field-required\" name=\"wpforms[fields][3]\" spellcheck=\"false\" aria-errormessage=\"wpforms-1399-field_3-error\" required><\/div><div id=\"wpforms-1399-field_4-container\" class=\"wpforms-field wpforms-field-text\" data-field-id=\"4\"><label class=\"wpforms-field-label\" for=\"wpforms-1399-field_4\">Demande de renseignements<\/label><input type=\"text\" id=\"wpforms-1399-field_4\" class=\"wpforms-field-medium\" name=\"wpforms[fields][4]\" aria-errormessage=\"wpforms-1399-field_4-error\" ><\/div><\/div><\/div><\/div><\/div><!-- .wpforms-field-container --><div class=\"wpforms-recaptcha-container wpforms-is-turnstile\" ><div class=\"g-recaptcha\" data-sitekey=\"0x4AAAAAAAyrnCk3ccFGBLIG\" data-action=\"FormID-1399\"><\/div><input type=\"text\" name=\"g-recaptcha-hidden\" class=\"wpforms-recaptcha-hidden\" style=\"position:absolute!important;clip:rect(0,0,0,0)!important;height:1px!important;width:1px!important;border:0!important;overflow:hidden!important;padding:0!important;margin:0!important;\" data-rule-turnstile=\"1\"><\/div><div class=\"wpforms-submit-container\" ><input type=\"hidden\" name=\"wpforms[id]\" value=\"1399\"><input type=\"hidden\" name=\"wpforms[author]\" value=\"1\"><button type=\"submit\" name=\"wpforms[submit]\" id=\"wpforms-submit-1399\" class=\"wpforms-submit\" data-alt-text=\"Sending...\" data-submit-text=\"Send Inquiry\" aria-live=\"assertive\" value=\"wpforms-submit\">Envoyer une demande de renseignements<\/button><img decoding=\"async\" src=\"https:\/\/kelingmed.com\/wp-content\/plugins\/wpforms\/assets\/images\/submit-spin.svg\" class=\"wpforms-submit-spinner\" style=\"display: none;\" width=\"26\" height=\"26\" alt=\"Chargement en cours\"><\/div><input type=\"hidden\" name=\"trp-form-language\" value=\"fr\"\/><\/form><\/div>  <!-- .wpforms-container -->","protected":false},"excerpt":{"rendered":"<div>\n<table border=\"1\" cellspacing=\"0\">\n<tbody>\n<tr>\n<td height=\"20\">Mode<\/td>\n<td height=\"20\">KL-LED.DT61\/DT61<\/td>\n<\/tr>\n<tr>\n<td height=\"20\">\u00c9clairage \u00e0 Im\uff08lux\uff09<\/td>\n<td height=\"20\">40000\/160000<\/td>\n<\/tr>\n<tr>\n<td height=\"20\"><\/td>\n<td height=\"20\">\/40000~160000<\/td>\n<\/tr>\n<tr>\n<td height=\"20\">Eclairage en lm en mode Endo\uff08lux\uff09<\/td>\n<td height=\"20\">10000<\/td>\n<\/tr>\n<tr>\n<td height=\"20\">Diam\u00e8tre du faisceau lumineux D10mm<\/td>\n<td height=\"20\">180\u00b140\uff0f180\u00b140<\/td>\n<\/tr>\n<tr>\n<td height=\"20\">D50\uff08mm\uff09<\/td>\n<td height=\"20\">110\u00b135\/110\u00b135<\/td>\n<\/tr>\n<tr>\n<td height=\"20\">Profondeur de l'\u00e9clairage L1+L2\uff08cm\uff09<\/td>\n<td height=\"20\">150<\/td>\n<\/tr>\n<tr>\n<td height=\"20\">Indice de rendu des couleurs\uff08Ra\uff09<\/td>\n<td height=\"20\">100\u2265Ra\u226585<\/td>\n<\/tr>\n<tr>\n<td height=\"20\">Indice de rendu des couleurs rouges R9<\/td>\n<td height=\"20\">\u226597<\/td>\n<\/tr>\n<tr>\n<td height=\"20\">Temp\u00e9rature de couleur optionnelle\uff08K\uff09<\/td>\n<td height=\"20\">6700\u2265Tc\u22653000K<\/td>\n<\/tr>\n<tr>\n<td height=\"20\">Nombre de LED<\/td>\n<td height=\"20\">60 \/ 60<\/td>\n<\/tr>\n<\/tbody>\n<\/table>\n<div class=\"wpforms-container wpforms-container-full wpforms-render-modern\" id=\"wpforms-1399\">\n<form id=\"wpforms-form-1399\" class=\"wpforms-validate wpforms-form wpforms-ajax-form\" data-formid=\"1399\" method=\"post\" enctype=\"multipart\/form-data\" action=\"\/fr\/wp-json\/wp\/v2\/product\/1292\" data-token=\"dc59fd6b52978f5f57666518079e96dc\" data-trp-original-action=\"\/fr\/wp-json\/wp\/v2\/product\/1292\"><noscript class=\"wpforms-error-noscript\">Veuillez activer JavaScript dans votre navigateur pour remplir ce formulaire.<\/noscript><\/p>\n<div class=\"wpforms-hidden\" id=\"wpforms-error-noscript\">Veuillez activer JavaScript dans votre navigateur pour remplir ce formulaire.<\/div>\n<div class=\"wpforms-field-container\">\n<div id=\"wpforms-1399-field_1-container\" class=\"wpforms-field wpforms-field-layout\" data-field-id=\"1\"><label class=\"wpforms-field-label wpforms-label-hide\" for=\"wpforms-1399-field_1\" aria-hidden=\"false\">Mise en page<\/label><\/p>\n<div class=\"wpforms-field-layout-columns wpforms-field-layout-preset-50-50\">\n<div class=\"wpforms-layout-column wpforms-layout-column-50\">\n<div id=\"wpforms-1399-field_2-container\" class=\"wpforms-field wpforms-field-name\" data-field-id=\"2\"><label class=\"wpforms-field-label\" for=\"wpforms-1399-field_2\">Nom <span class=\"wpforms-required-label\" aria-hidden=\"true\">*<\/span><\/label><input type=\"text\" id=\"wpforms-1399-field_2\" class=\"wpforms-field-medium wpforms-field-required\" name=\"wpforms[fields][2]\" aria-errormessage=\"wpforms-1399-field_2-error\" required><\/div>\n<div id=\"wpforms-1399-field_5-container\" class=\"wpforms-field wpforms-field-phone\" data-field-id=\"5\"><label class=\"wpforms-field-label\" for=\"wpforms-1399-field_5\">T\u00e9l\u00e9phone\/WhatsApp <span class=\"wpforms-required-label\" aria-hidden=\"true\">*<\/span><\/label><input type=\"tel\" id=\"wpforms-1399-field_5\" class=\"wpforms-field-medium wpforms-field-required\" data-rule-int-phone-field=\"true\" name=\"wpforms[fields][5]\" aria-errormessage=\"wpforms-1399-field_5-error\" required><\/div>\n<\/div>\n<div class=\"wpforms-layout-column wpforms-layout-column-50\">\n<div id=\"wpforms-1399-field_3-container\" class=\"wpforms-field wpforms-field-email\" data-field-id=\"3\"><label class=\"wpforms-field-label\" for=\"wpforms-1399-field_3\">Courriel <span class=\"wpforms-required-label\" aria-hidden=\"true\">*<\/span><\/label><input type=\"email\" id=\"wpforms-1399-field_3\" class=\"wpforms-field-medium wpforms-field-required\" name=\"wpforms[fields][3]\" spellcheck=\"false\" aria-errormessage=\"wpforms-1399-field_3-error\" required><\/div>\n<div id=\"wpforms-1399-field_4-container\" class=\"wpforms-field wpforms-field-text\" data-field-id=\"4\"><label class=\"wpforms-field-label\" for=\"wpforms-1399-field_4\">Demande de renseignements<\/label><input type=\"text\" id=\"wpforms-1399-field_4\" class=\"wpforms-field-medium\" name=\"wpforms[fields][4]\" aria-errormessage=\"wpforms-1399-field_4-error\" ><\/div>\n<\/div>\n<\/div>\n<\/div>\n<\/div>\n<p><!-- .wpforms-field-container --><\/p>\n<div class=\"wpforms-recaptcha-container wpforms-is-turnstile\" >\n<div class=\"g-recaptcha\" data-sitekey=\"0x4AAAAAAAyrnCk3ccFGBLIG\" data-action=\"FormID-1399\"><\/div>\n<p><input type=\"text\" name=\"g-recaptcha-hidden\" class=\"wpforms-recaptcha-hidden\" style=\"position:absolute!important;clip:rect(0,0,0,0)!important;height:1px!important;width:1px!important;border:0!important;overflow:hidden!important;padding:0!important;margin:0!important;\" data-rule-turnstile=\"1\"><\/div>\n<div class=\"wpforms-submit-container\" ><input type=\"hidden\" name=\"wpforms[id]\" value=\"1399\"><input type=\"hidden\" name=\"wpforms[author]\" value=\"1\"><button type=\"submit\" name=\"wpforms[submit]\" id=\"wpforms-submit-1399\" class=\"wpforms-submit\" data-alt-text=\"Sending...\" data-submit-text=\"Send Inquiry\" aria-live=\"assertive\" value=\"wpforms-submit\">Envoyer une demande de renseignements<\/button><img decoding=\"async\" src=\"https:\/\/kelingmed.com\/wp-content\/plugins\/wpforms\/assets\/images\/submit-spin.svg\" class=\"wpforms-submit-spinner\" style=\"display: none;\" width=\"26\" height=\"26\" alt=\"Chargement en cours\"><\/div>\n<input type=\"hidden\" name=\"trp-form-language\" value=\"fr\"\/><\/form>\n<\/div>\n<p>  <!-- .wpforms-container --><\/p>\n<\/div>","protected":false},"featured_media":1315,"template":"","meta":{"site-sidebar-layout":"default","site-content-layout":"","ast-site-content-layout":"default","site-content-style":"default","site-sidebar-style":"default","ast-global-header-display":"","ast-banner-title-visibility":"","ast-main-header-display":"","ast-hfb-above-header-display":"","ast-hfb-below-header-display":"","ast-hfb-mobile-header-display":"","site-post-title":"","ast-breadcrumbs-content":"","ast-featured-img":"","footer-sml-layout":"","theme-transparent-header-meta":"","adv-header-id-meta":"","stick-header-meta":"","header-above-stick-meta":"","header-main-stick-meta":"","header-below-stick-meta":"","astra-migrate-meta-layouts":"default","ast-page-background-enabled":"default","ast-page-background-meta":{"desktop":{"background-color":"var(--ast-global-color-5)","background-image":"","background-repeat":"repeat","background-position":"center center","background-size":"auto","background-attachment":"scroll","background-type":"","background-media":"","overlay-type":"","overlay-color":"","overlay-opacity":"","overlay-gradient":""},"tablet":{"background-color":"","background-image":"","background-repeat":"repeat","background-position":"center center","background-size":"auto","background-attachment":"scroll","background-type":"","background-media":"","overlay-type":"","overlay-color":"","overlay-opacity":"","overlay-gradient":""},"mobile":{"background-color":"","background-image":"","background-repeat":"repeat","background-position":"center center","background-size":"auto","background-attachment":"scroll","background-type":"","background-media":"","overlay-type":"","overlay-color":"","overlay-opacity":"","overlay-gradient":""}},"ast-content-background-meta":{"desktop":{"background-color":"var(--ast-global-color-4)","background-image":"","background-repeat":"repeat","background-position":"center center","background-size":"auto","background-attachment":"scroll","background-type":"","background-media":"","overlay-type":"","overlay-color":"","overlay-opacity":"","overlay-gradient":""},"tablet":{"background-color":"var(--ast-global-color-4)","background-image":"","background-repeat":"repeat","background-position":"center center","background-size":"auto","background-attachment":"scroll","background-type":"","background-media":"","overlay-type":"","overlay-color":"","overlay-opacity":"","overlay-gradient":""},"mobile":{"background-color":"var(--ast-global-color-4)","background-image":"","background-repeat":"repeat","background-position":"center center","background-size":"auto","background-attachment":"scroll","background-type":"","background-media":"","overlay-type":"","overlay-color":"","overlay-opacity":"","overlay-gradient":""}}},"product_brand":[],"product_cat":[24],"product_tag":[],"class_list":{"0":"post-1292","1":"product","2":"type-product","3":"status-publish","4":"has-post-thumbnail","6":"product_cat-surgical-light","7":"desktop-align-left","8":"tablet-align-left","9":"mobile-align-left","11":"first","12":"instock","13":"shipping-taxable","14":"product-type-simple"},"_links":{"self":[{"href":"https:\/\/kelingmed.com\/fr\/wp-json\/wp\/v2\/product\/1292","targetHints":{"allow":["GET"]}}],"collection":[{"href":"https:\/\/kelingmed.com\/fr\/wp-json\/wp\/v2\/product"}],"about":[{"href":"https:\/\/kelingmed.com\/fr\/wp-json\/wp\/v2\/types\/product"}],"wp:featuredmedia":[{"embeddable":true,"href":"https:\/\/kelingmed.com\/fr\/wp-json\/wp\/v2\/media\/1315"}],"wp:attachment":[{"href":"https:\/\/kelingmed.com\/fr\/wp-json\/wp\/v2\/media?parent=1292"}],"wp:term":[{"taxonomy":"product_brand","embeddable":true,"href":"https:\/\/kelingmed.com\/fr\/wp-json\/wp\/v2\/product_brand?post=1292"},{"taxonomy":"product_cat","embeddable":true,"href":"https:\/\/kelingmed.com\/fr\/wp-json\/wp\/v2\/product_cat?post=1292"},{"taxonomy":"product_tag","embeddable":true,"href":"https:\/\/kelingmed.com\/fr\/wp-json\/wp\/v2\/product_tag?post=1292"}],"curies":[{"name":"wp","href":"https:\/\/api.w.org\/{rel}","templated":true}]}}