{"id":1291,"date":"2024-12-26T01:31:32","date_gmt":"2024-12-26T01:31:32","guid":{"rendered":"https:\/\/kelingmed.com\/?post_type=product&#038;p=1291"},"modified":"2024-12-26T01:48:45","modified_gmt":"2024-12-26T01:48:45","slug":"lampara-quirurgica-led-kl-led-d78-2","status":"publish","type":"product","link":"https:\/\/kelingmed.com\/es\/producto\/lampara-quirurgica-led-kl-led-d78-2\/","title":{"rendered":"L\u00e1mpara quir\u00fargica LED-KL-LED-D78"},"content":{"rendered":"<ol>\n<li><b><\/b><strong><b>\u00c1mbito de aplicaci\u00f3n<\/b><\/strong><\/li>\n<\/ol>\n<p>apto para la iluminaci\u00f3n de operaciones quir\u00fargicas.<\/p>\n<ol start=\"2\">\n<li><b><\/b><strong><b>Caracter\u00edsticas estructurales<\/b><\/strong><\/li>\n<\/ol>\n<p>L\u00e1mpara LED de funcionamiento sin sombras Fuente de luz LED, reduce eficazmente el calor.<\/p>\n<p>Bombilla LED sin sombras de larga duraci\u00f3n, las ventajas del envejecimiento no son f\u00e1ciles<\/p>\n<p>Brazo de l\u00e1mpara con estructura card\u00e1n, con una amplitud de movimiento m\u00faltiple<\/p>\n<p>Estructura<strong><b>\u00a0<\/b><\/strong>v\u00e9ase la figura 1<\/p>\n<p>Principio de funcionamiento\uff1aLa fuente de luz a un solo punto con haz de luz LED convergido por la intersecci\u00f3n de la lente hecha.<br \/>\nOperaci\u00f3n l\u00e1mpara sin sombras sistema de equilibrio de rotaci\u00f3n est\u00e1 dise\u00f1ado para satisfacer las necesidades de una variedad de cirug\u00eda, iluminaci\u00f3n quir\u00fargica es el mejor \u00e1ngulo de rotaci\u00f3n de la unidad de rodamiento de obras, de modo que la l\u00e1mpara quir\u00fargica situada en la direcci\u00f3n de la necesidad de la operaci\u00f3n, al tiempo que aumenta la amortiguaci\u00f3n ajustable, de modo que las luces quir\u00fargicas mover el mango es ligero, estable y fiable posicionamiento.<\/p>\n<p>El sistema de equilibrio funciona por pre-compresi\u00f3n, el resorte de compresi\u00f3n para que la l\u00e1mpara para equilibrar la fuerza requerida por el enlace de la canci\u00f3n. El funcionamiento de la l\u00e1mpara hacia arriba y hacia abajo es c\u00f3modo, ligero. La fuente de alimentaci\u00f3n de conmutaci\u00f3n de control el\u00e9ctrico, la tensi\u00f3n de salida estable, capaz de adaptarse a las necesidades de la fluctuaci\u00f3n de potencia de red gama de lugares. Diodos emisores de luz en paralelo y luego en serie, y se divide en m\u00faltiples control separado un solo diodo emisor de luz, en el caso de una sola serie de da\u00f1os, su iluminaci\u00f3n de \u2265 40.000 lx.<\/p>\n<p><strong>3.Par\u00e1metros t\u00e9cnicos<\/strong><\/p>\n<p>Clase de seguridad: Tipo B de Clase I<\/p>\n<p>Modo de funcionamiento\uff1aFuncionamiento continuo<\/p>\n<p>Categor\u00eda de equipos\uff1aEquipos no APG \/ APG<\/p>\n<p>Protecci\u00f3n de entrada\uff1a Sin fluido de precci\u00f3n<\/p>\n<p>El dispositivo no tiene la parte de la protecci\u00f3n del efecto de descarga de desfibrilaci\u00f3n<\/p>\n<p>El aparato no tiene entrada ni salida de se\u00f1al<\/p>\n<p>El dispositivo es una instalaci\u00f3n permanente de equipos<\/p>\n<p><strong>Condiciones normales de trabajo:<\/strong>\u00a0temperatura ambiente:5\u2103~40\u2103<\/p>\n<p>Humedad relativa: \u226480%<\/p>\n<p>Presi\u00f3n atmosf\u00e9rica:860hpa~1060hpa<\/p>\n<p>Tensi\u00f3n de alimentaci\u00f3n: 220 V 50\/60 Hz<\/p>\n<p>Potencia de entrada\uff1a 150VA<\/p>\n<p>Illumination\uff1a160\uff0c000lx\u2265Ec\u226580\uff0c000lx<\/p>\n<p>Temperatura de color\uff1a 6700\u2265Tc\u22653000<\/p>\n<p>Iluminaci\u00f3n total\uff1a \u22641000w\/m<sup>2<\/sup><\/p>\n<p>Iluminaci\u00f3n total\/ Iluminaci\u00f3n\uff1a\u22646mW\/m<sup>2<\/sup>lx<\/p>\n<p>Di\u00e1metro del punto de luz: 180 mm \u00b1 40 mm<\/p>\n<p>d50\uff1a110mm\u00b135mm<\/p>\n<p>50% del di\u00e1metro de la regi\u00f3n luminosa de iluminaci\u00f3n central d50 no debe ser inferior a 50% del di\u00e1metro del punto d10<\/p>\n<p>Profundidad del haz de luz\uff1a\u2265700mm<\/p>\n<p>\u00edndice de reproducci\u00f3n crom\u00e1tica\uff1a100\u2265Ra\u226585<\/p>\n<p>efecto de sombra\uff1a<\/p>\n<p>Una iluminaci\u00f3n restante del deflector no inferior a 35%, la iluminaci\u00f3n restante de los dos deflectores no inferior a 38%, una iluminaci\u00f3n restante del tubo de cavidad profunda no inferior a 70% de un deflector y una iluminaci\u00f3n restante del tubo de cavidad profunda no inferior a 32%, dos deflectores, y la iluminaci\u00f3n restante del tubo de cavidad profunda no inferior a 34%.<\/p>\n<p>powerswitchfuse\uff1aFS5A 250VAC<\/p>\n<p>Potencia LED\uff1aDC24V(0,5W\/3V\u00d78)<\/p>\n<p>&nbsp;<\/p>\n<table class=\"wp-list-table widefat fixed striped table-view-list forms\">\n<tbody id=\"the-list\" data-wp-lists=\"list:form\">\n<tr>\n<td class=\"shortcode column-shortcode\" data-colname=\"Shortcode\"><div class=\"wpforms-container wpforms-container-full wpforms-render-modern\" id=\"wpforms-1399\"><form id=\"wpforms-form-1399\" class=\"wpforms-validate wpforms-form wpforms-ajax-form\" data-formid=\"1399\" method=\"post\" enctype=\"multipart\/form-data\" action=\"\/es\/wp-json\/wp\/v2\/product\/1291\" data-token=\"f21f4995c759ac9a1110a4207e7a530a\" data-trp-original-action=\"\/es\/wp-json\/wp\/v2\/product\/1291\"><noscript class=\"wpforms-error-noscript\">Por favor, active JavaScript en su navegador para completar este formulario.<\/noscript><div class=\"wpforms-hidden\" id=\"wpforms-error-noscript\">Por favor, active JavaScript en su navegador para completar este formulario.<\/div><div class=\"wpforms-field-container\"><div id=\"wpforms-1399-field_1-container\" class=\"wpforms-field wpforms-field-layout\" data-field-id=\"1\"><label class=\"wpforms-field-label wpforms-label-hide\" for=\"wpforms-1399-field_1\" aria-hidden=\"false\">Dise\u00f1o<\/label><div class=\"wpforms-field-layout-columns wpforms-field-layout-preset-50-50\"><div class=\"wpforms-layout-column wpforms-layout-column-50\"><div id=\"wpforms-1399-field_2-container\" class=\"wpforms-field wpforms-field-name\" data-field-id=\"2\"><label class=\"wpforms-field-label\" for=\"wpforms-1399-field_2\">Nombre <span class=\"wpforms-required-label\" aria-hidden=\"true\">*<\/span><\/label><input type=\"text\" id=\"wpforms-1399-field_2\" class=\"wpforms-field-medium wpforms-field-required\" name=\"wpforms[fields][2]\" aria-errormessage=\"wpforms-1399-field_2-error\" required><\/div><div id=\"wpforms-1399-field_5-container\" class=\"wpforms-field wpforms-field-phone\" data-field-id=\"5\"><label class=\"wpforms-field-label\" for=\"wpforms-1399-field_5\">Tel\u00e9fono\/WhatsApp <span class=\"wpforms-required-label\" aria-hidden=\"true\">*<\/span><\/label><input type=\"tel\" id=\"wpforms-1399-field_5\" class=\"wpforms-field-medium wpforms-field-required\" data-rule-int-phone-field=\"true\" name=\"wpforms[fields][5]\" aria-errormessage=\"wpforms-1399-field_5-error\" required><\/div><\/div><div class=\"wpforms-layout-column wpforms-layout-column-50\"><div id=\"wpforms-1399-field_3-container\" class=\"wpforms-field wpforms-field-email\" data-field-id=\"3\"><label class=\"wpforms-field-label\" for=\"wpforms-1399-field_3\">Correo electr\u00f3nico <span class=\"wpforms-required-label\" aria-hidden=\"true\">*<\/span><\/label><input type=\"email\" id=\"wpforms-1399-field_3\" class=\"wpforms-field-medium wpforms-field-required\" name=\"wpforms[fields][3]\" spellcheck=\"false\" aria-errormessage=\"wpforms-1399-field_3-error\" required><\/div><div id=\"wpforms-1399-field_4-container\" class=\"wpforms-field wpforms-field-text\" data-field-id=\"4\"><label class=\"wpforms-field-label\" for=\"wpforms-1399-field_4\">Consulta<\/label><input type=\"text\" id=\"wpforms-1399-field_4\" class=\"wpforms-field-medium\" name=\"wpforms[fields][4]\" aria-errormessage=\"wpforms-1399-field_4-error\" ><\/div><\/div><\/div><\/div><\/div><!-- .wpforms-field-container --><div class=\"wpforms-recaptcha-container wpforms-is-turnstile\" ><div class=\"g-recaptcha\" data-sitekey=\"0x4AAAAAAAyrnCk3ccFGBLIG\" data-action=\"FormID-1399\"><\/div><input type=\"text\" name=\"g-recaptcha-hidden\" class=\"wpforms-recaptcha-hidden\" style=\"position:absolute!important;clip:rect(0,0,0,0)!important;height:1px!important;width:1px!important;border:0!important;overflow:hidden!important;padding:0!important;margin:0!important;\" data-rule-turnstile=\"1\"><\/div><div class=\"wpforms-submit-container\" ><input type=\"hidden\" name=\"wpforms[id]\" value=\"1399\"><input type=\"hidden\" name=\"wpforms[author]\" value=\"1\"><button type=\"submit\" name=\"wpforms[submit]\" id=\"wpforms-submit-1399\" class=\"wpforms-submit\" data-alt-text=\"Sending...\" data-submit-text=\"Send Inquiry\" aria-live=\"assertive\" value=\"wpforms-submit\">Enviar consulta<\/button><img decoding=\"async\" src=\"https:\/\/kelingmed.com\/wp-content\/plugins\/wpforms\/assets\/images\/submit-spin.svg\" class=\"wpforms-submit-spinner\" style=\"display: none;\" width=\"26\" height=\"26\" alt=\"Cargando\"><\/div><input type=\"hidden\" name=\"trp-form-language\" value=\"es\"\/><\/form><\/div>  <!-- .wpforms-container --><\/td>\n<\/tr>\n<\/tbody>\n<\/table>","protected":false},"excerpt":{"rendered":"<div>\n<table border=\"1\" cellspacing=\"0\">\n<tbody>\n<tr>\n<td height=\"20\">Modo<\/td>\n<td height=\"20\">KL-LED.D78\/D78<\/td>\n<\/tr>\n<tr>\n<td height=\"20\">Iluminaci\u00f3n a lm\uff08lux\uff09<\/td>\n<td height=\"20\">40000 \/160000<\/td>\n<\/tr>\n<tr>\n<td height=\"20\">\u00cdndice de reproducci\u00f3n crom\u00e1tica\uff08Ra\uff09<\/td>\n<td height=\"20\">100\u2265Ra\u226585<\/td>\n<\/tr>\n<tr>\n<td height=\"20\">\u00cdndice de reproducci\u00f3n crom\u00e1tica del rojo R9<\/td>\n<td height=\"20\">\u226597<\/td>\n<\/tr>\n<tr>\n<td height=\"20\">Temperatura de color opcional\uff08K\uff09<\/td>\n<td height=\"20\">6700\u2265Tc\u22653000K<\/td>\n<\/tr>\n<tr>\n<td height=\"20\">N\u00famero de LED<\/td>\n<td height=\"20\">84 \/ 84<\/td>\n<\/tr>\n<tr>\n<td height=\"20\">Vida media de la bombilla \uff08horas\uff09<\/td>\n<td height=\"20\">50,000<\/td>\n<\/tr>\n<tr>\n<td height=\"20\">Relaci\u00f3n calor\/luz\uff08mW\/m 21x\uff09<\/td>\n<td height=\"20\">&lt;6<\/td>\n<\/tr>\n<tr>\n<td height=\"20\">Alimentaci\u00f3n<\/td>\n<td height=\"20\">110-240 V<\/td>\n<\/tr>\n<tr>\n<td height=\"20\">Potencia de entrada\uff08VA\uff09<\/td>\n<td height=\"20\">150W\/150W<\/td>\n<\/tr>\n<tr>\n<td height=\"20\">Altura del techo para la instalaci\u00f3n\uff08cm\uff09<\/td>\n<td height=\"20\">270-320<\/td>\n<\/tr>\n<tr>\n<td height=\"20\">\u00cdndice de reproducci\u00f3n del color verde Rll<\/td>\n<td height=\"20\">\u226597<\/td>\n<\/tr>\n<\/tbody>\n<\/table>\n<table class=\"wp-list-table widefat fixed striped table-view-list forms\">\n<tbody id=\"the-list\" data-wp-lists=\"list:form\">\n<tr>\n<td class=\"shortcode column-shortcode\" data-colname=\"Shortcode\">\n<div class=\"wpforms-container wpforms-container-full wpforms-render-modern\" id=\"wpforms-1399\">\n<form id=\"wpforms-form-1399\" class=\"wpforms-validate wpforms-form wpforms-ajax-form\" data-formid=\"1399\" method=\"post\" enctype=\"multipart\/form-data\" action=\"\/es\/wp-json\/wp\/v2\/product\/1291\" data-token=\"f21f4995c759ac9a1110a4207e7a530a\" data-trp-original-action=\"\/es\/wp-json\/wp\/v2\/product\/1291\"><noscript class=\"wpforms-error-noscript\">Por favor, active JavaScript en su navegador para completar este formulario.<\/noscript><\/p>\n<div class=\"wpforms-hidden\" id=\"wpforms-error-noscript\">Por favor, active JavaScript en su navegador para completar este formulario.<\/div>\n<div class=\"wpforms-field-container\">\n<div id=\"wpforms-1399-field_1-container\" class=\"wpforms-field wpforms-field-layout\" data-field-id=\"1\"><label class=\"wpforms-field-label wpforms-label-hide\" for=\"wpforms-1399-field_1\" aria-hidden=\"false\">Dise\u00f1o<\/label><\/p>\n<div class=\"wpforms-field-layout-columns wpforms-field-layout-preset-50-50\">\n<div class=\"wpforms-layout-column wpforms-layout-column-50\">\n<div id=\"wpforms-1399-field_2-container\" class=\"wpforms-field wpforms-field-name\" data-field-id=\"2\"><label class=\"wpforms-field-label\" for=\"wpforms-1399-field_2\">Nombre <span class=\"wpforms-required-label\" aria-hidden=\"true\">*<\/span><\/label><input type=\"text\" id=\"wpforms-1399-field_2\" class=\"wpforms-field-medium wpforms-field-required\" name=\"wpforms[fields][2]\" aria-errormessage=\"wpforms-1399-field_2-error\" required><\/div>\n<div id=\"wpforms-1399-field_5-container\" class=\"wpforms-field wpforms-field-phone\" data-field-id=\"5\"><label class=\"wpforms-field-label\" for=\"wpforms-1399-field_5\">Tel\u00e9fono\/WhatsApp <span class=\"wpforms-required-label\" aria-hidden=\"true\">*<\/span><\/label><input type=\"tel\" id=\"wpforms-1399-field_5\" class=\"wpforms-field-medium wpforms-field-required\" data-rule-int-phone-field=\"true\" name=\"wpforms[fields][5]\" aria-errormessage=\"wpforms-1399-field_5-error\" required><\/div>\n<\/div>\n<div class=\"wpforms-layout-column wpforms-layout-column-50\">\n<div id=\"wpforms-1399-field_3-container\" class=\"wpforms-field wpforms-field-email\" data-field-id=\"3\"><label class=\"wpforms-field-label\" for=\"wpforms-1399-field_3\">Correo electr\u00f3nico <span class=\"wpforms-required-label\" aria-hidden=\"true\">*<\/span><\/label><input type=\"email\" id=\"wpforms-1399-field_3\" class=\"wpforms-field-medium wpforms-field-required\" name=\"wpforms[fields][3]\" spellcheck=\"false\" aria-errormessage=\"wpforms-1399-field_3-error\" required><\/div>\n<div id=\"wpforms-1399-field_4-container\" class=\"wpforms-field wpforms-field-text\" data-field-id=\"4\"><label class=\"wpforms-field-label\" for=\"wpforms-1399-field_4\">Consulta<\/label><input type=\"text\" id=\"wpforms-1399-field_4\" class=\"wpforms-field-medium\" name=\"wpforms[fields][4]\" aria-errormessage=\"wpforms-1399-field_4-error\" ><\/div>\n<\/div>\n<\/div>\n<\/div>\n<\/div>\n<p><!-- .wpforms-field-container --><\/p>\n<div class=\"wpforms-recaptcha-container wpforms-is-turnstile\" >\n<div class=\"g-recaptcha\" data-sitekey=\"0x4AAAAAAAyrnCk3ccFGBLIG\" data-action=\"FormID-1399\"><\/div>\n<p><input type=\"text\" name=\"g-recaptcha-hidden\" class=\"wpforms-recaptcha-hidden\" style=\"position:absolute!important;clip:rect(0,0,0,0)!important;height:1px!important;width:1px!important;border:0!important;overflow:hidden!important;padding:0!important;margin:0!important;\" data-rule-turnstile=\"1\"><\/div>\n<div class=\"wpforms-submit-container\" ><input type=\"hidden\" name=\"wpforms[id]\" value=\"1399\"><input type=\"hidden\" name=\"wpforms[author]\" value=\"1\"><button type=\"submit\" name=\"wpforms[submit]\" id=\"wpforms-submit-1399\" class=\"wpforms-submit\" data-alt-text=\"Sending...\" data-submit-text=\"Send Inquiry\" aria-live=\"assertive\" value=\"wpforms-submit\">Enviar consulta<\/button><img decoding=\"async\" src=\"https:\/\/kelingmed.com\/wp-content\/plugins\/wpforms\/assets\/images\/submit-spin.svg\" class=\"wpforms-submit-spinner\" style=\"display: none;\" width=\"26\" height=\"26\" alt=\"Cargando\"><\/div>\n<input type=\"hidden\" name=\"trp-form-language\" value=\"es\"\/><\/form>\n<\/div>\n<p>  <!-- .wpforms-container --><\/td>\n<\/tr>\n<\/tbody>\n<\/table>\n<\/div>","protected":false},"featured_media":1311,"template":"","meta":{"site-sidebar-layout":"default","site-content-layout":"","ast-site-content-layout":"default","site-content-style":"default","site-sidebar-style":"default","ast-global-header-display":"","ast-banner-title-visibility":"","ast-main-header-display":"","ast-hfb-above-header-display":"","ast-hfb-below-header-display":"","ast-hfb-mobile-header-display":"","site-post-title":"","ast-breadcrumbs-content":"","ast-featured-img":"","footer-sml-layout":"","theme-transparent-header-meta":"","adv-header-id-meta":"","stick-header-meta":"","header-above-stick-meta":"","header-main-stick-meta":"","header-below-stick-meta":"","astra-migrate-meta-layouts":"default","ast-page-background-enabled":"default","ast-page-background-meta":{"desktop":{"background-color":"var(--ast-global-color-5)","background-image":"","background-repeat":"repeat","background-position":"center center","background-size":"auto","background-attachment":"scroll","background-type":"","background-media":"","overlay-type":"","overlay-color":"","overlay-opacity":"","overlay-gradient":""},"tablet":{"background-color":"","background-image":"","background-repeat":"repeat","background-position":"center center","background-size":"auto","background-attachment":"scroll","background-type":"","background-media":"","overlay-type":"","overlay-color":"","overlay-opacity":"","overlay-gradient":""},"mobile":{"background-color":"","background-image":"","background-repeat":"repeat","background-position":"center center","background-size":"auto","background-attachment":"scroll","background-type":"","background-media":"","overlay-type":"","overlay-color":"","overlay-opacity":"","overlay-gradient":""}},"ast-content-background-meta":{"desktop":{"background-color":"var(--ast-global-color-4)","background-image":"","background-repeat":"repeat","background-position":"center center","background-size":"auto","background-attachment":"scroll","background-type":"","background-media":"","overlay-type":"","overlay-color":"","overlay-opacity":"","overlay-gradient":""},"tablet":{"background-color":"var(--ast-global-color-4)","background-image":"","background-repeat":"repeat","background-position":"center center","background-size":"auto","background-attachment":"scroll","background-type":"","background-media":"","overlay-type":"","overlay-color":"","overlay-opacity":"","overlay-gradient":""},"mobile":{"background-color":"var(--ast-global-color-4)","background-image":"","background-repeat":"repeat","background-position":"center center","background-size":"auto","background-attachment":"scroll","background-type":"","background-media":"","overlay-type":"","overlay-color":"","overlay-opacity":"","overlay-gradient":""}}},"product_brand":[],"product_cat":[24],"product_tag":[],"class_list":{"0":"post-1291","1":"product","2":"type-product","3":"status-publish","4":"has-post-thumbnail","6":"product_cat-surgical-light","7":"desktop-align-left","8":"tablet-align-left","9":"mobile-align-left","11":"first","12":"instock","13":"shipping-taxable","14":"product-type-simple"},"_links":{"self":[{"href":"https:\/\/kelingmed.com\/es\/wp-json\/wp\/v2\/product\/1291","targetHints":{"allow":["GET"]}}],"collection":[{"href":"https:\/\/kelingmed.com\/es\/wp-json\/wp\/v2\/product"}],"about":[{"href":"https:\/\/kelingmed.com\/es\/wp-json\/wp\/v2\/types\/product"}],"wp:featuredmedia":[{"embeddable":true,"href":"https:\/\/kelingmed.com\/es\/wp-json\/wp\/v2\/media\/1311"}],"wp:attachment":[{"href":"https:\/\/kelingmed.com\/es\/wp-json\/wp\/v2\/media?parent=1291"}],"wp:term":[{"taxonomy":"product_brand","embeddable":true,"href":"https:\/\/kelingmed.com\/es\/wp-json\/wp\/v2\/product_brand?post=1291"},{"taxonomy":"product_cat","embeddable":true,"href":"https:\/\/kelingmed.com\/es\/wp-json\/wp\/v2\/product_cat?post=1291"},{"taxonomy":"product_tag","embeddable":true,"href":"https:\/\/kelingmed.com\/es\/wp-json\/wp\/v2\/product_tag?post=1291"}],"curies":[{"name":"wp","href":"https:\/\/api.w.org\/{rel}","templated":true}]}}