{"id":1253,"date":"2024-12-26T01:08:28","date_gmt":"2024-12-26T01:08:28","guid":{"rendered":"https:\/\/kelingmed.com\/?post_type=product&#038;p=1253"},"modified":"2024-12-26T01:22:02","modified_gmt":"2024-12-26T01:22:02","slug":"flat-bed-kl-bc129","status":"publish","type":"product","link":"https:\/\/kelingmed.com\/es\/producto\/flat-bed-kl-bc129\/","title":{"rendered":"Cama plana-KL-BC129"},"content":{"rendered":"<p><strong>Caracter\u00edsticas principales<\/strong><\/p>\n<ul>\n<li>El elevador trasero se controla mediante una manivela.<\/li>\n<li>Plataforma de conformado a presi\u00f3n, superficie lisa sin cicatrices de soldadura, puede soportar 250KG.<\/li>\n<li>Barandillas plegables en forma de L, hechas de tubo curvado, firmemente instaladas, 0 sacudidas, f\u00e1ciles de limpiar, anti-pellizcos, protegen la seguridad del paciente.<\/li>\n<li>Con parachoques para proteger la cama y al paciente durante el transporte.<\/li>\n<\/ul>\n<p><strong>Rendimiento<\/strong><br \/>\nUna pantalla de funciones posturales<\/p>\n<ul>\n<li>Elevador de espalda<\/li>\n<\/ul>\n<p><strong>Control c\u00f3modo y seguro<\/strong><\/p>\n<ul>\n<li>Ruedas silenciosas para un frenado suave.<\/li>\n<li>Una palanca de mando puede controlar suavemente la elevaci\u00f3n de la espalda.<\/li>\n<\/ul>\n<p><strong>Dise\u00f1o de seguridad<\/strong><\/p>\n<ul>\n<li>Barandillas plegables en forma de L, hechas de tubo curvado, firmemente instaladas, 0 sacudidas, f\u00e1ciles de limpiar, anti-pellizcos, protegen la seguridad del paciente.<\/li>\n<li>Con parachoques para proteger la cama y al paciente durante el transporte.<\/li>\n<li>Con un dispositivo de protecci\u00f3n extrema, emite un sonido cuando se inclina hasta la posici\u00f3n m\u00e1xima.<\/li>\n<\/ul>\n<p><strong>Materiales de alta calidad<\/strong><\/p>\n<ul>\n<li>El somier est\u00e1 fabricado con material resistente a los golpes y revestimiento engrosado, con gran capacidad de carga.<\/li>\n<li>El cabecero y el piecero son de material ABS, antibacteriano y f\u00e1cil de limpiar.<\/li>\n<\/ul>\n<p><strong>Personalizaci\u00f3n<\/strong><br \/>\nLa configuraci\u00f3n de la cama de hospital puede personalizarse seg\u00fan las necesidades del usuario, como por ejemplo:<br \/>\nModo de funcionamiento: El\u00e9ctrico (versi\u00f3n de lujo multifunci\u00f3n\/versi\u00f3n de cinco funciones\/versi\u00f3n de tres funciones), manual (versi\u00f3n de cuatro sacudidas\/versi\u00f3n de tres sacudidas\/versi\u00f3n de dos sacudidas\/versi\u00f3n de una sacudida).<br \/>\nEspecificaciones del producto: tama\u00f1o, embalaje, accesorios<br \/>\nMaterial: Madera, acero inoxidable, ABS, resina transparente a los rayos X<br \/>\nVarios colores: Azul, verde, madera, etc.<\/p>\n<p>Si desea m\u00e1s informaci\u00f3n, p\u00f3ngase en contacto con nosotros.<\/p>\n<p><strong>Aplicaciones<\/strong><br \/>\nHospitales, residencias de ancianos, centros de rehabilitaci\u00f3n, residencias, cuidados de alto nivel.<\/p>\n<div class=\"wpforms-container wpforms-container-full wpforms-render-modern\" id=\"wpforms-737\"><form id=\"wpforms-form-737\" class=\"wpforms-validate wpforms-form wpforms-ajax-form\" data-formid=\"737\" method=\"post\" enctype=\"multipart\/form-data\" action=\"\/es\/wp-json\/wp\/v2\/product\/1253\" data-token=\"6d40830dd1cdd03b35979059c0c5496f\" data-trp-original-action=\"\/es\/wp-json\/wp\/v2\/product\/1253\"><noscript class=\"wpforms-error-noscript\">Por favor, active JavaScript en su navegador para completar este formulario.<\/noscript><div class=\"wpforms-hidden\" id=\"wpforms-error-noscript\">Por favor, active JavaScript en su navegador para completar este formulario.<\/div><div class=\"wpforms-field-container\"><div id=\"wpforms-737-field_1-container\" class=\"wpforms-field wpforms-field-layout\" data-field-id=\"1\"><label class=\"wpforms-field-label wpforms-label-hide\" for=\"wpforms-737-field_1\" aria-hidden=\"false\">Dise\u00f1o<\/label><div class=\"wpforms-field-layout-columns wpforms-field-layout-preset-50-50\"><div class=\"wpforms-layout-column wpforms-layout-column-50\"><div id=\"wpforms-737-field_2-container\" class=\"wpforms-field wpforms-field-name\" data-field-id=\"2\"><label class=\"wpforms-field-label\" for=\"wpforms-737-field_2\">Nombre <span class=\"wpforms-required-label\" aria-hidden=\"true\">*<\/span><\/label><input type=\"text\" id=\"wpforms-737-field_2\" class=\"wpforms-field-medium wpforms-field-required\" name=\"wpforms[fields][2]\" aria-errormessage=\"wpforms-737-field_2-error\" required><\/div><div id=\"wpforms-737-field_5-container\" class=\"wpforms-field wpforms-field-phone\" data-field-id=\"5\"><label class=\"wpforms-field-label\" for=\"wpforms-737-field_5\">Tel\u00e9fono\/WhatsApp <span class=\"wpforms-required-label\" aria-hidden=\"true\">*<\/span><\/label><input type=\"tel\" id=\"wpforms-737-field_5\" class=\"wpforms-field-medium wpforms-field-required\" data-rule-int-phone-field=\"true\" name=\"wpforms[fields][5]\" aria-errormessage=\"wpforms-737-field_5-error\" required><\/div><\/div><div class=\"wpforms-layout-column wpforms-layout-column-50\"><div id=\"wpforms-737-field_3-container\" class=\"wpforms-field wpforms-field-email\" data-field-id=\"3\"><label class=\"wpforms-field-label\" for=\"wpforms-737-field_3\">Correo electr\u00f3nico <span class=\"wpforms-required-label\" aria-hidden=\"true\">*<\/span><\/label><input type=\"email\" id=\"wpforms-737-field_3\" class=\"wpforms-field-medium wpforms-field-required\" name=\"wpforms[fields][3]\" spellcheck=\"false\" aria-errormessage=\"wpforms-737-field_3-error\" required><\/div><div id=\"wpforms-737-field_4-container\" class=\"wpforms-field wpforms-field-text\" data-field-id=\"4\"><label class=\"wpforms-field-label\" for=\"wpforms-737-field_4\">Consulta<\/label><input type=\"text\" id=\"wpforms-737-field_4\" class=\"wpforms-field-medium\" name=\"wpforms[fields][4]\" aria-errormessage=\"wpforms-737-field_4-error\" ><\/div><\/div><\/div><\/div><\/div><!-- .wpforms-field-container --><div class=\"wpforms-recaptcha-container wpforms-is-turnstile\" ><div class=\"g-recaptcha\" data-sitekey=\"0x4AAAAAAAyrnCk3ccFGBLIG\" data-action=\"FormID-737\"><\/div><input type=\"text\" name=\"g-recaptcha-hidden\" class=\"wpforms-recaptcha-hidden\" style=\"position:absolute!important;clip:rect(0,0,0,0)!important;height:1px!important;width:1px!important;border:0!important;overflow:hidden!important;padding:0!important;margin:0!important;\" data-rule-turnstile=\"1\"><\/div><div class=\"wpforms-submit-container\" ><input type=\"hidden\" name=\"wpforms[id]\" value=\"737\"><input type=\"hidden\" name=\"wpforms[author]\" value=\"1\"><button type=\"submit\" name=\"wpforms[submit]\" id=\"wpforms-submit-737\" class=\"wpforms-submit\" data-alt-text=\"Sending...\" data-submit-text=\"Send Inquiry\" aria-live=\"assertive\" value=\"wpforms-submit\">Enviar consulta<\/button><img decoding=\"async\" src=\"https:\/\/kelingmed.com\/wp-content\/plugins\/wpforms\/assets\/images\/submit-spin.svg\" class=\"wpforms-submit-spinner\" style=\"display: none;\" width=\"26\" height=\"26\" alt=\"Cargando\"><\/div><input type=\"hidden\" name=\"trp-form-language\" value=\"es\"\/><\/form><\/div>  <!-- .wpforms-container -->","protected":false},"excerpt":{"rendered":"<div>\n<table border=\"1\" cellspacing=\"0\">\n<tbody>\n<tr>\n<td height=\"20\">Tama\u00f1o del producto L*A*A<\/td>\n<td height=\"20\">2000*960*500<\/td>\n<\/tr>\n<tr>\n<td height=\"20\">Tama\u00f1o de la cama<\/td>\n<td height=\"20\">1930*900mm<\/td>\n<\/tr>\n<tr>\n<td height=\"20\">Cabecero<\/td>\n<td height=\"20\">se puede personalizar<\/td>\n<\/tr>\n<\/tbody>\n<\/table>\n<div class=\"wpforms-container wpforms-container-full wpforms-render-modern\" id=\"wpforms-737\">\n<form id=\"wpforms-form-737\" class=\"wpforms-validate wpforms-form wpforms-ajax-form\" data-formid=\"737\" method=\"post\" enctype=\"multipart\/form-data\" action=\"\/es\/wp-json\/wp\/v2\/product\/1253\" data-token=\"6d40830dd1cdd03b35979059c0c5496f\" data-trp-original-action=\"\/es\/wp-json\/wp\/v2\/product\/1253\"><noscript class=\"wpforms-error-noscript\">Por favor, active JavaScript en su navegador para completar este formulario.<\/noscript><\/p>\n<div class=\"wpforms-hidden\" id=\"wpforms-error-noscript\">Por favor, active JavaScript en su navegador para completar este formulario.<\/div>\n<div class=\"wpforms-field-container\">\n<div id=\"wpforms-737-field_1-container\" class=\"wpforms-field wpforms-field-layout\" data-field-id=\"1\"><label class=\"wpforms-field-label wpforms-label-hide\" for=\"wpforms-737-field_1\" aria-hidden=\"false\">Dise\u00f1o<\/label><\/p>\n<div class=\"wpforms-field-layout-columns wpforms-field-layout-preset-50-50\">\n<div class=\"wpforms-layout-column wpforms-layout-column-50\">\n<div id=\"wpforms-737-field_2-container\" class=\"wpforms-field wpforms-field-name\" data-field-id=\"2\"><label class=\"wpforms-field-label\" for=\"wpforms-737-field_2\">Nombre <span class=\"wpforms-required-label\" aria-hidden=\"true\">*<\/span><\/label><input type=\"text\" id=\"wpforms-737-field_2\" class=\"wpforms-field-medium wpforms-field-required\" name=\"wpforms[fields][2]\" aria-errormessage=\"wpforms-737-field_2-error\" required><\/div>\n<div id=\"wpforms-737-field_5-container\" class=\"wpforms-field wpforms-field-phone\" data-field-id=\"5\"><label class=\"wpforms-field-label\" for=\"wpforms-737-field_5\">Tel\u00e9fono\/WhatsApp <span class=\"wpforms-required-label\" aria-hidden=\"true\">*<\/span><\/label><input type=\"tel\" id=\"wpforms-737-field_5\" class=\"wpforms-field-medium wpforms-field-required\" data-rule-int-phone-field=\"true\" name=\"wpforms[fields][5]\" aria-errormessage=\"wpforms-737-field_5-error\" required><\/div>\n<\/div>\n<div class=\"wpforms-layout-column wpforms-layout-column-50\">\n<div id=\"wpforms-737-field_3-container\" class=\"wpforms-field wpforms-field-email\" data-field-id=\"3\"><label class=\"wpforms-field-label\" for=\"wpforms-737-field_3\">Correo electr\u00f3nico <span class=\"wpforms-required-label\" aria-hidden=\"true\">*<\/span><\/label><input type=\"email\" id=\"wpforms-737-field_3\" class=\"wpforms-field-medium wpforms-field-required\" name=\"wpforms[fields][3]\" spellcheck=\"false\" aria-errormessage=\"wpforms-737-field_3-error\" required><\/div>\n<div id=\"wpforms-737-field_4-container\" class=\"wpforms-field wpforms-field-text\" data-field-id=\"4\"><label class=\"wpforms-field-label\" for=\"wpforms-737-field_4\">Consulta<\/label><input type=\"text\" id=\"wpforms-737-field_4\" class=\"wpforms-field-medium\" name=\"wpforms[fields][4]\" aria-errormessage=\"wpforms-737-field_4-error\" ><\/div>\n<\/div>\n<\/div>\n<\/div>\n<\/div>\n<p><!-- .wpforms-field-container --><\/p>\n<div class=\"wpforms-recaptcha-container wpforms-is-turnstile\" >\n<div class=\"g-recaptcha\" data-sitekey=\"0x4AAAAAAAyrnCk3ccFGBLIG\" data-action=\"FormID-737\"><\/div>\n<p><input type=\"text\" name=\"g-recaptcha-hidden\" class=\"wpforms-recaptcha-hidden\" style=\"position:absolute!important;clip:rect(0,0,0,0)!important;height:1px!important;width:1px!important;border:0!important;overflow:hidden!important;padding:0!important;margin:0!important;\" data-rule-turnstile=\"1\"><\/div>\n<div class=\"wpforms-submit-container\" ><input type=\"hidden\" name=\"wpforms[id]\" value=\"737\"><input type=\"hidden\" name=\"wpforms[author]\" value=\"1\"><button type=\"submit\" name=\"wpforms[submit]\" id=\"wpforms-submit-737\" class=\"wpforms-submit\" data-alt-text=\"Sending...\" data-submit-text=\"Send Inquiry\" aria-live=\"assertive\" value=\"wpforms-submit\">Enviar consulta<\/button><img decoding=\"async\" src=\"https:\/\/kelingmed.com\/wp-content\/plugins\/wpforms\/assets\/images\/submit-spin.svg\" class=\"wpforms-submit-spinner\" style=\"display: none;\" width=\"26\" height=\"26\" alt=\"Cargando\"><\/div>\n<input type=\"hidden\" name=\"trp-form-language\" value=\"es\"\/><\/form>\n<\/div>\n<p>  <!-- .wpforms-container --><\/p>\n<\/div>","protected":false},"featured_media":1272,"template":"","meta":{"site-sidebar-layout":"default","site-content-layout":"","ast-site-content-layout":"default","site-content-style":"default","site-sidebar-style":"default","ast-global-header-display":"","ast-banner-title-visibility":"","ast-main-header-display":"","ast-hfb-above-header-display":"","ast-hfb-below-header-display":"","ast-hfb-mobile-header-display":"","site-post-title":"","ast-breadcrumbs-content":"","ast-featured-img":"","footer-sml-layout":"","theme-transparent-header-meta":"","adv-header-id-meta":"","stick-header-meta":"","header-above-stick-meta":"","header-main-stick-meta":"","header-below-stick-meta":"","astra-migrate-meta-layouts":"default","ast-page-background-enabled":"default","ast-page-background-meta":{"desktop":{"background-color":"var(--ast-global-color-5)","background-image":"","background-repeat":"repeat","background-position":"center center","background-size":"auto","background-attachment":"scroll","background-type":"","background-media":"","overlay-type":"","overlay-color":"","overlay-opacity":"","overlay-gradient":""},"tablet":{"background-color":"","background-image":"","background-repeat":"repeat","background-position":"center center","background-size":"auto","background-attachment":"scroll","background-type":"","background-media":"","overlay-type":"","overlay-color":"","overlay-opacity":"","overlay-gradient":""},"mobile":{"background-color":"","background-image":"","background-repeat":"repeat","background-position":"center center","background-size":"auto","background-attachment":"scroll","background-type":"","background-media":"","overlay-type":"","overlay-color":"","overlay-opacity":"","overlay-gradient":""}},"ast-content-background-meta":{"desktop":{"background-color":"var(--ast-global-color-4)","background-image":"","background-repeat":"repeat","background-position":"center center","background-size":"auto","background-attachment":"scroll","background-type":"","background-media":"","overlay-type":"","overlay-color":"","overlay-opacity":"","overlay-gradient":""},"tablet":{"background-color":"var(--ast-global-color-4)","background-image":"","background-repeat":"repeat","background-position":"center center","background-size":"auto","background-attachment":"scroll","background-type":"","background-media":"","overlay-type":"","overlay-color":"","overlay-opacity":"","overlay-gradient":""},"mobile":{"background-color":"var(--ast-global-color-4)","background-image":"","background-repeat":"repeat","background-position":"center center","background-size":"auto","background-attachment":"scroll","background-type":"","background-media":"","overlay-type":"","overlay-color":"","overlay-opacity":"","overlay-gradient":""}}},"product_brand":[],"product_cat":[21],"product_tag":[],"class_list":{"0":"post-1253","1":"product","2":"type-product","3":"status-publish","4":"has-post-thumbnail","6":"product_cat-hospital-bed","7":"desktop-align-left","8":"tablet-align-left","9":"mobile-align-left","11":"first","12":"instock","13":"shipping-taxable","14":"product-type-simple"},"_links":{"self":[{"href":"https:\/\/kelingmed.com\/es\/wp-json\/wp\/v2\/product\/1253","targetHints":{"allow":["GET"]}}],"collection":[{"href":"https:\/\/kelingmed.com\/es\/wp-json\/wp\/v2\/product"}],"about":[{"href":"https:\/\/kelingmed.com\/es\/wp-json\/wp\/v2\/types\/product"}],"wp:featuredmedia":[{"embeddable":true,"href":"https:\/\/kelingmed.com\/es\/wp-json\/wp\/v2\/media\/1272"}],"wp:attachment":[{"href":"https:\/\/kelingmed.com\/es\/wp-json\/wp\/v2\/media?parent=1253"}],"wp:term":[{"taxonomy":"product_brand","embeddable":true,"href":"https:\/\/kelingmed.com\/es\/wp-json\/wp\/v2\/product_brand?post=1253"},{"taxonomy":"product_cat","embeddable":true,"href":"https:\/\/kelingmed.com\/es\/wp-json\/wp\/v2\/product_cat?post=1253"},{"taxonomy":"product_tag","embeddable":true,"href":"https:\/\/kelingmed.com\/es\/wp-json\/wp\/v2\/product_tag?post=1253"}],"curies":[{"name":"wp","href":"https:\/\/api.w.org\/{rel}","templated":true}]}}