{"id":1291,"date":"2024-12-26T01:31:32","date_gmt":"2024-12-26T01:31:32","guid":{"rendered":"https:\/\/kelingmed.com\/?post_type=product&#038;p=1291"},"modified":"2024-12-26T01:48:45","modified_gmt":"2024-12-26T01:48:45","slug":"led-operationsleuchte-kl-led-d78","status":"publish","type":"product","link":"https:\/\/kelingmed.com\/de\/product\/led-operationsleuchte-kl-led-d78\/","title":{"rendered":"LED-Operationsleuchte-KL-LED-D78"},"content":{"rendered":"<ol>\n<li><b><\/b><strong><b>Umfang der Anwendung<\/b><\/strong><\/li>\n<\/ol>\n<p>geeignet f\u00fcr die Beleuchtung bei chirurgischen Eingriffen.<\/p>\n<ol start=\"2\">\n<li><b><\/b><strong><b>Strukturelle Merkmale<\/b><\/strong><\/li>\n<\/ol>\n<p>LED schattenlos Betrieb Lampe LED-Lichtquelle, effektiv reduziert die W\u00e4rme.<\/p>\n<p>LED schattenlose Gl\u00fchbirne mit einer langen Lebensdauer, die Vorteile der Alterung ist nicht einfach<\/p>\n<p>Lampenarm mit kardanischer Struktur, mit einem mehrfachen Bewegungsbereich<\/p>\n<p>Struktur<strong><b>\u00a0<\/b><\/strong>siehe Abbildung 1<\/p>\n<p>Arbeitsprinzip: Die Lichtquelle zu einem einzigen Punkt mit LED-Lichtstrahl konvergiert durch die Linse \u00fcberschneiden gemacht.<br \/>\nOperation schattenlose Lampe rotierenden Balance-System ist so konzipiert, um die Bed\u00fcrfnisse einer Vielzahl von chirurgischen, chirurgische Beleuchtung ist der beste Winkel der Drehung der Werke mit Antrieb, so dass chirurgische Lampe in Richtung der Notwendigkeit f\u00fcr den Betrieb befindet, w\u00e4hrend die Erh\u00f6hung der einstellbaren D\u00e4mpfung, so dass die chirurgische Lichter bewegen den Griff ist leicht, stabil und zuverl\u00e4ssig Positionierung.<\/p>\n<p>Das Gleichgewichtssystem funktioniert durch Vorkompression, die Druckfeder, so dass die Lampe, um die Kraft, die durch die Song-Gest\u00e4nge erforderlich auszugleichen. Die Lampe nach oben und unten Betrieb ist bequem, leicht. Die elektrische Steuerung Schaltnetzteil, die Ausgangsspannung stabil, in der Lage, auf die Anforderungen der Netzstrom Schwankungsbereich von Orten anzupassen. Leuchtdioden parallel und dann in Serie, und ist in mehrere getrennte Steuerung eine einzige Leuchtdiode, im Falle einer einzigen Reihe von Sch\u00e4den, seine Beleuchtung von \u2265 40.000 lx.<\/p>\n<p><strong>3. technische Parameter<\/strong><\/p>\n<p>Sicherheitsklasse: Typ B der Klasse I<\/p>\n<p>Betriebsart\uff1aKontinuierlicher Betrieb<\/p>\n<p>Ausr\u00fcstungskategorie\uff1aNicht-AP \/ APG-Ausr\u00fcstung<\/p>\n<p>Einlassschutz\uff1aKeine Saugfl\u00fcssigkeit<\/p>\n<p>Das Ger\u00e4t verf\u00fcgt nicht \u00fcber den Teil des Defibrillationsentladungseffektschutzes<\/p>\n<p>Das Ger\u00e4t hat keinen Signaleingang und -ausgang<\/p>\n<p>Bei dem Ger\u00e4t handelt es sich um eine dauerhafte Installation von Ger\u00e4ten<\/p>\n<p><strong>Normale Arbeitsbedingungen:<\/strong>\u00a0Umgebungstemperatur:5\u2103~40\u2103<\/p>\n<p>Relative Luftfeuchtigkeit: \u226480%<\/p>\n<p>Atmosph\u00e4rischer Druck:860hpa~1060hpa<\/p>\n<p>Netzspannung: 220V 50\/60Hz<\/p>\n<p>Eingangsleistung\uff1a 150VA<\/p>\n<p>Illumination\uff1a160\uff0c000lx\u2265Ec\u226580\uff0c000lx<\/p>\n<p>Farbtemperatur\uff1a 6700\u2265Tc\u22653000<\/p>\n<p>Gesamtbeleuchtungsst\u00e4rke\uff1a \u22641000w\/m<sup>2<\/sup><\/p>\n<p>Gesamtbeleuchtung\/Beleuchtung\uff1a\u22646mW\/m<sup>2<\/sup>lx<\/p>\n<p>Durchmesser des Lichtpunktes: 180mm\u00b140mm<\/p>\n<p>d50\uff1a110mm\u00b135mm<\/p>\n<p>50% des Durchmessers d50 des zentralen Beleuchtungsbereichs sollte nicht kleiner sein als 50% des Spotdurchmessers d10<\/p>\n<p>Tiefe des Lichtstrahls\uff1a\u2265700mm<\/p>\n<p>Farbwiedergabeindex\uff1a100\u2265Ra\u226585<\/p>\n<p>Wirkung der Schattenlosigkeit\uff1a<\/p>\n<p>Eine Restbeleuchtung der Schallwand von nicht weniger als 35%, der Rest der beiden Schallwandbeleuchtungen von nicht weniger als 38%, eine Restbeleuchtung des tiefen Hohlraumrohrs von nicht weniger als 70% einer Schallwand und eine Restbeleuchtung des tiefen Hohlraumrohrs von nicht weniger als 32%, zwei Schallw\u00e4nde und die Restbeleuchtung des tiefen Hohlraumrohrs von nicht weniger als 34%.<\/p>\n<p>Netzschaltersicherung\uff1aFS5A 250VAC<\/p>\n<p>LED-Leistung\uff1aDC24V(0,5W\/3V\u00d78)<\/p>\n<p>&nbsp;<\/p>\n<table class=\"wp-list-table widefat fixed striped table-view-list forms\">\n<tbody id=\"the-list\" data-wp-lists=\"list:form\">\n<tr>\n<td class=\"shortcode column-shortcode\" data-colname=\"Shortcode\"><div class=\"wpforms-container wpforms-container-full wpforms-render-modern\" id=\"wpforms-1399\"><form id=\"wpforms-form-1399\" class=\"wpforms-validate wpforms-form wpforms-ajax-form\" data-formid=\"1399\" method=\"post\" enctype=\"multipart\/form-data\" action=\"\/de\/wp-json\/wp\/v2\/product\/1291\" data-token=\"dc59fd6b52978f5f57666518079e96dc\" data-trp-original-action=\"\/de\/wp-json\/wp\/v2\/product\/1291\"><noscript class=\"wpforms-error-noscript\">Bitte aktivieren Sie JavaScript in Ihrem Browser, um dieses Formular fertigzustellen.<\/noscript><div class=\"wpforms-hidden\" id=\"wpforms-error-noscript\">Bitte aktivieren Sie JavaScript in Ihrem Browser, um dieses Formular fertigzustellen.<\/div><div class=\"wpforms-field-container\"><div id=\"wpforms-1399-field_1-container\" class=\"wpforms-field wpforms-field-layout\" data-field-id=\"1\"><label class=\"wpforms-field-label wpforms-label-hide\" for=\"wpforms-1399-field_1\" aria-hidden=\"false\">Layout<\/label><div class=\"wpforms-field-layout-columns wpforms-field-layout-preset-50-50\"><div class=\"wpforms-layout-column wpforms-layout-column-50\"><div id=\"wpforms-1399-field_2-container\" class=\"wpforms-field wpforms-field-name\" data-field-id=\"2\"><label class=\"wpforms-field-label\" for=\"wpforms-1399-field_2\">Name <span class=\"wpforms-required-label\" aria-hidden=\"true\">*<\/span><\/label><input type=\"text\" id=\"wpforms-1399-field_2\" class=\"wpforms-field-medium wpforms-field-required\" name=\"wpforms[fields][2]\" aria-errormessage=\"wpforms-1399-field_2-error\" required><\/div><div id=\"wpforms-1399-field_5-container\" class=\"wpforms-field wpforms-field-phone\" data-field-id=\"5\"><label class=\"wpforms-field-label\" for=\"wpforms-1399-field_5\">Telefon\/WhatsApp <span class=\"wpforms-required-label\" aria-hidden=\"true\">*<\/span><\/label><input type=\"tel\" id=\"wpforms-1399-field_5\" class=\"wpforms-field-medium wpforms-field-required\" data-rule-int-phone-field=\"true\" name=\"wpforms[fields][5]\" aria-errormessage=\"wpforms-1399-field_5-error\" required><\/div><\/div><div class=\"wpforms-layout-column wpforms-layout-column-50\"><div id=\"wpforms-1399-field_3-container\" class=\"wpforms-field wpforms-field-email\" data-field-id=\"3\"><label class=\"wpforms-field-label\" for=\"wpforms-1399-field_3\">E-Mail <span class=\"wpforms-required-label\" aria-hidden=\"true\">*<\/span><\/label><input type=\"email\" id=\"wpforms-1399-field_3\" class=\"wpforms-field-medium wpforms-field-required\" name=\"wpforms[fields][3]\" spellcheck=\"false\" aria-errormessage=\"wpforms-1399-field_3-error\" required><\/div><div id=\"wpforms-1399-field_4-container\" class=\"wpforms-field wpforms-field-text\" data-field-id=\"4\"><label class=\"wpforms-field-label\" for=\"wpforms-1399-field_4\">Anfrage<\/label><input type=\"text\" id=\"wpforms-1399-field_4\" class=\"wpforms-field-medium\" name=\"wpforms[fields][4]\" aria-errormessage=\"wpforms-1399-field_4-error\" ><\/div><\/div><\/div><\/div><\/div><!-- .wpforms-field-container --><div class=\"wpforms-recaptcha-container wpforms-is-turnstile\" ><div class=\"g-recaptcha\" data-sitekey=\"0x4AAAAAAAyrnCk3ccFGBLIG\" data-action=\"FormID-1399\"><\/div><input type=\"text\" name=\"g-recaptcha-hidden\" class=\"wpforms-recaptcha-hidden\" style=\"position:absolute!important;clip:rect(0,0,0,0)!important;height:1px!important;width:1px!important;border:0!important;overflow:hidden!important;padding:0!important;margin:0!important;\" data-rule-turnstile=\"1\"><\/div><div class=\"wpforms-submit-container\" ><input type=\"hidden\" name=\"wpforms[id]\" value=\"1399\"><input type=\"hidden\" name=\"wpforms[author]\" value=\"1\"><button type=\"submit\" name=\"wpforms[submit]\" id=\"wpforms-submit-1399\" class=\"wpforms-submit\" data-alt-text=\"Sending...\" data-submit-text=\"Send Inquiry\" aria-live=\"assertive\" value=\"wpforms-submit\">Anfrage senden<\/button><img decoding=\"async\" src=\"https:\/\/kelingmed.com\/wp-content\/plugins\/wpforms\/assets\/images\/submit-spin.svg\" class=\"wpforms-submit-spinner\" style=\"display: none;\" width=\"26\" height=\"26\" alt=\"Wird geladen\"><\/div><input type=\"hidden\" name=\"trp-form-language\" value=\"de\"\/><\/form><\/div>  <!-- .wpforms-container --><\/td>\n<\/tr>\n<\/tbody>\n<\/table>","protected":false},"excerpt":{"rendered":"<div>\n<table border=\"1\" cellspacing=\"0\">\n<tbody>\n<tr>\n<td height=\"20\">Modus<\/td>\n<td height=\"20\">KL-LED.D78\/D78<\/td>\n<\/tr>\n<tr>\n<td height=\"20\">Beleuchtungsst\u00e4rke bei lm\uff08lux\uff09<\/td>\n<td height=\"20\">40000 \/160000<\/td>\n<\/tr>\n<tr>\n<td height=\"20\">Farbwiedergabe-Index\uff08Ra\uff09<\/td>\n<td height=\"20\">100\u2265Ra\u226585<\/td>\n<\/tr>\n<tr>\n<td height=\"20\">Index der roten Farbwiedergabe R9<\/td>\n<td height=\"20\">\u226597<\/td>\n<\/tr>\n<tr>\n<td height=\"20\">Optionale Farbtemperatur\uff08K\uff09<\/td>\n<td height=\"20\">6700\u2265Tc\u22653000K<\/td>\n<\/tr>\n<tr>\n<td height=\"20\">Anzahl der LEDs<\/td>\n<td height=\"20\">84 \/ 84<\/td>\n<\/tr>\n<tr>\n<td height=\"20\">Durchschnittliche Lebensdauer der Gl\u00fchbirne \uff08Stunden\uff09<\/td>\n<td height=\"20\">50,000<\/td>\n<\/tr>\n<tr>\n<td height=\"20\">W\u00e4rme-Licht-Verh\u00e4ltnis\uff08mW\/m 21x\uff09<\/td>\n<td height=\"20\">&lt;6<\/td>\n<\/tr>\n<tr>\n<td height=\"20\">Stromversorgung<\/td>\n<td height=\"20\">110-240 V<\/td>\n<\/tr>\n<tr>\n<td height=\"20\">Eingangsleistung\uff08VA\uff09<\/td>\n<td height=\"20\">150W\/150W<\/td>\n<\/tr>\n<tr>\n<td height=\"20\">Deckenh\u00f6he f\u00fcr die Installation\uff08cm\uff09<\/td>\n<td height=\"20\">270-320<\/td>\n<\/tr>\n<tr>\n<td height=\"20\">Gr\u00fcner Farbwiedergabeindex Rll<\/td>\n<td height=\"20\">\u226597<\/td>\n<\/tr>\n<\/tbody>\n<\/table>\n<table class=\"wp-list-table widefat fixed striped table-view-list forms\">\n<tbody id=\"the-list\" data-wp-lists=\"list:form\">\n<tr>\n<td class=\"shortcode column-shortcode\" data-colname=\"Shortcode\">\n<div class=\"wpforms-container wpforms-container-full wpforms-render-modern\" id=\"wpforms-1399\">\n<form id=\"wpforms-form-1399\" class=\"wpforms-validate wpforms-form wpforms-ajax-form\" data-formid=\"1399\" method=\"post\" enctype=\"multipart\/form-data\" action=\"\/de\/wp-json\/wp\/v2\/product\/1291\" data-token=\"dc59fd6b52978f5f57666518079e96dc\" data-trp-original-action=\"\/de\/wp-json\/wp\/v2\/product\/1291\"><noscript class=\"wpforms-error-noscript\">Bitte aktivieren Sie JavaScript in Ihrem Browser, um dieses Formular fertigzustellen.<\/noscript><\/p>\n<div class=\"wpforms-hidden\" id=\"wpforms-error-noscript\">Bitte aktivieren Sie JavaScript in Ihrem Browser, um dieses Formular fertigzustellen.<\/div>\n<div class=\"wpforms-field-container\">\n<div id=\"wpforms-1399-field_1-container\" class=\"wpforms-field wpforms-field-layout\" data-field-id=\"1\"><label class=\"wpforms-field-label wpforms-label-hide\" for=\"wpforms-1399-field_1\" aria-hidden=\"false\">Layout<\/label><\/p>\n<div class=\"wpforms-field-layout-columns wpforms-field-layout-preset-50-50\">\n<div class=\"wpforms-layout-column wpforms-layout-column-50\">\n<div id=\"wpforms-1399-field_2-container\" class=\"wpforms-field wpforms-field-name\" data-field-id=\"2\"><label class=\"wpforms-field-label\" for=\"wpforms-1399-field_2\">Name <span class=\"wpforms-required-label\" aria-hidden=\"true\">*<\/span><\/label><input type=\"text\" id=\"wpforms-1399-field_2\" class=\"wpforms-field-medium wpforms-field-required\" name=\"wpforms[fields][2]\" aria-errormessage=\"wpforms-1399-field_2-error\" required><\/div>\n<div id=\"wpforms-1399-field_5-container\" class=\"wpforms-field wpforms-field-phone\" data-field-id=\"5\"><label class=\"wpforms-field-label\" for=\"wpforms-1399-field_5\">Telefon\/WhatsApp <span class=\"wpforms-required-label\" aria-hidden=\"true\">*<\/span><\/label><input type=\"tel\" id=\"wpforms-1399-field_5\" class=\"wpforms-field-medium wpforms-field-required\" data-rule-int-phone-field=\"true\" name=\"wpforms[fields][5]\" aria-errormessage=\"wpforms-1399-field_5-error\" required><\/div>\n<\/div>\n<div class=\"wpforms-layout-column wpforms-layout-column-50\">\n<div id=\"wpforms-1399-field_3-container\" class=\"wpforms-field wpforms-field-email\" data-field-id=\"3\"><label class=\"wpforms-field-label\" for=\"wpforms-1399-field_3\">E-Mail <span class=\"wpforms-required-label\" aria-hidden=\"true\">*<\/span><\/label><input type=\"email\" id=\"wpforms-1399-field_3\" class=\"wpforms-field-medium wpforms-field-required\" name=\"wpforms[fields][3]\" spellcheck=\"false\" aria-errormessage=\"wpforms-1399-field_3-error\" required><\/div>\n<div id=\"wpforms-1399-field_4-container\" class=\"wpforms-field wpforms-field-text\" data-field-id=\"4\"><label class=\"wpforms-field-label\" for=\"wpforms-1399-field_4\">Anfrage<\/label><input type=\"text\" id=\"wpforms-1399-field_4\" class=\"wpforms-field-medium\" name=\"wpforms[fields][4]\" aria-errormessage=\"wpforms-1399-field_4-error\" ><\/div>\n<\/div>\n<\/div>\n<\/div>\n<\/div>\n<p><!-- .wpforms-field-container --><\/p>\n<div class=\"wpforms-recaptcha-container wpforms-is-turnstile\" >\n<div class=\"g-recaptcha\" data-sitekey=\"0x4AAAAAAAyrnCk3ccFGBLIG\" data-action=\"FormID-1399\"><\/div>\n<p><input type=\"text\" name=\"g-recaptcha-hidden\" class=\"wpforms-recaptcha-hidden\" style=\"position:absolute!important;clip:rect(0,0,0,0)!important;height:1px!important;width:1px!important;border:0!important;overflow:hidden!important;padding:0!important;margin:0!important;\" data-rule-turnstile=\"1\"><\/div>\n<div class=\"wpforms-submit-container\" ><input type=\"hidden\" name=\"wpforms[id]\" value=\"1399\"><input type=\"hidden\" name=\"wpforms[author]\" value=\"1\"><button type=\"submit\" name=\"wpforms[submit]\" id=\"wpforms-submit-1399\" class=\"wpforms-submit\" data-alt-text=\"Sending...\" data-submit-text=\"Send Inquiry\" aria-live=\"assertive\" value=\"wpforms-submit\">Anfrage senden<\/button><img decoding=\"async\" src=\"https:\/\/kelingmed.com\/wp-content\/plugins\/wpforms\/assets\/images\/submit-spin.svg\" class=\"wpforms-submit-spinner\" style=\"display: none;\" width=\"26\" height=\"26\" alt=\"Wird geladen\"><\/div>\n<input type=\"hidden\" name=\"trp-form-language\" value=\"de\"\/><\/form>\n<\/div>\n<p>  <!-- .wpforms-container --><\/td>\n<\/tr>\n<\/tbody>\n<\/table>\n<\/div>","protected":false},"featured_media":1311,"template":"","meta":{"site-sidebar-layout":"default","site-content-layout":"","ast-site-content-layout":"default","site-content-style":"default","site-sidebar-style":"default","ast-global-header-display":"","ast-banner-title-visibility":"","ast-main-header-display":"","ast-hfb-above-header-display":"","ast-hfb-below-header-display":"","ast-hfb-mobile-header-display":"","site-post-title":"","ast-breadcrumbs-content":"","ast-featured-img":"","footer-sml-layout":"","theme-transparent-header-meta":"","adv-header-id-meta":"","stick-header-meta":"","header-above-stick-meta":"","header-main-stick-meta":"","header-below-stick-meta":"","astra-migrate-meta-layouts":"default","ast-page-background-enabled":"default","ast-page-background-meta":{"desktop":{"background-color":"var(--ast-global-color-5)","background-image":"","background-repeat":"repeat","background-position":"center center","background-size":"auto","background-attachment":"scroll","background-type":"","background-media":"","overlay-type":"","overlay-color":"","overlay-opacity":"","overlay-gradient":""},"tablet":{"background-color":"","background-image":"","background-repeat":"repeat","background-position":"center center","background-size":"auto","background-attachment":"scroll","background-type":"","background-media":"","overlay-type":"","overlay-color":"","overlay-opacity":"","overlay-gradient":""},"mobile":{"background-color":"","background-image":"","background-repeat":"repeat","background-position":"center center","background-size":"auto","background-attachment":"scroll","background-type":"","background-media":"","overlay-type":"","overlay-color":"","overlay-opacity":"","overlay-gradient":""}},"ast-content-background-meta":{"desktop":{"background-color":"var(--ast-global-color-4)","background-image":"","background-repeat":"repeat","background-position":"center center","background-size":"auto","background-attachment":"scroll","background-type":"","background-media":"","overlay-type":"","overlay-color":"","overlay-opacity":"","overlay-gradient":""},"tablet":{"background-color":"var(--ast-global-color-4)","background-image":"","background-repeat":"repeat","background-position":"center center","background-size":"auto","background-attachment":"scroll","background-type":"","background-media":"","overlay-type":"","overlay-color":"","overlay-opacity":"","overlay-gradient":""},"mobile":{"background-color":"var(--ast-global-color-4)","background-image":"","background-repeat":"repeat","background-position":"center center","background-size":"auto","background-attachment":"scroll","background-type":"","background-media":"","overlay-type":"","overlay-color":"","overlay-opacity":"","overlay-gradient":""}}},"product_brand":[],"product_cat":[24],"product_tag":[],"class_list":{"0":"post-1291","1":"product","2":"type-product","3":"status-publish","4":"has-post-thumbnail","6":"product_cat-surgical-light","7":"desktop-align-left","8":"tablet-align-left","9":"mobile-align-left","11":"first","12":"instock","13":"shipping-taxable","14":"product-type-simple"},"_links":{"self":[{"href":"https:\/\/kelingmed.com\/de\/wp-json\/wp\/v2\/product\/1291","targetHints":{"allow":["GET"]}}],"collection":[{"href":"https:\/\/kelingmed.com\/de\/wp-json\/wp\/v2\/product"}],"about":[{"href":"https:\/\/kelingmed.com\/de\/wp-json\/wp\/v2\/types\/product"}],"wp:featuredmedia":[{"embeddable":true,"href":"https:\/\/kelingmed.com\/de\/wp-json\/wp\/v2\/media\/1311"}],"wp:attachment":[{"href":"https:\/\/kelingmed.com\/de\/wp-json\/wp\/v2\/media?parent=1291"}],"wp:term":[{"taxonomy":"product_brand","embeddable":true,"href":"https:\/\/kelingmed.com\/de\/wp-json\/wp\/v2\/product_brand?post=1291"},{"taxonomy":"product_cat","embeddable":true,"href":"https:\/\/kelingmed.com\/de\/wp-json\/wp\/v2\/product_cat?post=1291"},{"taxonomy":"product_tag","embeddable":true,"href":"https:\/\/kelingmed.com\/de\/wp-json\/wp\/v2\/product_tag?post=1291"}],"curies":[{"name":"wp","href":"https:\/\/api.w.org\/{rel}","templated":true}]}}