{"id":1746,"date":"2024-12-26T02:53:10","date_gmt":"2024-12-26T02:53:10","guid":{"rendered":"https:\/\/kelingmed.com\/?post_type=product&#038;p=1746"},"modified":"2024-12-26T02:58:56","modified_gmt":"2024-12-26T02:58:56","slug":"electric-wheelchair-kl-ly004","status":"publish","type":"product","link":"https:\/\/kelingmed.com\/cs\/product\/electric-wheelchair-kl-ly004\/","title":{"rendered":"Elektrick\u00fd invalidn\u00ed voz\u00edk-KL-LY004"},"content":{"rendered":"<p>*Skl\u00e1dac\u00ed elektrick\u00fd invalidn\u00ed voz\u00edk, kter\u00fd se snadno skladuje a p\u0159en\u00e1\u0161\u00ed<\/p>\n<p>*Parkov\u00e1n\u00ed ve svahu neklou\u017ee po aut\u011b, snadn\u00e9 parkov\u00e1n\u00ed<\/p>\n<p>*Zes\u00edlen\u00fd r\u00e1m a pneumatiky, siln\u00e1 nosnost bez deformace<\/p>\n<p>*Velk\u00e9 nafukovac\u00ed pneumatiky, pohodln\u00e9 a tlum\u00edc\u00ed n\u00e1razy, siln\u00fd v\u00fdkon p\u0159i p\u0159ekon\u00e1v\u00e1n\u00ed p\u0159ek\u00e1\u017eek<\/p>\n<p>* Prody\u0161n\u00e1 vo\u0161tinov\u00e1 tkanina pro pohodlnou j\u00edzdu<\/p>\n<p>Zaji\u0161t\u011bn\u00ed kvality<\/p>\n<p>*Zes\u00edlen\u00e1 konstrukce se snadno nedeformuje a nepo\u0161kod\u00ed a nosnost m\u016f\u017ee dos\u00e1hnout 100 kg.<\/p>\n<p>* Du\u00e1ln\u00ed motory funguj\u00ed tak, \u017ee snadno p\u0159ekon\u00e1vaj\u00ed p\u0159ek\u00e1\u017eky a maj\u00ed dlouhou v\u00fddr\u017e baterie.<\/p>\n<p>Bezprobl\u00e9mov\u00fd chod<\/p>\n<p>*360\u00b0 ovlada\u010d, snadn\u00e9 ovl\u00e1d\u00e1n\u00ed<\/p>\n<p>* Univerz\u00e1ln\u00ed kole\u010dka odoln\u00e1 proti opot\u0159eben\u00ed, dekompresn\u00ed konstrukce lo\u017eisek, pohodln\u00e9 tlumen\u00ed n\u00e1raz\u016f<\/p>\n<p>*Velk\u00e9 rozm\u011bry a zes\u00edlen\u00e9 pneumatiky, siln\u00fd v\u00fdkon p\u0159i p\u0159ekon\u00e1v\u00e1n\u00ed p\u0159ek\u00e1\u017eek, p\u0159izp\u016fsoben\u00ed r\u016fzn\u00fdm povrch\u016fm vozovky<\/p>\n<p>Zabezpe\u010den\u00ed<\/p>\n<p>*Vlevo i vpravo je parkovac\u00ed brzda, kter\u00e1 je pohodln\u00e1 pro posunova\u010de i u\u017eivatele.<\/p>\n<p>*Parkov\u00e1n\u00ed ve svahu neklou\u017ee po aut\u011b, snadn\u00e9 parkov\u00e1n\u00ed<\/p>\n<p>*Bedern\u00ed p\u00e1s proti posunut\u00ed dop\u0159edu, kter\u00fd p\u0159id\u00e1v\u00e1 bezpe\u010dnostn\u00ed ochranu<\/p>\n<p>Humanizovan\u00fd design<\/p>\n<p>* Prody\u0161n\u00e1 tkanina s vo\u0161tinovou strukturou, pohlcuj\u00edc\u00ed pot a prody\u0161n\u00e1, pohodln\u00e1 j\u00edzda<\/p>\n<p>* Protiskluzov\u00e9 ped\u00e1ly s odn\u00edmatelnou l\u00e1tkou na nohy, l\u00fdtko lze uvolnit<\/p>\n<p>*Skl\u00e1dac\u00ed konstrukce, snadn\u00e9 skladov\u00e1n\u00ed a p\u0159en\u00e1\u0161en\u00ed<\/p>\n<p>Specifikace invalidn\u00edho voz\u00edku lze upravit podle pot\u0159eb u\u017eivatele, nap\u0159.:<\/p>\n<p>\u25a0 Typ v\u00fdrobku: ru\u010dn\u00ed invalidn\u00ed voz\u00edk, elektrick\u00fd invalidn\u00ed voz\u00edk atd.<\/p>\n<p>\u25a0 Materi\u00e1l v\u00fdrobku: galvanick\u00e9 pokovov\u00e1n\u00ed, st\u0159\u00edk\u00e1n\u00ed atd.<\/p>\n<p>\u25a0 Styl v\u00fdrobku: d\u00e9lka, \u0161\u00ed\u0159ka, v\u00fd\u0161ka, barva, vzor atd.<\/p>\n<p>\u25a0 P\u0159\u00edslu\u0161enstv\u00ed na m\u00edru: toalety, \u00falo\u017en\u00e9 ta\u0161ky, pol\u0161t\u00e1\u0159e atd.<\/p>\n<p>Pro v\u00edce informac\u00ed o produktu n\u00e1s pros\u00edm kontaktujte!<\/p>\n<div class=\"wpforms-container wpforms-container-full wpforms-render-modern\" id=\"wpforms-1785\"><form id=\"wpforms-form-1785\" class=\"wpforms-validate wpforms-form wpforms-ajax-form\" data-formid=\"1785\" method=\"post\" enctype=\"multipart\/form-data\" action=\"\/cs\/wp-json\/wp\/v2\/product\/1746\" data-token=\"928be2eeb3f50404352a6e7f0ffb7c30\" data-trp-original-action=\"\/cs\/wp-json\/wp\/v2\/product\/1746\"><noscript class=\"wpforms-error-noscript\">Chcete-li vyplnit tento formul\u00e1\u0159, pros\u00edm povolte v prohl\u00ed\u017ee\u010di JavaScript.<\/noscript><div class=\"wpforms-hidden\" id=\"wpforms-error-noscript\">Chcete-li vyplnit tento formul\u00e1\u0159, pros\u00edm povolte v prohl\u00ed\u017ee\u010di JavaScript.<\/div><div class=\"wpforms-field-container\"><div id=\"wpforms-1785-field_1-container\" class=\"wpforms-field wpforms-field-layout\" data-field-id=\"1\"><label class=\"wpforms-field-label wpforms-label-hide\" for=\"wpforms-1785-field_1\" aria-hidden=\"false\">Rozlo\u017een\u00ed<\/label><div class=\"wpforms-field-layout-columns wpforms-field-layout-preset-50-50\"><div class=\"wpforms-layout-column wpforms-layout-column-50\"><div id=\"wpforms-1785-field_2-container\" class=\"wpforms-field wpforms-field-name\" data-field-id=\"2\"><label class=\"wpforms-field-label\" for=\"wpforms-1785-field_2\">N\u00e1zev <span class=\"wpforms-required-label\" aria-hidden=\"true\">*<\/span><\/label><input type=\"text\" id=\"wpforms-1785-field_2\" class=\"wpforms-field-medium wpforms-field-required\" name=\"wpforms[fields][2]\" aria-errormessage=\"wpforms-1785-field_2-error\" required><\/div><div id=\"wpforms-1785-field_5-container\" class=\"wpforms-field wpforms-field-phone\" data-field-id=\"5\"><label class=\"wpforms-field-label\" for=\"wpforms-1785-field_5\">Telefon \/ WhatsApp <span class=\"wpforms-required-label\" aria-hidden=\"true\">*<\/span><\/label><input type=\"tel\" id=\"wpforms-1785-field_5\" class=\"wpforms-field-medium wpforms-field-required\" data-rule-int-phone-field=\"true\" name=\"wpforms[fields][5]\" aria-errormessage=\"wpforms-1785-field_5-error\" required><\/div><\/div><div class=\"wpforms-layout-column wpforms-layout-column-50\"><div id=\"wpforms-1785-field_3-container\" class=\"wpforms-field wpforms-field-email\" data-field-id=\"3\"><label class=\"wpforms-field-label\" for=\"wpforms-1785-field_3\">E-mail <span class=\"wpforms-required-label\" aria-hidden=\"true\">*<\/span><\/label><input type=\"email\" id=\"wpforms-1785-field_3\" class=\"wpforms-field-medium wpforms-field-required\" name=\"wpforms[fields][3]\" spellcheck=\"false\" aria-errormessage=\"wpforms-1785-field_3-error\" required><\/div><div id=\"wpforms-1785-field_4-container\" class=\"wpforms-field wpforms-field-text\" data-field-id=\"4\"><label class=\"wpforms-field-label\" for=\"wpforms-1785-field_4\">Dotaz<\/label><input type=\"text\" id=\"wpforms-1785-field_4\" class=\"wpforms-field-medium\" name=\"wpforms[fields][4]\" aria-errormessage=\"wpforms-1785-field_4-error\" ><\/div><\/div><\/div><\/div><\/div><!-- .wpforms-field-container --><div class=\"wpforms-recaptcha-container wpforms-is-turnstile\" ><div class=\"g-recaptcha\" data-sitekey=\"0x4AAAAAAAyrnCk3ccFGBLIG\" data-action=\"FormID-1785\"><\/div><input type=\"text\" name=\"g-recaptcha-hidden\" class=\"wpforms-recaptcha-hidden\" style=\"position:absolute!important;clip:rect(0,0,0,0)!important;height:1px!important;width:1px!important;border:0!important;overflow:hidden!important;padding:0!important;margin:0!important;\" data-rule-turnstile=\"1\"><\/div><div class=\"wpforms-submit-container\" ><input type=\"hidden\" name=\"wpforms[id]\" value=\"1785\"><input type=\"hidden\" name=\"wpforms[author]\" value=\"1\"><button type=\"submit\" name=\"wpforms[submit]\" id=\"wpforms-submit-1785\" class=\"wpforms-submit\" data-alt-text=\"Sending...\" data-submit-text=\"Send Inquiry\" aria-live=\"assertive\" value=\"wpforms-submit\">Odeslat popt\u00e1vku<\/button><img decoding=\"async\" src=\"https:\/\/kelingmed.com\/wp-content\/plugins\/wpforms\/assets\/images\/submit-spin.svg\" class=\"wpforms-submit-spinner\" style=\"display: none;\" width=\"26\" height=\"26\" alt=\"Na\u010d\u00edt\u00e1n\u00ed\"><\/div><input type=\"hidden\" name=\"trp-form-language\" value=\"cs\"\/><\/form><\/div>  <!-- .wpforms-container -->","protected":false},"excerpt":{"rendered":"<div>\n<table border=\"1\" cellspacing=\"0\">\n<tbody>\n<tr>\n<td height=\"20\">Vn\u011bj\u0161\u00ed \uff08L*W*H\uff09\uff1a<\/td>\n<td height=\"20\">1100*650*90 mm<\/td>\n<\/tr>\n<tr>\n<td height=\"20\">Sed\u00edc\u00ed \uff08H*W*D\uff09\uff1a<\/td>\n<td height=\"20\">500*460*430 mm<\/td>\n<\/tr>\n<tr>\n<td height=\"20\">Rychlost\uff1a<\/td>\n<td height=\"20\">6 km\/h<\/td>\n<\/tr>\n<tr>\n<td height=\"20\">Nosnost\uff1a<\/td>\n<td height=\"20\">100 kg.<\/td>\n<\/tr>\n<tr>\n<td height=\"20\">Motor\uff1a<\/td>\n<td height=\"20\">2*250<\/td>\n<\/tr>\n<tr>\n<td height=\"20\">N.W.<\/td>\n<td height=\"20\">43 KG<\/td>\n<\/tr>\n<tr>\n<td height=\"20\">G.W.\uff1a<\/td>\n<td height=\"20\">45 KG<\/td>\n<\/tr>\n<\/tbody>\n<\/table>\n<div class=\"wpforms-container wpforms-container-full wpforms-render-modern\" id=\"wpforms-1785\">\n<form id=\"wpforms-form-1785\" class=\"wpforms-validate wpforms-form wpforms-ajax-form\" data-formid=\"1785\" method=\"post\" enctype=\"multipart\/form-data\" action=\"\/cs\/wp-json\/wp\/v2\/product\/1746\" data-token=\"928be2eeb3f50404352a6e7f0ffb7c30\" data-trp-original-action=\"\/cs\/wp-json\/wp\/v2\/product\/1746\"><noscript class=\"wpforms-error-noscript\">Chcete-li vyplnit tento formul\u00e1\u0159, pros\u00edm povolte v prohl\u00ed\u017ee\u010di JavaScript.<\/noscript><\/p>\n<div class=\"wpforms-hidden\" id=\"wpforms-error-noscript\">Chcete-li vyplnit tento formul\u00e1\u0159, pros\u00edm povolte v prohl\u00ed\u017ee\u010di JavaScript.<\/div>\n<div class=\"wpforms-field-container\">\n<div id=\"wpforms-1785-field_1-container\" class=\"wpforms-field wpforms-field-layout\" data-field-id=\"1\"><label class=\"wpforms-field-label wpforms-label-hide\" for=\"wpforms-1785-field_1\" aria-hidden=\"false\">Rozlo\u017een\u00ed<\/label><\/p>\n<div class=\"wpforms-field-layout-columns wpforms-field-layout-preset-50-50\">\n<div class=\"wpforms-layout-column wpforms-layout-column-50\">\n<div id=\"wpforms-1785-field_2-container\" class=\"wpforms-field wpforms-field-name\" data-field-id=\"2\"><label class=\"wpforms-field-label\" for=\"wpforms-1785-field_2\">N\u00e1zev <span class=\"wpforms-required-label\" aria-hidden=\"true\">*<\/span><\/label><input type=\"text\" id=\"wpforms-1785-field_2\" class=\"wpforms-field-medium wpforms-field-required\" name=\"wpforms[fields][2]\" aria-errormessage=\"wpforms-1785-field_2-error\" required><\/div>\n<div id=\"wpforms-1785-field_5-container\" class=\"wpforms-field wpforms-field-phone\" data-field-id=\"5\"><label class=\"wpforms-field-label\" for=\"wpforms-1785-field_5\">Telefon \/ WhatsApp <span class=\"wpforms-required-label\" aria-hidden=\"true\">*<\/span><\/label><input type=\"tel\" id=\"wpforms-1785-field_5\" class=\"wpforms-field-medium wpforms-field-required\" data-rule-int-phone-field=\"true\" name=\"wpforms[fields][5]\" aria-errormessage=\"wpforms-1785-field_5-error\" required><\/div>\n<\/div>\n<div class=\"wpforms-layout-column wpforms-layout-column-50\">\n<div id=\"wpforms-1785-field_3-container\" class=\"wpforms-field wpforms-field-email\" data-field-id=\"3\"><label class=\"wpforms-field-label\" for=\"wpforms-1785-field_3\">E-mail <span class=\"wpforms-required-label\" aria-hidden=\"true\">*<\/span><\/label><input type=\"email\" id=\"wpforms-1785-field_3\" class=\"wpforms-field-medium wpforms-field-required\" name=\"wpforms[fields][3]\" spellcheck=\"false\" aria-errormessage=\"wpforms-1785-field_3-error\" required><\/div>\n<div id=\"wpforms-1785-field_4-container\" class=\"wpforms-field wpforms-field-text\" data-field-id=\"4\"><label class=\"wpforms-field-label\" for=\"wpforms-1785-field_4\">Dotaz<\/label><input type=\"text\" id=\"wpforms-1785-field_4\" class=\"wpforms-field-medium\" name=\"wpforms[fields][4]\" aria-errormessage=\"wpforms-1785-field_4-error\" ><\/div>\n<\/div>\n<\/div>\n<\/div>\n<\/div>\n<p><!-- .wpforms-field-container --><\/p>\n<div class=\"wpforms-recaptcha-container wpforms-is-turnstile\" >\n<div class=\"g-recaptcha\" data-sitekey=\"0x4AAAAAAAyrnCk3ccFGBLIG\" data-action=\"FormID-1785\"><\/div>\n<p><input type=\"text\" name=\"g-recaptcha-hidden\" class=\"wpforms-recaptcha-hidden\" style=\"position:absolute!important;clip:rect(0,0,0,0)!important;height:1px!important;width:1px!important;border:0!important;overflow:hidden!important;padding:0!important;margin:0!important;\" data-rule-turnstile=\"1\"><\/div>\n<div class=\"wpforms-submit-container\" ><input type=\"hidden\" name=\"wpforms[id]\" value=\"1785\"><input type=\"hidden\" name=\"wpforms[author]\" value=\"1\"><button type=\"submit\" name=\"wpforms[submit]\" id=\"wpforms-submit-1785\" class=\"wpforms-submit\" data-alt-text=\"Sending...\" data-submit-text=\"Send Inquiry\" aria-live=\"assertive\" value=\"wpforms-submit\">Odeslat popt\u00e1vku<\/button><img decoding=\"async\" src=\"https:\/\/kelingmed.com\/wp-content\/plugins\/wpforms\/assets\/images\/submit-spin.svg\" class=\"wpforms-submit-spinner\" style=\"display: none;\" width=\"26\" height=\"26\" alt=\"Na\u010d\u00edt\u00e1n\u00ed\"><\/div>\n<input type=\"hidden\" name=\"trp-form-language\" value=\"cs\"\/><\/form>\n<\/div>\n<p>  <!-- .wpforms-container --><\/p>\n<\/div>","protected":false},"featured_media":1803,"template":"","meta":{"site-sidebar-layout":"default","site-content-layout":"","ast-site-content-layout":"default","site-content-style":"default","site-sidebar-style":"default","ast-global-header-display":"","ast-banner-title-visibility":"","ast-main-header-display":"","ast-hfb-above-header-display":"","ast-hfb-below-header-display":"","ast-hfb-mobile-header-display":"","site-post-title":"","ast-breadcrumbs-content":"","ast-featured-img":"","footer-sml-layout":"","theme-transparent-header-meta":"","adv-header-id-meta":"","stick-header-meta":"","header-above-stick-meta":"","header-main-stick-meta":"","header-below-stick-meta":"","astra-migrate-meta-layouts":"default","ast-page-background-enabled":"default","ast-page-background-meta":{"desktop":{"background-color":"var(--ast-global-color-5)","background-image":"","background-repeat":"repeat","background-position":"center center","background-size":"auto","background-attachment":"scroll","background-type":"","background-media":"","overlay-type":"","overlay-color":"","overlay-opacity":"","overlay-gradient":""},"tablet":{"background-color":"","background-image":"","background-repeat":"repeat","background-position":"center center","background-size":"auto","background-attachment":"scroll","background-type":"","background-media":"","overlay-type":"","overlay-color":"","overlay-opacity":"","overlay-gradient":""},"mobile":{"background-color":"","background-image":"","background-repeat":"repeat","background-position":"center center","background-size":"auto","background-attachment":"scroll","background-type":"","background-media":"","overlay-type":"","overlay-color":"","overlay-opacity":"","overlay-gradient":""}},"ast-content-background-meta":{"desktop":{"background-color":"var(--ast-global-color-4)","background-image":"","background-repeat":"repeat","background-position":"center center","background-size":"auto","background-attachment":"scroll","background-type":"","background-media":"","overlay-type":"","overlay-color":"","overlay-opacity":"","overlay-gradient":""},"tablet":{"background-color":"var(--ast-global-color-4)","background-image":"","background-repeat":"repeat","background-position":"center center","background-size":"auto","background-attachment":"scroll","background-type":"","background-media":"","overlay-type":"","overlay-color":"","overlay-opacity":"","overlay-gradient":""},"mobile":{"background-color":"var(--ast-global-color-4)","background-image":"","background-repeat":"repeat","background-position":"center center","background-size":"auto","background-attachment":"scroll","background-type":"","background-media":"","overlay-type":"","overlay-color":"","overlay-opacity":"","overlay-gradient":""}}},"product_brand":[],"product_cat":[30],"product_tag":[],"class_list":{"0":"post-1746","1":"product","2":"type-product","3":"status-publish","4":"has-post-thumbnail","6":"product_cat-wheelchair","7":"desktop-align-left","8":"tablet-align-left","9":"mobile-align-left","11":"first","12":"instock","13":"shipping-taxable","14":"product-type-simple"},"_links":{"self":[{"href":"https:\/\/kelingmed.com\/cs\/wp-json\/wp\/v2\/product\/1746","targetHints":{"allow":["GET"]}}],"collection":[{"href":"https:\/\/kelingmed.com\/cs\/wp-json\/wp\/v2\/product"}],"about":[{"href":"https:\/\/kelingmed.com\/cs\/wp-json\/wp\/v2\/types\/product"}],"wp:featuredmedia":[{"embeddable":true,"href":"https:\/\/kelingmed.com\/cs\/wp-json\/wp\/v2\/media\/1803"}],"wp:attachment":[{"href":"https:\/\/kelingmed.com\/cs\/wp-json\/wp\/v2\/media?parent=1746"}],"wp:term":[{"taxonomy":"product_brand","embeddable":true,"href":"https:\/\/kelingmed.com\/cs\/wp-json\/wp\/v2\/product_brand?post=1746"},{"taxonomy":"product_cat","embeddable":true,"href":"https:\/\/kelingmed.com\/cs\/wp-json\/wp\/v2\/product_cat?post=1746"},{"taxonomy":"product_tag","embeddable":true,"href":"https:\/\/kelingmed.com\/cs\/wp-json\/wp\/v2\/product_tag?post=1746"}],"curies":[{"name":"wp","href":"https:\/\/api.w.org\/{rel}","templated":true}]}}