{"id":1419,"date":"2024-12-26T02:00:16","date_gmt":"2024-12-26T02:00:16","guid":{"rendered":"https:\/\/kelingmed.com\/?post_type=product&#038;p=1419"},"modified":"2024-12-26T02:15:02","modified_gmt":"2024-12-26T02:15:02","slug":"orthopedic-traction-frame-kl-6","status":"publish","type":"product","link":"https:\/\/kelingmed.com\/cs\/product\/orthopedic-traction-frame-kl-6\/","title":{"rendered":"Ortopedick\u00fd trak\u010dn\u00ed r\u00e1m-KL-6"},"content":{"rendered":"<p>Vlastnosti\uff1a<br \/>\n\u25c6 Stoln\u00ed deska je vyrobena z vysoce kvalitn\u00ed uhl\u00edkov\u00e9 plastov\u00e9 desky a m\u016f\u017ee se posouvat,<br \/>\nkter\u00fd je vhodn\u00fd pro vy\u0161et\u0159en\u00ed ramene C a rentgenov\u00e9 sn\u00edmky.<br \/>\n\u25c6 st\u0159\u00eddav\u00fd a stejnosm\u011brn\u00fd proud, du\u00e1ln\u00ed d\u00e1lkov\u00e9 ovl\u00e1d\u00e1n\u00ed pro ovl\u00e1d\u00e1n\u00ed r\u016fzn\u00fdch akc\u00ed<br \/>\n\u25c6 Matrace je pota\u017eena dov\u00e1\u017eenou um\u011blou k\u016f\u017e\u00ed. Vysok\u00e1 hustota<br \/>\npam\u011b\u0165ov\u00e1 houba je vytvo\u0159ena z jednoho kusu, beze \u0161vu.<br \/>\n\u25c6 Dov\u00e1\u017een\u00fd motor zna\u010dky LINAK, bez hluku, s dlouhou \u017eivotnost\u00ed<br \/>\n\u25c6 Kvalitn\u00ed nerezov\u00e1 ocel 304 se pou\u017e\u00edv\u00e1 pro podporu stolu, z\u00e1kladn\u00ed desku, sloupec<br \/>\n\u0161t\u00edt a z\u00e1bradl\u00ed na obou stran\u00e1ch stolu.<br \/>\n\u25c6 brzdov\u00e9 za\u0159\u00edzen\u00ed s no\u017en\u00edm ped\u00e1lem, kter\u00e9 usnad\u0148uje pohyb opera\u010dn\u00edho stolu.<br \/>\n\u25c6 Hlavov\u00e1 deska a deska na nohy jsou ovl\u00e1d\u00e1ny dov\u00e1\u017eenou plynovou pru\u017einou.<br \/>\nNo\u017en\u00ed deska je d\u011blen\u00e1 a odn\u00edmateln\u00e1.<br \/>\n\u25c6 M\u00e1 funkci automatick\u00e9 obnovy.<br \/>\n\u25c6 Jedn\u00edm stisknut\u00edm \"\u2227\" nebo \"\u2228\".<\/p>\n<p>P\u0159\u00edslu\u0161enstv\u00ed\uff1a<br \/>\nP\u00e1r ramenn\u00edch\/pasov\u00fdch op\u011brek, p\u00e1r ramenn\u00edch op\u011brek, p\u00e1r no\u017en\u00ed desky, z\u00e1st\u011bna<\/p>\n<table class=\"wp-list-table widefat fixed striped table-view-list forms\">\n<tbody id=\"the-list\" data-wp-lists=\"list:form\">\n<tr>\n<td class=\"shortcode column-shortcode\" data-colname=\"Shortcode\"><div class=\"wpforms-container wpforms-container-full wpforms-render-modern\" id=\"wpforms-1476\"><form id=\"wpforms-form-1476\" class=\"wpforms-validate wpforms-form wpforms-ajax-form\" data-formid=\"1476\" method=\"post\" enctype=\"multipart\/form-data\" action=\"\/cs\/wp-json\/wp\/v2\/product\/1419\" data-token=\"1ff071fbd946f0e9c8f67863176b54b9\" data-trp-original-action=\"\/cs\/wp-json\/wp\/v2\/product\/1419\"><noscript class=\"wpforms-error-noscript\">Chcete-li vyplnit tento formul\u00e1\u0159, pros\u00edm povolte v prohl\u00ed\u017ee\u010di JavaScript.<\/noscript><div class=\"wpforms-hidden\" id=\"wpforms-error-noscript\">Chcete-li vyplnit tento formul\u00e1\u0159, pros\u00edm povolte v prohl\u00ed\u017ee\u010di JavaScript.<\/div><div class=\"wpforms-field-container\"><div id=\"wpforms-1476-field_1-container\" class=\"wpforms-field wpforms-field-layout\" data-field-id=\"1\"><label class=\"wpforms-field-label wpforms-label-hide\" for=\"wpforms-1476-field_1\" aria-hidden=\"false\">Rozlo\u017een\u00ed<\/label><div class=\"wpforms-field-layout-columns wpforms-field-layout-preset-50-50\"><div class=\"wpforms-layout-column wpforms-layout-column-50\"><div id=\"wpforms-1476-field_2-container\" class=\"wpforms-field wpforms-field-name\" data-field-id=\"2\"><label class=\"wpforms-field-label\" for=\"wpforms-1476-field_2\">N\u00e1zev <span class=\"wpforms-required-label\" aria-hidden=\"true\">*<\/span><\/label><input type=\"text\" id=\"wpforms-1476-field_2\" class=\"wpforms-field-medium wpforms-field-required\" name=\"wpforms[fields][2]\" aria-errormessage=\"wpforms-1476-field_2-error\" required><\/div><div id=\"wpforms-1476-field_5-container\" class=\"wpforms-field wpforms-field-phone\" data-field-id=\"5\"><label class=\"wpforms-field-label\" for=\"wpforms-1476-field_5\">Telefon \/ WhatsApp <span class=\"wpforms-required-label\" aria-hidden=\"true\">*<\/span><\/label><input type=\"tel\" id=\"wpforms-1476-field_5\" class=\"wpforms-field-medium wpforms-field-required\" data-rule-int-phone-field=\"true\" name=\"wpforms[fields][5]\" aria-errormessage=\"wpforms-1476-field_5-error\" required><\/div><\/div><div class=\"wpforms-layout-column wpforms-layout-column-50\"><div id=\"wpforms-1476-field_3-container\" class=\"wpforms-field wpforms-field-email\" data-field-id=\"3\"><label class=\"wpforms-field-label\" for=\"wpforms-1476-field_3\">E-mail <span class=\"wpforms-required-label\" aria-hidden=\"true\">*<\/span><\/label><input type=\"email\" id=\"wpforms-1476-field_3\" class=\"wpforms-field-medium wpforms-field-required\" name=\"wpforms[fields][3]\" spellcheck=\"false\" aria-errormessage=\"wpforms-1476-field_3-error\" required><\/div><div id=\"wpforms-1476-field_4-container\" class=\"wpforms-field wpforms-field-text\" data-field-id=\"4\"><label class=\"wpforms-field-label\" for=\"wpforms-1476-field_4\">Dotaz<\/label><input type=\"text\" id=\"wpforms-1476-field_4\" class=\"wpforms-field-medium\" name=\"wpforms[fields][4]\" aria-errormessage=\"wpforms-1476-field_4-error\" ><\/div><\/div><\/div><\/div><\/div><!-- .wpforms-field-container --><div class=\"wpforms-recaptcha-container wpforms-is-turnstile\" ><div class=\"g-recaptcha\" data-sitekey=\"0x4AAAAAAAyrnCk3ccFGBLIG\" data-action=\"FormID-1476\"><\/div><input type=\"text\" name=\"g-recaptcha-hidden\" class=\"wpforms-recaptcha-hidden\" style=\"position:absolute!important;clip:rect(0,0,0,0)!important;height:1px!important;width:1px!important;border:0!important;overflow:hidden!important;padding:0!important;margin:0!important;\" data-rule-turnstile=\"1\"><\/div><div class=\"wpforms-submit-container\" ><input type=\"hidden\" name=\"wpforms[id]\" value=\"1476\"><input type=\"hidden\" name=\"wpforms[author]\" value=\"1\"><button type=\"submit\" name=\"wpforms[submit]\" id=\"wpforms-submit-1476\" class=\"wpforms-submit\" data-alt-text=\"Sending...\" data-submit-text=\"Send Inquiry\" aria-live=\"assertive\" value=\"wpforms-submit\">Odeslat popt\u00e1vku<\/button><img decoding=\"async\" src=\"https:\/\/kelingmed.com\/wp-content\/plugins\/wpforms\/assets\/images\/submit-spin.svg\" class=\"wpforms-submit-spinner\" style=\"display: none;\" width=\"26\" height=\"26\" alt=\"Na\u010d\u00edt\u00e1n\u00ed\"><\/div><input type=\"hidden\" name=\"trp-form-language\" value=\"cs\"\/><\/form><\/div>  <!-- .wpforms-container --><\/td>\n<\/tr>\n<\/tbody>\n<\/table>","protected":false},"excerpt":{"rendered":"<div>\n<table border=\"1\" cellspacing=\"0\">\n<tbody>\n<tr>\n<td height=\"20\">Re\u017eim<\/td>\n<td height=\"20\">KL-6<\/td>\n<\/tr>\n<tr>\n<td height=\"20\">D\u00e9lka<\/td>\n<td height=\"20\">1700\u00b110mm<\/td>\n<\/tr>\n<tr>\n<td height=\"20\">\u0160\u00ed\u0159ka<\/td>\n<td height=\"20\">750\u00b1100mm<\/td>\n<\/tr>\n<tr>\n<td height=\"20\">Ta\u017en\u00e9 za\u0159\u00edzen\u00ed horizont\u00e1ln\u00ed rota\u010dn\u00ed<\/td>\n<td height=\"20\">0-180\u00b0<\/td>\n<\/tr>\n<tr>\n<td height=\"20\">Ta\u017en\u00e1 vzd\u00e1lenost mm<\/td>\n<td height=\"20\">\uff080-200\uff09\u00b110%<\/td>\n<\/tr>\n<tr>\n<td height=\"20\">Nastaven\u00ed v\u00fd\u0161ky trak\u010dn\u00edho za\u0159\u00edzen\u00ed mm<\/td>\n<td height=\"20\">\u2265400<\/td>\n<\/tr>\n<\/tbody>\n<\/table>\n<table class=\"wp-list-table widefat fixed striped table-view-list forms\">\n<tbody id=\"the-list\" data-wp-lists=\"list:form\">\n<tr>\n<td class=\"shortcode column-shortcode\" data-colname=\"Shortcode\">\n<div class=\"wpforms-container wpforms-container-full wpforms-render-modern\" id=\"wpforms-1476\">\n<form id=\"wpforms-form-1476\" class=\"wpforms-validate wpforms-form wpforms-ajax-form\" data-formid=\"1476\" method=\"post\" enctype=\"multipart\/form-data\" action=\"\/cs\/wp-json\/wp\/v2\/product\/1419\" data-token=\"1ff071fbd946f0e9c8f67863176b54b9\" data-trp-original-action=\"\/cs\/wp-json\/wp\/v2\/product\/1419\"><noscript class=\"wpforms-error-noscript\">Chcete-li vyplnit tento formul\u00e1\u0159, pros\u00edm povolte v prohl\u00ed\u017ee\u010di JavaScript.<\/noscript><\/p>\n<div class=\"wpforms-hidden\" id=\"wpforms-error-noscript\">Chcete-li vyplnit tento formul\u00e1\u0159, pros\u00edm povolte v prohl\u00ed\u017ee\u010di JavaScript.<\/div>\n<div class=\"wpforms-field-container\">\n<div id=\"wpforms-1476-field_1-container\" class=\"wpforms-field wpforms-field-layout\" data-field-id=\"1\"><label class=\"wpforms-field-label wpforms-label-hide\" for=\"wpforms-1476-field_1\" aria-hidden=\"false\">Rozlo\u017een\u00ed<\/label><\/p>\n<div class=\"wpforms-field-layout-columns wpforms-field-layout-preset-50-50\">\n<div class=\"wpforms-layout-column wpforms-layout-column-50\">\n<div id=\"wpforms-1476-field_2-container\" class=\"wpforms-field wpforms-field-name\" data-field-id=\"2\"><label class=\"wpforms-field-label\" for=\"wpforms-1476-field_2\">N\u00e1zev <span class=\"wpforms-required-label\" aria-hidden=\"true\">*<\/span><\/label><input type=\"text\" id=\"wpforms-1476-field_2\" class=\"wpforms-field-medium wpforms-field-required\" name=\"wpforms[fields][2]\" aria-errormessage=\"wpforms-1476-field_2-error\" required><\/div>\n<div id=\"wpforms-1476-field_5-container\" class=\"wpforms-field wpforms-field-phone\" data-field-id=\"5\"><label class=\"wpforms-field-label\" for=\"wpforms-1476-field_5\">Telefon \/ WhatsApp <span class=\"wpforms-required-label\" aria-hidden=\"true\">*<\/span><\/label><input type=\"tel\" id=\"wpforms-1476-field_5\" class=\"wpforms-field-medium wpforms-field-required\" data-rule-int-phone-field=\"true\" name=\"wpforms[fields][5]\" aria-errormessage=\"wpforms-1476-field_5-error\" required><\/div>\n<\/div>\n<div class=\"wpforms-layout-column wpforms-layout-column-50\">\n<div id=\"wpforms-1476-field_3-container\" class=\"wpforms-field wpforms-field-email\" data-field-id=\"3\"><label class=\"wpforms-field-label\" for=\"wpforms-1476-field_3\">E-mail <span class=\"wpforms-required-label\" aria-hidden=\"true\">*<\/span><\/label><input type=\"email\" id=\"wpforms-1476-field_3\" class=\"wpforms-field-medium wpforms-field-required\" name=\"wpforms[fields][3]\" spellcheck=\"false\" aria-errormessage=\"wpforms-1476-field_3-error\" required><\/div>\n<div id=\"wpforms-1476-field_4-container\" class=\"wpforms-field wpforms-field-text\" data-field-id=\"4\"><label class=\"wpforms-field-label\" for=\"wpforms-1476-field_4\">Dotaz<\/label><input type=\"text\" id=\"wpforms-1476-field_4\" class=\"wpforms-field-medium\" name=\"wpforms[fields][4]\" aria-errormessage=\"wpforms-1476-field_4-error\" ><\/div>\n<\/div>\n<\/div>\n<\/div>\n<\/div>\n<p><!-- .wpforms-field-container --><\/p>\n<div class=\"wpforms-recaptcha-container wpforms-is-turnstile\" >\n<div class=\"g-recaptcha\" data-sitekey=\"0x4AAAAAAAyrnCk3ccFGBLIG\" data-action=\"FormID-1476\"><\/div>\n<p><input type=\"text\" name=\"g-recaptcha-hidden\" class=\"wpforms-recaptcha-hidden\" style=\"position:absolute!important;clip:rect(0,0,0,0)!important;height:1px!important;width:1px!important;border:0!important;overflow:hidden!important;padding:0!important;margin:0!important;\" data-rule-turnstile=\"1\"><\/div>\n<div class=\"wpforms-submit-container\" ><input type=\"hidden\" name=\"wpforms[id]\" value=\"1476\"><input type=\"hidden\" name=\"wpforms[author]\" value=\"1\"><button type=\"submit\" name=\"wpforms[submit]\" id=\"wpforms-submit-1476\" class=\"wpforms-submit\" data-alt-text=\"Sending...\" data-submit-text=\"Send Inquiry\" aria-live=\"assertive\" value=\"wpforms-submit\">Odeslat popt\u00e1vku<\/button><img decoding=\"async\" src=\"https:\/\/kelingmed.com\/wp-content\/plugins\/wpforms\/assets\/images\/submit-spin.svg\" class=\"wpforms-submit-spinner\" style=\"display: none;\" width=\"26\" height=\"26\" alt=\"Na\u010d\u00edt\u00e1n\u00ed\"><\/div>\n<input type=\"hidden\" name=\"trp-form-language\" value=\"cs\"\/><\/form>\n<\/div>\n<p>  <!-- .wpforms-container --><\/td>\n<\/tr>\n<\/tbody>\n<\/table>\n<\/div>","protected":false},"featured_media":1468,"template":"","meta":{"site-sidebar-layout":"default","site-content-layout":"","ast-site-content-layout":"default","site-content-style":"default","site-sidebar-style":"default","ast-global-header-display":"","ast-banner-title-visibility":"","ast-main-header-display":"","ast-hfb-above-header-display":"","ast-hfb-below-header-display":"","ast-hfb-mobile-header-display":"","site-post-title":"","ast-breadcrumbs-content":"","ast-featured-img":"","footer-sml-layout":"","theme-transparent-header-meta":"","adv-header-id-meta":"","stick-header-meta":"","header-above-stick-meta":"","header-main-stick-meta":"","header-below-stick-meta":"","astra-migrate-meta-layouts":"default","ast-page-background-enabled":"default","ast-page-background-meta":{"desktop":{"background-color":"var(--ast-global-color-5)","background-image":"","background-repeat":"repeat","background-position":"center center","background-size":"auto","background-attachment":"scroll","background-type":"","background-media":"","overlay-type":"","overlay-color":"","overlay-opacity":"","overlay-gradient":""},"tablet":{"background-color":"","background-image":"","background-repeat":"repeat","background-position":"center center","background-size":"auto","background-attachment":"scroll","background-type":"","background-media":"","overlay-type":"","overlay-color":"","overlay-opacity":"","overlay-gradient":""},"mobile":{"background-color":"","background-image":"","background-repeat":"repeat","background-position":"center center","background-size":"auto","background-attachment":"scroll","background-type":"","background-media":"","overlay-type":"","overlay-color":"","overlay-opacity":"","overlay-gradient":""}},"ast-content-background-meta":{"desktop":{"background-color":"var(--ast-global-color-4)","background-image":"","background-repeat":"repeat","background-position":"center center","background-size":"auto","background-attachment":"scroll","background-type":"","background-media":"","overlay-type":"","overlay-color":"","overlay-opacity":"","overlay-gradient":""},"tablet":{"background-color":"var(--ast-global-color-4)","background-image":"","background-repeat":"repeat","background-position":"center center","background-size":"auto","background-attachment":"scroll","background-type":"","background-media":"","overlay-type":"","overlay-color":"","overlay-opacity":"","overlay-gradient":""},"mobile":{"background-color":"var(--ast-global-color-4)","background-image":"","background-repeat":"repeat","background-position":"center center","background-size":"auto","background-attachment":"scroll","background-type":"","background-media":"","overlay-type":"","overlay-color":"","overlay-opacity":"","overlay-gradient":""}}},"product_brand":[],"product_cat":[25],"product_tag":[],"class_list":{"0":"post-1419","1":"product","2":"type-product","3":"status-publish","4":"has-post-thumbnail","6":"product_cat-surgical-table","7":"desktop-align-left","8":"tablet-align-left","9":"mobile-align-left","11":"first","12":"instock","13":"shipping-taxable","14":"product-type-simple"},"_links":{"self":[{"href":"https:\/\/kelingmed.com\/cs\/wp-json\/wp\/v2\/product\/1419","targetHints":{"allow":["GET"]}}],"collection":[{"href":"https:\/\/kelingmed.com\/cs\/wp-json\/wp\/v2\/product"}],"about":[{"href":"https:\/\/kelingmed.com\/cs\/wp-json\/wp\/v2\/types\/product"}],"wp:featuredmedia":[{"embeddable":true,"href":"https:\/\/kelingmed.com\/cs\/wp-json\/wp\/v2\/media\/1468"}],"wp:attachment":[{"href":"https:\/\/kelingmed.com\/cs\/wp-json\/wp\/v2\/media?parent=1419"}],"wp:term":[{"taxonomy":"product_brand","embeddable":true,"href":"https:\/\/kelingmed.com\/cs\/wp-json\/wp\/v2\/product_brand?post=1419"},{"taxonomy":"product_cat","embeddable":true,"href":"https:\/\/kelingmed.com\/cs\/wp-json\/wp\/v2\/product_cat?post=1419"},{"taxonomy":"product_tag","embeddable":true,"href":"https:\/\/kelingmed.com\/cs\/wp-json\/wp\/v2\/product_tag?post=1419"}],"curies":[{"name":"wp","href":"https:\/\/api.w.org\/{rel}","templated":true}]}}