{"id":1309,"date":"2024-12-26T01:31:34","date_gmt":"2024-12-26T01:31:34","guid":{"rendered":"https:\/\/kelingmed.com\/?post_type=product&#038;p=1309"},"modified":"2024-12-26T01:56:22","modified_gmt":"2024-12-26T01:56:22","slug":"surgical-lighting-kl01l-two-led-two","status":"publish","type":"product","link":"https:\/\/kelingmed.com\/cs\/product\/surgical-lighting-kl01l-two-led-two\/","title":{"rendered":"Chirurgick\u00e9 osv\u011btlen\u00ed-KL01L-TWO-LED-TWO"},"content":{"rendered":"<p><strong>Po\u017eadavky na v\u00fdkon:<\/strong><\/p>\n<ol>\n<li><strong>Hlavn\u00ed materi\u00e1l za\u0159\u00edzen\u00ed:<\/strong> Hlava lampy je vyrobena z jednoho kusu tlakov\u011b lit\u00e9 hlin\u00edkov\u00e9 slitiny, kter\u00e1 v\u00fdborn\u011b odv\u00e1d\u00ed teplo, \u010d\u00edm\u017e prodlu\u017euje \u017eivotnost sv\u011btel LED.<\/li>\n<li><strong>Dal\u0161\u00ed materi\u00e1ly:<\/strong> Velk\u00e9 rameno z titanov\u00e9 slitiny nen\u00ed sva\u0159ovan\u00e9, co\u017e zaji\u0161\u0165uje, \u017ee ka\u017ed\u00fd \u00fahel je 90\u00b0, co\u017e zaru\u010duje p\u0159esn\u00e9 um\u00edst\u011bn\u00ed a \u017e\u00e1dn\u00fd posun sv\u011btla bez st\u00ednu.<\/li>\n<li><strong>Dov\u00e1\u017een\u00e9 pru\u017einov\u00e9 rameno:<\/strong> Pru\u017einov\u00e9 rameno umo\u017e\u0148uje flexibiln\u00ed vertik\u00e1ln\u00ed nastaven\u00ed.<\/li>\n<li><strong>Zdroj sv\u011btla:<\/strong> Dov\u00e1\u017een\u00fd zdroj studen\u00e9ho sv\u011btla LED nem\u00e1 infra\u010derven\u00e9 z\u00e1\u0159en\u00ed a jeho nanopovlak zaji\u0161\u0165uje optim\u00e1ln\u00ed odvod tepla. To \u00fa\u010dinn\u011b zabra\u0148uje ztr\u00e1t\u011b vlhkosti a infekci v opera\u010dn\u00ed r\u00e1n\u011b a podporuje rychl\u00e9 poopera\u010dn\u00ed zotaven\u00ed.<\/li>\n<li><strong>Nastaven\u00ed jasu:<\/strong> Pou\u017e\u00edv\u00e1 digit\u00e1ln\u00ed plynulou regulaci jasu LED, kter\u00e1 umo\u017e\u0148uje obsluze nastavit jas podle vlastn\u00edch preferenc\u00ed.<\/li>\n<li><strong>Nastaven\u00ed velikosti m\u00edsta:<\/strong> Funkce zaost\u0159iteln\u00e9ho pr\u016fm\u011bru bodu.<\/li>\n<li><strong>Sp\u00ednan\u00fd zdroj nap\u00e1jen\u00ed:<\/strong> K regulaci nap\u011bt\u00ed pou\u017e\u00edv\u00e1 importovan\u00fd sp\u00ednan\u00fd zdroj, kter\u00fd zaji\u0161\u0165uje, \u017ee pracovn\u00ed nap\u011bt\u00ed z\u016fst\u00e1v\u00e1 v\u017edy stabiln\u00ed.<\/li>\n<li><strong>Odn\u00edmateln\u00fd kryt rukojeti:<\/strong> Snadno se \u010dist\u00ed a dezinfikuje.<\/li>\n<li><strong>\u017divotnost sv\u011bteln\u00e9ho zdroje:<\/strong> Pr\u016fm\u011brn\u00e1 \u017eivotnost 50 000 hodin.<\/li>\n<li><strong>Efekt bez st\u00edn\u016f (Jedna n\u00e1straha):<\/strong> Pokud je paprsek blokov\u00e1n jednou p\u0159ep\u00e1\u017ekou, nem\u011bla by b\u00fdt osv\u011btlenost ve st\u0159edu bodu men\u0161\u00ed ne\u017e 35% st\u0159edov\u00e9 osv\u011btlenosti.<\/li>\n<li><strong>Efekt bez st\u00edn\u016f (Dv\u011b n\u00e1strahy):<\/strong> Pokud je paprsek blokov\u00e1n dv\u011bma p\u0159ep\u00e1\u017ekami, nem\u011bla by b\u00fdt osv\u011btlenost ve st\u0159edu bodu men\u0161\u00ed ne\u017e 38% st\u0159edov\u00e9 osv\u011btlenosti.<\/li>\n<li><strong>Efekt bez st\u00ednu (hlubok\u00e1 dutinov\u00e1 trubice):<\/strong> Zb\u00fdvaj\u00edc\u00ed osv\u011btlen\u00ed \u2265 70%.<\/li>\n<li><strong>Efekt bez st\u00edn\u016f (jedna p\u0159ep\u00e1\u017eka a hlubok\u00e1 dutinov\u00e1 trubice):<\/strong> Zb\u00fdvaj\u00edc\u00ed osv\u011btlen\u00ed \u2265 32%.<\/li>\n<li><strong>Efekt bez st\u00edn\u016f (dv\u011b baffle a hlubok\u00e1 dutinov\u00e1 trubice):<\/strong> Zb\u00fdvaj\u00edc\u00ed osv\u011btlen\u00ed \u2265 34%.<\/li>\n<\/ol>\n<div class=\"wpforms-container wpforms-container-full wpforms-render-modern\" id=\"wpforms-1399\"><form id=\"wpforms-form-1399\" class=\"wpforms-validate wpforms-form wpforms-ajax-form\" data-formid=\"1399\" method=\"post\" enctype=\"multipart\/form-data\" action=\"\/cs\/wp-json\/wp\/v2\/product\/1309\" data-token=\"dc59fd6b52978f5f57666518079e96dc\" data-trp-original-action=\"\/cs\/wp-json\/wp\/v2\/product\/1309\"><noscript class=\"wpforms-error-noscript\">Chcete-li vyplnit tento formul\u00e1\u0159, pros\u00edm povolte v prohl\u00ed\u017ee\u010di JavaScript.<\/noscript><div class=\"wpforms-hidden\" id=\"wpforms-error-noscript\">Chcete-li vyplnit tento formul\u00e1\u0159, pros\u00edm povolte v prohl\u00ed\u017ee\u010di JavaScript.<\/div><div class=\"wpforms-field-container\"><div id=\"wpforms-1399-field_1-container\" class=\"wpforms-field wpforms-field-layout\" data-field-id=\"1\"><label class=\"wpforms-field-label wpforms-label-hide\" for=\"wpforms-1399-field_1\" aria-hidden=\"false\">Rozlo\u017een\u00ed<\/label><div class=\"wpforms-field-layout-columns wpforms-field-layout-preset-50-50\"><div class=\"wpforms-layout-column wpforms-layout-column-50\"><div id=\"wpforms-1399-field_2-container\" class=\"wpforms-field wpforms-field-name\" data-field-id=\"2\"><label class=\"wpforms-field-label\" for=\"wpforms-1399-field_2\">N\u00e1zev <span class=\"wpforms-required-label\" aria-hidden=\"true\">*<\/span><\/label><input type=\"text\" id=\"wpforms-1399-field_2\" class=\"wpforms-field-medium wpforms-field-required\" name=\"wpforms[fields][2]\" aria-errormessage=\"wpforms-1399-field_2-error\" required><\/div><div id=\"wpforms-1399-field_5-container\" class=\"wpforms-field wpforms-field-phone\" data-field-id=\"5\"><label class=\"wpforms-field-label\" for=\"wpforms-1399-field_5\">Telefon \/ WhatsApp <span class=\"wpforms-required-label\" aria-hidden=\"true\">*<\/span><\/label><input type=\"tel\" id=\"wpforms-1399-field_5\" class=\"wpforms-field-medium wpforms-field-required\" data-rule-int-phone-field=\"true\" name=\"wpforms[fields][5]\" aria-errormessage=\"wpforms-1399-field_5-error\" required><\/div><\/div><div class=\"wpforms-layout-column wpforms-layout-column-50\"><div id=\"wpforms-1399-field_3-container\" class=\"wpforms-field wpforms-field-email\" data-field-id=\"3\"><label class=\"wpforms-field-label\" for=\"wpforms-1399-field_3\">E-mail <span class=\"wpforms-required-label\" aria-hidden=\"true\">*<\/span><\/label><input type=\"email\" id=\"wpforms-1399-field_3\" class=\"wpforms-field-medium wpforms-field-required\" name=\"wpforms[fields][3]\" spellcheck=\"false\" aria-errormessage=\"wpforms-1399-field_3-error\" required><\/div><div id=\"wpforms-1399-field_4-container\" class=\"wpforms-field wpforms-field-text\" data-field-id=\"4\"><label class=\"wpforms-field-label\" for=\"wpforms-1399-field_4\">Dotaz<\/label><input type=\"text\" id=\"wpforms-1399-field_4\" class=\"wpforms-field-medium\" name=\"wpforms[fields][4]\" aria-errormessage=\"wpforms-1399-field_4-error\" ><\/div><\/div><\/div><\/div><\/div><!-- .wpforms-field-container --><div class=\"wpforms-recaptcha-container wpforms-is-turnstile\" ><div class=\"g-recaptcha\" data-sitekey=\"0x4AAAAAAAyrnCk3ccFGBLIG\" data-action=\"FormID-1399\"><\/div><input type=\"text\" name=\"g-recaptcha-hidden\" class=\"wpforms-recaptcha-hidden\" style=\"position:absolute!important;clip:rect(0,0,0,0)!important;height:1px!important;width:1px!important;border:0!important;overflow:hidden!important;padding:0!important;margin:0!important;\" data-rule-turnstile=\"1\"><\/div><div class=\"wpforms-submit-container\" ><input type=\"hidden\" name=\"wpforms[id]\" value=\"1399\"><input type=\"hidden\" name=\"wpforms[author]\" value=\"1\"><button type=\"submit\" name=\"wpforms[submit]\" id=\"wpforms-submit-1399\" class=\"wpforms-submit\" data-alt-text=\"Sending...\" data-submit-text=\"Send Inquiry\" aria-live=\"assertive\" value=\"wpforms-submit\">Odeslat popt\u00e1vku<\/button><img decoding=\"async\" src=\"https:\/\/kelingmed.com\/wp-content\/plugins\/wpforms\/assets\/images\/submit-spin.svg\" class=\"wpforms-submit-spinner\" style=\"display: none;\" width=\"26\" height=\"26\" alt=\"Na\u010d\u00edt\u00e1n\u00ed\"><\/div><input type=\"hidden\" name=\"trp-form-language\" value=\"cs\"\/><\/form><\/div>  <!-- .wpforms-container -->","protected":false},"excerpt":{"rendered":"<div>\n<table border=\"1\" cellspacing=\"0\">\n<tbody>\n<tr>\n<td height=\"20\">Re\u017eim<\/td>\n<td height=\"20\">KL01L-DVA-LED-DVA<\/td>\n<\/tr>\n<tr>\n<td height=\"20\">Osv\u011btlen\u00ed \uff08lux\uff09<\/td>\n<td height=\"20\">\u226530000<\/td>\n<\/tr>\n<tr>\n<td height=\"20\">Teplota barev\uff08K\uff09<\/td>\n<td height=\"20\">4500\u00b1500<\/td>\n<\/tr>\n<tr>\n<td height=\"20\">Index pod\u00e1n\u00ed barev\uff08Ra\uff09<\/td>\n<td height=\"20\">\u226585%<\/td>\n<\/tr>\n<tr>\n<td height=\"20\">Naklon\u011bn\u00ed doleva a doprava<\/td>\n<td height=\"20\">180\u00b0<\/td>\n<\/tr>\n<tr>\n<td height=\"20\">Nakl\u00e1p\u011bn\u00ed vp\u0159edu a vzadu<\/td>\n<td height=\"20\">180\u00b0<\/td>\n<\/tr>\n<tr>\n<td height=\"20\">Vzd\u00e1lenost nastaven\u00ed v\u00fd\u0161ky\uff08mm\uff09<\/td>\n<td height=\"20\">\u2265400<\/td>\n<\/tr>\n<\/tbody>\n<\/table>\n<div class=\"wpforms-container wpforms-container-full wpforms-render-modern\" id=\"wpforms-1399\">\n<form id=\"wpforms-form-1399\" class=\"wpforms-validate wpforms-form wpforms-ajax-form\" data-formid=\"1399\" method=\"post\" enctype=\"multipart\/form-data\" action=\"\/cs\/wp-json\/wp\/v2\/product\/1309\" data-token=\"dc59fd6b52978f5f57666518079e96dc\" data-trp-original-action=\"\/cs\/wp-json\/wp\/v2\/product\/1309\"><noscript class=\"wpforms-error-noscript\">Chcete-li vyplnit tento formul\u00e1\u0159, pros\u00edm povolte v prohl\u00ed\u017ee\u010di JavaScript.<\/noscript><\/p>\n<div class=\"wpforms-hidden\" id=\"wpforms-error-noscript\">Chcete-li vyplnit tento formul\u00e1\u0159, pros\u00edm povolte v prohl\u00ed\u017ee\u010di JavaScript.<\/div>\n<div class=\"wpforms-field-container\">\n<div id=\"wpforms-1399-field_1-container\" class=\"wpforms-field wpforms-field-layout\" data-field-id=\"1\"><label class=\"wpforms-field-label wpforms-label-hide\" for=\"wpforms-1399-field_1\" aria-hidden=\"false\">Rozlo\u017een\u00ed<\/label><\/p>\n<div class=\"wpforms-field-layout-columns wpforms-field-layout-preset-50-50\">\n<div class=\"wpforms-layout-column wpforms-layout-column-50\">\n<div id=\"wpforms-1399-field_2-container\" class=\"wpforms-field wpforms-field-name\" data-field-id=\"2\"><label class=\"wpforms-field-label\" for=\"wpforms-1399-field_2\">N\u00e1zev <span class=\"wpforms-required-label\" aria-hidden=\"true\">*<\/span><\/label><input type=\"text\" id=\"wpforms-1399-field_2\" class=\"wpforms-field-medium wpforms-field-required\" name=\"wpforms[fields][2]\" aria-errormessage=\"wpforms-1399-field_2-error\" required><\/div>\n<div id=\"wpforms-1399-field_5-container\" class=\"wpforms-field wpforms-field-phone\" data-field-id=\"5\"><label class=\"wpforms-field-label\" for=\"wpforms-1399-field_5\">Telefon \/ WhatsApp <span class=\"wpforms-required-label\" aria-hidden=\"true\">*<\/span><\/label><input type=\"tel\" id=\"wpforms-1399-field_5\" class=\"wpforms-field-medium wpforms-field-required\" data-rule-int-phone-field=\"true\" name=\"wpforms[fields][5]\" aria-errormessage=\"wpforms-1399-field_5-error\" required><\/div>\n<\/div>\n<div class=\"wpforms-layout-column wpforms-layout-column-50\">\n<div id=\"wpforms-1399-field_3-container\" class=\"wpforms-field wpforms-field-email\" data-field-id=\"3\"><label class=\"wpforms-field-label\" for=\"wpforms-1399-field_3\">E-mail <span class=\"wpforms-required-label\" aria-hidden=\"true\">*<\/span><\/label><input type=\"email\" id=\"wpforms-1399-field_3\" class=\"wpforms-field-medium wpforms-field-required\" name=\"wpforms[fields][3]\" spellcheck=\"false\" aria-errormessage=\"wpforms-1399-field_3-error\" required><\/div>\n<div id=\"wpforms-1399-field_4-container\" class=\"wpforms-field wpforms-field-text\" data-field-id=\"4\"><label class=\"wpforms-field-label\" for=\"wpforms-1399-field_4\">Dotaz<\/label><input type=\"text\" id=\"wpforms-1399-field_4\" class=\"wpforms-field-medium\" name=\"wpforms[fields][4]\" aria-errormessage=\"wpforms-1399-field_4-error\" ><\/div>\n<\/div>\n<\/div>\n<\/div>\n<\/div>\n<p><!-- .wpforms-field-container --><\/p>\n<div class=\"wpforms-recaptcha-container wpforms-is-turnstile\" >\n<div class=\"g-recaptcha\" data-sitekey=\"0x4AAAAAAAyrnCk3ccFGBLIG\" data-action=\"FormID-1399\"><\/div>\n<p><input type=\"text\" name=\"g-recaptcha-hidden\" class=\"wpforms-recaptcha-hidden\" style=\"position:absolute!important;clip:rect(0,0,0,0)!important;height:1px!important;width:1px!important;border:0!important;overflow:hidden!important;padding:0!important;margin:0!important;\" data-rule-turnstile=\"1\"><\/div>\n<div class=\"wpforms-submit-container\" ><input type=\"hidden\" name=\"wpforms[id]\" value=\"1399\"><input type=\"hidden\" name=\"wpforms[author]\" value=\"1\"><button type=\"submit\" name=\"wpforms[submit]\" id=\"wpforms-submit-1399\" class=\"wpforms-submit\" data-alt-text=\"Sending...\" data-submit-text=\"Send Inquiry\" aria-live=\"assertive\" value=\"wpforms-submit\">Odeslat popt\u00e1vku<\/button><img decoding=\"async\" src=\"https:\/\/kelingmed.com\/wp-content\/plugins\/wpforms\/assets\/images\/submit-spin.svg\" class=\"wpforms-submit-spinner\" style=\"display: none;\" width=\"26\" height=\"26\" alt=\"Na\u010d\u00edt\u00e1n\u00ed\"><\/div>\n<input type=\"hidden\" name=\"trp-form-language\" value=\"cs\"\/><\/form>\n<\/div>\n<p>  <!-- .wpforms-container --><\/p>\n<\/div>","protected":false},"featured_media":1383,"template":"","meta":{"site-sidebar-layout":"default","site-content-layout":"","ast-site-content-layout":"default","site-content-style":"default","site-sidebar-style":"default","ast-global-header-display":"","ast-banner-title-visibility":"","ast-main-header-display":"","ast-hfb-above-header-display":"","ast-hfb-below-header-display":"","ast-hfb-mobile-header-display":"","site-post-title":"","ast-breadcrumbs-content":"","ast-featured-img":"","footer-sml-layout":"","theme-transparent-header-meta":"","adv-header-id-meta":"","stick-header-meta":"","header-above-stick-meta":"","header-main-stick-meta":"","header-below-stick-meta":"","astra-migrate-meta-layouts":"default","ast-page-background-enabled":"default","ast-page-background-meta":{"desktop":{"background-color":"var(--ast-global-color-5)","background-image":"","background-repeat":"repeat","background-position":"center center","background-size":"auto","background-attachment":"scroll","background-type":"","background-media":"","overlay-type":"","overlay-color":"","overlay-opacity":"","overlay-gradient":""},"tablet":{"background-color":"","background-image":"","background-repeat":"repeat","background-position":"center center","background-size":"auto","background-attachment":"scroll","background-type":"","background-media":"","overlay-type":"","overlay-color":"","overlay-opacity":"","overlay-gradient":""},"mobile":{"background-color":"","background-image":"","background-repeat":"repeat","background-position":"center center","background-size":"auto","background-attachment":"scroll","background-type":"","background-media":"","overlay-type":"","overlay-color":"","overlay-opacity":"","overlay-gradient":""}},"ast-content-background-meta":{"desktop":{"background-color":"var(--ast-global-color-4)","background-image":"","background-repeat":"repeat","background-position":"center center","background-size":"auto","background-attachment":"scroll","background-type":"","background-media":"","overlay-type":"","overlay-color":"","overlay-opacity":"","overlay-gradient":""},"tablet":{"background-color":"var(--ast-global-color-4)","background-image":"","background-repeat":"repeat","background-position":"center center","background-size":"auto","background-attachment":"scroll","background-type":"","background-media":"","overlay-type":"","overlay-color":"","overlay-opacity":"","overlay-gradient":""},"mobile":{"background-color":"var(--ast-global-color-4)","background-image":"","background-repeat":"repeat","background-position":"center center","background-size":"auto","background-attachment":"scroll","background-type":"","background-media":"","overlay-type":"","overlay-color":"","overlay-opacity":"","overlay-gradient":""}}},"product_brand":[],"product_cat":[24],"product_tag":[],"class_list":{"0":"post-1309","1":"product","2":"type-product","3":"status-publish","4":"has-post-thumbnail","6":"product_cat-surgical-light","7":"desktop-align-left","8":"tablet-align-left","9":"mobile-align-left","11":"first","12":"instock","13":"shipping-taxable","14":"product-type-simple"},"_links":{"self":[{"href":"https:\/\/kelingmed.com\/cs\/wp-json\/wp\/v2\/product\/1309","targetHints":{"allow":["GET"]}}],"collection":[{"href":"https:\/\/kelingmed.com\/cs\/wp-json\/wp\/v2\/product"}],"about":[{"href":"https:\/\/kelingmed.com\/cs\/wp-json\/wp\/v2\/types\/product"}],"wp:featuredmedia":[{"embeddable":true,"href":"https:\/\/kelingmed.com\/cs\/wp-json\/wp\/v2\/media\/1383"}],"wp:attachment":[{"href":"https:\/\/kelingmed.com\/cs\/wp-json\/wp\/v2\/media?parent=1309"}],"wp:term":[{"taxonomy":"product_brand","embeddable":true,"href":"https:\/\/kelingmed.com\/cs\/wp-json\/wp\/v2\/product_brand?post=1309"},{"taxonomy":"product_cat","embeddable":true,"href":"https:\/\/kelingmed.com\/cs\/wp-json\/wp\/v2\/product_cat?post=1309"},{"taxonomy":"product_tag","embeddable":true,"href":"https:\/\/kelingmed.com\/cs\/wp-json\/wp\/v2\/product_tag?post=1309"}],"curies":[{"name":"wp","href":"https:\/\/api.w.org\/{rel}","templated":true}]}}