{"id":1292,"date":"2024-12-26T01:31:33","date_gmt":"2024-12-26T01:31:33","guid":{"rendered":"https:\/\/kelingmed.com\/?post_type=product&#038;p=1292"},"modified":"2024-12-26T01:51:17","modified_gmt":"2024-12-26T01:51:17","slug":"vedl-chirurgicky-svetlo-kl-led-dt61","status":"publish","type":"product","link":"https:\/\/kelingmed.com\/cs\/product\/vedl-chirurgicky-svetlo-kl-led-dt61\/","title":{"rendered":"LED chirurgick\u00e9 sv\u011btlo-KL-LED-DT61"},"content":{"rendered":"<ol>\n<li><b><\/b><strong><b>Rozsah pou\u017eit\u00ed<\/b><\/strong><\/li>\n<\/ol>\n<p>vhodn\u00e9 pro osv\u011btlen\u00ed p\u0159i chirurgick\u00fdch operac\u00edch.<\/p>\n<ol start=\"2\">\n<li><b><\/b><strong><b>Struktur\u00e1ln\u00ed charakteristiky<\/b><\/strong><\/li>\n<\/ol>\n<p>LED lampa bez st\u00edn\u016f LED sv\u011bteln\u00fd zdroj, kter\u00fd \u00fa\u010dinn\u011b sni\u017euje teplo.<\/p>\n<p>LED \u017e\u00e1rovka bez st\u00ednu s dlouhou \u017eivotnost\u00ed, v\u00fdhody st\u00e1rnut\u00ed nen\u00ed snadn\u00e9<\/p>\n<p>Rameno lampy s kardanovou konstrukc\u00ed s v\u00edcen\u00e1sobn\u00fdm rozsahem pohybu<\/p>\n<p>Structur<strong><b>\u00a0<\/b><\/strong>viz obr\u00e1zek 1<\/p>\n<p>Pracovn\u00ed princip\uff1aSv\u011bteln\u00fd zdroj do jednoho bodu s LED sv\u011bteln\u00fdm paprskem sb\u00edhaj\u00edc\u00edm se pomoc\u00ed \u010do\u010dky se prot\u00edn\u00e1.<br \/>\nProvoz bez st\u00ednu lampy rotuj\u00edc\u00ed rovnov\u00e1\u017en\u00fd syst\u00e9m je navr\u017een tak, aby vyhovoval pot\u0159eb\u00e1m r\u016fzn\u00fdch chirurgick\u00fdch, chirurgick\u00e9 osv\u011btlen\u00ed je nejlep\u0161\u00ed \u00fahel ot\u00e1\u010den\u00ed d\u00edla lo\u017eiska pohonu, tak\u017ee chirurgick\u00e1 lampa se nach\u00e1z\u00ed ve sm\u011bru pot\u0159eby provozu, p\u0159i\u010dem\u017e se zvy\u0161uje nastaviteln\u00e9 tlumen\u00ed, tak\u017ee chirurgick\u00e9 sv\u011btla pohybovat rukoje\u0165 je lehk\u00e1, stabiln\u00ed a spolehliv\u00e9 polohov\u00e1n\u00ed.<\/p>\n<p>Vyva\u017eovac\u00ed syst\u00e9m funguje na z\u00e1klad\u011b p\u0159edstla\u010den\u00ed, tla\u010dn\u00e9 pru\u017einy tak, aby lampa vyrovnala s\u00edlu po\u017eadovanou propojen\u00edm s p\u00edsn\u00ed. Ovl\u00e1d\u00e1n\u00ed lampy nahoru a dol\u016f je pohodln\u00e9, lehk\u00e9. Elektrick\u00e9 ovl\u00e1d\u00e1n\u00ed sp\u00ednan\u00e9ho zdroje, v\u00fdstupn\u00ed nap\u011bt\u00ed stabiln\u00ed, schopn\u00e9 p\u0159izp\u016fsobit se po\u017eadavk\u016fm na rozsah kol\u00eds\u00e1n\u00ed nap\u00e1jen\u00ed s\u00edt\u011b v r\u016fzn\u00fdch m\u00edstech. Sv\u011bteln\u00e9 diody paraleln\u011b a pak v s\u00e9rii, a je rozd\u011blena do n\u011bkolika samostatn\u00fdch ovl\u00e1d\u00e1n\u00ed jedn\u00e9 sv\u011bteln\u00e9 diody, v p\u0159\u00edpad\u011b jedn\u00e9 s\u00e9rie po\u0161kozen\u00ed, jej\u00ed osv\u011btlen\u00ed \u2265 40 000 lx.<\/p>\n<p><strong>3.Technick\u00e9 parametry<\/strong><\/p>\n<p>Bezpe\u010dnostn\u00ed t\u0159\u00edda: Typ B t\u0159\u00eddy I<\/p>\n<p>Provozn\u00ed re\u017eim: nep\u0159etr\u017eit\u00fd provoz<\/p>\n<p>Kategorie za\u0159\u00edzen\u00ed\uff1aNon-AP \/ APG za\u0159\u00edzen\u00ed<\/p>\n<p>Ochrana vstupu\uff1a\u017e\u00e1dn\u00e1 sr\u00e1\u017eec\u00ed kapalina<\/p>\n<p>P\u0159\u00edstroj nem\u00e1 \u010d\u00e1st ochrany proti defibrila\u010dn\u00edmu v\u00fdboji.<\/p>\n<p>Za\u0159\u00edzen\u00ed nem\u00e1 vstup a v\u00fdstup sign\u00e1lu<\/p>\n<p>Za\u0159\u00edzen\u00ed je trval\u00e1 instalace za\u0159\u00edzen\u00ed<\/p>\n<p><strong>Norm\u00e1ln\u00ed pracovn\u00ed podm\u00ednky:<\/strong>\u00a0okoln\u00ed teplota: 5 \u2103 ~ 40 \u2103<\/p>\n<p>Relativn\u00ed vlhkost: \u226480%<\/p>\n<p>Atmosf\u00e9rick\u00fd tlak: 860hpa ~ 1060hpa<\/p>\n<p>Nap\u00e1jec\u00ed nap\u011bt\u00ed: 220V 50\/60Hz<\/p>\n<p>P\u0159\u00edkon\uff1a 150VA<\/p>\n<p>Illumination\uff1a160\uff0c000lx\u2265Ec\u226580\uff0c000lx<\/p>\n<p>Teplota barev\uff1a 6700\u2265Tc\u22653000<\/p>\n<p>Celkov\u00e9 osv\u011btlen\u00ed\uff1a \u22641000w\/m<sup>2<\/sup><\/p>\n<p>Celkov\u00e9 osv\u011btlen\u00ed\/ Osv\u011btlen\u00ed\uff1a\u22646mW\/m<sup>2<\/sup>lx<\/p>\n<p>Pr\u016fm\u011br sv\u011bteln\u00e9ho bodu\uff1a180mm\u00b140mm<\/p>\n<p>d50\uff1a110mm\u00b135mm<\/p>\n<p>50% pr\u016fm\u011bru st\u0159edov\u00e9 osv\u011btlovac\u00ed oblasti d50 by nem\u011bla b\u00fdt men\u0161\u00ed ne\u017e 50% pr\u016fm\u011bru bodu d10.<\/p>\n<p>Hloubka sv\u011bteln\u00e9ho paprsku\uff1a\u2265700mm<\/p>\n<p>index pod\u00e1n\u00ed barev\uff1a100\u2265Ra\u226585<\/p>\n<p>\u00fa\u010dinek st\u00ednovosti\uff1a<\/p>\n<p>Zb\u00fdvaj\u00edc\u00ed osv\u011btlen\u00ed p\u0159ep\u00e1\u017eky nejm\u00e9n\u011b 35%, zb\u00fdvaj\u00edc\u00ed osv\u011btlen\u00ed dvou p\u0159ep\u00e1\u017eek nejm\u00e9n\u011b 38%, zb\u00fdvaj\u00edc\u00ed osv\u011btlen\u00ed hlubok\u00e9 dutinov\u00e9 trubice nejm\u00e9n\u011b 70% p\u0159ep\u00e1\u017eky a zb\u00fdvaj\u00edc\u00ed osv\u011btlen\u00ed hlubok\u00e9 dutinov\u00e9 trubice nejm\u00e9n\u011b 32%, dv\u011b p\u0159ep\u00e1\u017eky a zb\u00fdvaj\u00edc\u00ed osv\u011btlen\u00ed hlubok\u00e9 dutinov\u00e9 trubice nejm\u00e9n\u011b 34%.<\/p>\n<p>Pojistka v\u00fdkonov\u00e9ho sp\u00edna\u010de\uff1aFS5A 250VAC<\/p>\n<p>V\u00fdkon LED\uff1aDC24V(0,5W\/3V\u00d78)<\/p>\n<div class=\"wpforms-container wpforms-container-full wpforms-render-modern\" id=\"wpforms-1399\"><form id=\"wpforms-form-1399\" class=\"wpforms-validate wpforms-form wpforms-ajax-form\" data-formid=\"1399\" method=\"post\" enctype=\"multipart\/form-data\" action=\"\/cs\/wp-json\/wp\/v2\/product\/1292\" data-token=\"dc59fd6b52978f5f57666518079e96dc\" data-trp-original-action=\"\/cs\/wp-json\/wp\/v2\/product\/1292\"><noscript class=\"wpforms-error-noscript\">Chcete-li vyplnit tento formul\u00e1\u0159, pros\u00edm povolte v prohl\u00ed\u017ee\u010di JavaScript.<\/noscript><div class=\"wpforms-hidden\" id=\"wpforms-error-noscript\">Chcete-li vyplnit tento formul\u00e1\u0159, pros\u00edm povolte v prohl\u00ed\u017ee\u010di JavaScript.<\/div><div class=\"wpforms-field-container\"><div id=\"wpforms-1399-field_1-container\" class=\"wpforms-field wpforms-field-layout\" data-field-id=\"1\"><label class=\"wpforms-field-label wpforms-label-hide\" for=\"wpforms-1399-field_1\" aria-hidden=\"false\">Rozlo\u017een\u00ed<\/label><div class=\"wpforms-field-layout-columns wpforms-field-layout-preset-50-50\"><div class=\"wpforms-layout-column wpforms-layout-column-50\"><div id=\"wpforms-1399-field_2-container\" class=\"wpforms-field wpforms-field-name\" data-field-id=\"2\"><label class=\"wpforms-field-label\" for=\"wpforms-1399-field_2\">N\u00e1zev <span class=\"wpforms-required-label\" aria-hidden=\"true\">*<\/span><\/label><input type=\"text\" id=\"wpforms-1399-field_2\" class=\"wpforms-field-medium wpforms-field-required\" name=\"wpforms[fields][2]\" aria-errormessage=\"wpforms-1399-field_2-error\" required><\/div><div id=\"wpforms-1399-field_5-container\" class=\"wpforms-field wpforms-field-phone\" data-field-id=\"5\"><label class=\"wpforms-field-label\" for=\"wpforms-1399-field_5\">Telefon \/ WhatsApp <span class=\"wpforms-required-label\" aria-hidden=\"true\">*<\/span><\/label><input type=\"tel\" id=\"wpforms-1399-field_5\" class=\"wpforms-field-medium wpforms-field-required\" data-rule-int-phone-field=\"true\" name=\"wpforms[fields][5]\" aria-errormessage=\"wpforms-1399-field_5-error\" required><\/div><\/div><div class=\"wpforms-layout-column wpforms-layout-column-50\"><div id=\"wpforms-1399-field_3-container\" class=\"wpforms-field wpforms-field-email\" data-field-id=\"3\"><label class=\"wpforms-field-label\" for=\"wpforms-1399-field_3\">E-mail <span class=\"wpforms-required-label\" aria-hidden=\"true\">*<\/span><\/label><input type=\"email\" id=\"wpforms-1399-field_3\" class=\"wpforms-field-medium wpforms-field-required\" name=\"wpforms[fields][3]\" spellcheck=\"false\" aria-errormessage=\"wpforms-1399-field_3-error\" required><\/div><div id=\"wpforms-1399-field_4-container\" class=\"wpforms-field wpforms-field-text\" data-field-id=\"4\"><label class=\"wpforms-field-label\" for=\"wpforms-1399-field_4\">Dotaz<\/label><input type=\"text\" id=\"wpforms-1399-field_4\" class=\"wpforms-field-medium\" name=\"wpforms[fields][4]\" aria-errormessage=\"wpforms-1399-field_4-error\" ><\/div><\/div><\/div><\/div><\/div><!-- .wpforms-field-container --><div class=\"wpforms-recaptcha-container wpforms-is-turnstile\" ><div class=\"g-recaptcha\" data-sitekey=\"0x4AAAAAAAyrnCk3ccFGBLIG\" data-action=\"FormID-1399\"><\/div><input type=\"text\" name=\"g-recaptcha-hidden\" class=\"wpforms-recaptcha-hidden\" style=\"position:absolute!important;clip:rect(0,0,0,0)!important;height:1px!important;width:1px!important;border:0!important;overflow:hidden!important;padding:0!important;margin:0!important;\" data-rule-turnstile=\"1\"><\/div><div class=\"wpforms-submit-container\" ><input type=\"hidden\" name=\"wpforms[id]\" value=\"1399\"><input type=\"hidden\" name=\"wpforms[author]\" value=\"1\"><button type=\"submit\" name=\"wpforms[submit]\" id=\"wpforms-submit-1399\" class=\"wpforms-submit\" data-alt-text=\"Sending...\" data-submit-text=\"Send Inquiry\" aria-live=\"assertive\" value=\"wpforms-submit\">Odeslat popt\u00e1vku<\/button><img decoding=\"async\" src=\"https:\/\/kelingmed.com\/wp-content\/plugins\/wpforms\/assets\/images\/submit-spin.svg\" class=\"wpforms-submit-spinner\" style=\"display: none;\" width=\"26\" height=\"26\" alt=\"Na\u010d\u00edt\u00e1n\u00ed\"><\/div><input type=\"hidden\" name=\"trp-form-language\" value=\"cs\"\/><\/form><\/div>  <!-- .wpforms-container -->","protected":false},"excerpt":{"rendered":"<div>\n<table border=\"1\" cellspacing=\"0\">\n<tbody>\n<tr>\n<td height=\"20\">Re\u017eim<\/td>\n<td height=\"20\">KL-LED.DT61\/DT61<\/td>\n<\/tr>\n<tr>\n<td height=\"20\">Osv\u011btlen\u00ed p\u0159i Im\uff08lux\uff09<\/td>\n<td height=\"20\">40000\/160000<\/td>\n<\/tr>\n<tr>\n<td height=\"20\"><\/td>\n<td height=\"20\">\/40000~160000<\/td>\n<\/tr>\n<tr>\n<td height=\"20\">Osv\u011btlen\u00ed v lm v re\u017eimu Endo\uff08lux\uff09<\/td>\n<td height=\"20\">10000<\/td>\n<\/tr>\n<tr>\n<td height=\"20\">Pr\u016fm\u011br podan\u00e9ho sv\u011btla D10mm<\/td>\n<td height=\"20\">180\u00b140\uff0f180\u00b140<\/td>\n<\/tr>\n<tr>\n<td height=\"20\">D50\uff08mm\uff09<\/td>\n<td height=\"20\">110\u00b135\/110\u00b135<\/td>\n<\/tr>\n<tr>\n<td height=\"20\">Hloubka osv\u011btlen\u00ed L1+L2\uff08cm\uff09<\/td>\n<td height=\"20\">150<\/td>\n<\/tr>\n<tr>\n<td height=\"20\">Index pod\u00e1n\u00ed barev\uff08Ra\uff09<\/td>\n<td height=\"20\">100\u2265Ra\u226585<\/td>\n<\/tr>\n<tr>\n<td height=\"20\">Index pod\u00e1n\u00ed \u010derven\u00e9 barvy R9<\/td>\n<td height=\"20\">\u226597<\/td>\n<\/tr>\n<tr>\n<td height=\"20\">Voliteln\u00e1 teplota barev\uff08K\uff09<\/td>\n<td height=\"20\">6700\u2265Tc\u22653000K<\/td>\n<\/tr>\n<tr>\n<td height=\"20\">Po\u010det LED diod<\/td>\n<td height=\"20\">60 \/ 60<\/td>\n<\/tr>\n<\/tbody>\n<\/table>\n<div class=\"wpforms-container wpforms-container-full wpforms-render-modern\" id=\"wpforms-1399\">\n<form id=\"wpforms-form-1399\" class=\"wpforms-validate wpforms-form wpforms-ajax-form\" data-formid=\"1399\" method=\"post\" enctype=\"multipart\/form-data\" action=\"\/cs\/wp-json\/wp\/v2\/product\/1292\" data-token=\"dc59fd6b52978f5f57666518079e96dc\" data-trp-original-action=\"\/cs\/wp-json\/wp\/v2\/product\/1292\"><noscript class=\"wpforms-error-noscript\">Chcete-li vyplnit tento formul\u00e1\u0159, pros\u00edm povolte v prohl\u00ed\u017ee\u010di JavaScript.<\/noscript><\/p>\n<div class=\"wpforms-hidden\" id=\"wpforms-error-noscript\">Chcete-li vyplnit tento formul\u00e1\u0159, pros\u00edm povolte v prohl\u00ed\u017ee\u010di JavaScript.<\/div>\n<div class=\"wpforms-field-container\">\n<div id=\"wpforms-1399-field_1-container\" class=\"wpforms-field wpforms-field-layout\" data-field-id=\"1\"><label class=\"wpforms-field-label wpforms-label-hide\" for=\"wpforms-1399-field_1\" aria-hidden=\"false\">Rozlo\u017een\u00ed<\/label><\/p>\n<div class=\"wpforms-field-layout-columns wpforms-field-layout-preset-50-50\">\n<div class=\"wpforms-layout-column wpforms-layout-column-50\">\n<div id=\"wpforms-1399-field_2-container\" class=\"wpforms-field wpforms-field-name\" data-field-id=\"2\"><label class=\"wpforms-field-label\" for=\"wpforms-1399-field_2\">N\u00e1zev <span class=\"wpforms-required-label\" aria-hidden=\"true\">*<\/span><\/label><input type=\"text\" id=\"wpforms-1399-field_2\" class=\"wpforms-field-medium wpforms-field-required\" name=\"wpforms[fields][2]\" aria-errormessage=\"wpforms-1399-field_2-error\" required><\/div>\n<div id=\"wpforms-1399-field_5-container\" class=\"wpforms-field wpforms-field-phone\" data-field-id=\"5\"><label class=\"wpforms-field-label\" for=\"wpforms-1399-field_5\">Telefon \/ WhatsApp <span class=\"wpforms-required-label\" aria-hidden=\"true\">*<\/span><\/label><input type=\"tel\" id=\"wpforms-1399-field_5\" class=\"wpforms-field-medium wpforms-field-required\" data-rule-int-phone-field=\"true\" name=\"wpforms[fields][5]\" aria-errormessage=\"wpforms-1399-field_5-error\" required><\/div>\n<\/div>\n<div class=\"wpforms-layout-column wpforms-layout-column-50\">\n<div id=\"wpforms-1399-field_3-container\" class=\"wpforms-field wpforms-field-email\" data-field-id=\"3\"><label class=\"wpforms-field-label\" for=\"wpforms-1399-field_3\">E-mail <span class=\"wpforms-required-label\" aria-hidden=\"true\">*<\/span><\/label><input type=\"email\" id=\"wpforms-1399-field_3\" class=\"wpforms-field-medium wpforms-field-required\" name=\"wpforms[fields][3]\" spellcheck=\"false\" aria-errormessage=\"wpforms-1399-field_3-error\" required><\/div>\n<div id=\"wpforms-1399-field_4-container\" class=\"wpforms-field wpforms-field-text\" data-field-id=\"4\"><label class=\"wpforms-field-label\" for=\"wpforms-1399-field_4\">Dotaz<\/label><input type=\"text\" id=\"wpforms-1399-field_4\" class=\"wpforms-field-medium\" name=\"wpforms[fields][4]\" aria-errormessage=\"wpforms-1399-field_4-error\" ><\/div>\n<\/div>\n<\/div>\n<\/div>\n<\/div>\n<p><!-- .wpforms-field-container --><\/p>\n<div class=\"wpforms-recaptcha-container wpforms-is-turnstile\" >\n<div class=\"g-recaptcha\" data-sitekey=\"0x4AAAAAAAyrnCk3ccFGBLIG\" data-action=\"FormID-1399\"><\/div>\n<p><input type=\"text\" name=\"g-recaptcha-hidden\" class=\"wpforms-recaptcha-hidden\" style=\"position:absolute!important;clip:rect(0,0,0,0)!important;height:1px!important;width:1px!important;border:0!important;overflow:hidden!important;padding:0!important;margin:0!important;\" data-rule-turnstile=\"1\"><\/div>\n<div class=\"wpforms-submit-container\" ><input type=\"hidden\" name=\"wpforms[id]\" value=\"1399\"><input type=\"hidden\" name=\"wpforms[author]\" value=\"1\"><button type=\"submit\" name=\"wpforms[submit]\" id=\"wpforms-submit-1399\" class=\"wpforms-submit\" data-alt-text=\"Sending...\" data-submit-text=\"Send Inquiry\" aria-live=\"assertive\" value=\"wpforms-submit\">Odeslat popt\u00e1vku<\/button><img decoding=\"async\" src=\"https:\/\/kelingmed.com\/wp-content\/plugins\/wpforms\/assets\/images\/submit-spin.svg\" class=\"wpforms-submit-spinner\" style=\"display: none;\" width=\"26\" height=\"26\" alt=\"Na\u010d\u00edt\u00e1n\u00ed\"><\/div>\n<input type=\"hidden\" name=\"trp-form-language\" value=\"cs\"\/><\/form>\n<\/div>\n<p>  <!-- .wpforms-container --><\/p>\n<\/div>","protected":false},"featured_media":1315,"template":"","meta":{"site-sidebar-layout":"default","site-content-layout":"","ast-site-content-layout":"default","site-content-style":"default","site-sidebar-style":"default","ast-global-header-display":"","ast-banner-title-visibility":"","ast-main-header-display":"","ast-hfb-above-header-display":"","ast-hfb-below-header-display":"","ast-hfb-mobile-header-display":"","site-post-title":"","ast-breadcrumbs-content":"","ast-featured-img":"","footer-sml-layout":"","theme-transparent-header-meta":"","adv-header-id-meta":"","stick-header-meta":"","header-above-stick-meta":"","header-main-stick-meta":"","header-below-stick-meta":"","astra-migrate-meta-layouts":"default","ast-page-background-enabled":"default","ast-page-background-meta":{"desktop":{"background-color":"var(--ast-global-color-5)","background-image":"","background-repeat":"repeat","background-position":"center center","background-size":"auto","background-attachment":"scroll","background-type":"","background-media":"","overlay-type":"","overlay-color":"","overlay-opacity":"","overlay-gradient":""},"tablet":{"background-color":"","background-image":"","background-repeat":"repeat","background-position":"center center","background-size":"auto","background-attachment":"scroll","background-type":"","background-media":"","overlay-type":"","overlay-color":"","overlay-opacity":"","overlay-gradient":""},"mobile":{"background-color":"","background-image":"","background-repeat":"repeat","background-position":"center center","background-size":"auto","background-attachment":"scroll","background-type":"","background-media":"","overlay-type":"","overlay-color":"","overlay-opacity":"","overlay-gradient":""}},"ast-content-background-meta":{"desktop":{"background-color":"var(--ast-global-color-4)","background-image":"","background-repeat":"repeat","background-position":"center center","background-size":"auto","background-attachment":"scroll","background-type":"","background-media":"","overlay-type":"","overlay-color":"","overlay-opacity":"","overlay-gradient":""},"tablet":{"background-color":"var(--ast-global-color-4)","background-image":"","background-repeat":"repeat","background-position":"center center","background-size":"auto","background-attachment":"scroll","background-type":"","background-media":"","overlay-type":"","overlay-color":"","overlay-opacity":"","overlay-gradient":""},"mobile":{"background-color":"var(--ast-global-color-4)","background-image":"","background-repeat":"repeat","background-position":"center center","background-size":"auto","background-attachment":"scroll","background-type":"","background-media":"","overlay-type":"","overlay-color":"","overlay-opacity":"","overlay-gradient":""}}},"product_brand":[],"product_cat":[24],"product_tag":[],"class_list":{"0":"post-1292","1":"product","2":"type-product","3":"status-publish","4":"has-post-thumbnail","6":"product_cat-surgical-light","7":"desktop-align-left","8":"tablet-align-left","9":"mobile-align-left","11":"first","12":"instock","13":"shipping-taxable","14":"product-type-simple"},"_links":{"self":[{"href":"https:\/\/kelingmed.com\/cs\/wp-json\/wp\/v2\/product\/1292","targetHints":{"allow":["GET"]}}],"collection":[{"href":"https:\/\/kelingmed.com\/cs\/wp-json\/wp\/v2\/product"}],"about":[{"href":"https:\/\/kelingmed.com\/cs\/wp-json\/wp\/v2\/types\/product"}],"wp:featuredmedia":[{"embeddable":true,"href":"https:\/\/kelingmed.com\/cs\/wp-json\/wp\/v2\/media\/1315"}],"wp:attachment":[{"href":"https:\/\/kelingmed.com\/cs\/wp-json\/wp\/v2\/media?parent=1292"}],"wp:term":[{"taxonomy":"product_brand","embeddable":true,"href":"https:\/\/kelingmed.com\/cs\/wp-json\/wp\/v2\/product_brand?post=1292"},{"taxonomy":"product_cat","embeddable":true,"href":"https:\/\/kelingmed.com\/cs\/wp-json\/wp\/v2\/product_cat?post=1292"},{"taxonomy":"product_tag","embeddable":true,"href":"https:\/\/kelingmed.com\/cs\/wp-json\/wp\/v2\/product_tag?post=1292"}],"curies":[{"name":"wp","href":"https:\/\/api.w.org\/{rel}","templated":true}]}}