{"id":1252,"date":"2024-12-26T01:08:28","date_gmt":"2024-12-26T01:08:28","guid":{"rendered":"https:\/\/kelingmed.com\/?post_type=product&#038;p=1252"},"modified":"2024-12-26T01:24:45","modified_gmt":"2024-12-26T01:24:45","slug":"rucni-ortopedicke-trakcni-luzko-kl-bc111","status":"publish","type":"product","link":"https:\/\/kelingmed.com\/cs\/product\/rucni-ortopedicke-trakcni-luzko-kl-bc111\/","title":{"rendered":"Manu\u00e1ln\u00ed ortopedick\u00e9 trak\u010dn\u00ed l\u016f\u017eko-KL-BC111"},"content":{"rendered":"<p><strong>Hlavn\u00ed funkce<\/strong><\/p>\n<ul>\n<li>Zved\u00e1n\u00ed zad se ovl\u00e1d\u00e1 rukojet\u00ed.<\/li>\n<li>Lisovac\u00ed plo\u0161ina, hladk\u00fd povrch bez \u0161r\u00e1m\u016f po sva\u0159ov\u00e1n\u00ed, unese 250 kg.<\/li>\n<li>Skl\u00e1dac\u00ed z\u00e1bradl\u00ed ve tvaru p\u00edsmene L, vyroben\u00e9 z oh\u00fdban\u00fdch trubek, pevn\u011b instalovan\u00e9, 0 ot\u0159es\u016f, snadno se \u010dist\u00ed, chr\u00e1n\u00ed bezpe\u010dnost pacient\u016f.<\/li>\n<li>S n\u00e1razn\u00edkem, kter\u00fd chr\u00e1n\u00ed l\u016f\u017eko a pacienta b\u011bhem p\u0159epravy.<\/li>\n<\/ul>\n<p><strong>V\u00fdkon<\/strong><br \/>\nDisplej s funkc\u00ed postoje<\/p>\n<ul>\n<li>Zp\u011btn\u00fd v\u00fdtah<\/li>\n<\/ul>\n<p><strong>Pohodln\u00e9 a bezpe\u010dn\u00e9 ovl\u00e1d\u00e1n\u00ed<\/strong><\/p>\n<ul>\n<li>Tich\u00e1 kole\u010dka pro plynul\u00e9 brzd\u011bn\u00ed.<\/li>\n<li>Jednou ovl\u00e1dac\u00ed rukojet\u00ed lze plynule ovl\u00e1dat zved\u00e1n\u00ed zad.<\/li>\n<\/ul>\n<p><strong>Bezpe\u010dnostn\u00ed design<\/strong><\/p>\n<ul>\n<li>Skl\u00e1dac\u00ed z\u00e1bradl\u00ed ve tvaru p\u00edsmene L, vyroben\u00e9 z oh\u00fdban\u00fdch trubek, pevn\u011b instalovan\u00e9, 0 ot\u0159es\u016f, snadno se \u010dist\u00ed, chr\u00e1n\u00ed bezpe\u010dnost pacient\u016f.<\/li>\n<li>S n\u00e1razn\u00edkem, kter\u00fd chr\u00e1n\u00ed l\u016f\u017eko a pacienta b\u011bhem p\u0159epravy.<\/li>\n<li>D\u00edky extr\u00e9mn\u00edmu ochrann\u00e9mu za\u0159\u00edzen\u00ed vyd\u00e1v\u00e1 zvuk p\u0159i vyklopen\u00ed do maxim\u00e1ln\u00ed polohy.<\/li>\n<\/ul>\n<p><strong>Vysoce kvalitn\u00ed materi\u00e1ly<\/strong><\/p>\n<ul>\n<li>Deska postele je vyrobena z n\u00e1razuvzdorn\u00e9ho materi\u00e1lu a zes\u00edlen\u00e9ho povlaku se silnou nosnost\u00ed.<\/li>\n<li>\u010celo a zadn\u00ed deska jsou vyrobeny z materi\u00e1lu ABS, kter\u00fd je antibakteri\u00e1ln\u00ed a snadno se \u010dist\u00ed.<\/li>\n<\/ul>\n<p><strong>P\u0159izp\u016fsoben\u00ed<\/strong><br \/>\nKonfiguraci nemocni\u010dn\u00edho l\u016f\u017eka lze upravit podle pot\u0159eb u\u017eivatele, nap\u0159.:<br \/>\nProvozn\u00ed re\u017eim: Elektrick\u00fd (multifunk\u010dn\u00ed luxusn\u00ed verze\/p\u011btifunk\u010dn\u00ed verze\/t\u0159\u00edfunk\u010dn\u00ed verze), manu\u00e1ln\u00ed (\u010dty\u0159t\u0159eskov\u00e1 verze\/t\u0159\u00edt\u0159eskov\u00e1 verze\/dvout\u0159eskov\u00e1 verze\/jednot\u0159eskov\u00e1 verze)<br \/>\nSpecifikace v\u00fdrobku: velikost, balen\u00ed, p\u0159\u00edslu\u0161enstv\u00ed<br \/>\nMateri\u00e1l: D\u0159evo, nerezov\u00e1 ocel, ABS, rentgenov\u011b pr\u016fhledn\u00e1 prysky\u0159ice<br \/>\nR\u016fzn\u00e9 barvy: Modr\u00e1, zelen\u00e1, d\u0159evo atd.<\/p>\n<p>Pro v\u00edce informac\u00ed o produktu n\u00e1s pros\u00edm kontaktujte!<\/p>\n<p><strong>Aplikace<\/strong><br \/>\nNemocnice, pe\u010dovatelsk\u00e9 domy, rehabilita\u010dn\u00ed centra, domovy, \u0161pi\u010dkov\u00e1 p\u00e9\u010de.<\/p>\n<div class=\"wpforms-container wpforms-container-full wpforms-render-modern\" id=\"wpforms-737\"><form id=\"wpforms-form-737\" class=\"wpforms-validate wpforms-form wpforms-ajax-form\" data-formid=\"737\" method=\"post\" enctype=\"multipart\/form-data\" action=\"\/cs\/wp-json\/wp\/v2\/product\/1252\" data-token=\"ba8644313c352b2facdc3ff852659528\" data-trp-original-action=\"\/cs\/wp-json\/wp\/v2\/product\/1252\"><noscript class=\"wpforms-error-noscript\">Chcete-li vyplnit tento formul\u00e1\u0159, pros\u00edm povolte v prohl\u00ed\u017ee\u010di JavaScript.<\/noscript><div class=\"wpforms-hidden\" id=\"wpforms-error-noscript\">Chcete-li vyplnit tento formul\u00e1\u0159, pros\u00edm povolte v prohl\u00ed\u017ee\u010di JavaScript.<\/div><div class=\"wpforms-field-container\"><div id=\"wpforms-737-field_1-container\" class=\"wpforms-field wpforms-field-layout\" data-field-id=\"1\"><label class=\"wpforms-field-label wpforms-label-hide\" for=\"wpforms-737-field_1\" aria-hidden=\"false\">Rozlo\u017een\u00ed<\/label><div class=\"wpforms-field-layout-columns wpforms-field-layout-preset-50-50\"><div class=\"wpforms-layout-column wpforms-layout-column-50\"><div id=\"wpforms-737-field_2-container\" class=\"wpforms-field wpforms-field-name\" data-field-id=\"2\"><label class=\"wpforms-field-label\" for=\"wpforms-737-field_2\">N\u00e1zev <span class=\"wpforms-required-label\" aria-hidden=\"true\">*<\/span><\/label><input type=\"text\" id=\"wpforms-737-field_2\" class=\"wpforms-field-medium wpforms-field-required\" name=\"wpforms[fields][2]\" aria-errormessage=\"wpforms-737-field_2-error\" required><\/div><div id=\"wpforms-737-field_5-container\" class=\"wpforms-field wpforms-field-phone\" data-field-id=\"5\"><label class=\"wpforms-field-label\" for=\"wpforms-737-field_5\">Telefon \/ WhatsApp <span class=\"wpforms-required-label\" aria-hidden=\"true\">*<\/span><\/label><input type=\"tel\" id=\"wpforms-737-field_5\" class=\"wpforms-field-medium wpforms-field-required\" data-rule-int-phone-field=\"true\" name=\"wpforms[fields][5]\" aria-errormessage=\"wpforms-737-field_5-error\" required><\/div><\/div><div class=\"wpforms-layout-column wpforms-layout-column-50\"><div id=\"wpforms-737-field_3-container\" class=\"wpforms-field wpforms-field-email\" data-field-id=\"3\"><label class=\"wpforms-field-label\" for=\"wpforms-737-field_3\">E-mail <span class=\"wpforms-required-label\" aria-hidden=\"true\">*<\/span><\/label><input type=\"email\" id=\"wpforms-737-field_3\" class=\"wpforms-field-medium wpforms-field-required\" name=\"wpforms[fields][3]\" spellcheck=\"false\" aria-errormessage=\"wpforms-737-field_3-error\" required><\/div><div id=\"wpforms-737-field_4-container\" class=\"wpforms-field wpforms-field-text\" data-field-id=\"4\"><label class=\"wpforms-field-label\" for=\"wpforms-737-field_4\">Dotaz<\/label><input type=\"text\" id=\"wpforms-737-field_4\" class=\"wpforms-field-medium\" name=\"wpforms[fields][4]\" aria-errormessage=\"wpforms-737-field_4-error\" ><\/div><\/div><\/div><\/div><\/div><!-- .wpforms-field-container --><div class=\"wpforms-recaptcha-container wpforms-is-turnstile\" ><div class=\"g-recaptcha\" data-sitekey=\"0x4AAAAAAAyrnCk3ccFGBLIG\" data-action=\"FormID-737\"><\/div><input type=\"text\" name=\"g-recaptcha-hidden\" class=\"wpforms-recaptcha-hidden\" style=\"position:absolute!important;clip:rect(0,0,0,0)!important;height:1px!important;width:1px!important;border:0!important;overflow:hidden!important;padding:0!important;margin:0!important;\" data-rule-turnstile=\"1\"><\/div><div class=\"wpforms-submit-container\" ><input type=\"hidden\" name=\"wpforms[id]\" value=\"737\"><input type=\"hidden\" name=\"wpforms[author]\" value=\"1\"><button type=\"submit\" name=\"wpforms[submit]\" id=\"wpforms-submit-737\" class=\"wpforms-submit\" data-alt-text=\"Sending...\" data-submit-text=\"Send Inquiry\" aria-live=\"assertive\" value=\"wpforms-submit\">Odeslat popt\u00e1vku<\/button><img decoding=\"async\" src=\"https:\/\/kelingmed.com\/wp-content\/plugins\/wpforms\/assets\/images\/submit-spin.svg\" class=\"wpforms-submit-spinner\" style=\"display: none;\" width=\"26\" height=\"26\" alt=\"Na\u010d\u00edt\u00e1n\u00ed\"><\/div><input type=\"hidden\" name=\"trp-form-language\" value=\"cs\"\/><\/form><\/div>  <!-- .wpforms-container -->","protected":false},"excerpt":{"rendered":"<div>\n<table border=\"1\" cellspacing=\"0\">\n<tbody>\n<tr>\n<td height=\"20\">Vn\u011bj\u0161\u00ed D*\u0160*V<\/td>\n<td height=\"20\">2160*1060*460-720 mm<\/td>\n<\/tr>\n<tr>\n<td height=\"20\">Matrace Platform<\/td>\n<td height=\"20\">1925*900 mm<\/td>\n<\/tr>\n<tr>\n<td height=\"20\">Bezpe\u010dn\u00e9 pracovn\u00ed zat\u00ed\u017een\u00ed<\/td>\n<td height=\"20\">250 kg<\/td>\n<\/tr>\n<tr>\n<td height=\"20\">Nastaven\u00ed z\u00e1dov\u00e9 op\u011brky<\/td>\n<td height=\"20\">0-75<\/td>\n<\/tr>\n<tr>\n<td height=\"20\">Nastaven\u00ed kolenn\u00ed op\u011brky<\/td>\n<td height=\"20\">0-35<\/td>\n<\/tr>\n<tr>\n<td height=\"20\">Obr\u00e1cen\u00fd Trendelenburg<\/td>\n<td height=\"20\">0-12<\/td>\n<\/tr>\n<tr>\n<td height=\"20\">Trendelenburg<\/td>\n<td height=\"20\">0-12<\/td>\n<\/tr>\n<\/tbody>\n<\/table>\n<div>\n<div class=\"wpforms-container wpforms-container-full wpforms-render-modern\" id=\"wpforms-737\">\n<form id=\"wpforms-form-737\" class=\"wpforms-validate wpforms-form wpforms-ajax-form\" data-formid=\"737\" method=\"post\" enctype=\"multipart\/form-data\" action=\"\/cs\/wp-json\/wp\/v2\/product\/1252\" data-token=\"ba8644313c352b2facdc3ff852659528\" data-trp-original-action=\"\/cs\/wp-json\/wp\/v2\/product\/1252\"><noscript class=\"wpforms-error-noscript\">Chcete-li vyplnit tento formul\u00e1\u0159, pros\u00edm povolte v prohl\u00ed\u017ee\u010di JavaScript.<\/noscript><\/p>\n<div class=\"wpforms-hidden\" id=\"wpforms-error-noscript\">Chcete-li vyplnit tento formul\u00e1\u0159, pros\u00edm povolte v prohl\u00ed\u017ee\u010di JavaScript.<\/div>\n<div class=\"wpforms-field-container\">\n<div id=\"wpforms-737-field_1-container\" class=\"wpforms-field wpforms-field-layout\" data-field-id=\"1\"><label class=\"wpforms-field-label wpforms-label-hide\" for=\"wpforms-737-field_1\" aria-hidden=\"false\">Rozlo\u017een\u00ed<\/label><\/p>\n<div class=\"wpforms-field-layout-columns wpforms-field-layout-preset-50-50\">\n<div class=\"wpforms-layout-column wpforms-layout-column-50\">\n<div id=\"wpforms-737-field_2-container\" class=\"wpforms-field wpforms-field-name\" data-field-id=\"2\"><label class=\"wpforms-field-label\" for=\"wpforms-737-field_2\">N\u00e1zev <span class=\"wpforms-required-label\" aria-hidden=\"true\">*<\/span><\/label><input type=\"text\" id=\"wpforms-737-field_2\" class=\"wpforms-field-medium wpforms-field-required\" name=\"wpforms[fields][2]\" aria-errormessage=\"wpforms-737-field_2-error\" required><\/div>\n<div id=\"wpforms-737-field_5-container\" class=\"wpforms-field wpforms-field-phone\" data-field-id=\"5\"><label class=\"wpforms-field-label\" for=\"wpforms-737-field_5\">Telefon \/ WhatsApp <span class=\"wpforms-required-label\" aria-hidden=\"true\">*<\/span><\/label><input type=\"tel\" id=\"wpforms-737-field_5\" class=\"wpforms-field-medium wpforms-field-required\" data-rule-int-phone-field=\"true\" name=\"wpforms[fields][5]\" aria-errormessage=\"wpforms-737-field_5-error\" required><\/div>\n<\/div>\n<div class=\"wpforms-layout-column wpforms-layout-column-50\">\n<div id=\"wpforms-737-field_3-container\" class=\"wpforms-field wpforms-field-email\" data-field-id=\"3\"><label class=\"wpforms-field-label\" for=\"wpforms-737-field_3\">E-mail <span class=\"wpforms-required-label\" aria-hidden=\"true\">*<\/span><\/label><input type=\"email\" id=\"wpforms-737-field_3\" class=\"wpforms-field-medium wpforms-field-required\" name=\"wpforms[fields][3]\" spellcheck=\"false\" aria-errormessage=\"wpforms-737-field_3-error\" required><\/div>\n<div id=\"wpforms-737-field_4-container\" class=\"wpforms-field wpforms-field-text\" data-field-id=\"4\"><label class=\"wpforms-field-label\" for=\"wpforms-737-field_4\">Dotaz<\/label><input type=\"text\" id=\"wpforms-737-field_4\" class=\"wpforms-field-medium\" name=\"wpforms[fields][4]\" aria-errormessage=\"wpforms-737-field_4-error\" ><\/div>\n<\/div>\n<\/div>\n<\/div>\n<\/div>\n<p><!-- .wpforms-field-container --><\/p>\n<div class=\"wpforms-recaptcha-container wpforms-is-turnstile\" >\n<div class=\"g-recaptcha\" data-sitekey=\"0x4AAAAAAAyrnCk3ccFGBLIG\" data-action=\"FormID-737\"><\/div>\n<p><input type=\"text\" name=\"g-recaptcha-hidden\" class=\"wpforms-recaptcha-hidden\" style=\"position:absolute!important;clip:rect(0,0,0,0)!important;height:1px!important;width:1px!important;border:0!important;overflow:hidden!important;padding:0!important;margin:0!important;\" data-rule-turnstile=\"1\"><\/div>\n<div class=\"wpforms-submit-container\" ><input type=\"hidden\" name=\"wpforms[id]\" value=\"737\"><input type=\"hidden\" name=\"wpforms[author]\" value=\"1\"><button type=\"submit\" name=\"wpforms[submit]\" id=\"wpforms-submit-737\" class=\"wpforms-submit\" data-alt-text=\"Sending...\" data-submit-text=\"Send Inquiry\" aria-live=\"assertive\" value=\"wpforms-submit\">Odeslat popt\u00e1vku<\/button><img decoding=\"async\" src=\"https:\/\/kelingmed.com\/wp-content\/plugins\/wpforms\/assets\/images\/submit-spin.svg\" class=\"wpforms-submit-spinner\" style=\"display: none;\" width=\"26\" height=\"26\" alt=\"Na\u010d\u00edt\u00e1n\u00ed\"><\/div>\n<input type=\"hidden\" name=\"trp-form-language\" value=\"cs\"\/><\/form>\n<\/div>\n<p>  <!-- .wpforms-container --><\/div>\n<\/div>","protected":false},"featured_media":1268,"template":"","meta":{"site-sidebar-layout":"default","site-content-layout":"","ast-site-content-layout":"default","site-content-style":"default","site-sidebar-style":"default","ast-global-header-display":"","ast-banner-title-visibility":"","ast-main-header-display":"","ast-hfb-above-header-display":"","ast-hfb-below-header-display":"","ast-hfb-mobile-header-display":"","site-post-title":"","ast-breadcrumbs-content":"","ast-featured-img":"","footer-sml-layout":"","theme-transparent-header-meta":"","adv-header-id-meta":"","stick-header-meta":"","header-above-stick-meta":"","header-main-stick-meta":"","header-below-stick-meta":"","astra-migrate-meta-layouts":"default","ast-page-background-enabled":"default","ast-page-background-meta":{"desktop":{"background-color":"var(--ast-global-color-5)","background-image":"","background-repeat":"repeat","background-position":"center center","background-size":"auto","background-attachment":"scroll","background-type":"","background-media":"","overlay-type":"","overlay-color":"","overlay-opacity":"","overlay-gradient":""},"tablet":{"background-color":"","background-image":"","background-repeat":"repeat","background-position":"center center","background-size":"auto","background-attachment":"scroll","background-type":"","background-media":"","overlay-type":"","overlay-color":"","overlay-opacity":"","overlay-gradient":""},"mobile":{"background-color":"","background-image":"","background-repeat":"repeat","background-position":"center center","background-size":"auto","background-attachment":"scroll","background-type":"","background-media":"","overlay-type":"","overlay-color":"","overlay-opacity":"","overlay-gradient":""}},"ast-content-background-meta":{"desktop":{"background-color":"var(--ast-global-color-4)","background-image":"","background-repeat":"repeat","background-position":"center center","background-size":"auto","background-attachment":"scroll","background-type":"","background-media":"","overlay-type":"","overlay-color":"","overlay-opacity":"","overlay-gradient":""},"tablet":{"background-color":"var(--ast-global-color-4)","background-image":"","background-repeat":"repeat","background-position":"center center","background-size":"auto","background-attachment":"scroll","background-type":"","background-media":"","overlay-type":"","overlay-color":"","overlay-opacity":"","overlay-gradient":""},"mobile":{"background-color":"var(--ast-global-color-4)","background-image":"","background-repeat":"repeat","background-position":"center center","background-size":"auto","background-attachment":"scroll","background-type":"","background-media":"","overlay-type":"","overlay-color":"","overlay-opacity":"","overlay-gradient":""}}},"product_brand":[],"product_cat":[21],"product_tag":[],"class_list":{"0":"post-1252","1":"product","2":"type-product","3":"status-publish","4":"has-post-thumbnail","6":"product_cat-hospital-bed","7":"desktop-align-left","8":"tablet-align-left","9":"mobile-align-left","11":"first","12":"instock","13":"shipping-taxable","14":"product-type-simple"},"_links":{"self":[{"href":"https:\/\/kelingmed.com\/cs\/wp-json\/wp\/v2\/product\/1252","targetHints":{"allow":["GET"]}}],"collection":[{"href":"https:\/\/kelingmed.com\/cs\/wp-json\/wp\/v2\/product"}],"about":[{"href":"https:\/\/kelingmed.com\/cs\/wp-json\/wp\/v2\/types\/product"}],"wp:featuredmedia":[{"embeddable":true,"href":"https:\/\/kelingmed.com\/cs\/wp-json\/wp\/v2\/media\/1268"}],"wp:attachment":[{"href":"https:\/\/kelingmed.com\/cs\/wp-json\/wp\/v2\/media?parent=1252"}],"wp:term":[{"taxonomy":"product_brand","embeddable":true,"href":"https:\/\/kelingmed.com\/cs\/wp-json\/wp\/v2\/product_brand?post=1252"},{"taxonomy":"product_cat","embeddable":true,"href":"https:\/\/kelingmed.com\/cs\/wp-json\/wp\/v2\/product_cat?post=1252"},{"taxonomy":"product_tag","embeddable":true,"href":"https:\/\/kelingmed.com\/cs\/wp-json\/wp\/v2\/product_tag?post=1252"}],"curies":[{"name":"wp","href":"https:\/\/api.w.org\/{rel}","templated":true}]}}