{"id":1033,"date":"2024-12-24T09:55:33","date_gmt":"2024-12-24T09:55:33","guid":{"rendered":"https:\/\/kelingmed.com\/?post_type=product&#038;p=1033"},"modified":"2024-12-24T09:57:47","modified_gmt":"2024-12-24T09:57:47","slug":"elektricke-nemocnicni-luzko-kl-bc102","status":"publish","type":"product","link":"https:\/\/kelingmed.com\/cs\/product\/elektricke-nemocnicni-luzko-kl-bc102\/","title":{"rendered":"Elektrick\u00e9 nemocni\u010dn\u00ed l\u016f\u017eko-KL-BC102"},"content":{"rendered":"<p><strong>Hlavn\u00ed funkce<\/strong><\/p>\n<ul>\n<li>P\u011bt funkc\u00ed dr\u017een\u00ed t\u011bla s mo\u017enost\u00ed zastaven\u00ed jedn\u00edm kliknut\u00edm.<\/li>\n<li>Lisovan\u00e1 plo\u0161ina, hladk\u00fd povrch bez \u0161r\u00e1m\u016f po sva\u0159ov\u00e1n\u00ed, nosnost 250 kg.<\/li>\n<li>Voliteln\u00e1 platforma ABS a prysky\u0159icov\u00e1 rentgenov\u00e1 pr\u016fsvitn\u00e1 platforma.<\/li>\n<li>Je vybaven blokovac\u00edm za\u0159\u00edzen\u00edm, kter\u00e9 zaji\u0161\u0165uje bezpe\u010dn\u00fd pohyb.<\/li>\n<li>Skl\u00e1dac\u00ed z\u00e1bradl\u00ed.<\/li>\n<\/ul>\n<p><strong>V\u00fdkon<\/strong><br \/>\n<strong>Zobrazen\u00ed p\u011bti funkc\u00ed dr\u017een\u00ed t\u011bla<\/strong><\/p>\n<ul>\n<li>Pln\u00fd v\u00fdtah<\/li>\n<li>Zp\u011btn\u00fd v\u00fdtah<\/li>\n<li>Zved\u00e1n\u00ed nohou<\/li>\n<li>Hlavou nahoru, nohama dol\u016f<\/li>\n<li>Hlavou dol\u016f, nohama nahoru<\/li>\n<\/ul>\n<p><strong>Syst\u00e9m zaji\u0161t\u011bn\u00ed bezpe\u010dnosti<\/strong><\/p>\n<ul>\n<li>Skl\u00e1dac\u00ed z\u00e1bradl\u00ed ABS, bezpe\u010dn\u00e9 a pohodln\u00e9.<\/li>\n<li>Tich\u00e1 kole\u010dka s centr\u00e1ln\u00ed aretac\u00ed zaji\u0161\u0165uj\u00edc\u00ed plynul\u00e9 brzd\u011bn\u00ed.<\/li>\n<li>Je vybaven bateri\u00ed, kter\u00e1 umo\u017e\u0148uje nep\u0159etr\u017eit\u00e9 pou\u017e\u00edv\u00e1n\u00ed p\u0159i v\u00fdpadku proudu.<\/li>\n<\/ul>\n<p><strong>Inteligentn\u00ed ovl\u00e1d\u00e1n\u00ed<\/strong><\/p>\n<ul>\n<li>Ru\u010dn\u00ed ovl\u00e1dac\u00ed panel je pohybliv\u00fd a nab\u00edz\u00ed pohodl\u00ed a inteligenci.<\/li>\n<li>P\u0159ehledn\u00e1 tla\u010d\u00edtka, snadn\u00e9 ovl\u00e1d\u00e1n\u00ed.<\/li>\n<\/ul>\n<p><strong>Vysoce kvalitn\u00ed materi\u00e1ly<\/strong><\/p>\n<ul>\n<li>Deska postele je vyrobena z n\u00e1razuvzdorn\u00e9ho materi\u00e1lu se zes\u00edlenou povrchovou \u00fapravou a nab\u00edz\u00ed silnou nosnost.<\/li>\n<li>\u010celo a zadn\u00ed deska jsou vyrobeny z materi\u00e1lu ABS, kter\u00fd je antibakteri\u00e1ln\u00ed a snadno se \u010dist\u00ed.<\/li>\n<\/ul>\n<p><strong>P\u0159izp\u016fsoben\u00ed<\/strong><br \/>\nKonfiguraci nemocni\u010dn\u00edho l\u016f\u017eka lze upravit podle pot\u0159eb u\u017eivatele, nap\u0159.:<br \/>\n\u25a0 Provozn\u00ed re\u017eim: Elektrick\u00fd (multifunk\u010dn\u00ed luxusn\u00ed verze\/p\u011btifunk\u010dn\u00ed verze\/t\u0159\u00edfunk\u010dn\u00ed verze), manu\u00e1ln\u00ed (\u010dty\u0159t\u0159eskov\u00e1 verze\/t\u0159\u00edt\u0159eskov\u00e1 verze\/dvout\u0159eskov\u00e1 verze\/jednot\u0159eskov\u00e1 verze).<br \/>\n\u25a0 Specifikace v\u00fdrobku: velikost, balen\u00ed, p\u0159\u00edslu\u0161enstv\u00ed<br \/>\n\u25a0 Materi\u00e1l: D\u0159evo, nerezov\u00e1 ocel, ABS, rentgenov\u011b pr\u016fhledn\u00e1 prysky\u0159ice.<br \/>\n\u25a0 R\u016fzn\u00e9 barvy: R\u016fzn\u00e9 barvy: modr\u00e1, zelen\u00e1, d\u0159evo atd.<\/p>\n<p>Pro v\u00edce informac\u00ed o produktu n\u00e1s pros\u00edm kontaktujte!<\/p>\n<p><strong>Aplikace<\/strong><br \/>\nNemocnice, pe\u010dovatelsk\u00e9 domy, rehabilita\u010dn\u00ed centra, domovy, \u0161pi\u010dkov\u00e1 p\u00e9\u010de.<\/p>\n<div class=\"wpforms-container wpforms-container-full wpforms-render-modern\" id=\"wpforms-737\"><form id=\"wpforms-form-737\" class=\"wpforms-validate wpforms-form wpforms-ajax-form\" data-formid=\"737\" method=\"post\" enctype=\"multipart\/form-data\" action=\"\/cs\/wp-json\/wp\/v2\/product\/1033\" data-token=\"a16f5231694846494669bca51490539a\" data-trp-original-action=\"\/cs\/wp-json\/wp\/v2\/product\/1033\"><noscript class=\"wpforms-error-noscript\">Chcete-li vyplnit tento formul\u00e1\u0159, pros\u00edm povolte v prohl\u00ed\u017ee\u010di JavaScript.<\/noscript><div class=\"wpforms-hidden\" id=\"wpforms-error-noscript\">Chcete-li vyplnit tento formul\u00e1\u0159, pros\u00edm povolte v prohl\u00ed\u017ee\u010di JavaScript.<\/div><div class=\"wpforms-field-container\"><div id=\"wpforms-737-field_1-container\" class=\"wpforms-field wpforms-field-layout\" data-field-id=\"1\"><label class=\"wpforms-field-label wpforms-label-hide\" for=\"wpforms-737-field_1\" aria-hidden=\"false\">Rozlo\u017een\u00ed<\/label><div class=\"wpforms-field-layout-columns wpforms-field-layout-preset-50-50\"><div class=\"wpforms-layout-column wpforms-layout-column-50\"><div id=\"wpforms-737-field_2-container\" class=\"wpforms-field wpforms-field-name\" data-field-id=\"2\"><label class=\"wpforms-field-label\" for=\"wpforms-737-field_2\">N\u00e1zev <span class=\"wpforms-required-label\" aria-hidden=\"true\">*<\/span><\/label><input type=\"text\" id=\"wpforms-737-field_2\" class=\"wpforms-field-medium wpforms-field-required\" name=\"wpforms[fields][2]\" aria-errormessage=\"wpforms-737-field_2-error\" required><\/div><div id=\"wpforms-737-field_5-container\" class=\"wpforms-field wpforms-field-phone\" data-field-id=\"5\"><label class=\"wpforms-field-label\" for=\"wpforms-737-field_5\">Telefon \/ WhatsApp <span class=\"wpforms-required-label\" aria-hidden=\"true\">*<\/span><\/label><input type=\"tel\" id=\"wpforms-737-field_5\" class=\"wpforms-field-medium wpforms-field-required\" data-rule-int-phone-field=\"true\" name=\"wpforms[fields][5]\" aria-errormessage=\"wpforms-737-field_5-error\" required><\/div><\/div><div class=\"wpforms-layout-column wpforms-layout-column-50\"><div id=\"wpforms-737-field_3-container\" class=\"wpforms-field wpforms-field-email\" data-field-id=\"3\"><label class=\"wpforms-field-label\" for=\"wpforms-737-field_3\">E-mail <span class=\"wpforms-required-label\" aria-hidden=\"true\">*<\/span><\/label><input type=\"email\" id=\"wpforms-737-field_3\" class=\"wpforms-field-medium wpforms-field-required\" name=\"wpforms[fields][3]\" spellcheck=\"false\" aria-errormessage=\"wpforms-737-field_3-error\" required><\/div><div id=\"wpforms-737-field_4-container\" class=\"wpforms-field wpforms-field-text\" data-field-id=\"4\"><label class=\"wpforms-field-label\" for=\"wpforms-737-field_4\">Dotaz<\/label><input type=\"text\" id=\"wpforms-737-field_4\" class=\"wpforms-field-medium\" name=\"wpforms[fields][4]\" aria-errormessage=\"wpforms-737-field_4-error\" ><\/div><\/div><\/div><\/div><\/div><!-- .wpforms-field-container --><div class=\"wpforms-recaptcha-container wpforms-is-turnstile\" ><div class=\"g-recaptcha\" data-sitekey=\"0x4AAAAAAAyrnCk3ccFGBLIG\" data-action=\"FormID-737\"><\/div><input type=\"text\" name=\"g-recaptcha-hidden\" class=\"wpforms-recaptcha-hidden\" style=\"position:absolute!important;clip:rect(0,0,0,0)!important;height:1px!important;width:1px!important;border:0!important;overflow:hidden!important;padding:0!important;margin:0!important;\" data-rule-turnstile=\"1\"><\/div><div class=\"wpforms-submit-container\" ><input type=\"hidden\" name=\"wpforms[id]\" value=\"737\"><input type=\"hidden\" name=\"wpforms[author]\" value=\"1\"><button type=\"submit\" name=\"wpforms[submit]\" id=\"wpforms-submit-737\" class=\"wpforms-submit\" data-alt-text=\"Sending...\" data-submit-text=\"Send Inquiry\" aria-live=\"assertive\" value=\"wpforms-submit\">Odeslat popt\u00e1vku<\/button><img decoding=\"async\" src=\"https:\/\/kelingmed.com\/wp-content\/plugins\/wpforms\/assets\/images\/submit-spin.svg\" class=\"wpforms-submit-spinner\" style=\"display: none;\" width=\"26\" height=\"26\" alt=\"Na\u010d\u00edt\u00e1n\u00ed\"><\/div><input type=\"hidden\" name=\"trp-form-language\" value=\"cs\"\/><\/form><\/div>  <!-- .wpforms-container -->","protected":false},"excerpt":{"rendered":"<div>\n<table border=\"1\" cellspacing=\"0\">\n<tbody>\n<tr>\n<td height=\"20\">D\u00e9lka\uff1a<\/td>\n<td height=\"20\">216 cm<\/td>\n<\/tr>\n<tr>\n<td height=\"20\">\u0160\u00ed\u0159ka\uff1a<\/td>\n<td height=\"20\">105,5 cm<\/td>\n<\/tr>\n<tr>\n<td height=\"20\">V\u00fd\u0161ka\uff1a<\/td>\n<td height=\"20\">48-76 cm<\/td>\n<\/tr>\n<tr>\n<td height=\"20\">D\u00e9lka l\u016f\u017eka\uff1a<\/td>\n<td height=\"20\">193 cm<\/td>\n<\/tr>\n<tr>\n<td height=\"20\">\u0160\u00ed\u0159ka l\u016f\u017eka\uff1a<\/td>\n<td height=\"20\">90 cm<\/td>\n<\/tr>\n<tr>\n<td height=\"20\">D\u00e9lka balen\u00ed\uff1a<\/td>\n<td height=\"20\">205 cm<\/td>\n<\/tr>\n<\/tbody>\n<\/table>\n<div>\n<div class=\"wpforms-container wpforms-container-full wpforms-render-modern\" id=\"wpforms-737\">\n<form id=\"wpforms-form-737\" class=\"wpforms-validate wpforms-form wpforms-ajax-form\" data-formid=\"737\" method=\"post\" enctype=\"multipart\/form-data\" action=\"\/cs\/wp-json\/wp\/v2\/product\/1033\" data-token=\"a16f5231694846494669bca51490539a\" data-trp-original-action=\"\/cs\/wp-json\/wp\/v2\/product\/1033\"><noscript class=\"wpforms-error-noscript\">Chcete-li vyplnit tento formul\u00e1\u0159, pros\u00edm povolte v prohl\u00ed\u017ee\u010di JavaScript.<\/noscript><\/p>\n<div class=\"wpforms-hidden\" id=\"wpforms-error-noscript\">Chcete-li vyplnit tento formul\u00e1\u0159, pros\u00edm povolte v prohl\u00ed\u017ee\u010di JavaScript.<\/div>\n<div class=\"wpforms-field-container\">\n<div id=\"wpforms-737-field_1-container\" class=\"wpforms-field wpforms-field-layout\" data-field-id=\"1\"><label class=\"wpforms-field-label wpforms-label-hide\" for=\"wpforms-737-field_1\" aria-hidden=\"false\">Rozlo\u017een\u00ed<\/label><\/p>\n<div class=\"wpforms-field-layout-columns wpforms-field-layout-preset-50-50\">\n<div class=\"wpforms-layout-column wpforms-layout-column-50\">\n<div id=\"wpforms-737-field_2-container\" class=\"wpforms-field wpforms-field-name\" data-field-id=\"2\"><label class=\"wpforms-field-label\" for=\"wpforms-737-field_2\">N\u00e1zev <span class=\"wpforms-required-label\" aria-hidden=\"true\">*<\/span><\/label><input type=\"text\" id=\"wpforms-737-field_2\" class=\"wpforms-field-medium wpforms-field-required\" name=\"wpforms[fields][2]\" aria-errormessage=\"wpforms-737-field_2-error\" required><\/div>\n<div id=\"wpforms-737-field_5-container\" class=\"wpforms-field wpforms-field-phone\" data-field-id=\"5\"><label class=\"wpforms-field-label\" for=\"wpforms-737-field_5\">Telefon \/ WhatsApp <span class=\"wpforms-required-label\" aria-hidden=\"true\">*<\/span><\/label><input type=\"tel\" id=\"wpforms-737-field_5\" class=\"wpforms-field-medium wpforms-field-required\" data-rule-int-phone-field=\"true\" name=\"wpforms[fields][5]\" aria-errormessage=\"wpforms-737-field_5-error\" required><\/div>\n<\/div>\n<div class=\"wpforms-layout-column wpforms-layout-column-50\">\n<div id=\"wpforms-737-field_3-container\" class=\"wpforms-field wpforms-field-email\" data-field-id=\"3\"><label class=\"wpforms-field-label\" for=\"wpforms-737-field_3\">E-mail <span class=\"wpforms-required-label\" aria-hidden=\"true\">*<\/span><\/label><input type=\"email\" id=\"wpforms-737-field_3\" class=\"wpforms-field-medium wpforms-field-required\" name=\"wpforms[fields][3]\" spellcheck=\"false\" aria-errormessage=\"wpforms-737-field_3-error\" required><\/div>\n<div id=\"wpforms-737-field_4-container\" class=\"wpforms-field wpforms-field-text\" data-field-id=\"4\"><label class=\"wpforms-field-label\" for=\"wpforms-737-field_4\">Dotaz<\/label><input type=\"text\" id=\"wpforms-737-field_4\" class=\"wpforms-field-medium\" name=\"wpforms[fields][4]\" aria-errormessage=\"wpforms-737-field_4-error\" ><\/div>\n<\/div>\n<\/div>\n<\/div>\n<\/div>\n<p><!-- .wpforms-field-container --><\/p>\n<div class=\"wpforms-recaptcha-container wpforms-is-turnstile\" >\n<div class=\"g-recaptcha\" data-sitekey=\"0x4AAAAAAAyrnCk3ccFGBLIG\" data-action=\"FormID-737\"><\/div>\n<p><input type=\"text\" name=\"g-recaptcha-hidden\" class=\"wpforms-recaptcha-hidden\" style=\"position:absolute!important;clip:rect(0,0,0,0)!important;height:1px!important;width:1px!important;border:0!important;overflow:hidden!important;padding:0!important;margin:0!important;\" data-rule-turnstile=\"1\"><\/div>\n<div class=\"wpforms-submit-container\" ><input type=\"hidden\" name=\"wpforms[id]\" value=\"737\"><input type=\"hidden\" name=\"wpforms[author]\" value=\"1\"><button type=\"submit\" name=\"wpforms[submit]\" id=\"wpforms-submit-737\" class=\"wpforms-submit\" data-alt-text=\"Sending...\" data-submit-text=\"Send Inquiry\" aria-live=\"assertive\" value=\"wpforms-submit\">Odeslat popt\u00e1vku<\/button><img decoding=\"async\" src=\"https:\/\/kelingmed.com\/wp-content\/plugins\/wpforms\/assets\/images\/submit-spin.svg\" class=\"wpforms-submit-spinner\" style=\"display: none;\" width=\"26\" height=\"26\" alt=\"Na\u010d\u00edt\u00e1n\u00ed\"><\/div>\n<input type=\"hidden\" name=\"trp-form-language\" value=\"cs\"\/><\/form>\n<\/div>\n<p>  <!-- .wpforms-container --><\/div>\n<\/div>","protected":false},"featured_media":1034,"template":"","meta":{"site-sidebar-layout":"default","site-content-layout":"","ast-site-content-layout":"default","site-content-style":"default","site-sidebar-style":"default","ast-global-header-display":"","ast-banner-title-visibility":"","ast-main-header-display":"","ast-hfb-above-header-display":"","ast-hfb-below-header-display":"","ast-hfb-mobile-header-display":"","site-post-title":"","ast-breadcrumbs-content":"","ast-featured-img":"","footer-sml-layout":"","theme-transparent-header-meta":"","adv-header-id-meta":"","stick-header-meta":"","header-above-stick-meta":"","header-main-stick-meta":"","header-below-stick-meta":"","astra-migrate-meta-layouts":"default","ast-page-background-enabled":"default","ast-page-background-meta":{"desktop":{"background-color":"var(--ast-global-color-5)","background-image":"","background-repeat":"repeat","background-position":"center center","background-size":"auto","background-attachment":"scroll","background-type":"","background-media":"","overlay-type":"","overlay-color":"","overlay-opacity":"","overlay-gradient":""},"tablet":{"background-color":"","background-image":"","background-repeat":"repeat","background-position":"center center","background-size":"auto","background-attachment":"scroll","background-type":"","background-media":"","overlay-type":"","overlay-color":"","overlay-opacity":"","overlay-gradient":""},"mobile":{"background-color":"","background-image":"","background-repeat":"repeat","background-position":"center center","background-size":"auto","background-attachment":"scroll","background-type":"","background-media":"","overlay-type":"","overlay-color":"","overlay-opacity":"","overlay-gradient":""}},"ast-content-background-meta":{"desktop":{"background-color":"var(--ast-global-color-4)","background-image":"","background-repeat":"repeat","background-position":"center center","background-size":"auto","background-attachment":"scroll","background-type":"","background-media":"","overlay-type":"","overlay-color":"","overlay-opacity":"","overlay-gradient":""},"tablet":{"background-color":"var(--ast-global-color-4)","background-image":"","background-repeat":"repeat","background-position":"center center","background-size":"auto","background-attachment":"scroll","background-type":"","background-media":"","overlay-type":"","overlay-color":"","overlay-opacity":"","overlay-gradient":""},"mobile":{"background-color":"var(--ast-global-color-4)","background-image":"","background-repeat":"repeat","background-position":"center center","background-size":"auto","background-attachment":"scroll","background-type":"","background-media":"","overlay-type":"","overlay-color":"","overlay-opacity":"","overlay-gradient":""}}},"product_brand":[],"product_cat":[21],"product_tag":[],"class_list":{"0":"post-1033","1":"product","2":"type-product","3":"status-publish","4":"has-post-thumbnail","6":"product_cat-hospital-bed","7":"desktop-align-left","8":"tablet-align-left","9":"mobile-align-left","11":"first","12":"instock","13":"shipping-taxable","14":"product-type-simple"},"_links":{"self":[{"href":"https:\/\/kelingmed.com\/cs\/wp-json\/wp\/v2\/product\/1033","targetHints":{"allow":["GET"]}}],"collection":[{"href":"https:\/\/kelingmed.com\/cs\/wp-json\/wp\/v2\/product"}],"about":[{"href":"https:\/\/kelingmed.com\/cs\/wp-json\/wp\/v2\/types\/product"}],"wp:featuredmedia":[{"embeddable":true,"href":"https:\/\/kelingmed.com\/cs\/wp-json\/wp\/v2\/media\/1034"}],"wp:attachment":[{"href":"https:\/\/kelingmed.com\/cs\/wp-json\/wp\/v2\/media?parent=1033"}],"wp:term":[{"taxonomy":"product_brand","embeddable":true,"href":"https:\/\/kelingmed.com\/cs\/wp-json\/wp\/v2\/product_brand?post=1033"},{"taxonomy":"product_cat","embeddable":true,"href":"https:\/\/kelingmed.com\/cs\/wp-json\/wp\/v2\/product_cat?post=1033"},{"taxonomy":"product_tag","embeddable":true,"href":"https:\/\/kelingmed.com\/cs\/wp-json\/wp\/v2\/product_tag?post=1033"}],"curies":[{"name":"wp","href":"https:\/\/api.w.org\/{rel}","templated":true}]}}